{"id":43543,"date":"2025-12-12T19:11:12","date_gmt":"2025-12-12T18:11:12","guid":{"rendered":"https:\/\/test.ecbeaute.com\/?post_type=product&#038;p=43543"},"modified":"2025-12-12T19:11:15","modified_gmt":"2025-12-12T18:11:15","slug":"dr-browns-options-tetine-cole-large-niveau-3-pack-de-2-6-mois","status":"publish","type":"product","link":"https:\/\/paracherkaoui.ma\/index.php\/produit\/dr-browns-options-tetine-cole-large-niveau-3-pack-de-2-6-mois\/","title":{"rendered":"DR BROWNS OPTIONS+ TETINE COLE LARGE NIVEAU 3 PACK DE 2 6 MOIS +"},"content":{"rendered":"<p>Le mamelon Natural Flow Level 3 du Dr Brown est la prochaine \u00e9tape pour les b\u00e9b\u00e9s de 6 mois et plus. Il est cliniquement prouv\u00e9 que le mamelon de niveau 3 du Dr Brown, associ\u00e9 au syst\u00e8me de ventilation interne anti-colique, r\u00e9duit les coliques. Le biberon et la t\u00e9tine du Dr Brown offrent une exp\u00e9rience d&rsquo;alimentation plus confortable pour b\u00e9b\u00e9 en r\u00e9duisant les r\u00e9gurgitations, les rots et les gaz. Cette alimentation sans vide est la plus proche de l&rsquo;allaitement maternel et les t\u00e9tines \u00e0 d\u00e9bit moyen-rapide du Dr Brown fournissent un d\u00e9bit constant afin que b\u00e9b\u00e9 puisse t\u00e9ter \u00e0 son propre rythme. La forme de la t\u00e9tine, semblable \u00e0 celle d&rsquo;un sein, favorise une bonne prise du sein pour une exp\u00e9rience d&rsquo;allaitement au biberon plus naturelle et facilite la transition du sein au biberon et vice-versa. Il a \u00e9t\u00e9 prouv\u00e9 que le syst\u00e8me de ventilation anti-coliques et t\u00e9tines de niveau 3 aide \u00e0 pr\u00e9server les nutriments du lait en bouteille et facilite la digestion pour une meilleure nuit de sommeil. Fabriqu\u00e9 \u00e0 100 % en silicone ultra doux, le mamelon de niveau 3 s&rsquo;adapte \u00e0 tous les biberons \u00e0 col large Dr. Brown&rsquo;s Options+. La tranche d\u2019\u00e2ge sugg\u00e9r\u00e9e pour le mamelon de niveau 3 est de 6 mois et plus, mais le d\u00e9bit pr\u00e9f\u00e9r\u00e9 de b\u00e9b\u00e9 peut varier. Sans danger pour une utilisation au lave-vaisselle (panier sup\u00e9rieur uniquement), dans les st\u00e9rilisateurs \u00e9lectriques et micro-ondes ou dans l&rsquo;eau bouillante. sans BPA<\/p>\n","protected":false},"excerpt":{"rendered":"<p>Le mamelon Natural Flow Level 3 du Dr Brown est la prochaine \u00e9tape pour les b\u00e9b\u00e9s de 6 mois et<\/p>\n","protected":false},"featured_media":43565,"comment_status":"open","ping_status":"closed","template":"","meta":[],"product_brand":[740],"product_cat":[753],"product_tag":[],"class_list":{"0":"post-43543","1":"product","2":"type-product","3":"status-publish","4":"has-post-thumbnail","6":"product_brand-dr-browns","7":"product_cat-tetine","9":"first","10":"instock","11":"sale","12":"shipping-taxable","13":"purchasable","14":"product-type-simple"},"yoast_head":"<!-- This site is optimized with the Yoast SEO plugin v26.6 - https:\/\/yoast.com\/wordpress\/plugins\/seo\/ -->\r\n<title>DR BROWNS OPTIONS+ TETINE COLE LARGE NIVEAU 3 PACK DE 2 6 MOIS + - Paracherkaoui.ma<\/title>\r\n<meta name=\"robots\" content=\"index, follow, max-snippet:-1, max-image-preview:large, max-video-preview:-1\" \/>\r\n<link rel=\"canonical\" href=\"https:\/\/paracherkaoui.ma\/index.php\/produit\/dr-browns-options-tetine-cole-large-niveau-3-pack-de-2-6-mois\/\" \/>\r\n<meta property=\"og:locale\" content=\"fr_FR\" \/>\r\n<meta property=\"og:type\" content=\"article\" \/>\r\n<meta property=\"og:title\" content=\"DR BROWNS OPTIONS+ TETINE COLE LARGE NIVEAU 3 PACK DE 2 6 MOIS + - Paracherkaoui.ma\" \/>\r\n<meta property=\"og:description\" content=\"Le mamelon Natural Flow Level 3 du Dr Brown est la prochaine \u00e9tape pour les b\u00e9b\u00e9s de 6 mois et\" \/>\r\n<meta property=\"og:url\" content=\"https:\/\/paracherkaoui.ma\/index.php\/produit\/dr-browns-options-tetine-cole-large-niveau-3-pack-de-2-6-mois\/\" \/>\r\n<meta property=\"og:site_name\" content=\"Paracherkaoui.ma\" \/>\r\n<meta property=\"article:modified_time\" content=\"2025-12-12T18:11:15+00:00\" \/>\r\n<meta property=\"og:image\" content=\"https:\/\/paracherkaoui.ma\/wp-content\/uploads\/2025\/12\/dr-browns-dr-browns-options-tetine-cole-large-niveau-3-pack-de-2-6-mois-tetines.jpg\" \/>\r\n\t<meta property=\"og:image:width\" content=\"700\" \/>\r\n\t<meta property=\"og:image:height\" content=\"700\" \/>\r\n\t<meta property=\"og:image:type\" content=\"image\/jpeg\" \/>\r\n<meta name=\"twitter:card\" content=\"summary_large_image\" \/>\r\n<meta name=\"twitter:label1\" content=\"Dur\u00e9e de lecture estim\u00e9e\" \/>\n\t<meta name=\"twitter:data1\" content=\"1 minute\" \/>\r\n<script type=\"application\/ld+json\" class=\"yoast-schema-graph\">{\"@context\":\"https:\/\/schema.org\",\"@graph\":[{\"@type\":\"WebPage\",\"@id\":\"https:\/\/paracherkaoui.ma\/index.php\/produit\/dr-browns-options-tetine-cole-large-niveau-3-pack-de-2-6-mois\/\",\"url\":\"https:\/\/paracherkaoui.ma\/index.php\/produit\/dr-browns-options-tetine-cole-large-niveau-3-pack-de-2-6-mois\/\",\"name\":\"DR BROWNS OPTIONS+ TETINE COLE LARGE NIVEAU 3 PACK DE 2 6 MOIS + - Paracherkaoui.ma\",\"isPartOf\":{\"@id\":\"https:\/\/paracherkaoui.ma\/#website\"},\"primaryImageOfPage\":{\"@id\":\"https:\/\/paracherkaoui.ma\/index.php\/produit\/dr-browns-options-tetine-cole-large-niveau-3-pack-de-2-6-mois\/#primaryimage\"},\"image\":{\"@id\":\"https:\/\/paracherkaoui.ma\/index.php\/produit\/dr-browns-options-tetine-cole-large-niveau-3-pack-de-2-6-mois\/#primaryimage\"},\"thumbnailUrl\":\"https:\/\/paracherkaoui.ma\/wp-content\/uploads\/2025\/12\/dr-browns-dr-browns-options-tetine-cole-large-niveau-3-pack-de-2-6-mois-tetines.jpg\",\"datePublished\":\"2025-12-12T18:11:12+00:00\",\"dateModified\":\"2025-12-12T18:11:15+00:00\",\"breadcrumb\":{\"@id\":\"https:\/\/paracherkaoui.ma\/index.php\/produit\/dr-browns-options-tetine-cole-large-niveau-3-pack-de-2-6-mois\/#breadcrumb\"},\"inLanguage\":\"fr-FR\",\"potentialAction\":[{\"@type\":\"ReadAction\",\"target\":[\"https:\/\/paracherkaoui.ma\/index.php\/produit\/dr-browns-options-tetine-cole-large-niveau-3-pack-de-2-6-mois\/\"]}]},{\"@type\":\"ImageObject\",\"inLanguage\":\"fr-FR\",\"@id\":\"https:\/\/paracherkaoui.ma\/index.php\/produit\/dr-browns-options-tetine-cole-large-niveau-3-pack-de-2-6-mois\/#primaryimage\",\"url\":\"https:\/\/paracherkaoui.ma\/wp-content\/uploads\/2025\/12\/dr-browns-dr-browns-options-tetine-cole-large-niveau-3-pack-de-2-6-mois-tetines.jpg\",\"contentUrl\":\"https:\/\/paracherkaoui.ma\/wp-content\/uploads\/2025\/12\/dr-browns-dr-browns-options-tetine-cole-large-niveau-3-pack-de-2-6-mois-tetines.jpg\",\"width\":700,\"height\":700},{\"@type\":\"BreadcrumbList\",\"@id\":\"https:\/\/paracherkaoui.ma\/index.php\/produit\/dr-browns-options-tetine-cole-large-niveau-3-pack-de-2-6-mois\/#breadcrumb\",\"itemListElement\":[{\"@type\":\"ListItem\",\"position\":1,\"name\":\"Accueil\",\"item\":\"https:\/\/paracherkaoui.ma\/\"},{\"@type\":\"ListItem\",\"position\":2,\"name\":\"Boutique\",\"item\":\"https:\/\/paracherkaoui.ma\/index.php\/boutique\/\"},{\"@type\":\"ListItem\",\"position\":3,\"name\":\"DR BROWNS OPTIONS+ TETINE COLE LARGE NIVEAU 3 PACK DE 2 6 MOIS +\"}]},{\"@type\":\"WebSite\",\"@id\":\"https:\/\/paracherkaoui.ma\/#website\",\"url\":\"https:\/\/paracherkaoui.ma\/\",\"name\":\"Paracherkaoui.ma\",\"description\":\"Achetez en ligne sur Paracherkaoui.ma\",\"potentialAction\":[{\"@type\":\"SearchAction\",\"target\":{\"@type\":\"EntryPoint\",\"urlTemplate\":\"https:\/\/paracherkaoui.ma\/?s={search_term_string}\"},\"query-input\":{\"@type\":\"PropertyValueSpecification\",\"valueRequired\":true,\"valueName\":\"search_term_string\"}}],\"inLanguage\":\"fr-FR\"}]}<\/script>\r\n<!-- \/ Yoast SEO plugin. -->","yoast_head_json":{"title":"DR BROWNS OPTIONS+ TETINE COLE LARGE NIVEAU 3 PACK DE 2 6 MOIS + - Paracherkaoui.ma","robots":{"index":"index","follow":"follow","max-snippet":"max-snippet:-1","max-image-preview":"max-image-preview:large","max-video-preview":"max-video-preview:-1"},"canonical":"https:\/\/paracherkaoui.ma\/index.php\/produit\/dr-browns-options-tetine-cole-large-niveau-3-pack-de-2-6-mois\/","og_locale":"fr_FR","og_type":"article","og_title":"DR BROWNS OPTIONS+ TETINE COLE LARGE NIVEAU 3 PACK DE 2 6 MOIS + - Paracherkaoui.ma","og_description":"Le mamelon Natural Flow Level 3 du Dr Brown est la prochaine \u00e9tape pour les b\u00e9b\u00e9s de 6 mois et","og_url":"https:\/\/paracherkaoui.ma\/index.php\/produit\/dr-browns-options-tetine-cole-large-niveau-3-pack-de-2-6-mois\/","og_site_name":"Paracherkaoui.ma","article_modified_time":"2025-12-12T18:11:15+00:00","og_image":[{"width":700,"height":700,"url":"https:\/\/paracherkaoui.ma\/wp-content\/uploads\/2025\/12\/dr-browns-dr-browns-options-tetine-cole-large-niveau-3-pack-de-2-6-mois-tetines.jpg","type":"image\/jpeg"}],"twitter_card":"summary_large_image","twitter_misc":{"Dur\u00e9e de lecture estim\u00e9e":"1 minute"},"schema":{"@context":"https:\/\/schema.org","@graph":[{"@type":"WebPage","@id":"https:\/\/paracherkaoui.ma\/index.php\/produit\/dr-browns-options-tetine-cole-large-niveau-3-pack-de-2-6-mois\/","url":"https:\/\/paracherkaoui.ma\/index.php\/produit\/dr-browns-options-tetine-cole-large-niveau-3-pack-de-2-6-mois\/","name":"DR BROWNS OPTIONS+ TETINE COLE LARGE NIVEAU 3 PACK DE 2 6 MOIS + - Paracherkaoui.ma","isPartOf":{"@id":"https:\/\/paracherkaoui.ma\/#website"},"primaryImageOfPage":{"@id":"https:\/\/paracherkaoui.ma\/index.php\/produit\/dr-browns-options-tetine-cole-large-niveau-3-pack-de-2-6-mois\/#primaryimage"},"image":{"@id":"https:\/\/paracherkaoui.ma\/index.php\/produit\/dr-browns-options-tetine-cole-large-niveau-3-pack-de-2-6-mois\/#primaryimage"},"thumbnailUrl":"https:\/\/paracherkaoui.ma\/wp-content\/uploads\/2025\/12\/dr-browns-dr-browns-options-tetine-cole-large-niveau-3-pack-de-2-6-mois-tetines.jpg","datePublished":"2025-12-12T18:11:12+00:00","dateModified":"2025-12-12T18:11:15+00:00","breadcrumb":{"@id":"https:\/\/paracherkaoui.ma\/index.php\/produit\/dr-browns-options-tetine-cole-large-niveau-3-pack-de-2-6-mois\/#breadcrumb"},"inLanguage":"fr-FR","potentialAction":[{"@type":"ReadAction","target":["https:\/\/paracherkaoui.ma\/index.php\/produit\/dr-browns-options-tetine-cole-large-niveau-3-pack-de-2-6-mois\/"]}]},{"@type":"ImageObject","inLanguage":"fr-FR","@id":"https:\/\/paracherkaoui.ma\/index.php\/produit\/dr-browns-options-tetine-cole-large-niveau-3-pack-de-2-6-mois\/#primaryimage","url":"https:\/\/paracherkaoui.ma\/wp-content\/uploads\/2025\/12\/dr-browns-dr-browns-options-tetine-cole-large-niveau-3-pack-de-2-6-mois-tetines.jpg","contentUrl":"https:\/\/paracherkaoui.ma\/wp-content\/uploads\/2025\/12\/dr-browns-dr-browns-options-tetine-cole-large-niveau-3-pack-de-2-6-mois-tetines.jpg","width":700,"height":700},{"@type":"BreadcrumbList","@id":"https:\/\/paracherkaoui.ma\/index.php\/produit\/dr-browns-options-tetine-cole-large-niveau-3-pack-de-2-6-mois\/#breadcrumb","itemListElement":[{"@type":"ListItem","position":1,"name":"Accueil","item":"https:\/\/paracherkaoui.ma\/"},{"@type":"ListItem","position":2,"name":"Boutique","item":"https:\/\/paracherkaoui.ma\/index.php\/boutique\/"},{"@type":"ListItem","position":3,"name":"DR BROWNS OPTIONS+ TETINE COLE LARGE NIVEAU 3 PACK DE 2 6 MOIS +"}]},{"@type":"WebSite","@id":"https:\/\/paracherkaoui.ma\/#website","url":"https:\/\/paracherkaoui.ma\/","name":"Paracherkaoui.ma","description":"Achetez en ligne sur Paracherkaoui.ma","potentialAction":[{"@type":"SearchAction","target":{"@type":"EntryPoint","urlTemplate":"https:\/\/paracherkaoui.ma\/?s={search_term_string}"},"query-input":{"@type":"PropertyValueSpecification","valueRequired":true,"valueName":"search_term_string"}}],"inLanguage":"fr-FR"}]}},"_links":{"self":[{"href":"https:\/\/paracherkaoui.ma\/index.php\/wp-json\/wp\/v2\/product\/43543","targetHints":{"allow":["GET"]}}],"collection":[{"href":"https:\/\/paracherkaoui.ma\/index.php\/wp-json\/wp\/v2\/product"}],"about":[{"href":"https:\/\/paracherkaoui.ma\/index.php\/wp-json\/wp\/v2\/types\/product"}],"replies":[{"embeddable":true,"href":"https:\/\/paracherkaoui.ma\/index.php\/wp-json\/wp\/v2\/comments?post=43543"}],"version-history":[{"count":1,"href":"https:\/\/paracherkaoui.ma\/index.php\/wp-json\/wp\/v2\/product\/43543\/revisions"}],"predecessor-version":[{"id":43566,"href":"https:\/\/paracherkaoui.ma\/index.php\/wp-json\/wp\/v2\/product\/43543\/revisions\/43566"}],"wp:featuredmedia":[{"embeddable":true,"href":"https:\/\/paracherkaoui.ma\/index.php\/wp-json\/wp\/v2\/media\/43565"}],"wp:attachment":[{"href":"https:\/\/paracherkaoui.ma\/index.php\/wp-json\/wp\/v2\/media?parent=43543"}],"wp:term":[{"taxonomy":"product_brand","embeddable":true,"href":"https:\/\/paracherkaoui.ma\/index.php\/wp-json\/wp\/v2\/product_brand?post=43543"},{"taxonomy":"product_cat","embeddable":true,"href":"https:\/\/paracherkaoui.ma\/index.php\/wp-json\/wp\/v2\/product_cat?post=43543"},{"taxonomy":"product_tag","embeddable":true,"href":"https:\/\/paracherkaoui.ma\/index.php\/wp-json\/wp\/v2\/product_tag?post=43543"}],"curies":[{"name":"wp","href":"https:\/\/api.w.org\/{rel}","templated":true}]}}