{"id":43479,"date":"2025-12-12T19:11:04","date_gmt":"2025-12-12T18:11:04","guid":{"rendered":"https:\/\/test.ecbeaute.com\/?post_type=product&#038;p=43479"},"modified":"2025-12-12T19:11:11","modified_gmt":"2025-12-12T18:11:11","slug":"dr-browns-options-tetine-cole-large-niveau-1-pack-de-2-0-mois","status":"publish","type":"product","link":"https:\/\/paracherkaoui.ma\/index.php\/produit\/dr-browns-options-tetine-cole-large-niveau-1-pack-de-2-0-mois\/","title":{"rendered":"DR BROWNS OPTIONS+ TETINE COLE LARGE NIVEAU 1 PACK DE 2 0 MOIS +"},"content":{"rendered":"<p>Con\u00e7u en collaboration avec des professionnels de la sant\u00e9, le mamelon doux \u00e0 col large 100 % silicone aide b\u00e9b\u00e9 \u00e0 prendre le sein naturellement. La forme semblable \u00e0 celle du sein encourage une bonne prise du sein pour une exp\u00e9rience d\u2019alimentation au biberon plus naturelle. Parfait pour passer du sein au biberon et inversement !<br \/>\nAvec 7 niveaux de d\u00e9bit de mamelon au choix, vous trouverez le bon d\u00e9bit pour b\u00e9b\u00e9.<br \/>\n-Offre un d\u00e9bit qui favorise l\u2019allaitement<br \/>\n-Sans BPA, lave-vaisselle (panier sup\u00e9rieur) et st\u00e9rilisateur<\/p>\n","protected":false},"excerpt":{"rendered":"<p>Con\u00e7u en collaboration avec des professionnels de la sant\u00e9, le mamelon doux \u00e0 col large 100 % silicone aide b\u00e9b\u00e9<\/p>\n","protected":false},"featured_media":43535,"comment_status":"open","ping_status":"closed","template":"","meta":[],"product_brand":[740],"product_cat":[753],"product_tag":[],"class_list":{"0":"post-43479","1":"product","2":"type-product","3":"status-publish","4":"has-post-thumbnail","6":"product_brand-dr-browns","7":"product_cat-tetine","9":"first","10":"instock","11":"sale","12":"shipping-taxable","13":"purchasable","14":"product-type-simple"},"yoast_head":"<!-- This site is optimized with the Yoast SEO plugin v26.6 - https:\/\/yoast.com\/wordpress\/plugins\/seo\/ -->\r\n<title>DR BROWNS OPTIONS+ TETINE COLE LARGE NIVEAU 1 PACK DE 2 0 MOIS + - Paracherkaoui.ma<\/title>\r\n<meta name=\"robots\" content=\"index, follow, max-snippet:-1, max-image-preview:large, max-video-preview:-1\" \/>\r\n<link rel=\"canonical\" href=\"https:\/\/paracherkaoui.ma\/index.php\/produit\/dr-browns-options-tetine-cole-large-niveau-1-pack-de-2-0-mois\/\" \/>\r\n<meta property=\"og:locale\" content=\"fr_FR\" \/>\r\n<meta property=\"og:type\" content=\"article\" \/>\r\n<meta property=\"og:title\" content=\"DR BROWNS OPTIONS+ TETINE COLE LARGE NIVEAU 1 PACK DE 2 0 MOIS + - Paracherkaoui.ma\" \/>\r\n<meta property=\"og:description\" content=\"Con\u00e7u en collaboration avec des professionnels de la sant\u00e9, le mamelon doux \u00e0 col large 100 % silicone aide b\u00e9b\u00e9\" \/>\r\n<meta property=\"og:url\" content=\"https:\/\/paracherkaoui.ma\/index.php\/produit\/dr-browns-options-tetine-cole-large-niveau-1-pack-de-2-0-mois\/\" \/>\r\n<meta property=\"og:site_name\" content=\"Paracherkaoui.ma\" \/>\r\n<meta property=\"article:modified_time\" content=\"2025-12-12T18:11:11+00:00\" \/>\r\n<meta property=\"og:image\" content=\"https:\/\/paracherkaoui.ma\/wp-content\/uploads\/2025\/12\/dr-browns-dr-browns-options-tetine-cole-large-niveau-1-pack-de-2-0-mois-tetines.jpg\" \/>\r\n\t<meta property=\"og:image:width\" content=\"700\" \/>\r\n\t<meta property=\"og:image:height\" content=\"700\" \/>\r\n\t<meta property=\"og:image:type\" content=\"image\/jpeg\" \/>\r\n<meta name=\"twitter:card\" content=\"summary_large_image\" \/>\r\n<script type=\"application\/ld+json\" class=\"yoast-schema-graph\">{\"@context\":\"https:\/\/schema.org\",\"@graph\":[{\"@type\":\"WebPage\",\"@id\":\"https:\/\/paracherkaoui.ma\/index.php\/produit\/dr-browns-options-tetine-cole-large-niveau-1-pack-de-2-0-mois\/\",\"url\":\"https:\/\/paracherkaoui.ma\/index.php\/produit\/dr-browns-options-tetine-cole-large-niveau-1-pack-de-2-0-mois\/\",\"name\":\"DR BROWNS OPTIONS+ TETINE COLE LARGE NIVEAU 1 PACK DE 2 0 MOIS + - Paracherkaoui.ma\",\"isPartOf\":{\"@id\":\"https:\/\/paracherkaoui.ma\/#website\"},\"primaryImageOfPage\":{\"@id\":\"https:\/\/paracherkaoui.ma\/index.php\/produit\/dr-browns-options-tetine-cole-large-niveau-1-pack-de-2-0-mois\/#primaryimage\"},\"image\":{\"@id\":\"https:\/\/paracherkaoui.ma\/index.php\/produit\/dr-browns-options-tetine-cole-large-niveau-1-pack-de-2-0-mois\/#primaryimage\"},\"thumbnailUrl\":\"https:\/\/paracherkaoui.ma\/wp-content\/uploads\/2025\/12\/dr-browns-dr-browns-options-tetine-cole-large-niveau-1-pack-de-2-0-mois-tetines.jpg\",\"datePublished\":\"2025-12-12T18:11:04+00:00\",\"dateModified\":\"2025-12-12T18:11:11+00:00\",\"breadcrumb\":{\"@id\":\"https:\/\/paracherkaoui.ma\/index.php\/produit\/dr-browns-options-tetine-cole-large-niveau-1-pack-de-2-0-mois\/#breadcrumb\"},\"inLanguage\":\"fr-FR\",\"potentialAction\":[{\"@type\":\"ReadAction\",\"target\":[\"https:\/\/paracherkaoui.ma\/index.php\/produit\/dr-browns-options-tetine-cole-large-niveau-1-pack-de-2-0-mois\/\"]}]},{\"@type\":\"ImageObject\",\"inLanguage\":\"fr-FR\",\"@id\":\"https:\/\/paracherkaoui.ma\/index.php\/produit\/dr-browns-options-tetine-cole-large-niveau-1-pack-de-2-0-mois\/#primaryimage\",\"url\":\"https:\/\/paracherkaoui.ma\/wp-content\/uploads\/2025\/12\/dr-browns-dr-browns-options-tetine-cole-large-niveau-1-pack-de-2-0-mois-tetines.jpg\",\"contentUrl\":\"https:\/\/paracherkaoui.ma\/wp-content\/uploads\/2025\/12\/dr-browns-dr-browns-options-tetine-cole-large-niveau-1-pack-de-2-0-mois-tetines.jpg\",\"width\":700,\"height\":700},{\"@type\":\"BreadcrumbList\",\"@id\":\"https:\/\/paracherkaoui.ma\/index.php\/produit\/dr-browns-options-tetine-cole-large-niveau-1-pack-de-2-0-mois\/#breadcrumb\",\"itemListElement\":[{\"@type\":\"ListItem\",\"position\":1,\"name\":\"Accueil\",\"item\":\"https:\/\/paracherkaoui.ma\/\"},{\"@type\":\"ListItem\",\"position\":2,\"name\":\"Boutique\",\"item\":\"https:\/\/paracherkaoui.ma\/index.php\/boutique\/\"},{\"@type\":\"ListItem\",\"position\":3,\"name\":\"DR BROWNS OPTIONS+ TETINE COLE LARGE NIVEAU 1 PACK DE 2 0 MOIS +\"}]},{\"@type\":\"WebSite\",\"@id\":\"https:\/\/paracherkaoui.ma\/#website\",\"url\":\"https:\/\/paracherkaoui.ma\/\",\"name\":\"Paracherkaoui.ma\",\"description\":\"Achetez en ligne sur Paracherkaoui.ma\",\"potentialAction\":[{\"@type\":\"SearchAction\",\"target\":{\"@type\":\"EntryPoint\",\"urlTemplate\":\"https:\/\/paracherkaoui.ma\/?s={search_term_string}\"},\"query-input\":{\"@type\":\"PropertyValueSpecification\",\"valueRequired\":true,\"valueName\":\"search_term_string\"}}],\"inLanguage\":\"fr-FR\"}]}<\/script>\r\n<!-- \/ Yoast SEO plugin. -->","yoast_head_json":{"title":"DR BROWNS OPTIONS+ TETINE COLE LARGE NIVEAU 1 PACK DE 2 0 MOIS + - Paracherkaoui.ma","robots":{"index":"index","follow":"follow","max-snippet":"max-snippet:-1","max-image-preview":"max-image-preview:large","max-video-preview":"max-video-preview:-1"},"canonical":"https:\/\/paracherkaoui.ma\/index.php\/produit\/dr-browns-options-tetine-cole-large-niveau-1-pack-de-2-0-mois\/","og_locale":"fr_FR","og_type":"article","og_title":"DR BROWNS OPTIONS+ TETINE COLE LARGE NIVEAU 1 PACK DE 2 0 MOIS + - Paracherkaoui.ma","og_description":"Con\u00e7u en collaboration avec des professionnels de la sant\u00e9, le mamelon doux \u00e0 col large 100 % silicone aide b\u00e9b\u00e9","og_url":"https:\/\/paracherkaoui.ma\/index.php\/produit\/dr-browns-options-tetine-cole-large-niveau-1-pack-de-2-0-mois\/","og_site_name":"Paracherkaoui.ma","article_modified_time":"2025-12-12T18:11:11+00:00","og_image":[{"width":700,"height":700,"url":"https:\/\/paracherkaoui.ma\/wp-content\/uploads\/2025\/12\/dr-browns-dr-browns-options-tetine-cole-large-niveau-1-pack-de-2-0-mois-tetines.jpg","type":"image\/jpeg"}],"twitter_card":"summary_large_image","schema":{"@context":"https:\/\/schema.org","@graph":[{"@type":"WebPage","@id":"https:\/\/paracherkaoui.ma\/index.php\/produit\/dr-browns-options-tetine-cole-large-niveau-1-pack-de-2-0-mois\/","url":"https:\/\/paracherkaoui.ma\/index.php\/produit\/dr-browns-options-tetine-cole-large-niveau-1-pack-de-2-0-mois\/","name":"DR BROWNS OPTIONS+ TETINE COLE LARGE NIVEAU 1 PACK DE 2 0 MOIS + - Paracherkaoui.ma","isPartOf":{"@id":"https:\/\/paracherkaoui.ma\/#website"},"primaryImageOfPage":{"@id":"https:\/\/paracherkaoui.ma\/index.php\/produit\/dr-browns-options-tetine-cole-large-niveau-1-pack-de-2-0-mois\/#primaryimage"},"image":{"@id":"https:\/\/paracherkaoui.ma\/index.php\/produit\/dr-browns-options-tetine-cole-large-niveau-1-pack-de-2-0-mois\/#primaryimage"},"thumbnailUrl":"https:\/\/paracherkaoui.ma\/wp-content\/uploads\/2025\/12\/dr-browns-dr-browns-options-tetine-cole-large-niveau-1-pack-de-2-0-mois-tetines.jpg","datePublished":"2025-12-12T18:11:04+00:00","dateModified":"2025-12-12T18:11:11+00:00","breadcrumb":{"@id":"https:\/\/paracherkaoui.ma\/index.php\/produit\/dr-browns-options-tetine-cole-large-niveau-1-pack-de-2-0-mois\/#breadcrumb"},"inLanguage":"fr-FR","potentialAction":[{"@type":"ReadAction","target":["https:\/\/paracherkaoui.ma\/index.php\/produit\/dr-browns-options-tetine-cole-large-niveau-1-pack-de-2-0-mois\/"]}]},{"@type":"ImageObject","inLanguage":"fr-FR","@id":"https:\/\/paracherkaoui.ma\/index.php\/produit\/dr-browns-options-tetine-cole-large-niveau-1-pack-de-2-0-mois\/#primaryimage","url":"https:\/\/paracherkaoui.ma\/wp-content\/uploads\/2025\/12\/dr-browns-dr-browns-options-tetine-cole-large-niveau-1-pack-de-2-0-mois-tetines.jpg","contentUrl":"https:\/\/paracherkaoui.ma\/wp-content\/uploads\/2025\/12\/dr-browns-dr-browns-options-tetine-cole-large-niveau-1-pack-de-2-0-mois-tetines.jpg","width":700,"height":700},{"@type":"BreadcrumbList","@id":"https:\/\/paracherkaoui.ma\/index.php\/produit\/dr-browns-options-tetine-cole-large-niveau-1-pack-de-2-0-mois\/#breadcrumb","itemListElement":[{"@type":"ListItem","position":1,"name":"Accueil","item":"https:\/\/paracherkaoui.ma\/"},{"@type":"ListItem","position":2,"name":"Boutique","item":"https:\/\/paracherkaoui.ma\/index.php\/boutique\/"},{"@type":"ListItem","position":3,"name":"DR BROWNS OPTIONS+ TETINE COLE LARGE NIVEAU 1 PACK DE 2 0 MOIS +"}]},{"@type":"WebSite","@id":"https:\/\/paracherkaoui.ma\/#website","url":"https:\/\/paracherkaoui.ma\/","name":"Paracherkaoui.ma","description":"Achetez en ligne sur Paracherkaoui.ma","potentialAction":[{"@type":"SearchAction","target":{"@type":"EntryPoint","urlTemplate":"https:\/\/paracherkaoui.ma\/?s={search_term_string}"},"query-input":{"@type":"PropertyValueSpecification","valueRequired":true,"valueName":"search_term_string"}}],"inLanguage":"fr-FR"}]}},"_links":{"self":[{"href":"https:\/\/paracherkaoui.ma\/index.php\/wp-json\/wp\/v2\/product\/43479","targetHints":{"allow":["GET"]}}],"collection":[{"href":"https:\/\/paracherkaoui.ma\/index.php\/wp-json\/wp\/v2\/product"}],"about":[{"href":"https:\/\/paracherkaoui.ma\/index.php\/wp-json\/wp\/v2\/types\/product"}],"replies":[{"embeddable":true,"href":"https:\/\/paracherkaoui.ma\/index.php\/wp-json\/wp\/v2\/comments?post=43479"}],"version-history":[{"count":1,"href":"https:\/\/paracherkaoui.ma\/index.php\/wp-json\/wp\/v2\/product\/43479\/revisions"}],"predecessor-version":[{"id":43536,"href":"https:\/\/paracherkaoui.ma\/index.php\/wp-json\/wp\/v2\/product\/43479\/revisions\/43536"}],"wp:featuredmedia":[{"embeddable":true,"href":"https:\/\/paracherkaoui.ma\/index.php\/wp-json\/wp\/v2\/media\/43535"}],"wp:attachment":[{"href":"https:\/\/paracherkaoui.ma\/index.php\/wp-json\/wp\/v2\/media?parent=43479"}],"wp:term":[{"taxonomy":"product_brand","embeddable":true,"href":"https:\/\/paracherkaoui.ma\/index.php\/wp-json\/wp\/v2\/product_brand?post=43479"},{"taxonomy":"product_cat","embeddable":true,"href":"https:\/\/paracherkaoui.ma\/index.php\/wp-json\/wp\/v2\/product_cat?post=43479"},{"taxonomy":"product_tag","embeddable":true,"href":"https:\/\/paracherkaoui.ma\/index.php\/wp-json\/wp\/v2\/product_tag?post=43479"}],"curies":[{"name":"wp","href":"https:\/\/api.w.org\/{rel}","templated":true}]}}