{"id":43470,"date":"2025-12-12T19:11:04","date_gmt":"2025-12-12T18:11:04","guid":{"rendered":"https:\/\/test.ecbeaute.com\/?post_type=product&#038;p=43470"},"modified":"2025-12-12T19:11:09","modified_gmt":"2025-12-12T18:11:09","slug":"l2n-pharma-tetine-grignoteuse-fruits","status":"publish","type":"product","link":"https:\/\/paracherkaoui.ma\/index.php\/produit\/l2n-pharma-tetine-grignoteuse-fruits\/","title":{"rendered":"L2N PHARMA TETINE GRIGNOTEUSE FRUITS"},"content":{"rendered":"<p>Cette t\u00e9tine L2N est id\u00e9ale pour familiariser b\u00e9b\u00e9 aux fruits et aux l\u00e9gumes, en toute s\u00e9curit\u00e9 et simplicit\u00e9. Sp\u00e9cialement \u00e9labor\u00e9e pour les b\u00e9b\u00e9s, il n\u2019y aucun risque d\u2019\u00e9touffement. Avec sa poign\u00e9e, cette t\u00e9tine est facile \u00e0 prendre \u00e0 main par votre tout petit.<br \/>\nConseils d\u2019utilisation :<br \/>\nVous pouvez utilise la t\u00e9tine L2N B\u00e9b\u00e9 avec des fruits frais, des fruits congel\u00e9s, des l\u00e9gumes cuits, du pain, du fromage, du lait maternel ou encore de la viande.<br \/>\nDisposez un morceau de fruit, de l\u00e9gume ou bien de viande dans la t\u00e9tine puis refermez bien.<br \/>\nFaites bouillir la t\u00e9tine afin de la st\u00e9riliser. Pour la nettoyer, lavez-la dans de l\u2019eau chaude savonneuse.<br \/>\nLa t\u00e9tine peut \u00e9galement \u00eatre lav\u00e9e dans le panier sup\u00e9rieur du lave-vaisselle.<\/p>\n","protected":false},"excerpt":{"rendered":"<p>Cette t\u00e9tine L2N est id\u00e9ale pour familiariser b\u00e9b\u00e9 aux fruits et aux l\u00e9gumes, en toute s\u00e9curit\u00e9 et simplicit\u00e9. Sp\u00e9cialement \u00e9labor\u00e9e<\/p>\n","protected":false},"featured_media":43518,"comment_status":"open","ping_status":"closed","template":"","meta":[],"product_brand":[202],"product_cat":[753],"product_tag":[],"class_list":{"0":"post-43470","1":"product","2":"type-product","3":"status-publish","4":"has-post-thumbnail","6":"product_brand-l2n-pharma","7":"product_cat-tetine","9":"first","10":"instock","11":"shipping-taxable","12":"purchasable","13":"product-type-simple"},"yoast_head":"<!-- This site is optimized with the Yoast SEO plugin v26.6 - https:\/\/yoast.com\/wordpress\/plugins\/seo\/ -->\r\n<title>L2N PHARMA TETINE GRIGNOTEUSE FRUITS - Paracherkaoui.ma<\/title>\r\n<meta name=\"robots\" content=\"index, follow, max-snippet:-1, max-image-preview:large, max-video-preview:-1\" \/>\r\n<link rel=\"canonical\" href=\"https:\/\/paracherkaoui.ma\/index.php\/produit\/l2n-pharma-tetine-grignoteuse-fruits\/\" \/>\r\n<meta property=\"og:locale\" content=\"fr_FR\" \/>\r\n<meta property=\"og:type\" content=\"article\" \/>\r\n<meta property=\"og:title\" content=\"L2N PHARMA TETINE GRIGNOTEUSE FRUITS - Paracherkaoui.ma\" \/>\r\n<meta property=\"og:description\" content=\"Cette t\u00e9tine L2N est id\u00e9ale pour familiariser b\u00e9b\u00e9 aux fruits et aux l\u00e9gumes, en toute s\u00e9curit\u00e9 et simplicit\u00e9. Sp\u00e9cialement \u00e9labor\u00e9e\" \/>\r\n<meta property=\"og:url\" content=\"https:\/\/paracherkaoui.ma\/index.php\/produit\/l2n-pharma-tetine-grignoteuse-fruits\/\" \/>\r\n<meta property=\"og:site_name\" content=\"Paracherkaoui.ma\" \/>\r\n<meta property=\"article:modified_time\" content=\"2025-12-12T18:11:09+00:00\" \/>\r\n<meta property=\"og:image\" content=\"https:\/\/paracherkaoui.ma\/wp-content\/uploads\/2025\/12\/l2n-pharma-l2n-pharma-tetine-grignoteuse-fruits-tetines.jpg\" \/>\r\n\t<meta property=\"og:image:width\" content=\"700\" \/>\r\n\t<meta property=\"og:image:height\" content=\"700\" \/>\r\n\t<meta property=\"og:image:type\" content=\"image\/jpeg\" \/>\r\n<meta name=\"twitter:card\" content=\"summary_large_image\" \/>\r\n<meta name=\"twitter:label1\" content=\"Dur\u00e9e de lecture estim\u00e9e\" \/>\n\t<meta name=\"twitter:data1\" content=\"1 minute\" \/>\r\n<script type=\"application\/ld+json\" class=\"yoast-schema-graph\">{\"@context\":\"https:\/\/schema.org\",\"@graph\":[{\"@type\":\"WebPage\",\"@id\":\"https:\/\/paracherkaoui.ma\/index.php\/produit\/l2n-pharma-tetine-grignoteuse-fruits\/\",\"url\":\"https:\/\/paracherkaoui.ma\/index.php\/produit\/l2n-pharma-tetine-grignoteuse-fruits\/\",\"name\":\"L2N PHARMA TETINE GRIGNOTEUSE FRUITS - Paracherkaoui.ma\",\"isPartOf\":{\"@id\":\"https:\/\/paracherkaoui.ma\/#website\"},\"primaryImageOfPage\":{\"@id\":\"https:\/\/paracherkaoui.ma\/index.php\/produit\/l2n-pharma-tetine-grignoteuse-fruits\/#primaryimage\"},\"image\":{\"@id\":\"https:\/\/paracherkaoui.ma\/index.php\/produit\/l2n-pharma-tetine-grignoteuse-fruits\/#primaryimage\"},\"thumbnailUrl\":\"https:\/\/paracherkaoui.ma\/wp-content\/uploads\/2025\/12\/l2n-pharma-l2n-pharma-tetine-grignoteuse-fruits-tetines.jpg\",\"datePublished\":\"2025-12-12T18:11:04+00:00\",\"dateModified\":\"2025-12-12T18:11:09+00:00\",\"breadcrumb\":{\"@id\":\"https:\/\/paracherkaoui.ma\/index.php\/produit\/l2n-pharma-tetine-grignoteuse-fruits\/#breadcrumb\"},\"inLanguage\":\"fr-FR\",\"potentialAction\":[{\"@type\":\"ReadAction\",\"target\":[\"https:\/\/paracherkaoui.ma\/index.php\/produit\/l2n-pharma-tetine-grignoteuse-fruits\/\"]}]},{\"@type\":\"ImageObject\",\"inLanguage\":\"fr-FR\",\"@id\":\"https:\/\/paracherkaoui.ma\/index.php\/produit\/l2n-pharma-tetine-grignoteuse-fruits\/#primaryimage\",\"url\":\"https:\/\/paracherkaoui.ma\/wp-content\/uploads\/2025\/12\/l2n-pharma-l2n-pharma-tetine-grignoteuse-fruits-tetines.jpg\",\"contentUrl\":\"https:\/\/paracherkaoui.ma\/wp-content\/uploads\/2025\/12\/l2n-pharma-l2n-pharma-tetine-grignoteuse-fruits-tetines.jpg\",\"width\":700,\"height\":700},{\"@type\":\"BreadcrumbList\",\"@id\":\"https:\/\/paracherkaoui.ma\/index.php\/produit\/l2n-pharma-tetine-grignoteuse-fruits\/#breadcrumb\",\"itemListElement\":[{\"@type\":\"ListItem\",\"position\":1,\"name\":\"Accueil\",\"item\":\"https:\/\/paracherkaoui.ma\/\"},{\"@type\":\"ListItem\",\"position\":2,\"name\":\"Boutique\",\"item\":\"https:\/\/paracherkaoui.ma\/index.php\/boutique\/\"},{\"@type\":\"ListItem\",\"position\":3,\"name\":\"L2N PHARMA TETINE GRIGNOTEUSE FRUITS\"}]},{\"@type\":\"WebSite\",\"@id\":\"https:\/\/paracherkaoui.ma\/#website\",\"url\":\"https:\/\/paracherkaoui.ma\/\",\"name\":\"Paracherkaoui.ma\",\"description\":\"Achetez en ligne sur Paracherkaoui.ma\",\"potentialAction\":[{\"@type\":\"SearchAction\",\"target\":{\"@type\":\"EntryPoint\",\"urlTemplate\":\"https:\/\/paracherkaoui.ma\/?s={search_term_string}\"},\"query-input\":{\"@type\":\"PropertyValueSpecification\",\"valueRequired\":true,\"valueName\":\"search_term_string\"}}],\"inLanguage\":\"fr-FR\"}]}<\/script>\r\n<!-- \/ Yoast SEO plugin. -->","yoast_head_json":{"title":"L2N PHARMA TETINE GRIGNOTEUSE FRUITS - Paracherkaoui.ma","robots":{"index":"index","follow":"follow","max-snippet":"max-snippet:-1","max-image-preview":"max-image-preview:large","max-video-preview":"max-video-preview:-1"},"canonical":"https:\/\/paracherkaoui.ma\/index.php\/produit\/l2n-pharma-tetine-grignoteuse-fruits\/","og_locale":"fr_FR","og_type":"article","og_title":"L2N PHARMA TETINE GRIGNOTEUSE FRUITS - Paracherkaoui.ma","og_description":"Cette t\u00e9tine L2N est id\u00e9ale pour familiariser b\u00e9b\u00e9 aux fruits et aux l\u00e9gumes, en toute s\u00e9curit\u00e9 et simplicit\u00e9. Sp\u00e9cialement \u00e9labor\u00e9e","og_url":"https:\/\/paracherkaoui.ma\/index.php\/produit\/l2n-pharma-tetine-grignoteuse-fruits\/","og_site_name":"Paracherkaoui.ma","article_modified_time":"2025-12-12T18:11:09+00:00","og_image":[{"width":700,"height":700,"url":"https:\/\/paracherkaoui.ma\/wp-content\/uploads\/2025\/12\/l2n-pharma-l2n-pharma-tetine-grignoteuse-fruits-tetines.jpg","type":"image\/jpeg"}],"twitter_card":"summary_large_image","twitter_misc":{"Dur\u00e9e de lecture estim\u00e9e":"1 minute"},"schema":{"@context":"https:\/\/schema.org","@graph":[{"@type":"WebPage","@id":"https:\/\/paracherkaoui.ma\/index.php\/produit\/l2n-pharma-tetine-grignoteuse-fruits\/","url":"https:\/\/paracherkaoui.ma\/index.php\/produit\/l2n-pharma-tetine-grignoteuse-fruits\/","name":"L2N PHARMA TETINE GRIGNOTEUSE FRUITS - Paracherkaoui.ma","isPartOf":{"@id":"https:\/\/paracherkaoui.ma\/#website"},"primaryImageOfPage":{"@id":"https:\/\/paracherkaoui.ma\/index.php\/produit\/l2n-pharma-tetine-grignoteuse-fruits\/#primaryimage"},"image":{"@id":"https:\/\/paracherkaoui.ma\/index.php\/produit\/l2n-pharma-tetine-grignoteuse-fruits\/#primaryimage"},"thumbnailUrl":"https:\/\/paracherkaoui.ma\/wp-content\/uploads\/2025\/12\/l2n-pharma-l2n-pharma-tetine-grignoteuse-fruits-tetines.jpg","datePublished":"2025-12-12T18:11:04+00:00","dateModified":"2025-12-12T18:11:09+00:00","breadcrumb":{"@id":"https:\/\/paracherkaoui.ma\/index.php\/produit\/l2n-pharma-tetine-grignoteuse-fruits\/#breadcrumb"},"inLanguage":"fr-FR","potentialAction":[{"@type":"ReadAction","target":["https:\/\/paracherkaoui.ma\/index.php\/produit\/l2n-pharma-tetine-grignoteuse-fruits\/"]}]},{"@type":"ImageObject","inLanguage":"fr-FR","@id":"https:\/\/paracherkaoui.ma\/index.php\/produit\/l2n-pharma-tetine-grignoteuse-fruits\/#primaryimage","url":"https:\/\/paracherkaoui.ma\/wp-content\/uploads\/2025\/12\/l2n-pharma-l2n-pharma-tetine-grignoteuse-fruits-tetines.jpg","contentUrl":"https:\/\/paracherkaoui.ma\/wp-content\/uploads\/2025\/12\/l2n-pharma-l2n-pharma-tetine-grignoteuse-fruits-tetines.jpg","width":700,"height":700},{"@type":"BreadcrumbList","@id":"https:\/\/paracherkaoui.ma\/index.php\/produit\/l2n-pharma-tetine-grignoteuse-fruits\/#breadcrumb","itemListElement":[{"@type":"ListItem","position":1,"name":"Accueil","item":"https:\/\/paracherkaoui.ma\/"},{"@type":"ListItem","position":2,"name":"Boutique","item":"https:\/\/paracherkaoui.ma\/index.php\/boutique\/"},{"@type":"ListItem","position":3,"name":"L2N PHARMA TETINE GRIGNOTEUSE FRUITS"}]},{"@type":"WebSite","@id":"https:\/\/paracherkaoui.ma\/#website","url":"https:\/\/paracherkaoui.ma\/","name":"Paracherkaoui.ma","description":"Achetez en ligne sur Paracherkaoui.ma","potentialAction":[{"@type":"SearchAction","target":{"@type":"EntryPoint","urlTemplate":"https:\/\/paracherkaoui.ma\/?s={search_term_string}"},"query-input":{"@type":"PropertyValueSpecification","valueRequired":true,"valueName":"search_term_string"}}],"inLanguage":"fr-FR"}]}},"_links":{"self":[{"href":"https:\/\/paracherkaoui.ma\/index.php\/wp-json\/wp\/v2\/product\/43470","targetHints":{"allow":["GET"]}}],"collection":[{"href":"https:\/\/paracherkaoui.ma\/index.php\/wp-json\/wp\/v2\/product"}],"about":[{"href":"https:\/\/paracherkaoui.ma\/index.php\/wp-json\/wp\/v2\/types\/product"}],"replies":[{"embeddable":true,"href":"https:\/\/paracherkaoui.ma\/index.php\/wp-json\/wp\/v2\/comments?post=43470"}],"version-history":[{"count":1,"href":"https:\/\/paracherkaoui.ma\/index.php\/wp-json\/wp\/v2\/product\/43470\/revisions"}],"predecessor-version":[{"id":43519,"href":"https:\/\/paracherkaoui.ma\/index.php\/wp-json\/wp\/v2\/product\/43470\/revisions\/43519"}],"wp:featuredmedia":[{"embeddable":true,"href":"https:\/\/paracherkaoui.ma\/index.php\/wp-json\/wp\/v2\/media\/43518"}],"wp:attachment":[{"href":"https:\/\/paracherkaoui.ma\/index.php\/wp-json\/wp\/v2\/media?parent=43470"}],"wp:term":[{"taxonomy":"product_brand","embeddable":true,"href":"https:\/\/paracherkaoui.ma\/index.php\/wp-json\/wp\/v2\/product_brand?post=43470"},{"taxonomy":"product_cat","embeddable":true,"href":"https:\/\/paracherkaoui.ma\/index.php\/wp-json\/wp\/v2\/product_cat?post=43470"},{"taxonomy":"product_tag","embeddable":true,"href":"https:\/\/paracherkaoui.ma\/index.php\/wp-json\/wp\/v2\/product_tag?post=43470"}],"curies":[{"name":"wp","href":"https:\/\/api.w.org\/{rel}","templated":true}]}}