{"id":43465,"date":"2025-12-12T19:11:03","date_gmt":"2025-12-12T18:11:03","guid":{"rendered":"https:\/\/test.ecbeaute.com\/?post_type=product&#038;p=43465"},"modified":"2025-12-12T19:11:08","modified_gmt":"2025-12-12T18:11:08","slug":"dr-browns-options-tetine-cole-large-niveau-4-pack-de-2-9-mois","status":"publish","type":"product","link":"https:\/\/paracherkaoui.ma\/index.php\/produit\/dr-browns-options-tetine-cole-large-niveau-4-pack-de-2-9-mois\/","title":{"rendered":"DR BROWNS OPTIONS+ TETINE COLE LARGE NIVEAU 4 PACK DE 2 9 MOIS +"},"content":{"rendered":"<p>C\u2019est une t\u00e9tine en silicone souple de haute qualit\u00e9 , pour biberons bouche large de la m\u00eame marque . Les t\u00e9tines du Dr Brown varient en forme et en taille pour atteindre six niveaux d\u2019aspiration diff\u00e9rents, allant d\u2019un b\u00e9b\u00e9 pr\u00e9matur\u00e9 \u00e0 un b\u00e9b\u00e9 de plus de neuf mois qui prend d\u00e9j\u00e0 des liquides plus \u00e9pais et de la bouillie. Contenu : Pack de 2 t\u00e9tines Dr Brown\u2019s Options PLUS col large niveau 4.<br \/>\n\u2013 Pour les b\u00e9b\u00e9s de 9 mois et plus.<br \/>\n\u2013 Mamelon semblable \u00e0 un sein pour une alimentation plus naturelle.<br \/>\n\u2013 Toutes les t\u00e9tines Dr Browns sont super douces et fabriqu\u00e9es en silicone de haute qualit\u00e9.<br \/>\n\u2013 Les t\u00e9tines Dr Browns sont coup\u00e9es avec pr\u00e9cision pour permettre une performance maximale avec le d\u00e9bit de liquide.<\/p>\n","protected":false},"excerpt":{"rendered":"<p>C\u2019est une t\u00e9tine en silicone souple de haute qualit\u00e9 , pour biberons bouche large de la m\u00eame marque . Les<\/p>\n","protected":false},"featured_media":43508,"comment_status":"open","ping_status":"closed","template":"","meta":[],"product_brand":[740],"product_cat":[753],"product_tag":[],"class_list":{"0":"post-43465","1":"product","2":"type-product","3":"status-publish","4":"has-post-thumbnail","6":"product_brand-dr-browns","7":"product_cat-tetine","9":"first","10":"instock","11":"sale","12":"shipping-taxable","13":"purchasable","14":"product-type-simple"},"yoast_head":"<!-- This site is optimized with the Yoast SEO plugin v26.6 - https:\/\/yoast.com\/wordpress\/plugins\/seo\/ -->\r\n<title>DR BROWNS OPTIONS+ TETINE COLE LARGE NIVEAU 4 PACK DE 2 9 MOIS + - Paracherkaoui.ma<\/title>\r\n<meta name=\"robots\" content=\"index, follow, max-snippet:-1, max-image-preview:large, max-video-preview:-1\" \/>\r\n<link rel=\"canonical\" href=\"https:\/\/paracherkaoui.ma\/index.php\/produit\/dr-browns-options-tetine-cole-large-niveau-4-pack-de-2-9-mois\/\" \/>\r\n<meta property=\"og:locale\" content=\"fr_FR\" \/>\r\n<meta property=\"og:type\" content=\"article\" \/>\r\n<meta property=\"og:title\" content=\"DR BROWNS OPTIONS+ TETINE COLE LARGE NIVEAU 4 PACK DE 2 9 MOIS + - Paracherkaoui.ma\" \/>\r\n<meta property=\"og:description\" content=\"C\u2019est une t\u00e9tine en silicone souple de haute qualit\u00e9 , pour biberons bouche large de la m\u00eame marque . Les\" \/>\r\n<meta property=\"og:url\" content=\"https:\/\/paracherkaoui.ma\/index.php\/produit\/dr-browns-options-tetine-cole-large-niveau-4-pack-de-2-9-mois\/\" \/>\r\n<meta property=\"og:site_name\" content=\"Paracherkaoui.ma\" \/>\r\n<meta property=\"article:modified_time\" content=\"2025-12-12T18:11:08+00:00\" \/>\r\n<meta property=\"og:image\" content=\"https:\/\/paracherkaoui.ma\/wp-content\/uploads\/2025\/12\/dr-browns-dr-browns-options-tetine-cole-large-niveau-4-pack-de-2-9-mois-tetines.jpg\" \/>\r\n\t<meta property=\"og:image:width\" content=\"700\" \/>\r\n\t<meta property=\"og:image:height\" content=\"700\" \/>\r\n\t<meta property=\"og:image:type\" content=\"image\/jpeg\" \/>\r\n<meta name=\"twitter:card\" content=\"summary_large_image\" \/>\r\n<meta name=\"twitter:label1\" content=\"Dur\u00e9e de lecture estim\u00e9e\" \/>\n\t<meta name=\"twitter:data1\" content=\"1 minute\" \/>\r\n<script type=\"application\/ld+json\" class=\"yoast-schema-graph\">{\"@context\":\"https:\/\/schema.org\",\"@graph\":[{\"@type\":\"WebPage\",\"@id\":\"https:\/\/paracherkaoui.ma\/index.php\/produit\/dr-browns-options-tetine-cole-large-niveau-4-pack-de-2-9-mois\/\",\"url\":\"https:\/\/paracherkaoui.ma\/index.php\/produit\/dr-browns-options-tetine-cole-large-niveau-4-pack-de-2-9-mois\/\",\"name\":\"DR BROWNS OPTIONS+ TETINE COLE LARGE NIVEAU 4 PACK DE 2 9 MOIS + - Paracherkaoui.ma\",\"isPartOf\":{\"@id\":\"https:\/\/paracherkaoui.ma\/#website\"},\"primaryImageOfPage\":{\"@id\":\"https:\/\/paracherkaoui.ma\/index.php\/produit\/dr-browns-options-tetine-cole-large-niveau-4-pack-de-2-9-mois\/#primaryimage\"},\"image\":{\"@id\":\"https:\/\/paracherkaoui.ma\/index.php\/produit\/dr-browns-options-tetine-cole-large-niveau-4-pack-de-2-9-mois\/#primaryimage\"},\"thumbnailUrl\":\"https:\/\/paracherkaoui.ma\/wp-content\/uploads\/2025\/12\/dr-browns-dr-browns-options-tetine-cole-large-niveau-4-pack-de-2-9-mois-tetines.jpg\",\"datePublished\":\"2025-12-12T18:11:03+00:00\",\"dateModified\":\"2025-12-12T18:11:08+00:00\",\"breadcrumb\":{\"@id\":\"https:\/\/paracherkaoui.ma\/index.php\/produit\/dr-browns-options-tetine-cole-large-niveau-4-pack-de-2-9-mois\/#breadcrumb\"},\"inLanguage\":\"fr-FR\",\"potentialAction\":[{\"@type\":\"ReadAction\",\"target\":[\"https:\/\/paracherkaoui.ma\/index.php\/produit\/dr-browns-options-tetine-cole-large-niveau-4-pack-de-2-9-mois\/\"]}]},{\"@type\":\"ImageObject\",\"inLanguage\":\"fr-FR\",\"@id\":\"https:\/\/paracherkaoui.ma\/index.php\/produit\/dr-browns-options-tetine-cole-large-niveau-4-pack-de-2-9-mois\/#primaryimage\",\"url\":\"https:\/\/paracherkaoui.ma\/wp-content\/uploads\/2025\/12\/dr-browns-dr-browns-options-tetine-cole-large-niveau-4-pack-de-2-9-mois-tetines.jpg\",\"contentUrl\":\"https:\/\/paracherkaoui.ma\/wp-content\/uploads\/2025\/12\/dr-browns-dr-browns-options-tetine-cole-large-niveau-4-pack-de-2-9-mois-tetines.jpg\",\"width\":700,\"height\":700},{\"@type\":\"BreadcrumbList\",\"@id\":\"https:\/\/paracherkaoui.ma\/index.php\/produit\/dr-browns-options-tetine-cole-large-niveau-4-pack-de-2-9-mois\/#breadcrumb\",\"itemListElement\":[{\"@type\":\"ListItem\",\"position\":1,\"name\":\"Accueil\",\"item\":\"https:\/\/paracherkaoui.ma\/\"},{\"@type\":\"ListItem\",\"position\":2,\"name\":\"Boutique\",\"item\":\"https:\/\/paracherkaoui.ma\/index.php\/boutique\/\"},{\"@type\":\"ListItem\",\"position\":3,\"name\":\"DR BROWNS OPTIONS+ TETINE COLE LARGE NIVEAU 4 PACK DE 2 9 MOIS +\"}]},{\"@type\":\"WebSite\",\"@id\":\"https:\/\/paracherkaoui.ma\/#website\",\"url\":\"https:\/\/paracherkaoui.ma\/\",\"name\":\"Paracherkaoui.ma\",\"description\":\"Achetez en ligne sur Paracherkaoui.ma\",\"potentialAction\":[{\"@type\":\"SearchAction\",\"target\":{\"@type\":\"EntryPoint\",\"urlTemplate\":\"https:\/\/paracherkaoui.ma\/?s={search_term_string}\"},\"query-input\":{\"@type\":\"PropertyValueSpecification\",\"valueRequired\":true,\"valueName\":\"search_term_string\"}}],\"inLanguage\":\"fr-FR\"}]}<\/script>\r\n<!-- \/ Yoast SEO plugin. -->","yoast_head_json":{"title":"DR BROWNS OPTIONS+ TETINE COLE LARGE NIVEAU 4 PACK DE 2 9 MOIS + - Paracherkaoui.ma","robots":{"index":"index","follow":"follow","max-snippet":"max-snippet:-1","max-image-preview":"max-image-preview:large","max-video-preview":"max-video-preview:-1"},"canonical":"https:\/\/paracherkaoui.ma\/index.php\/produit\/dr-browns-options-tetine-cole-large-niveau-4-pack-de-2-9-mois\/","og_locale":"fr_FR","og_type":"article","og_title":"DR BROWNS OPTIONS+ TETINE COLE LARGE NIVEAU 4 PACK DE 2 9 MOIS + - Paracherkaoui.ma","og_description":"C\u2019est une t\u00e9tine en silicone souple de haute qualit\u00e9 , pour biberons bouche large de la m\u00eame marque . Les","og_url":"https:\/\/paracherkaoui.ma\/index.php\/produit\/dr-browns-options-tetine-cole-large-niveau-4-pack-de-2-9-mois\/","og_site_name":"Paracherkaoui.ma","article_modified_time":"2025-12-12T18:11:08+00:00","og_image":[{"width":700,"height":700,"url":"https:\/\/paracherkaoui.ma\/wp-content\/uploads\/2025\/12\/dr-browns-dr-browns-options-tetine-cole-large-niveau-4-pack-de-2-9-mois-tetines.jpg","type":"image\/jpeg"}],"twitter_card":"summary_large_image","twitter_misc":{"Dur\u00e9e de lecture estim\u00e9e":"1 minute"},"schema":{"@context":"https:\/\/schema.org","@graph":[{"@type":"WebPage","@id":"https:\/\/paracherkaoui.ma\/index.php\/produit\/dr-browns-options-tetine-cole-large-niveau-4-pack-de-2-9-mois\/","url":"https:\/\/paracherkaoui.ma\/index.php\/produit\/dr-browns-options-tetine-cole-large-niveau-4-pack-de-2-9-mois\/","name":"DR BROWNS OPTIONS+ TETINE COLE LARGE NIVEAU 4 PACK DE 2 9 MOIS + - Paracherkaoui.ma","isPartOf":{"@id":"https:\/\/paracherkaoui.ma\/#website"},"primaryImageOfPage":{"@id":"https:\/\/paracherkaoui.ma\/index.php\/produit\/dr-browns-options-tetine-cole-large-niveau-4-pack-de-2-9-mois\/#primaryimage"},"image":{"@id":"https:\/\/paracherkaoui.ma\/index.php\/produit\/dr-browns-options-tetine-cole-large-niveau-4-pack-de-2-9-mois\/#primaryimage"},"thumbnailUrl":"https:\/\/paracherkaoui.ma\/wp-content\/uploads\/2025\/12\/dr-browns-dr-browns-options-tetine-cole-large-niveau-4-pack-de-2-9-mois-tetines.jpg","datePublished":"2025-12-12T18:11:03+00:00","dateModified":"2025-12-12T18:11:08+00:00","breadcrumb":{"@id":"https:\/\/paracherkaoui.ma\/index.php\/produit\/dr-browns-options-tetine-cole-large-niveau-4-pack-de-2-9-mois\/#breadcrumb"},"inLanguage":"fr-FR","potentialAction":[{"@type":"ReadAction","target":["https:\/\/paracherkaoui.ma\/index.php\/produit\/dr-browns-options-tetine-cole-large-niveau-4-pack-de-2-9-mois\/"]}]},{"@type":"ImageObject","inLanguage":"fr-FR","@id":"https:\/\/paracherkaoui.ma\/index.php\/produit\/dr-browns-options-tetine-cole-large-niveau-4-pack-de-2-9-mois\/#primaryimage","url":"https:\/\/paracherkaoui.ma\/wp-content\/uploads\/2025\/12\/dr-browns-dr-browns-options-tetine-cole-large-niveau-4-pack-de-2-9-mois-tetines.jpg","contentUrl":"https:\/\/paracherkaoui.ma\/wp-content\/uploads\/2025\/12\/dr-browns-dr-browns-options-tetine-cole-large-niveau-4-pack-de-2-9-mois-tetines.jpg","width":700,"height":700},{"@type":"BreadcrumbList","@id":"https:\/\/paracherkaoui.ma\/index.php\/produit\/dr-browns-options-tetine-cole-large-niveau-4-pack-de-2-9-mois\/#breadcrumb","itemListElement":[{"@type":"ListItem","position":1,"name":"Accueil","item":"https:\/\/paracherkaoui.ma\/"},{"@type":"ListItem","position":2,"name":"Boutique","item":"https:\/\/paracherkaoui.ma\/index.php\/boutique\/"},{"@type":"ListItem","position":3,"name":"DR BROWNS OPTIONS+ TETINE COLE LARGE NIVEAU 4 PACK DE 2 9 MOIS +"}]},{"@type":"WebSite","@id":"https:\/\/paracherkaoui.ma\/#website","url":"https:\/\/paracherkaoui.ma\/","name":"Paracherkaoui.ma","description":"Achetez en ligne sur Paracherkaoui.ma","potentialAction":[{"@type":"SearchAction","target":{"@type":"EntryPoint","urlTemplate":"https:\/\/paracherkaoui.ma\/?s={search_term_string}"},"query-input":{"@type":"PropertyValueSpecification","valueRequired":true,"valueName":"search_term_string"}}],"inLanguage":"fr-FR"}]}},"_links":{"self":[{"href":"https:\/\/paracherkaoui.ma\/index.php\/wp-json\/wp\/v2\/product\/43465","targetHints":{"allow":["GET"]}}],"collection":[{"href":"https:\/\/paracherkaoui.ma\/index.php\/wp-json\/wp\/v2\/product"}],"about":[{"href":"https:\/\/paracherkaoui.ma\/index.php\/wp-json\/wp\/v2\/types\/product"}],"replies":[{"embeddable":true,"href":"https:\/\/paracherkaoui.ma\/index.php\/wp-json\/wp\/v2\/comments?post=43465"}],"version-history":[{"count":1,"href":"https:\/\/paracherkaoui.ma\/index.php\/wp-json\/wp\/v2\/product\/43465\/revisions"}],"predecessor-version":[{"id":43509,"href":"https:\/\/paracherkaoui.ma\/index.php\/wp-json\/wp\/v2\/product\/43465\/revisions\/43509"}],"wp:featuredmedia":[{"embeddable":true,"href":"https:\/\/paracherkaoui.ma\/index.php\/wp-json\/wp\/v2\/media\/43508"}],"wp:attachment":[{"href":"https:\/\/paracherkaoui.ma\/index.php\/wp-json\/wp\/v2\/media?parent=43465"}],"wp:term":[{"taxonomy":"product_brand","embeddable":true,"href":"https:\/\/paracherkaoui.ma\/index.php\/wp-json\/wp\/v2\/product_brand?post=43465"},{"taxonomy":"product_cat","embeddable":true,"href":"https:\/\/paracherkaoui.ma\/index.php\/wp-json\/wp\/v2\/product_cat?post=43465"},{"taxonomy":"product_tag","embeddable":true,"href":"https:\/\/paracherkaoui.ma\/index.php\/wp-json\/wp\/v2\/product_tag?post=43465"}],"curies":[{"name":"wp","href":"https:\/\/api.w.org\/{rel}","templated":true}]}}