{"id":43453,"date":"2025-12-12T19:11:03","date_gmt":"2025-12-12T18:11:03","guid":{"rendered":"https:\/\/test.ecbeaute.com\/?post_type=product&#038;p=43453"},"modified":"2025-12-12T19:11:05","modified_gmt":"2025-12-12T18:11:05","slug":"dr-browns-tetine-cole-etroit-liquide-epais-niveau-4-9mois-pack-de-2","status":"publish","type":"product","link":"https:\/\/paracherkaoui.ma\/index.php\/produit\/dr-browns-tetine-cole-etroit-liquide-epais-niveau-4-9mois-pack-de-2\/","title":{"rendered":"DR BROWNS TETINE COLE ETROIT LIQUIDE EPAIS NIVEAU 4 9MOIS+ PACK DE 2"},"content":{"rendered":"<p>Les t\u00e9tines Dr. Brown\u2019s sont en silicone cliniquement test\u00e9. Gr\u00e2ce \u00e0 leur texture douce et leur forme sp\u00e9ciale, elles se posent parfaitement dans la bouche de b\u00e9b\u00e9. Remplacez les t\u00e9tines toutes les 6 semaines, ou plus t\u00f4t si elles pr\u00e9sentent des signes d\u2019usure.<\/p>\n","protected":false},"excerpt":{"rendered":"<p>Les t\u00e9tines Dr. Brown\u2019s sont en silicone cliniquement test\u00e9. Gr\u00e2ce \u00e0 leur texture douce et leur forme sp\u00e9ciale, elles se<\/p>\n","protected":false},"featured_media":43484,"comment_status":"open","ping_status":"closed","template":"","meta":[],"product_brand":[740],"product_cat":[753],"product_tag":[],"class_list":{"0":"post-43453","1":"product","2":"type-product","3":"status-publish","4":"has-post-thumbnail","6":"product_brand-dr-browns","7":"product_cat-tetine","9":"first","10":"instock","11":"sale","12":"shipping-taxable","13":"purchasable","14":"product-type-simple"},"yoast_head":"<!-- This site is optimized with the Yoast SEO plugin v26.6 - https:\/\/yoast.com\/wordpress\/plugins\/seo\/ -->\r\n<title>DR BROWNS TETINE COLE ETROIT LIQUIDE EPAIS NIVEAU 4 9MOIS+ PACK DE 2 - Paracherkaoui.ma<\/title>\r\n<meta name=\"robots\" content=\"index, follow, max-snippet:-1, max-image-preview:large, max-video-preview:-1\" \/>\r\n<link rel=\"canonical\" href=\"https:\/\/paracherkaoui.ma\/index.php\/produit\/dr-browns-tetine-cole-etroit-liquide-epais-niveau-4-9mois-pack-de-2\/\" \/>\r\n<meta property=\"og:locale\" content=\"fr_FR\" \/>\r\n<meta property=\"og:type\" content=\"article\" \/>\r\n<meta property=\"og:title\" content=\"DR BROWNS TETINE COLE ETROIT LIQUIDE EPAIS NIVEAU 4 9MOIS+ PACK DE 2 - Paracherkaoui.ma\" \/>\r\n<meta property=\"og:description\" content=\"Les t\u00e9tines Dr. Brown\u2019s sont en silicone cliniquement test\u00e9. Gr\u00e2ce \u00e0 leur texture douce et leur forme sp\u00e9ciale, elles se\" \/>\r\n<meta property=\"og:url\" content=\"https:\/\/paracherkaoui.ma\/index.php\/produit\/dr-browns-tetine-cole-etroit-liquide-epais-niveau-4-9mois-pack-de-2\/\" \/>\r\n<meta property=\"og:site_name\" content=\"Paracherkaoui.ma\" \/>\r\n<meta property=\"article:modified_time\" content=\"2025-12-12T18:11:05+00:00\" \/>\r\n<meta property=\"og:image\" content=\"https:\/\/paracherkaoui.ma\/wp-content\/uploads\/2025\/12\/dr-browns-dr-browns-tetine-cole-etroit-liquide-epais-niveau-4-9mois-pack-de-2-tetines.jpg\" \/>\r\n\t<meta property=\"og:image:width\" content=\"700\" \/>\r\n\t<meta property=\"og:image:height\" content=\"700\" \/>\r\n\t<meta property=\"og:image:type\" content=\"image\/jpeg\" \/>\r\n<meta name=\"twitter:card\" content=\"summary_large_image\" \/>\r\n<script type=\"application\/ld+json\" class=\"yoast-schema-graph\">{\"@context\":\"https:\/\/schema.org\",\"@graph\":[{\"@type\":\"WebPage\",\"@id\":\"https:\/\/paracherkaoui.ma\/index.php\/produit\/dr-browns-tetine-cole-etroit-liquide-epais-niveau-4-9mois-pack-de-2\/\",\"url\":\"https:\/\/paracherkaoui.ma\/index.php\/produit\/dr-browns-tetine-cole-etroit-liquide-epais-niveau-4-9mois-pack-de-2\/\",\"name\":\"DR BROWNS TETINE COLE ETROIT LIQUIDE EPAIS NIVEAU 4 9MOIS+ PACK DE 2 - Paracherkaoui.ma\",\"isPartOf\":{\"@id\":\"https:\/\/paracherkaoui.ma\/#website\"},\"primaryImageOfPage\":{\"@id\":\"https:\/\/paracherkaoui.ma\/index.php\/produit\/dr-browns-tetine-cole-etroit-liquide-epais-niveau-4-9mois-pack-de-2\/#primaryimage\"},\"image\":{\"@id\":\"https:\/\/paracherkaoui.ma\/index.php\/produit\/dr-browns-tetine-cole-etroit-liquide-epais-niveau-4-9mois-pack-de-2\/#primaryimage\"},\"thumbnailUrl\":\"https:\/\/paracherkaoui.ma\/wp-content\/uploads\/2025\/12\/dr-browns-dr-browns-tetine-cole-etroit-liquide-epais-niveau-4-9mois-pack-de-2-tetines.jpg\",\"datePublished\":\"2025-12-12T18:11:03+00:00\",\"dateModified\":\"2025-12-12T18:11:05+00:00\",\"breadcrumb\":{\"@id\":\"https:\/\/paracherkaoui.ma\/index.php\/produit\/dr-browns-tetine-cole-etroit-liquide-epais-niveau-4-9mois-pack-de-2\/#breadcrumb\"},\"inLanguage\":\"fr-FR\",\"potentialAction\":[{\"@type\":\"ReadAction\",\"target\":[\"https:\/\/paracherkaoui.ma\/index.php\/produit\/dr-browns-tetine-cole-etroit-liquide-epais-niveau-4-9mois-pack-de-2\/\"]}]},{\"@type\":\"ImageObject\",\"inLanguage\":\"fr-FR\",\"@id\":\"https:\/\/paracherkaoui.ma\/index.php\/produit\/dr-browns-tetine-cole-etroit-liquide-epais-niveau-4-9mois-pack-de-2\/#primaryimage\",\"url\":\"https:\/\/paracherkaoui.ma\/wp-content\/uploads\/2025\/12\/dr-browns-dr-browns-tetine-cole-etroit-liquide-epais-niveau-4-9mois-pack-de-2-tetines.jpg\",\"contentUrl\":\"https:\/\/paracherkaoui.ma\/wp-content\/uploads\/2025\/12\/dr-browns-dr-browns-tetine-cole-etroit-liquide-epais-niveau-4-9mois-pack-de-2-tetines.jpg\",\"width\":700,\"height\":700},{\"@type\":\"BreadcrumbList\",\"@id\":\"https:\/\/paracherkaoui.ma\/index.php\/produit\/dr-browns-tetine-cole-etroit-liquide-epais-niveau-4-9mois-pack-de-2\/#breadcrumb\",\"itemListElement\":[{\"@type\":\"ListItem\",\"position\":1,\"name\":\"Accueil\",\"item\":\"https:\/\/paracherkaoui.ma\/\"},{\"@type\":\"ListItem\",\"position\":2,\"name\":\"Boutique\",\"item\":\"https:\/\/paracherkaoui.ma\/index.php\/boutique\/\"},{\"@type\":\"ListItem\",\"position\":3,\"name\":\"DR BROWNS TETINE COLE ETROIT LIQUIDE EPAIS NIVEAU 4 9MOIS+ PACK DE 2\"}]},{\"@type\":\"WebSite\",\"@id\":\"https:\/\/paracherkaoui.ma\/#website\",\"url\":\"https:\/\/paracherkaoui.ma\/\",\"name\":\"Paracherkaoui.ma\",\"description\":\"Achetez en ligne sur Paracherkaoui.ma\",\"potentialAction\":[{\"@type\":\"SearchAction\",\"target\":{\"@type\":\"EntryPoint\",\"urlTemplate\":\"https:\/\/paracherkaoui.ma\/?s={search_term_string}\"},\"query-input\":{\"@type\":\"PropertyValueSpecification\",\"valueRequired\":true,\"valueName\":\"search_term_string\"}}],\"inLanguage\":\"fr-FR\"}]}<\/script>\r\n<!-- \/ Yoast SEO plugin. -->","yoast_head_json":{"title":"DR BROWNS TETINE COLE ETROIT LIQUIDE EPAIS NIVEAU 4 9MOIS+ PACK DE 2 - Paracherkaoui.ma","robots":{"index":"index","follow":"follow","max-snippet":"max-snippet:-1","max-image-preview":"max-image-preview:large","max-video-preview":"max-video-preview:-1"},"canonical":"https:\/\/paracherkaoui.ma\/index.php\/produit\/dr-browns-tetine-cole-etroit-liquide-epais-niveau-4-9mois-pack-de-2\/","og_locale":"fr_FR","og_type":"article","og_title":"DR BROWNS TETINE COLE ETROIT LIQUIDE EPAIS NIVEAU 4 9MOIS+ PACK DE 2 - Paracherkaoui.ma","og_description":"Les t\u00e9tines Dr. Brown\u2019s sont en silicone cliniquement test\u00e9. Gr\u00e2ce \u00e0 leur texture douce et leur forme sp\u00e9ciale, elles se","og_url":"https:\/\/paracherkaoui.ma\/index.php\/produit\/dr-browns-tetine-cole-etroit-liquide-epais-niveau-4-9mois-pack-de-2\/","og_site_name":"Paracherkaoui.ma","article_modified_time":"2025-12-12T18:11:05+00:00","og_image":[{"width":700,"height":700,"url":"https:\/\/paracherkaoui.ma\/wp-content\/uploads\/2025\/12\/dr-browns-dr-browns-tetine-cole-etroit-liquide-epais-niveau-4-9mois-pack-de-2-tetines.jpg","type":"image\/jpeg"}],"twitter_card":"summary_large_image","schema":{"@context":"https:\/\/schema.org","@graph":[{"@type":"WebPage","@id":"https:\/\/paracherkaoui.ma\/index.php\/produit\/dr-browns-tetine-cole-etroit-liquide-epais-niveau-4-9mois-pack-de-2\/","url":"https:\/\/paracherkaoui.ma\/index.php\/produit\/dr-browns-tetine-cole-etroit-liquide-epais-niveau-4-9mois-pack-de-2\/","name":"DR BROWNS TETINE COLE ETROIT LIQUIDE EPAIS NIVEAU 4 9MOIS+ PACK DE 2 - Paracherkaoui.ma","isPartOf":{"@id":"https:\/\/paracherkaoui.ma\/#website"},"primaryImageOfPage":{"@id":"https:\/\/paracherkaoui.ma\/index.php\/produit\/dr-browns-tetine-cole-etroit-liquide-epais-niveau-4-9mois-pack-de-2\/#primaryimage"},"image":{"@id":"https:\/\/paracherkaoui.ma\/index.php\/produit\/dr-browns-tetine-cole-etroit-liquide-epais-niveau-4-9mois-pack-de-2\/#primaryimage"},"thumbnailUrl":"https:\/\/paracherkaoui.ma\/wp-content\/uploads\/2025\/12\/dr-browns-dr-browns-tetine-cole-etroit-liquide-epais-niveau-4-9mois-pack-de-2-tetines.jpg","datePublished":"2025-12-12T18:11:03+00:00","dateModified":"2025-12-12T18:11:05+00:00","breadcrumb":{"@id":"https:\/\/paracherkaoui.ma\/index.php\/produit\/dr-browns-tetine-cole-etroit-liquide-epais-niveau-4-9mois-pack-de-2\/#breadcrumb"},"inLanguage":"fr-FR","potentialAction":[{"@type":"ReadAction","target":["https:\/\/paracherkaoui.ma\/index.php\/produit\/dr-browns-tetine-cole-etroit-liquide-epais-niveau-4-9mois-pack-de-2\/"]}]},{"@type":"ImageObject","inLanguage":"fr-FR","@id":"https:\/\/paracherkaoui.ma\/index.php\/produit\/dr-browns-tetine-cole-etroit-liquide-epais-niveau-4-9mois-pack-de-2\/#primaryimage","url":"https:\/\/paracherkaoui.ma\/wp-content\/uploads\/2025\/12\/dr-browns-dr-browns-tetine-cole-etroit-liquide-epais-niveau-4-9mois-pack-de-2-tetines.jpg","contentUrl":"https:\/\/paracherkaoui.ma\/wp-content\/uploads\/2025\/12\/dr-browns-dr-browns-tetine-cole-etroit-liquide-epais-niveau-4-9mois-pack-de-2-tetines.jpg","width":700,"height":700},{"@type":"BreadcrumbList","@id":"https:\/\/paracherkaoui.ma\/index.php\/produit\/dr-browns-tetine-cole-etroit-liquide-epais-niveau-4-9mois-pack-de-2\/#breadcrumb","itemListElement":[{"@type":"ListItem","position":1,"name":"Accueil","item":"https:\/\/paracherkaoui.ma\/"},{"@type":"ListItem","position":2,"name":"Boutique","item":"https:\/\/paracherkaoui.ma\/index.php\/boutique\/"},{"@type":"ListItem","position":3,"name":"DR BROWNS TETINE COLE ETROIT LIQUIDE EPAIS NIVEAU 4 9MOIS+ PACK DE 2"}]},{"@type":"WebSite","@id":"https:\/\/paracherkaoui.ma\/#website","url":"https:\/\/paracherkaoui.ma\/","name":"Paracherkaoui.ma","description":"Achetez en ligne sur Paracherkaoui.ma","potentialAction":[{"@type":"SearchAction","target":{"@type":"EntryPoint","urlTemplate":"https:\/\/paracherkaoui.ma\/?s={search_term_string}"},"query-input":{"@type":"PropertyValueSpecification","valueRequired":true,"valueName":"search_term_string"}}],"inLanguage":"fr-FR"}]}},"_links":{"self":[{"href":"https:\/\/paracherkaoui.ma\/index.php\/wp-json\/wp\/v2\/product\/43453","targetHints":{"allow":["GET"]}}],"collection":[{"href":"https:\/\/paracherkaoui.ma\/index.php\/wp-json\/wp\/v2\/product"}],"about":[{"href":"https:\/\/paracherkaoui.ma\/index.php\/wp-json\/wp\/v2\/types\/product"}],"replies":[{"embeddable":true,"href":"https:\/\/paracherkaoui.ma\/index.php\/wp-json\/wp\/v2\/comments?post=43453"}],"version-history":[{"count":1,"href":"https:\/\/paracherkaoui.ma\/index.php\/wp-json\/wp\/v2\/product\/43453\/revisions"}],"predecessor-version":[{"id":43485,"href":"https:\/\/paracherkaoui.ma\/index.php\/wp-json\/wp\/v2\/product\/43453\/revisions\/43485"}],"wp:featuredmedia":[{"embeddable":true,"href":"https:\/\/paracherkaoui.ma\/index.php\/wp-json\/wp\/v2\/media\/43484"}],"wp:attachment":[{"href":"https:\/\/paracherkaoui.ma\/index.php\/wp-json\/wp\/v2\/media?parent=43453"}],"wp:term":[{"taxonomy":"product_brand","embeddable":true,"href":"https:\/\/paracherkaoui.ma\/index.php\/wp-json\/wp\/v2\/product_brand?post=43453"},{"taxonomy":"product_cat","embeddable":true,"href":"https:\/\/paracherkaoui.ma\/index.php\/wp-json\/wp\/v2\/product_cat?post=43453"},{"taxonomy":"product_tag","embeddable":true,"href":"https:\/\/paracherkaoui.ma\/index.php\/wp-json\/wp\/v2\/product_tag?post=43453"}],"curies":[{"name":"wp","href":"https:\/\/api.w.org\/{rel}","templated":true}]}}