{"id":43380,"date":"2025-12-12T19:10:52","date_gmt":"2025-12-12T18:10:52","guid":{"rendered":"https:\/\/test.ecbeaute.com\/?post_type=product&#038;p=43380"},"modified":"2025-12-12T19:10:59","modified_gmt":"2025-12-12T18:10:59","slug":"dodie-attache-sucette-ruban-rose","status":"publish","type":"product","link":"https:\/\/paracherkaoui.ma\/index.php\/produit\/dodie-attache-sucette-ruban-rose\/","title":{"rendered":"DODIE ATTACHE SUCETTE RUBAN ROSE"},"content":{"rendered":"<p>Description:<br \/>\nAttache-sucette ruban de DODIE est un accessoire pratique et astucieux pour \u00e9viter d\u2019\u00e9garer les sucettes de b\u00e9b\u00e9. Il est con\u00e7u avec une boucle en plastique qui s\u2019ouvre et se referme facilement. L\u2019attache-sucette DODIE se fixe autour de l\u2019anneau de la sucette et \u00e9vite \u00e0 cette derni\u00e8re de tomber.Gr\u00e2ce \u00e0 l attache-sucette il n\u2019y a aucun risque de perdre la sucette de b\u00e9b\u00e9. Le ruban en plastique est r\u00e9sistant et procure s\u00e9curit\u00e9 et confort \u00e0 votre enfant. L\u2019attache sucette se fixe sur les v\u00eatements de b\u00e9b\u00e9 \u00e0 l\u2019aide de son dispositif de fermeture en forme de pince.Pour limiter les risques de perte de la sucette de b\u00e9b\u00e9 lors d&rsquo;une promenade, il faut penser \u00e0 utiliser l&rsquo;attache-sucette ruban de DODIE.<\/p>\n","protected":false},"excerpt":{"rendered":"<p>Description: Attache-sucette ruban de DODIE est un accessoire pratique et astucieux pour \u00e9viter d\u2019\u00e9garer les sucettes de b\u00e9b\u00e9. Il est<\/p>\n","protected":false},"featured_media":43428,"comment_status":"open","ping_status":"closed","template":"","meta":[],"product_brand":[725],"product_cat":[751],"product_tag":[],"class_list":{"0":"post-43380","1":"product","2":"type-product","3":"status-publish","4":"has-post-thumbnail","6":"product_brand-dodie","7":"product_cat-sucettes-et-attaches-sucettes","9":"first","10":"instock","11":"sale","12":"shipping-taxable","13":"purchasable","14":"product-type-simple"},"yoast_head":"<!-- This site is optimized with the Yoast SEO plugin v26.6 - https:\/\/yoast.com\/wordpress\/plugins\/seo\/ -->\r\n<title>DODIE ATTACHE SUCETTE RUBAN ROSE - Paracherkaoui.ma<\/title>\r\n<meta name=\"robots\" content=\"index, follow, max-snippet:-1, max-image-preview:large, max-video-preview:-1\" \/>\r\n<link rel=\"canonical\" href=\"https:\/\/paracherkaoui.ma\/index.php\/produit\/dodie-attache-sucette-ruban-rose\/\" \/>\r\n<meta property=\"og:locale\" content=\"fr_FR\" \/>\r\n<meta property=\"og:type\" content=\"article\" \/>\r\n<meta property=\"og:title\" content=\"DODIE ATTACHE SUCETTE RUBAN ROSE - Paracherkaoui.ma\" \/>\r\n<meta property=\"og:description\" content=\"Description: Attache-sucette ruban de DODIE est un accessoire pratique et astucieux pour \u00e9viter d\u2019\u00e9garer les sucettes de b\u00e9b\u00e9. Il est\" \/>\r\n<meta property=\"og:url\" content=\"https:\/\/paracherkaoui.ma\/index.php\/produit\/dodie-attache-sucette-ruban-rose\/\" \/>\r\n<meta property=\"og:site_name\" content=\"Paracherkaoui.ma\" \/>\r\n<meta property=\"article:modified_time\" content=\"2025-12-12T18:10:59+00:00\" \/>\r\n<meta property=\"og:image\" content=\"https:\/\/paracherkaoui.ma\/wp-content\/uploads\/2025\/12\/dodie-dodie-attache-sucette-ruban-rose-sucettes-et-attaches-sucettes.jpg\" \/>\r\n\t<meta property=\"og:image:width\" content=\"700\" \/>\r\n\t<meta property=\"og:image:height\" content=\"700\" \/>\r\n\t<meta property=\"og:image:type\" content=\"image\/jpeg\" \/>\r\n<meta name=\"twitter:card\" content=\"summary_large_image\" \/>\r\n<meta name=\"twitter:label1\" content=\"Dur\u00e9e de lecture estim\u00e9e\" \/>\n\t<meta name=\"twitter:data1\" content=\"1 minute\" \/>\r\n<script type=\"application\/ld+json\" class=\"yoast-schema-graph\">{\"@context\":\"https:\/\/schema.org\",\"@graph\":[{\"@type\":\"WebPage\",\"@id\":\"https:\/\/paracherkaoui.ma\/index.php\/produit\/dodie-attache-sucette-ruban-rose\/\",\"url\":\"https:\/\/paracherkaoui.ma\/index.php\/produit\/dodie-attache-sucette-ruban-rose\/\",\"name\":\"DODIE ATTACHE SUCETTE RUBAN ROSE - Paracherkaoui.ma\",\"isPartOf\":{\"@id\":\"https:\/\/paracherkaoui.ma\/#website\"},\"primaryImageOfPage\":{\"@id\":\"https:\/\/paracherkaoui.ma\/index.php\/produit\/dodie-attache-sucette-ruban-rose\/#primaryimage\"},\"image\":{\"@id\":\"https:\/\/paracherkaoui.ma\/index.php\/produit\/dodie-attache-sucette-ruban-rose\/#primaryimage\"},\"thumbnailUrl\":\"https:\/\/paracherkaoui.ma\/wp-content\/uploads\/2025\/12\/dodie-dodie-attache-sucette-ruban-rose-sucettes-et-attaches-sucettes.jpg\",\"datePublished\":\"2025-12-12T18:10:52+00:00\",\"dateModified\":\"2025-12-12T18:10:59+00:00\",\"breadcrumb\":{\"@id\":\"https:\/\/paracherkaoui.ma\/index.php\/produit\/dodie-attache-sucette-ruban-rose\/#breadcrumb\"},\"inLanguage\":\"fr-FR\",\"potentialAction\":[{\"@type\":\"ReadAction\",\"target\":[\"https:\/\/paracherkaoui.ma\/index.php\/produit\/dodie-attache-sucette-ruban-rose\/\"]}]},{\"@type\":\"ImageObject\",\"inLanguage\":\"fr-FR\",\"@id\":\"https:\/\/paracherkaoui.ma\/index.php\/produit\/dodie-attache-sucette-ruban-rose\/#primaryimage\",\"url\":\"https:\/\/paracherkaoui.ma\/wp-content\/uploads\/2025\/12\/dodie-dodie-attache-sucette-ruban-rose-sucettes-et-attaches-sucettes.jpg\",\"contentUrl\":\"https:\/\/paracherkaoui.ma\/wp-content\/uploads\/2025\/12\/dodie-dodie-attache-sucette-ruban-rose-sucettes-et-attaches-sucettes.jpg\",\"width\":700,\"height\":700},{\"@type\":\"BreadcrumbList\",\"@id\":\"https:\/\/paracherkaoui.ma\/index.php\/produit\/dodie-attache-sucette-ruban-rose\/#breadcrumb\",\"itemListElement\":[{\"@type\":\"ListItem\",\"position\":1,\"name\":\"Accueil\",\"item\":\"https:\/\/paracherkaoui.ma\/\"},{\"@type\":\"ListItem\",\"position\":2,\"name\":\"Boutique\",\"item\":\"https:\/\/paracherkaoui.ma\/index.php\/boutique\/\"},{\"@type\":\"ListItem\",\"position\":3,\"name\":\"DODIE ATTACHE SUCETTE RUBAN ROSE\"}]},{\"@type\":\"WebSite\",\"@id\":\"https:\/\/paracherkaoui.ma\/#website\",\"url\":\"https:\/\/paracherkaoui.ma\/\",\"name\":\"Paracherkaoui.ma\",\"description\":\"Achetez en ligne sur Paracherkaoui.ma\",\"potentialAction\":[{\"@type\":\"SearchAction\",\"target\":{\"@type\":\"EntryPoint\",\"urlTemplate\":\"https:\/\/paracherkaoui.ma\/?s={search_term_string}\"},\"query-input\":{\"@type\":\"PropertyValueSpecification\",\"valueRequired\":true,\"valueName\":\"search_term_string\"}}],\"inLanguage\":\"fr-FR\"}]}<\/script>\r\n<!-- \/ Yoast SEO plugin. -->","yoast_head_json":{"title":"DODIE ATTACHE SUCETTE RUBAN ROSE - Paracherkaoui.ma","robots":{"index":"index","follow":"follow","max-snippet":"max-snippet:-1","max-image-preview":"max-image-preview:large","max-video-preview":"max-video-preview:-1"},"canonical":"https:\/\/paracherkaoui.ma\/index.php\/produit\/dodie-attache-sucette-ruban-rose\/","og_locale":"fr_FR","og_type":"article","og_title":"DODIE ATTACHE SUCETTE RUBAN ROSE - Paracherkaoui.ma","og_description":"Description: Attache-sucette ruban de DODIE est un accessoire pratique et astucieux pour \u00e9viter d\u2019\u00e9garer les sucettes de b\u00e9b\u00e9. Il est","og_url":"https:\/\/paracherkaoui.ma\/index.php\/produit\/dodie-attache-sucette-ruban-rose\/","og_site_name":"Paracherkaoui.ma","article_modified_time":"2025-12-12T18:10:59+00:00","og_image":[{"width":700,"height":700,"url":"https:\/\/paracherkaoui.ma\/wp-content\/uploads\/2025\/12\/dodie-dodie-attache-sucette-ruban-rose-sucettes-et-attaches-sucettes.jpg","type":"image\/jpeg"}],"twitter_card":"summary_large_image","twitter_misc":{"Dur\u00e9e de lecture estim\u00e9e":"1 minute"},"schema":{"@context":"https:\/\/schema.org","@graph":[{"@type":"WebPage","@id":"https:\/\/paracherkaoui.ma\/index.php\/produit\/dodie-attache-sucette-ruban-rose\/","url":"https:\/\/paracherkaoui.ma\/index.php\/produit\/dodie-attache-sucette-ruban-rose\/","name":"DODIE ATTACHE SUCETTE RUBAN ROSE - Paracherkaoui.ma","isPartOf":{"@id":"https:\/\/paracherkaoui.ma\/#website"},"primaryImageOfPage":{"@id":"https:\/\/paracherkaoui.ma\/index.php\/produit\/dodie-attache-sucette-ruban-rose\/#primaryimage"},"image":{"@id":"https:\/\/paracherkaoui.ma\/index.php\/produit\/dodie-attache-sucette-ruban-rose\/#primaryimage"},"thumbnailUrl":"https:\/\/paracherkaoui.ma\/wp-content\/uploads\/2025\/12\/dodie-dodie-attache-sucette-ruban-rose-sucettes-et-attaches-sucettes.jpg","datePublished":"2025-12-12T18:10:52+00:00","dateModified":"2025-12-12T18:10:59+00:00","breadcrumb":{"@id":"https:\/\/paracherkaoui.ma\/index.php\/produit\/dodie-attache-sucette-ruban-rose\/#breadcrumb"},"inLanguage":"fr-FR","potentialAction":[{"@type":"ReadAction","target":["https:\/\/paracherkaoui.ma\/index.php\/produit\/dodie-attache-sucette-ruban-rose\/"]}]},{"@type":"ImageObject","inLanguage":"fr-FR","@id":"https:\/\/paracherkaoui.ma\/index.php\/produit\/dodie-attache-sucette-ruban-rose\/#primaryimage","url":"https:\/\/paracherkaoui.ma\/wp-content\/uploads\/2025\/12\/dodie-dodie-attache-sucette-ruban-rose-sucettes-et-attaches-sucettes.jpg","contentUrl":"https:\/\/paracherkaoui.ma\/wp-content\/uploads\/2025\/12\/dodie-dodie-attache-sucette-ruban-rose-sucettes-et-attaches-sucettes.jpg","width":700,"height":700},{"@type":"BreadcrumbList","@id":"https:\/\/paracherkaoui.ma\/index.php\/produit\/dodie-attache-sucette-ruban-rose\/#breadcrumb","itemListElement":[{"@type":"ListItem","position":1,"name":"Accueil","item":"https:\/\/paracherkaoui.ma\/"},{"@type":"ListItem","position":2,"name":"Boutique","item":"https:\/\/paracherkaoui.ma\/index.php\/boutique\/"},{"@type":"ListItem","position":3,"name":"DODIE ATTACHE SUCETTE RUBAN ROSE"}]},{"@type":"WebSite","@id":"https:\/\/paracherkaoui.ma\/#website","url":"https:\/\/paracherkaoui.ma\/","name":"Paracherkaoui.ma","description":"Achetez en ligne sur Paracherkaoui.ma","potentialAction":[{"@type":"SearchAction","target":{"@type":"EntryPoint","urlTemplate":"https:\/\/paracherkaoui.ma\/?s={search_term_string}"},"query-input":{"@type":"PropertyValueSpecification","valueRequired":true,"valueName":"search_term_string"}}],"inLanguage":"fr-FR"}]}},"_links":{"self":[{"href":"https:\/\/paracherkaoui.ma\/index.php\/wp-json\/wp\/v2\/product\/43380","targetHints":{"allow":["GET"]}}],"collection":[{"href":"https:\/\/paracherkaoui.ma\/index.php\/wp-json\/wp\/v2\/product"}],"about":[{"href":"https:\/\/paracherkaoui.ma\/index.php\/wp-json\/wp\/v2\/types\/product"}],"replies":[{"embeddable":true,"href":"https:\/\/paracherkaoui.ma\/index.php\/wp-json\/wp\/v2\/comments?post=43380"}],"version-history":[{"count":1,"href":"https:\/\/paracherkaoui.ma\/index.php\/wp-json\/wp\/v2\/product\/43380\/revisions"}],"predecessor-version":[{"id":43429,"href":"https:\/\/paracherkaoui.ma\/index.php\/wp-json\/wp\/v2\/product\/43380\/revisions\/43429"}],"wp:featuredmedia":[{"embeddable":true,"href":"https:\/\/paracherkaoui.ma\/index.php\/wp-json\/wp\/v2\/media\/43428"}],"wp:attachment":[{"href":"https:\/\/paracherkaoui.ma\/index.php\/wp-json\/wp\/v2\/media?parent=43380"}],"wp:term":[{"taxonomy":"product_brand","embeddable":true,"href":"https:\/\/paracherkaoui.ma\/index.php\/wp-json\/wp\/v2\/product_brand?post=43380"},{"taxonomy":"product_cat","embeddable":true,"href":"https:\/\/paracherkaoui.ma\/index.php\/wp-json\/wp\/v2\/product_cat?post=43380"},{"taxonomy":"product_tag","embeddable":true,"href":"https:\/\/paracherkaoui.ma\/index.php\/wp-json\/wp\/v2\/product_tag?post=43380"}],"curies":[{"name":"wp","href":"https:\/\/api.w.org\/{rel}","templated":true}]}}