{"id":43378,"date":"2025-12-12T19:10:52","date_gmt":"2025-12-12T18:10:52","guid":{"rendered":"https:\/\/test.ecbeaute.com\/?post_type=product&#038;p=43378"},"modified":"2025-12-12T19:10:59","modified_gmt":"2025-12-12T18:10:59","slug":"dodie-suc-anatomique-0-2m-a23-des-la-naissance-mixte","status":"publish","type":"product","link":"https:\/\/paracherkaoui.ma\/index.php\/produit\/dodie-suc-anatomique-0-2m-a23-des-la-naissance-mixte\/","title":{"rendered":"DODIE SUC ANATOMIQUE 0-2M A23 DES LA NAISSANCE MIXTE"},"content":{"rendered":"<p>Description:<br \/>\nDodie Sucette Anatomique Silicone 0-2 Mois N\u00b0A23 a \u00e9t\u00e9 d\u00e9velopp\u00e9e par des experts et convient aux b\u00e9b\u00e9s de 0 \u00e0 2 mois. La sucette Dodie r\u00e9pond au r\u00e9flexe naturel de succion de b\u00e9b\u00e9 et apporte une sensation de r\u00e9confort et d\u2019apaisement imm\u00e9diats.<br \/>\n\u2013 La forme anatomique permet un bon positionnement dans la bouche de b\u00e9b\u00e9.<br \/>\n\u2013 La t\u00e9terelle fine favorise le bon d\u00e9veloppement de la bouche de b\u00e9b\u00e9.<br \/>\n\u2013 Le bouclier de petite taille est sp\u00e9cifique pour la naissance.<br \/>\n\u2013 Le bouclier en tritan est confortable et l\u00e9ger, facilitant le maintien en bouche.<br \/>\nSt\u00e9riliser la sucette avant la premi\u00e8re utilisation. Nettoyer la sucette \u00e0 l\u2019eau ti\u00e8de et savonneuse avant chaque utilisation.<br \/>\nIndication : Sucette pour b\u00e9b\u00e9 de 0 \u00e0 2 mois.<\/p>\n","protected":false},"excerpt":{"rendered":"<p>Description: Dodie Sucette Anatomique Silicone 0-2 Mois N\u00b0A23 a \u00e9t\u00e9 d\u00e9velopp\u00e9e par des experts et convient aux b\u00e9b\u00e9s de 0<\/p>\n","protected":false},"featured_media":43424,"comment_status":"open","ping_status":"closed","template":"","meta":[],"product_brand":[725],"product_cat":[751],"product_tag":[],"class_list":{"0":"post-43378","1":"product","2":"type-product","3":"status-publish","4":"has-post-thumbnail","6":"product_brand-dodie","7":"product_cat-sucettes-et-attaches-sucettes","9":"first","10":"instock","11":"sale","12":"shipping-taxable","13":"purchasable","14":"product-type-simple"},"yoast_head":"<!-- This site is optimized with the Yoast SEO plugin v26.6 - https:\/\/yoast.com\/wordpress\/plugins\/seo\/ -->\r\n<title>DODIE SUC ANATOMIQUE 0-2M A23 DES LA NAISSANCE MIXTE - Paracherkaoui.ma<\/title>\r\n<meta name=\"robots\" content=\"index, follow, max-snippet:-1, max-image-preview:large, max-video-preview:-1\" \/>\r\n<link rel=\"canonical\" href=\"https:\/\/paracherkaoui.ma\/index.php\/produit\/dodie-suc-anatomique-0-2m-a23-des-la-naissance-mixte\/\" \/>\r\n<meta property=\"og:locale\" content=\"fr_FR\" \/>\r\n<meta property=\"og:type\" content=\"article\" \/>\r\n<meta property=\"og:title\" content=\"DODIE SUC ANATOMIQUE 0-2M A23 DES LA NAISSANCE MIXTE - Paracherkaoui.ma\" \/>\r\n<meta property=\"og:description\" content=\"Description: Dodie Sucette Anatomique Silicone 0-2 Mois N\u00b0A23 a \u00e9t\u00e9 d\u00e9velopp\u00e9e par des experts et convient aux b\u00e9b\u00e9s de 0\" \/>\r\n<meta property=\"og:url\" content=\"https:\/\/paracherkaoui.ma\/index.php\/produit\/dodie-suc-anatomique-0-2m-a23-des-la-naissance-mixte\/\" \/>\r\n<meta property=\"og:site_name\" content=\"Paracherkaoui.ma\" \/>\r\n<meta property=\"article:modified_time\" content=\"2025-12-12T18:10:59+00:00\" \/>\r\n<meta property=\"og:image\" content=\"https:\/\/paracherkaoui.ma\/wp-content\/uploads\/2025\/12\/dodie-suc-anatomique-0-2m-a23-des-la-naissance-mixte.jpg\" \/>\r\n\t<meta property=\"og:image:width\" content=\"700\" \/>\r\n\t<meta property=\"og:image:height\" content=\"700\" \/>\r\n\t<meta property=\"og:image:type\" content=\"image\/jpeg\" \/>\r\n<meta name=\"twitter:card\" content=\"summary_large_image\" \/>\r\n<meta name=\"twitter:label1\" content=\"Dur\u00e9e de lecture estim\u00e9e\" \/>\n\t<meta name=\"twitter:data1\" content=\"1 minute\" \/>\r\n<script type=\"application\/ld+json\" class=\"yoast-schema-graph\">{\"@context\":\"https:\/\/schema.org\",\"@graph\":[{\"@type\":\"WebPage\",\"@id\":\"https:\/\/paracherkaoui.ma\/index.php\/produit\/dodie-suc-anatomique-0-2m-a23-des-la-naissance-mixte\/\",\"url\":\"https:\/\/paracherkaoui.ma\/index.php\/produit\/dodie-suc-anatomique-0-2m-a23-des-la-naissance-mixte\/\",\"name\":\"DODIE SUC ANATOMIQUE 0-2M A23 DES LA NAISSANCE MIXTE - Paracherkaoui.ma\",\"isPartOf\":{\"@id\":\"https:\/\/paracherkaoui.ma\/#website\"},\"primaryImageOfPage\":{\"@id\":\"https:\/\/paracherkaoui.ma\/index.php\/produit\/dodie-suc-anatomique-0-2m-a23-des-la-naissance-mixte\/#primaryimage\"},\"image\":{\"@id\":\"https:\/\/paracherkaoui.ma\/index.php\/produit\/dodie-suc-anatomique-0-2m-a23-des-la-naissance-mixte\/#primaryimage\"},\"thumbnailUrl\":\"https:\/\/paracherkaoui.ma\/wp-content\/uploads\/2025\/12\/dodie-suc-anatomique-0-2m-a23-des-la-naissance-mixte.jpg\",\"datePublished\":\"2025-12-12T18:10:52+00:00\",\"dateModified\":\"2025-12-12T18:10:59+00:00\",\"breadcrumb\":{\"@id\":\"https:\/\/paracherkaoui.ma\/index.php\/produit\/dodie-suc-anatomique-0-2m-a23-des-la-naissance-mixte\/#breadcrumb\"},\"inLanguage\":\"fr-FR\",\"potentialAction\":[{\"@type\":\"ReadAction\",\"target\":[\"https:\/\/paracherkaoui.ma\/index.php\/produit\/dodie-suc-anatomique-0-2m-a23-des-la-naissance-mixte\/\"]}]},{\"@type\":\"ImageObject\",\"inLanguage\":\"fr-FR\",\"@id\":\"https:\/\/paracherkaoui.ma\/index.php\/produit\/dodie-suc-anatomique-0-2m-a23-des-la-naissance-mixte\/#primaryimage\",\"url\":\"https:\/\/paracherkaoui.ma\/wp-content\/uploads\/2025\/12\/dodie-suc-anatomique-0-2m-a23-des-la-naissance-mixte.jpg\",\"contentUrl\":\"https:\/\/paracherkaoui.ma\/wp-content\/uploads\/2025\/12\/dodie-suc-anatomique-0-2m-a23-des-la-naissance-mixte.jpg\",\"width\":700,\"height\":700},{\"@type\":\"BreadcrumbList\",\"@id\":\"https:\/\/paracherkaoui.ma\/index.php\/produit\/dodie-suc-anatomique-0-2m-a23-des-la-naissance-mixte\/#breadcrumb\",\"itemListElement\":[{\"@type\":\"ListItem\",\"position\":1,\"name\":\"Accueil\",\"item\":\"https:\/\/paracherkaoui.ma\/\"},{\"@type\":\"ListItem\",\"position\":2,\"name\":\"Boutique\",\"item\":\"https:\/\/paracherkaoui.ma\/index.php\/boutique\/\"},{\"@type\":\"ListItem\",\"position\":3,\"name\":\"DODIE SUC ANATOMIQUE 0-2M A23 DES LA NAISSANCE MIXTE\"}]},{\"@type\":\"WebSite\",\"@id\":\"https:\/\/paracherkaoui.ma\/#website\",\"url\":\"https:\/\/paracherkaoui.ma\/\",\"name\":\"Paracherkaoui.ma\",\"description\":\"Achetez en ligne sur Paracherkaoui.ma\",\"potentialAction\":[{\"@type\":\"SearchAction\",\"target\":{\"@type\":\"EntryPoint\",\"urlTemplate\":\"https:\/\/paracherkaoui.ma\/?s={search_term_string}\"},\"query-input\":{\"@type\":\"PropertyValueSpecification\",\"valueRequired\":true,\"valueName\":\"search_term_string\"}}],\"inLanguage\":\"fr-FR\"}]}<\/script>\r\n<!-- \/ Yoast SEO plugin. -->","yoast_head_json":{"title":"DODIE SUC ANATOMIQUE 0-2M A23 DES LA NAISSANCE MIXTE - Paracherkaoui.ma","robots":{"index":"index","follow":"follow","max-snippet":"max-snippet:-1","max-image-preview":"max-image-preview:large","max-video-preview":"max-video-preview:-1"},"canonical":"https:\/\/paracherkaoui.ma\/index.php\/produit\/dodie-suc-anatomique-0-2m-a23-des-la-naissance-mixte\/","og_locale":"fr_FR","og_type":"article","og_title":"DODIE SUC ANATOMIQUE 0-2M A23 DES LA NAISSANCE MIXTE - Paracherkaoui.ma","og_description":"Description: Dodie Sucette Anatomique Silicone 0-2 Mois N\u00b0A23 a \u00e9t\u00e9 d\u00e9velopp\u00e9e par des experts et convient aux b\u00e9b\u00e9s de 0","og_url":"https:\/\/paracherkaoui.ma\/index.php\/produit\/dodie-suc-anatomique-0-2m-a23-des-la-naissance-mixte\/","og_site_name":"Paracherkaoui.ma","article_modified_time":"2025-12-12T18:10:59+00:00","og_image":[{"width":700,"height":700,"url":"https:\/\/paracherkaoui.ma\/wp-content\/uploads\/2025\/12\/dodie-suc-anatomique-0-2m-a23-des-la-naissance-mixte.jpg","type":"image\/jpeg"}],"twitter_card":"summary_large_image","twitter_misc":{"Dur\u00e9e de lecture estim\u00e9e":"1 minute"},"schema":{"@context":"https:\/\/schema.org","@graph":[{"@type":"WebPage","@id":"https:\/\/paracherkaoui.ma\/index.php\/produit\/dodie-suc-anatomique-0-2m-a23-des-la-naissance-mixte\/","url":"https:\/\/paracherkaoui.ma\/index.php\/produit\/dodie-suc-anatomique-0-2m-a23-des-la-naissance-mixte\/","name":"DODIE SUC ANATOMIQUE 0-2M A23 DES LA NAISSANCE MIXTE - Paracherkaoui.ma","isPartOf":{"@id":"https:\/\/paracherkaoui.ma\/#website"},"primaryImageOfPage":{"@id":"https:\/\/paracherkaoui.ma\/index.php\/produit\/dodie-suc-anatomique-0-2m-a23-des-la-naissance-mixte\/#primaryimage"},"image":{"@id":"https:\/\/paracherkaoui.ma\/index.php\/produit\/dodie-suc-anatomique-0-2m-a23-des-la-naissance-mixte\/#primaryimage"},"thumbnailUrl":"https:\/\/paracherkaoui.ma\/wp-content\/uploads\/2025\/12\/dodie-suc-anatomique-0-2m-a23-des-la-naissance-mixte.jpg","datePublished":"2025-12-12T18:10:52+00:00","dateModified":"2025-12-12T18:10:59+00:00","breadcrumb":{"@id":"https:\/\/paracherkaoui.ma\/index.php\/produit\/dodie-suc-anatomique-0-2m-a23-des-la-naissance-mixte\/#breadcrumb"},"inLanguage":"fr-FR","potentialAction":[{"@type":"ReadAction","target":["https:\/\/paracherkaoui.ma\/index.php\/produit\/dodie-suc-anatomique-0-2m-a23-des-la-naissance-mixte\/"]}]},{"@type":"ImageObject","inLanguage":"fr-FR","@id":"https:\/\/paracherkaoui.ma\/index.php\/produit\/dodie-suc-anatomique-0-2m-a23-des-la-naissance-mixte\/#primaryimage","url":"https:\/\/paracherkaoui.ma\/wp-content\/uploads\/2025\/12\/dodie-suc-anatomique-0-2m-a23-des-la-naissance-mixte.jpg","contentUrl":"https:\/\/paracherkaoui.ma\/wp-content\/uploads\/2025\/12\/dodie-suc-anatomique-0-2m-a23-des-la-naissance-mixte.jpg","width":700,"height":700},{"@type":"BreadcrumbList","@id":"https:\/\/paracherkaoui.ma\/index.php\/produit\/dodie-suc-anatomique-0-2m-a23-des-la-naissance-mixte\/#breadcrumb","itemListElement":[{"@type":"ListItem","position":1,"name":"Accueil","item":"https:\/\/paracherkaoui.ma\/"},{"@type":"ListItem","position":2,"name":"Boutique","item":"https:\/\/paracherkaoui.ma\/index.php\/boutique\/"},{"@type":"ListItem","position":3,"name":"DODIE SUC ANATOMIQUE 0-2M A23 DES LA NAISSANCE MIXTE"}]},{"@type":"WebSite","@id":"https:\/\/paracherkaoui.ma\/#website","url":"https:\/\/paracherkaoui.ma\/","name":"Paracherkaoui.ma","description":"Achetez en ligne sur Paracherkaoui.ma","potentialAction":[{"@type":"SearchAction","target":{"@type":"EntryPoint","urlTemplate":"https:\/\/paracherkaoui.ma\/?s={search_term_string}"},"query-input":{"@type":"PropertyValueSpecification","valueRequired":true,"valueName":"search_term_string"}}],"inLanguage":"fr-FR"}]}},"_links":{"self":[{"href":"https:\/\/paracherkaoui.ma\/index.php\/wp-json\/wp\/v2\/product\/43378","targetHints":{"allow":["GET"]}}],"collection":[{"href":"https:\/\/paracherkaoui.ma\/index.php\/wp-json\/wp\/v2\/product"}],"about":[{"href":"https:\/\/paracherkaoui.ma\/index.php\/wp-json\/wp\/v2\/types\/product"}],"replies":[{"embeddable":true,"href":"https:\/\/paracherkaoui.ma\/index.php\/wp-json\/wp\/v2\/comments?post=43378"}],"version-history":[{"count":1,"href":"https:\/\/paracherkaoui.ma\/index.php\/wp-json\/wp\/v2\/product\/43378\/revisions"}],"predecessor-version":[{"id":43425,"href":"https:\/\/paracherkaoui.ma\/index.php\/wp-json\/wp\/v2\/product\/43378\/revisions\/43425"}],"wp:featuredmedia":[{"embeddable":true,"href":"https:\/\/paracherkaoui.ma\/index.php\/wp-json\/wp\/v2\/media\/43424"}],"wp:attachment":[{"href":"https:\/\/paracherkaoui.ma\/index.php\/wp-json\/wp\/v2\/media?parent=43378"}],"wp:term":[{"taxonomy":"product_brand","embeddable":true,"href":"https:\/\/paracherkaoui.ma\/index.php\/wp-json\/wp\/v2\/product_brand?post=43378"},{"taxonomy":"product_cat","embeddable":true,"href":"https:\/\/paracherkaoui.ma\/index.php\/wp-json\/wp\/v2\/product_cat?post=43378"},{"taxonomy":"product_tag","embeddable":true,"href":"https:\/\/paracherkaoui.ma\/index.php\/wp-json\/wp\/v2\/product_tag?post=43378"}],"curies":[{"name":"wp","href":"https:\/\/api.w.org\/{rel}","templated":true}]}}