{"id":43292,"date":"2025-12-12T19:10:39","date_gmt":"2025-12-12T18:10:39","guid":{"rendered":"https:\/\/test.ecbeaute.com\/?post_type=product&#038;p=43292"},"modified":"2025-12-12T19:10:47","modified_gmt":"2025-12-12T18:10:47","slug":"bebe-confort-attaches-sucettes-3m","status":"publish","type":"product","link":"https:\/\/paracherkaoui.ma\/index.php\/produit\/bebe-confort-attaches-sucettes-3m\/","title":{"rendered":"BEBE CONFORT ATTACHES SUCETTES 3M+"},"content":{"rendered":"<p>Ne perdez plus jamais la sucette de b\u00e9b\u00e9 gr\u00e2ce aux attaches sucettes B\u00e9b\u00e9 Confort 3M+ ! Con\u00e7ues pour garder la sucette propre et \u00e0 port\u00e9e de main, elles se fixent facilement aux v\u00eatements gr\u00e2ce \u00e0 un clip s\u00e9curis\u00e9. Leur design moderne et pratique s\u2019adapte \u00e0 toutes les sucettes avec ou sans anneau, offrant une solution hygi\u00e9nique et \u00e9l\u00e9gante pour le quotidien.<br \/>\nUn accessoire indispensable pour b\u00e9b\u00e9<br \/>\nFixation rapide et s\u00fbre : un clip robuste qui maintient fermement l\u2019attache en place.<br \/>\nDesign Urban Garden : un style tendance et intemporel.<br \/>\nUniversel : compatible avec la plupart des sucettes, avec ou sans anneau.<br \/>\nMat\u00e9riaux s\u00fbrs : sans BPA, doux pour les v\u00eatements et la peau de b\u00e9b\u00e9.<br \/>\nGr\u00e2ce \u00e0 ces attaches sucettes B\u00e9b\u00e9 Confort, fini les chutes au sol et les sucettes perdues ! Vous offrez \u00e0 b\u00e9b\u00e9 une hygi\u00e8ne optimale et plus de s\u00e9r\u00e9nit\u00e9 au quotidien.<br \/>\nConseils d\u2019utilisation<br \/>\nFixez la sucette sur la boucle en silicone ou l\u2019attache universelle.<\/p>\n","protected":false},"excerpt":{"rendered":"<p>Ne perdez plus jamais la sucette de b\u00e9b\u00e9 gr\u00e2ce aux attaches sucettes B\u00e9b\u00e9 Confort 3M+ ! Con\u00e7ues pour garder la<\/p>\n","protected":false},"featured_media":43342,"comment_status":"open","ping_status":"closed","template":"","meta":[],"product_brand":[721],"product_cat":[751],"product_tag":[],"class_list":{"0":"post-43292","1":"product","2":"type-product","3":"status-publish","4":"has-post-thumbnail","6":"product_brand-bebe-confort","7":"product_cat-sucettes-et-attaches-sucettes","9":"first","10":"instock","11":"sale","12":"shipping-taxable","13":"purchasable","14":"product-type-simple"},"yoast_head":"<!-- This site is optimized with the Yoast SEO plugin v26.6 - https:\/\/yoast.com\/wordpress\/plugins\/seo\/ -->\r\n<title>BEBE CONFORT ATTACHES SUCETTES 3M+ - Paracherkaoui.ma<\/title>\r\n<meta name=\"robots\" content=\"index, follow, max-snippet:-1, max-image-preview:large, max-video-preview:-1\" \/>\r\n<link rel=\"canonical\" href=\"https:\/\/paracherkaoui.ma\/index.php\/produit\/bebe-confort-attaches-sucettes-3m\/\" \/>\r\n<meta property=\"og:locale\" content=\"fr_FR\" \/>\r\n<meta property=\"og:type\" content=\"article\" \/>\r\n<meta property=\"og:title\" content=\"BEBE CONFORT ATTACHES SUCETTES 3M+ - Paracherkaoui.ma\" \/>\r\n<meta property=\"og:description\" content=\"Ne perdez plus jamais la sucette de b\u00e9b\u00e9 gr\u00e2ce aux attaches sucettes B\u00e9b\u00e9 Confort 3M+ ! Con\u00e7ues pour garder la\" \/>\r\n<meta property=\"og:url\" content=\"https:\/\/paracherkaoui.ma\/index.php\/produit\/bebe-confort-attaches-sucettes-3m\/\" \/>\r\n<meta property=\"og:site_name\" content=\"Paracherkaoui.ma\" \/>\r\n<meta property=\"article:modified_time\" content=\"2025-12-12T18:10:47+00:00\" \/>\r\n<meta property=\"og:image\" content=\"https:\/\/paracherkaoui.ma\/wp-content\/uploads\/2025\/12\/bebe-confort-attaches-sucettes-3m.jpg\" \/>\r\n\t<meta property=\"og:image:width\" content=\"700\" \/>\r\n\t<meta property=\"og:image:height\" content=\"700\" \/>\r\n\t<meta property=\"og:image:type\" content=\"image\/jpeg\" \/>\r\n<meta name=\"twitter:card\" content=\"summary_large_image\" \/>\r\n<meta name=\"twitter:label1\" content=\"Dur\u00e9e de lecture estim\u00e9e\" \/>\n\t<meta name=\"twitter:data1\" content=\"1 minute\" \/>\r\n<script type=\"application\/ld+json\" class=\"yoast-schema-graph\">{\"@context\":\"https:\/\/schema.org\",\"@graph\":[{\"@type\":\"WebPage\",\"@id\":\"https:\/\/paracherkaoui.ma\/index.php\/produit\/bebe-confort-attaches-sucettes-3m\/\",\"url\":\"https:\/\/paracherkaoui.ma\/index.php\/produit\/bebe-confort-attaches-sucettes-3m\/\",\"name\":\"BEBE CONFORT ATTACHES SUCETTES 3M+ - Paracherkaoui.ma\",\"isPartOf\":{\"@id\":\"https:\/\/paracherkaoui.ma\/#website\"},\"primaryImageOfPage\":{\"@id\":\"https:\/\/paracherkaoui.ma\/index.php\/produit\/bebe-confort-attaches-sucettes-3m\/#primaryimage\"},\"image\":{\"@id\":\"https:\/\/paracherkaoui.ma\/index.php\/produit\/bebe-confort-attaches-sucettes-3m\/#primaryimage\"},\"thumbnailUrl\":\"https:\/\/paracherkaoui.ma\/wp-content\/uploads\/2025\/12\/bebe-confort-attaches-sucettes-3m.jpg\",\"datePublished\":\"2025-12-12T18:10:39+00:00\",\"dateModified\":\"2025-12-12T18:10:47+00:00\",\"breadcrumb\":{\"@id\":\"https:\/\/paracherkaoui.ma\/index.php\/produit\/bebe-confort-attaches-sucettes-3m\/#breadcrumb\"},\"inLanguage\":\"fr-FR\",\"potentialAction\":[{\"@type\":\"ReadAction\",\"target\":[\"https:\/\/paracherkaoui.ma\/index.php\/produit\/bebe-confort-attaches-sucettes-3m\/\"]}]},{\"@type\":\"ImageObject\",\"inLanguage\":\"fr-FR\",\"@id\":\"https:\/\/paracherkaoui.ma\/index.php\/produit\/bebe-confort-attaches-sucettes-3m\/#primaryimage\",\"url\":\"https:\/\/paracherkaoui.ma\/wp-content\/uploads\/2025\/12\/bebe-confort-attaches-sucettes-3m.jpg\",\"contentUrl\":\"https:\/\/paracherkaoui.ma\/wp-content\/uploads\/2025\/12\/bebe-confort-attaches-sucettes-3m.jpg\",\"width\":700,\"height\":700},{\"@type\":\"BreadcrumbList\",\"@id\":\"https:\/\/paracherkaoui.ma\/index.php\/produit\/bebe-confort-attaches-sucettes-3m\/#breadcrumb\",\"itemListElement\":[{\"@type\":\"ListItem\",\"position\":1,\"name\":\"Accueil\",\"item\":\"https:\/\/paracherkaoui.ma\/\"},{\"@type\":\"ListItem\",\"position\":2,\"name\":\"Boutique\",\"item\":\"https:\/\/paracherkaoui.ma\/index.php\/boutique\/\"},{\"@type\":\"ListItem\",\"position\":3,\"name\":\"BEBE CONFORT ATTACHES SUCETTES 3M+\"}]},{\"@type\":\"WebSite\",\"@id\":\"https:\/\/paracherkaoui.ma\/#website\",\"url\":\"https:\/\/paracherkaoui.ma\/\",\"name\":\"Paracherkaoui.ma\",\"description\":\"Achetez en ligne sur Paracherkaoui.ma\",\"potentialAction\":[{\"@type\":\"SearchAction\",\"target\":{\"@type\":\"EntryPoint\",\"urlTemplate\":\"https:\/\/paracherkaoui.ma\/?s={search_term_string}\"},\"query-input\":{\"@type\":\"PropertyValueSpecification\",\"valueRequired\":true,\"valueName\":\"search_term_string\"}}],\"inLanguage\":\"fr-FR\"}]}<\/script>\r\n<!-- \/ Yoast SEO plugin. -->","yoast_head_json":{"title":"BEBE CONFORT ATTACHES SUCETTES 3M+ - Paracherkaoui.ma","robots":{"index":"index","follow":"follow","max-snippet":"max-snippet:-1","max-image-preview":"max-image-preview:large","max-video-preview":"max-video-preview:-1"},"canonical":"https:\/\/paracherkaoui.ma\/index.php\/produit\/bebe-confort-attaches-sucettes-3m\/","og_locale":"fr_FR","og_type":"article","og_title":"BEBE CONFORT ATTACHES SUCETTES 3M+ - Paracherkaoui.ma","og_description":"Ne perdez plus jamais la sucette de b\u00e9b\u00e9 gr\u00e2ce aux attaches sucettes B\u00e9b\u00e9 Confort 3M+ ! Con\u00e7ues pour garder la","og_url":"https:\/\/paracherkaoui.ma\/index.php\/produit\/bebe-confort-attaches-sucettes-3m\/","og_site_name":"Paracherkaoui.ma","article_modified_time":"2025-12-12T18:10:47+00:00","og_image":[{"width":700,"height":700,"url":"https:\/\/paracherkaoui.ma\/wp-content\/uploads\/2025\/12\/bebe-confort-attaches-sucettes-3m.jpg","type":"image\/jpeg"}],"twitter_card":"summary_large_image","twitter_misc":{"Dur\u00e9e de lecture estim\u00e9e":"1 minute"},"schema":{"@context":"https:\/\/schema.org","@graph":[{"@type":"WebPage","@id":"https:\/\/paracherkaoui.ma\/index.php\/produit\/bebe-confort-attaches-sucettes-3m\/","url":"https:\/\/paracherkaoui.ma\/index.php\/produit\/bebe-confort-attaches-sucettes-3m\/","name":"BEBE CONFORT ATTACHES SUCETTES 3M+ - Paracherkaoui.ma","isPartOf":{"@id":"https:\/\/paracherkaoui.ma\/#website"},"primaryImageOfPage":{"@id":"https:\/\/paracherkaoui.ma\/index.php\/produit\/bebe-confort-attaches-sucettes-3m\/#primaryimage"},"image":{"@id":"https:\/\/paracherkaoui.ma\/index.php\/produit\/bebe-confort-attaches-sucettes-3m\/#primaryimage"},"thumbnailUrl":"https:\/\/paracherkaoui.ma\/wp-content\/uploads\/2025\/12\/bebe-confort-attaches-sucettes-3m.jpg","datePublished":"2025-12-12T18:10:39+00:00","dateModified":"2025-12-12T18:10:47+00:00","breadcrumb":{"@id":"https:\/\/paracherkaoui.ma\/index.php\/produit\/bebe-confort-attaches-sucettes-3m\/#breadcrumb"},"inLanguage":"fr-FR","potentialAction":[{"@type":"ReadAction","target":["https:\/\/paracherkaoui.ma\/index.php\/produit\/bebe-confort-attaches-sucettes-3m\/"]}]},{"@type":"ImageObject","inLanguage":"fr-FR","@id":"https:\/\/paracherkaoui.ma\/index.php\/produit\/bebe-confort-attaches-sucettes-3m\/#primaryimage","url":"https:\/\/paracherkaoui.ma\/wp-content\/uploads\/2025\/12\/bebe-confort-attaches-sucettes-3m.jpg","contentUrl":"https:\/\/paracherkaoui.ma\/wp-content\/uploads\/2025\/12\/bebe-confort-attaches-sucettes-3m.jpg","width":700,"height":700},{"@type":"BreadcrumbList","@id":"https:\/\/paracherkaoui.ma\/index.php\/produit\/bebe-confort-attaches-sucettes-3m\/#breadcrumb","itemListElement":[{"@type":"ListItem","position":1,"name":"Accueil","item":"https:\/\/paracherkaoui.ma\/"},{"@type":"ListItem","position":2,"name":"Boutique","item":"https:\/\/paracherkaoui.ma\/index.php\/boutique\/"},{"@type":"ListItem","position":3,"name":"BEBE CONFORT ATTACHES SUCETTES 3M+"}]},{"@type":"WebSite","@id":"https:\/\/paracherkaoui.ma\/#website","url":"https:\/\/paracherkaoui.ma\/","name":"Paracherkaoui.ma","description":"Achetez en ligne sur Paracherkaoui.ma","potentialAction":[{"@type":"SearchAction","target":{"@type":"EntryPoint","urlTemplate":"https:\/\/paracherkaoui.ma\/?s={search_term_string}"},"query-input":{"@type":"PropertyValueSpecification","valueRequired":true,"valueName":"search_term_string"}}],"inLanguage":"fr-FR"}]}},"_links":{"self":[{"href":"https:\/\/paracherkaoui.ma\/index.php\/wp-json\/wp\/v2\/product\/43292","targetHints":{"allow":["GET"]}}],"collection":[{"href":"https:\/\/paracherkaoui.ma\/index.php\/wp-json\/wp\/v2\/product"}],"about":[{"href":"https:\/\/paracherkaoui.ma\/index.php\/wp-json\/wp\/v2\/types\/product"}],"replies":[{"embeddable":true,"href":"https:\/\/paracherkaoui.ma\/index.php\/wp-json\/wp\/v2\/comments?post=43292"}],"version-history":[{"count":1,"href":"https:\/\/paracherkaoui.ma\/index.php\/wp-json\/wp\/v2\/product\/43292\/revisions"}],"predecessor-version":[{"id":43343,"href":"https:\/\/paracherkaoui.ma\/index.php\/wp-json\/wp\/v2\/product\/43292\/revisions\/43343"}],"wp:featuredmedia":[{"embeddable":true,"href":"https:\/\/paracherkaoui.ma\/index.php\/wp-json\/wp\/v2\/media\/43342"}],"wp:attachment":[{"href":"https:\/\/paracherkaoui.ma\/index.php\/wp-json\/wp\/v2\/media?parent=43292"}],"wp:term":[{"taxonomy":"product_brand","embeddable":true,"href":"https:\/\/paracherkaoui.ma\/index.php\/wp-json\/wp\/v2\/product_brand?post=43292"},{"taxonomy":"product_cat","embeddable":true,"href":"https:\/\/paracherkaoui.ma\/index.php\/wp-json\/wp\/v2\/product_cat?post=43292"},{"taxonomy":"product_tag","embeddable":true,"href":"https:\/\/paracherkaoui.ma\/index.php\/wp-json\/wp\/v2\/product_tag?post=43292"}],"curies":[{"name":"wp","href":"https:\/\/api.w.org\/{rel}","templated":true}]}}