{"id":43291,"date":"2025-12-12T19:10:39","date_gmt":"2025-12-12T18:10:39","guid":{"rendered":"https:\/\/test.ecbeaute.com\/?post_type=product&#038;p=43291"},"modified":"2025-12-12T19:10:47","modified_gmt":"2025-12-12T18:10:47","slug":"dodie-suc-p49-0-2m-sucette-physiologique","status":"publish","type":"product","link":"https:\/\/paracherkaoui.ma\/index.php\/produit\/dodie-suc-p49-0-2m-sucette-physiologique\/","title":{"rendered":"DODIE SUC P49 0-2M SUCETTE PHYSIOLOGIQUE"},"content":{"rendered":"<p>Descriptions:<br \/>\nTrous de ventilation , r\u00e9duisant les risques d\u2019irritation, Sans anneaux pour plus de s\u00e9curit\u00e9.<br \/>\nT\u00e9terelle fine, respect du d\u00e9veloppement naturel de la bouche de b\u00e9b\u00e9, Forme physiologique (ou bisaut\u00e9e) qui s\u2019adapte id\u00e9alemeent au palais de b\u00e9b\u00e9, Un bouclier en tritan, confortable et l\u00e9ger pour un maintien en bouche facile.<\/p>\n","protected":false},"excerpt":{"rendered":"<p>Descriptions: Trous de ventilation , r\u00e9duisant les risques d\u2019irritation, Sans anneaux pour plus de s\u00e9curit\u00e9. T\u00e9terelle fine, respect du d\u00e9veloppement<\/p>\n","protected":false},"featured_media":43340,"comment_status":"open","ping_status":"closed","template":"","meta":[],"product_brand":[725],"product_cat":[751],"product_tag":[],"class_list":{"0":"post-43291","1":"product","2":"type-product","3":"status-publish","4":"has-post-thumbnail","6":"product_brand-dodie","7":"product_cat-sucettes-et-attaches-sucettes","9":"first","10":"instock","11":"sale","12":"shipping-taxable","13":"purchasable","14":"product-type-simple"},"yoast_head":"<!-- This site is optimized with the Yoast SEO plugin v26.6 - https:\/\/yoast.com\/wordpress\/plugins\/seo\/ -->\r\n<title>DODIE SUC P49 0-2M SUCETTE PHYSIOLOGIQUE - Paracherkaoui.ma<\/title>\r\n<meta name=\"robots\" content=\"index, follow, max-snippet:-1, max-image-preview:large, max-video-preview:-1\" \/>\r\n<link rel=\"canonical\" href=\"https:\/\/paracherkaoui.ma\/index.php\/produit\/dodie-suc-p49-0-2m-sucette-physiologique\/\" \/>\r\n<meta property=\"og:locale\" content=\"fr_FR\" \/>\r\n<meta property=\"og:type\" content=\"article\" \/>\r\n<meta property=\"og:title\" content=\"DODIE SUC P49 0-2M SUCETTE PHYSIOLOGIQUE - Paracherkaoui.ma\" \/>\r\n<meta property=\"og:description\" content=\"Descriptions: Trous de ventilation , r\u00e9duisant les risques d\u2019irritation, Sans anneaux pour plus de s\u00e9curit\u00e9. T\u00e9terelle fine, respect du d\u00e9veloppement\" \/>\r\n<meta property=\"og:url\" content=\"https:\/\/paracherkaoui.ma\/index.php\/produit\/dodie-suc-p49-0-2m-sucette-physiologique\/\" \/>\r\n<meta property=\"og:site_name\" content=\"Paracherkaoui.ma\" \/>\r\n<meta property=\"article:modified_time\" content=\"2025-12-12T18:10:47+00:00\" \/>\r\n<meta property=\"og:image\" content=\"https:\/\/paracherkaoui.ma\/wp-content\/uploads\/2025\/12\/dodie-dodie-suc-p49-0-2m-sucette-physiologique-sucettes-et-attaches-sucettes.jpg\" \/>\r\n\t<meta property=\"og:image:width\" content=\"700\" \/>\r\n\t<meta property=\"og:image:height\" content=\"700\" \/>\r\n\t<meta property=\"og:image:type\" content=\"image\/jpeg\" \/>\r\n<meta name=\"twitter:card\" content=\"summary_large_image\" \/>\r\n<script type=\"application\/ld+json\" class=\"yoast-schema-graph\">{\"@context\":\"https:\/\/schema.org\",\"@graph\":[{\"@type\":\"WebPage\",\"@id\":\"https:\/\/paracherkaoui.ma\/index.php\/produit\/dodie-suc-p49-0-2m-sucette-physiologique\/\",\"url\":\"https:\/\/paracherkaoui.ma\/index.php\/produit\/dodie-suc-p49-0-2m-sucette-physiologique\/\",\"name\":\"DODIE SUC P49 0-2M SUCETTE PHYSIOLOGIQUE - Paracherkaoui.ma\",\"isPartOf\":{\"@id\":\"https:\/\/paracherkaoui.ma\/#website\"},\"primaryImageOfPage\":{\"@id\":\"https:\/\/paracherkaoui.ma\/index.php\/produit\/dodie-suc-p49-0-2m-sucette-physiologique\/#primaryimage\"},\"image\":{\"@id\":\"https:\/\/paracherkaoui.ma\/index.php\/produit\/dodie-suc-p49-0-2m-sucette-physiologique\/#primaryimage\"},\"thumbnailUrl\":\"https:\/\/paracherkaoui.ma\/wp-content\/uploads\/2025\/12\/dodie-dodie-suc-p49-0-2m-sucette-physiologique-sucettes-et-attaches-sucettes.jpg\",\"datePublished\":\"2025-12-12T18:10:39+00:00\",\"dateModified\":\"2025-12-12T18:10:47+00:00\",\"breadcrumb\":{\"@id\":\"https:\/\/paracherkaoui.ma\/index.php\/produit\/dodie-suc-p49-0-2m-sucette-physiologique\/#breadcrumb\"},\"inLanguage\":\"fr-FR\",\"potentialAction\":[{\"@type\":\"ReadAction\",\"target\":[\"https:\/\/paracherkaoui.ma\/index.php\/produit\/dodie-suc-p49-0-2m-sucette-physiologique\/\"]}]},{\"@type\":\"ImageObject\",\"inLanguage\":\"fr-FR\",\"@id\":\"https:\/\/paracherkaoui.ma\/index.php\/produit\/dodie-suc-p49-0-2m-sucette-physiologique\/#primaryimage\",\"url\":\"https:\/\/paracherkaoui.ma\/wp-content\/uploads\/2025\/12\/dodie-dodie-suc-p49-0-2m-sucette-physiologique-sucettes-et-attaches-sucettes.jpg\",\"contentUrl\":\"https:\/\/paracherkaoui.ma\/wp-content\/uploads\/2025\/12\/dodie-dodie-suc-p49-0-2m-sucette-physiologique-sucettes-et-attaches-sucettes.jpg\",\"width\":700,\"height\":700},{\"@type\":\"BreadcrumbList\",\"@id\":\"https:\/\/paracherkaoui.ma\/index.php\/produit\/dodie-suc-p49-0-2m-sucette-physiologique\/#breadcrumb\",\"itemListElement\":[{\"@type\":\"ListItem\",\"position\":1,\"name\":\"Accueil\",\"item\":\"https:\/\/paracherkaoui.ma\/\"},{\"@type\":\"ListItem\",\"position\":2,\"name\":\"Boutique\",\"item\":\"https:\/\/paracherkaoui.ma\/index.php\/boutique\/\"},{\"@type\":\"ListItem\",\"position\":3,\"name\":\"DODIE SUC P49 0-2M SUCETTE PHYSIOLOGIQUE\"}]},{\"@type\":\"WebSite\",\"@id\":\"https:\/\/paracherkaoui.ma\/#website\",\"url\":\"https:\/\/paracherkaoui.ma\/\",\"name\":\"Paracherkaoui.ma\",\"description\":\"Achetez en ligne sur Paracherkaoui.ma\",\"potentialAction\":[{\"@type\":\"SearchAction\",\"target\":{\"@type\":\"EntryPoint\",\"urlTemplate\":\"https:\/\/paracherkaoui.ma\/?s={search_term_string}\"},\"query-input\":{\"@type\":\"PropertyValueSpecification\",\"valueRequired\":true,\"valueName\":\"search_term_string\"}}],\"inLanguage\":\"fr-FR\"}]}<\/script>\r\n<!-- \/ Yoast SEO plugin. -->","yoast_head_json":{"title":"DODIE SUC P49 0-2M SUCETTE PHYSIOLOGIQUE - Paracherkaoui.ma","robots":{"index":"index","follow":"follow","max-snippet":"max-snippet:-1","max-image-preview":"max-image-preview:large","max-video-preview":"max-video-preview:-1"},"canonical":"https:\/\/paracherkaoui.ma\/index.php\/produit\/dodie-suc-p49-0-2m-sucette-physiologique\/","og_locale":"fr_FR","og_type":"article","og_title":"DODIE SUC P49 0-2M SUCETTE PHYSIOLOGIQUE - Paracherkaoui.ma","og_description":"Descriptions: Trous de ventilation , r\u00e9duisant les risques d\u2019irritation, Sans anneaux pour plus de s\u00e9curit\u00e9. T\u00e9terelle fine, respect du d\u00e9veloppement","og_url":"https:\/\/paracherkaoui.ma\/index.php\/produit\/dodie-suc-p49-0-2m-sucette-physiologique\/","og_site_name":"Paracherkaoui.ma","article_modified_time":"2025-12-12T18:10:47+00:00","og_image":[{"width":700,"height":700,"url":"https:\/\/paracherkaoui.ma\/wp-content\/uploads\/2025\/12\/dodie-dodie-suc-p49-0-2m-sucette-physiologique-sucettes-et-attaches-sucettes.jpg","type":"image\/jpeg"}],"twitter_card":"summary_large_image","schema":{"@context":"https:\/\/schema.org","@graph":[{"@type":"WebPage","@id":"https:\/\/paracherkaoui.ma\/index.php\/produit\/dodie-suc-p49-0-2m-sucette-physiologique\/","url":"https:\/\/paracherkaoui.ma\/index.php\/produit\/dodie-suc-p49-0-2m-sucette-physiologique\/","name":"DODIE SUC P49 0-2M SUCETTE PHYSIOLOGIQUE - Paracherkaoui.ma","isPartOf":{"@id":"https:\/\/paracherkaoui.ma\/#website"},"primaryImageOfPage":{"@id":"https:\/\/paracherkaoui.ma\/index.php\/produit\/dodie-suc-p49-0-2m-sucette-physiologique\/#primaryimage"},"image":{"@id":"https:\/\/paracherkaoui.ma\/index.php\/produit\/dodie-suc-p49-0-2m-sucette-physiologique\/#primaryimage"},"thumbnailUrl":"https:\/\/paracherkaoui.ma\/wp-content\/uploads\/2025\/12\/dodie-dodie-suc-p49-0-2m-sucette-physiologique-sucettes-et-attaches-sucettes.jpg","datePublished":"2025-12-12T18:10:39+00:00","dateModified":"2025-12-12T18:10:47+00:00","breadcrumb":{"@id":"https:\/\/paracherkaoui.ma\/index.php\/produit\/dodie-suc-p49-0-2m-sucette-physiologique\/#breadcrumb"},"inLanguage":"fr-FR","potentialAction":[{"@type":"ReadAction","target":["https:\/\/paracherkaoui.ma\/index.php\/produit\/dodie-suc-p49-0-2m-sucette-physiologique\/"]}]},{"@type":"ImageObject","inLanguage":"fr-FR","@id":"https:\/\/paracherkaoui.ma\/index.php\/produit\/dodie-suc-p49-0-2m-sucette-physiologique\/#primaryimage","url":"https:\/\/paracherkaoui.ma\/wp-content\/uploads\/2025\/12\/dodie-dodie-suc-p49-0-2m-sucette-physiologique-sucettes-et-attaches-sucettes.jpg","contentUrl":"https:\/\/paracherkaoui.ma\/wp-content\/uploads\/2025\/12\/dodie-dodie-suc-p49-0-2m-sucette-physiologique-sucettes-et-attaches-sucettes.jpg","width":700,"height":700},{"@type":"BreadcrumbList","@id":"https:\/\/paracherkaoui.ma\/index.php\/produit\/dodie-suc-p49-0-2m-sucette-physiologique\/#breadcrumb","itemListElement":[{"@type":"ListItem","position":1,"name":"Accueil","item":"https:\/\/paracherkaoui.ma\/"},{"@type":"ListItem","position":2,"name":"Boutique","item":"https:\/\/paracherkaoui.ma\/index.php\/boutique\/"},{"@type":"ListItem","position":3,"name":"DODIE SUC P49 0-2M SUCETTE PHYSIOLOGIQUE"}]},{"@type":"WebSite","@id":"https:\/\/paracherkaoui.ma\/#website","url":"https:\/\/paracherkaoui.ma\/","name":"Paracherkaoui.ma","description":"Achetez en ligne sur Paracherkaoui.ma","potentialAction":[{"@type":"SearchAction","target":{"@type":"EntryPoint","urlTemplate":"https:\/\/paracherkaoui.ma\/?s={search_term_string}"},"query-input":{"@type":"PropertyValueSpecification","valueRequired":true,"valueName":"search_term_string"}}],"inLanguage":"fr-FR"}]}},"_links":{"self":[{"href":"https:\/\/paracherkaoui.ma\/index.php\/wp-json\/wp\/v2\/product\/43291","targetHints":{"allow":["GET"]}}],"collection":[{"href":"https:\/\/paracherkaoui.ma\/index.php\/wp-json\/wp\/v2\/product"}],"about":[{"href":"https:\/\/paracherkaoui.ma\/index.php\/wp-json\/wp\/v2\/types\/product"}],"replies":[{"embeddable":true,"href":"https:\/\/paracherkaoui.ma\/index.php\/wp-json\/wp\/v2\/comments?post=43291"}],"version-history":[{"count":1,"href":"https:\/\/paracherkaoui.ma\/index.php\/wp-json\/wp\/v2\/product\/43291\/revisions"}],"predecessor-version":[{"id":43341,"href":"https:\/\/paracherkaoui.ma\/index.php\/wp-json\/wp\/v2\/product\/43291\/revisions\/43341"}],"wp:featuredmedia":[{"embeddable":true,"href":"https:\/\/paracherkaoui.ma\/index.php\/wp-json\/wp\/v2\/media\/43340"}],"wp:attachment":[{"href":"https:\/\/paracherkaoui.ma\/index.php\/wp-json\/wp\/v2\/media?parent=43291"}],"wp:term":[{"taxonomy":"product_brand","embeddable":true,"href":"https:\/\/paracherkaoui.ma\/index.php\/wp-json\/wp\/v2\/product_brand?post=43291"},{"taxonomy":"product_cat","embeddable":true,"href":"https:\/\/paracherkaoui.ma\/index.php\/wp-json\/wp\/v2\/product_cat?post=43291"},{"taxonomy":"product_tag","embeddable":true,"href":"https:\/\/paracherkaoui.ma\/index.php\/wp-json\/wp\/v2\/product_tag?post=43291"}],"curies":[{"name":"wp","href":"https:\/\/api.w.org\/{rel}","templated":true}]}}