{"id":43208,"date":"2025-12-12T19:10:28","date_gmt":"2025-12-12T18:10:28","guid":{"rendered":"https:\/\/test.ecbeaute.com\/?post_type=product&#038;p=43208"},"modified":"2025-12-12T19:10:36","modified_gmt":"2025-12-12T18:10:36","slug":"dodie-sucette-anatomique-nuit-symmetrical-soothers-a36-6m","status":"publish","type":"product","link":"https:\/\/paracherkaoui.ma\/index.php\/produit\/dodie-sucette-anatomique-nuit-symmetrical-soothers-a36-6m\/","title":{"rendered":"DODIE SUCETTE ANATOMIQUE NUIT SYMMETRICAL SOOTHERS A36 +6M"},"content":{"rendered":"<p>Description:<br \/>\nConvient aux b\u00e9b\u00e9s de plus de 6 mois.<br \/>\n\u2013 Bouclier en tritan, confortable et l\u00e9ger qui permet \u00e0 b\u00e9b\u00e9 de la garder en bouche facilement.<br \/>\n\u2013 T\u00e9terelle en silicone de forme anatomique (ou sym\u00e9trique), r\u00e9versible, reste toujours bien positionn\u00e9e dans la bouche de b\u00e9b\u00e9. La finesse de la t\u00e9terelle respecte le d\u00e9veloppement naturel de la bouche de b\u00e9b\u00e9.<br \/>\n\u2013 Les trous de ventilation permettent une meilleure circulation de l\u2019air et r\u00e9duisent ainsi le risque d\u2019irritation de la peau de b\u00e9b\u00e9.<br \/>\n\u2013 Le syst\u00e8me du bouton-anneau permet un retrait facile et s\u00e9curis\u00e9 de la sucette.<br \/>\n\u2013 Lot de deux sucettes.<\/p>\n","protected":false},"excerpt":{"rendered":"<p>Description: Convient aux b\u00e9b\u00e9s de plus de 6 mois. \u2013 Bouclier en tritan, confortable et l\u00e9ger qui permet \u00e0 b\u00e9b\u00e9<\/p>\n","protected":false},"featured_media":43264,"comment_status":"open","ping_status":"closed","template":"","meta":[],"product_brand":[725],"product_cat":[751],"product_tag":[],"class_list":{"0":"post-43208","1":"product","2":"type-product","3":"status-publish","4":"has-post-thumbnail","6":"product_brand-dodie","7":"product_cat-sucettes-et-attaches-sucettes","9":"first","10":"instock","11":"sale","12":"shipping-taxable","13":"purchasable","14":"product-type-simple"},"yoast_head":"<!-- This site is optimized with the Yoast SEO plugin v26.6 - https:\/\/yoast.com\/wordpress\/plugins\/seo\/ -->\r\n<title>DODIE SUCETTE ANATOMIQUE NUIT SYMMETRICAL SOOTHERS A36 +6M - Paracherkaoui.ma<\/title>\r\n<meta name=\"robots\" content=\"index, follow, max-snippet:-1, max-image-preview:large, max-video-preview:-1\" \/>\r\n<link rel=\"canonical\" href=\"https:\/\/paracherkaoui.ma\/index.php\/produit\/dodie-sucette-anatomique-nuit-symmetrical-soothers-a36-6m\/\" \/>\r\n<meta property=\"og:locale\" content=\"fr_FR\" \/>\r\n<meta property=\"og:type\" content=\"article\" \/>\r\n<meta property=\"og:title\" content=\"DODIE SUCETTE ANATOMIQUE NUIT SYMMETRICAL SOOTHERS A36 +6M - Paracherkaoui.ma\" \/>\r\n<meta property=\"og:description\" content=\"Description: Convient aux b\u00e9b\u00e9s de plus de 6 mois. \u2013 Bouclier en tritan, confortable et l\u00e9ger qui permet \u00e0 b\u00e9b\u00e9\" \/>\r\n<meta property=\"og:url\" content=\"https:\/\/paracherkaoui.ma\/index.php\/produit\/dodie-sucette-anatomique-nuit-symmetrical-soothers-a36-6m\/\" \/>\r\n<meta property=\"og:site_name\" content=\"Paracherkaoui.ma\" \/>\r\n<meta property=\"article:modified_time\" content=\"2025-12-12T18:10:36+00:00\" \/>\r\n<meta property=\"og:image\" content=\"https:\/\/paracherkaoui.ma\/wp-content\/uploads\/2025\/12\/dodie-sucette-anatomique-nuit-symmetrical-soothers-a36-6m.jpg\" \/>\r\n\t<meta property=\"og:image:width\" content=\"700\" \/>\r\n\t<meta property=\"og:image:height\" content=\"700\" \/>\r\n\t<meta property=\"og:image:type\" content=\"image\/jpeg\" \/>\r\n<meta name=\"twitter:card\" content=\"summary_large_image\" \/>\r\n<meta name=\"twitter:label1\" content=\"Dur\u00e9e de lecture estim\u00e9e\" \/>\n\t<meta name=\"twitter:data1\" content=\"1 minute\" \/>\r\n<script type=\"application\/ld+json\" class=\"yoast-schema-graph\">{\"@context\":\"https:\/\/schema.org\",\"@graph\":[{\"@type\":\"WebPage\",\"@id\":\"https:\/\/paracherkaoui.ma\/index.php\/produit\/dodie-sucette-anatomique-nuit-symmetrical-soothers-a36-6m\/\",\"url\":\"https:\/\/paracherkaoui.ma\/index.php\/produit\/dodie-sucette-anatomique-nuit-symmetrical-soothers-a36-6m\/\",\"name\":\"DODIE SUCETTE ANATOMIQUE NUIT SYMMETRICAL SOOTHERS A36 +6M - Paracherkaoui.ma\",\"isPartOf\":{\"@id\":\"https:\/\/paracherkaoui.ma\/#website\"},\"primaryImageOfPage\":{\"@id\":\"https:\/\/paracherkaoui.ma\/index.php\/produit\/dodie-sucette-anatomique-nuit-symmetrical-soothers-a36-6m\/#primaryimage\"},\"image\":{\"@id\":\"https:\/\/paracherkaoui.ma\/index.php\/produit\/dodie-sucette-anatomique-nuit-symmetrical-soothers-a36-6m\/#primaryimage\"},\"thumbnailUrl\":\"https:\/\/paracherkaoui.ma\/wp-content\/uploads\/2025\/12\/dodie-sucette-anatomique-nuit-symmetrical-soothers-a36-6m.jpg\",\"datePublished\":\"2025-12-12T18:10:28+00:00\",\"dateModified\":\"2025-12-12T18:10:36+00:00\",\"breadcrumb\":{\"@id\":\"https:\/\/paracherkaoui.ma\/index.php\/produit\/dodie-sucette-anatomique-nuit-symmetrical-soothers-a36-6m\/#breadcrumb\"},\"inLanguage\":\"fr-FR\",\"potentialAction\":[{\"@type\":\"ReadAction\",\"target\":[\"https:\/\/paracherkaoui.ma\/index.php\/produit\/dodie-sucette-anatomique-nuit-symmetrical-soothers-a36-6m\/\"]}]},{\"@type\":\"ImageObject\",\"inLanguage\":\"fr-FR\",\"@id\":\"https:\/\/paracherkaoui.ma\/index.php\/produit\/dodie-sucette-anatomique-nuit-symmetrical-soothers-a36-6m\/#primaryimage\",\"url\":\"https:\/\/paracherkaoui.ma\/wp-content\/uploads\/2025\/12\/dodie-sucette-anatomique-nuit-symmetrical-soothers-a36-6m.jpg\",\"contentUrl\":\"https:\/\/paracherkaoui.ma\/wp-content\/uploads\/2025\/12\/dodie-sucette-anatomique-nuit-symmetrical-soothers-a36-6m.jpg\",\"width\":700,\"height\":700},{\"@type\":\"BreadcrumbList\",\"@id\":\"https:\/\/paracherkaoui.ma\/index.php\/produit\/dodie-sucette-anatomique-nuit-symmetrical-soothers-a36-6m\/#breadcrumb\",\"itemListElement\":[{\"@type\":\"ListItem\",\"position\":1,\"name\":\"Accueil\",\"item\":\"https:\/\/paracherkaoui.ma\/\"},{\"@type\":\"ListItem\",\"position\":2,\"name\":\"Boutique\",\"item\":\"https:\/\/paracherkaoui.ma\/index.php\/boutique\/\"},{\"@type\":\"ListItem\",\"position\":3,\"name\":\"DODIE SUCETTE ANATOMIQUE NUIT SYMMETRICAL SOOTHERS A36 +6M\"}]},{\"@type\":\"WebSite\",\"@id\":\"https:\/\/paracherkaoui.ma\/#website\",\"url\":\"https:\/\/paracherkaoui.ma\/\",\"name\":\"Paracherkaoui.ma\",\"description\":\"Achetez en ligne sur Paracherkaoui.ma\",\"potentialAction\":[{\"@type\":\"SearchAction\",\"target\":{\"@type\":\"EntryPoint\",\"urlTemplate\":\"https:\/\/paracherkaoui.ma\/?s={search_term_string}\"},\"query-input\":{\"@type\":\"PropertyValueSpecification\",\"valueRequired\":true,\"valueName\":\"search_term_string\"}}],\"inLanguage\":\"fr-FR\"}]}<\/script>\r\n<!-- \/ Yoast SEO plugin. -->","yoast_head_json":{"title":"DODIE SUCETTE ANATOMIQUE NUIT SYMMETRICAL SOOTHERS A36 +6M - Paracherkaoui.ma","robots":{"index":"index","follow":"follow","max-snippet":"max-snippet:-1","max-image-preview":"max-image-preview:large","max-video-preview":"max-video-preview:-1"},"canonical":"https:\/\/paracherkaoui.ma\/index.php\/produit\/dodie-sucette-anatomique-nuit-symmetrical-soothers-a36-6m\/","og_locale":"fr_FR","og_type":"article","og_title":"DODIE SUCETTE ANATOMIQUE NUIT SYMMETRICAL SOOTHERS A36 +6M - Paracherkaoui.ma","og_description":"Description: Convient aux b\u00e9b\u00e9s de plus de 6 mois. \u2013 Bouclier en tritan, confortable et l\u00e9ger qui permet \u00e0 b\u00e9b\u00e9","og_url":"https:\/\/paracherkaoui.ma\/index.php\/produit\/dodie-sucette-anatomique-nuit-symmetrical-soothers-a36-6m\/","og_site_name":"Paracherkaoui.ma","article_modified_time":"2025-12-12T18:10:36+00:00","og_image":[{"width":700,"height":700,"url":"https:\/\/paracherkaoui.ma\/wp-content\/uploads\/2025\/12\/dodie-sucette-anatomique-nuit-symmetrical-soothers-a36-6m.jpg","type":"image\/jpeg"}],"twitter_card":"summary_large_image","twitter_misc":{"Dur\u00e9e de lecture estim\u00e9e":"1 minute"},"schema":{"@context":"https:\/\/schema.org","@graph":[{"@type":"WebPage","@id":"https:\/\/paracherkaoui.ma\/index.php\/produit\/dodie-sucette-anatomique-nuit-symmetrical-soothers-a36-6m\/","url":"https:\/\/paracherkaoui.ma\/index.php\/produit\/dodie-sucette-anatomique-nuit-symmetrical-soothers-a36-6m\/","name":"DODIE SUCETTE ANATOMIQUE NUIT SYMMETRICAL SOOTHERS A36 +6M - Paracherkaoui.ma","isPartOf":{"@id":"https:\/\/paracherkaoui.ma\/#website"},"primaryImageOfPage":{"@id":"https:\/\/paracherkaoui.ma\/index.php\/produit\/dodie-sucette-anatomique-nuit-symmetrical-soothers-a36-6m\/#primaryimage"},"image":{"@id":"https:\/\/paracherkaoui.ma\/index.php\/produit\/dodie-sucette-anatomique-nuit-symmetrical-soothers-a36-6m\/#primaryimage"},"thumbnailUrl":"https:\/\/paracherkaoui.ma\/wp-content\/uploads\/2025\/12\/dodie-sucette-anatomique-nuit-symmetrical-soothers-a36-6m.jpg","datePublished":"2025-12-12T18:10:28+00:00","dateModified":"2025-12-12T18:10:36+00:00","breadcrumb":{"@id":"https:\/\/paracherkaoui.ma\/index.php\/produit\/dodie-sucette-anatomique-nuit-symmetrical-soothers-a36-6m\/#breadcrumb"},"inLanguage":"fr-FR","potentialAction":[{"@type":"ReadAction","target":["https:\/\/paracherkaoui.ma\/index.php\/produit\/dodie-sucette-anatomique-nuit-symmetrical-soothers-a36-6m\/"]}]},{"@type":"ImageObject","inLanguage":"fr-FR","@id":"https:\/\/paracherkaoui.ma\/index.php\/produit\/dodie-sucette-anatomique-nuit-symmetrical-soothers-a36-6m\/#primaryimage","url":"https:\/\/paracherkaoui.ma\/wp-content\/uploads\/2025\/12\/dodie-sucette-anatomique-nuit-symmetrical-soothers-a36-6m.jpg","contentUrl":"https:\/\/paracherkaoui.ma\/wp-content\/uploads\/2025\/12\/dodie-sucette-anatomique-nuit-symmetrical-soothers-a36-6m.jpg","width":700,"height":700},{"@type":"BreadcrumbList","@id":"https:\/\/paracherkaoui.ma\/index.php\/produit\/dodie-sucette-anatomique-nuit-symmetrical-soothers-a36-6m\/#breadcrumb","itemListElement":[{"@type":"ListItem","position":1,"name":"Accueil","item":"https:\/\/paracherkaoui.ma\/"},{"@type":"ListItem","position":2,"name":"Boutique","item":"https:\/\/paracherkaoui.ma\/index.php\/boutique\/"},{"@type":"ListItem","position":3,"name":"DODIE SUCETTE ANATOMIQUE NUIT SYMMETRICAL SOOTHERS A36 +6M"}]},{"@type":"WebSite","@id":"https:\/\/paracherkaoui.ma\/#website","url":"https:\/\/paracherkaoui.ma\/","name":"Paracherkaoui.ma","description":"Achetez en ligne sur Paracherkaoui.ma","potentialAction":[{"@type":"SearchAction","target":{"@type":"EntryPoint","urlTemplate":"https:\/\/paracherkaoui.ma\/?s={search_term_string}"},"query-input":{"@type":"PropertyValueSpecification","valueRequired":true,"valueName":"search_term_string"}}],"inLanguage":"fr-FR"}]}},"_links":{"self":[{"href":"https:\/\/paracherkaoui.ma\/index.php\/wp-json\/wp\/v2\/product\/43208","targetHints":{"allow":["GET"]}}],"collection":[{"href":"https:\/\/paracherkaoui.ma\/index.php\/wp-json\/wp\/v2\/product"}],"about":[{"href":"https:\/\/paracherkaoui.ma\/index.php\/wp-json\/wp\/v2\/types\/product"}],"replies":[{"embeddable":true,"href":"https:\/\/paracherkaoui.ma\/index.php\/wp-json\/wp\/v2\/comments?post=43208"}],"version-history":[{"count":1,"href":"https:\/\/paracherkaoui.ma\/index.php\/wp-json\/wp\/v2\/product\/43208\/revisions"}],"predecessor-version":[{"id":43265,"href":"https:\/\/paracherkaoui.ma\/index.php\/wp-json\/wp\/v2\/product\/43208\/revisions\/43265"}],"wp:featuredmedia":[{"embeddable":true,"href":"https:\/\/paracherkaoui.ma\/index.php\/wp-json\/wp\/v2\/media\/43264"}],"wp:attachment":[{"href":"https:\/\/paracherkaoui.ma\/index.php\/wp-json\/wp\/v2\/media?parent=43208"}],"wp:term":[{"taxonomy":"product_brand","embeddable":true,"href":"https:\/\/paracherkaoui.ma\/index.php\/wp-json\/wp\/v2\/product_brand?post=43208"},{"taxonomy":"product_cat","embeddable":true,"href":"https:\/\/paracherkaoui.ma\/index.php\/wp-json\/wp\/v2\/product_cat?post=43208"},{"taxonomy":"product_tag","embeddable":true,"href":"https:\/\/paracherkaoui.ma\/index.php\/wp-json\/wp\/v2\/product_tag?post=43208"}],"curies":[{"name":"wp","href":"https:\/\/api.w.org\/{rel}","templated":true}]}}