{"id":43185,"date":"2025-12-12T19:10:26","date_gmt":"2025-12-12T18:10:26","guid":{"rendered":"https:\/\/test.ecbeaute.com\/?post_type=product&#038;p=43185"},"modified":"2025-12-12T19:10:29","modified_gmt":"2025-12-12T18:10:29","slug":"mam-sucette-perfect-0-mois","status":"publish","type":"product","link":"https:\/\/paracherkaoui.ma\/index.php\/produit\/mam-sucette-perfect-0-mois\/","title":{"rendered":"MAM SUCETTE PERFECT 0 MOIS +"},"content":{"rendered":"<p>La t\u00e9tine unique MAM Perfect est 60 % plus fine et 4 fois plus souple*** que les t\u00e9tines de sucettes classiques<br \/>\nPermet \u00e0 la bouche de se fermer dans une position plus naturelle<br \/>\nSucette orthodontique con\u00e7ue pour r\u00e9duire le risque de malposition dentaire<br \/>\nCliniquement prouv\u00e9 : favorise le bon d\u00e9veloppement des dents et de la m\u00e2choire**<br \/>\nD\u00e9velopp\u00e9e en collaboration avec des orthodontistes et des dentistes p\u00e9diatriques<br \/>\nDisponible en silicone MAM SkinSoft\u2122, pour un taux d\u2019acceptation \u00e9lev\u00e9.<br \/>\nApaise et calme b\u00e9b\u00e9<br \/>\nFournie dans une bo\u00eete de transport et de st\u00e9rilisation pratique permettant une st\u00e9rilisation au micro-ondes simple et ultra rapide<\/p>\n","protected":false},"excerpt":{"rendered":"<p>La t\u00e9tine unique MAM Perfect est 60 % plus fine et 4 fois plus souple*** que les t\u00e9tines de sucettes<\/p>\n","protected":false},"featured_media":43218,"comment_status":"open","ping_status":"closed","template":"","meta":[],"product_brand":[727],"product_cat":[751],"product_tag":[],"class_list":{"0":"post-43185","1":"product","2":"type-product","3":"status-publish","4":"has-post-thumbnail","6":"product_brand-mam","7":"product_cat-sucettes-et-attaches-sucettes","9":"first","10":"instock","11":"sale","12":"shipping-taxable","13":"purchasable","14":"product-type-simple"},"yoast_head":"<!-- This site is optimized with the Yoast SEO plugin v26.6 - https:\/\/yoast.com\/wordpress\/plugins\/seo\/ -->\r\n<title>MAM SUCETTE PERFECT 0 MOIS + - Paracherkaoui.ma<\/title>\r\n<meta name=\"robots\" content=\"index, follow, max-snippet:-1, max-image-preview:large, max-video-preview:-1\" \/>\r\n<link rel=\"canonical\" href=\"https:\/\/paracherkaoui.ma\/index.php\/produit\/mam-sucette-perfect-0-mois\/\" \/>\r\n<meta property=\"og:locale\" content=\"fr_FR\" \/>\r\n<meta property=\"og:type\" content=\"article\" \/>\r\n<meta property=\"og:title\" content=\"MAM SUCETTE PERFECT 0 MOIS + - Paracherkaoui.ma\" \/>\r\n<meta property=\"og:description\" content=\"La t\u00e9tine unique MAM Perfect est 60 % plus fine et 4 fois plus souple*** que les t\u00e9tines de sucettes\" \/>\r\n<meta property=\"og:url\" content=\"https:\/\/paracherkaoui.ma\/index.php\/produit\/mam-sucette-perfect-0-mois\/\" \/>\r\n<meta property=\"og:site_name\" content=\"Paracherkaoui.ma\" \/>\r\n<meta property=\"article:modified_time\" content=\"2025-12-12T18:10:29+00:00\" \/>\r\n<meta property=\"og:image\" content=\"https:\/\/paracherkaoui.ma\/wp-content\/uploads\/2025\/12\/mam-mam-sucette-perfect-0-mois-sucettes-et-attaches-sucettes.jpg\" \/>\r\n\t<meta property=\"og:image:width\" content=\"700\" \/>\r\n\t<meta property=\"og:image:height\" content=\"700\" \/>\r\n\t<meta property=\"og:image:type\" content=\"image\/jpeg\" \/>\r\n<meta name=\"twitter:card\" content=\"summary_large_image\" \/>\r\n<meta name=\"twitter:label1\" content=\"Dur\u00e9e de lecture estim\u00e9e\" \/>\n\t<meta name=\"twitter:data1\" content=\"1 minute\" \/>\r\n<script type=\"application\/ld+json\" class=\"yoast-schema-graph\">{\"@context\":\"https:\/\/schema.org\",\"@graph\":[{\"@type\":\"WebPage\",\"@id\":\"https:\/\/paracherkaoui.ma\/index.php\/produit\/mam-sucette-perfect-0-mois\/\",\"url\":\"https:\/\/paracherkaoui.ma\/index.php\/produit\/mam-sucette-perfect-0-mois\/\",\"name\":\"MAM SUCETTE PERFECT 0 MOIS + - Paracherkaoui.ma\",\"isPartOf\":{\"@id\":\"https:\/\/paracherkaoui.ma\/#website\"},\"primaryImageOfPage\":{\"@id\":\"https:\/\/paracherkaoui.ma\/index.php\/produit\/mam-sucette-perfect-0-mois\/#primaryimage\"},\"image\":{\"@id\":\"https:\/\/paracherkaoui.ma\/index.php\/produit\/mam-sucette-perfect-0-mois\/#primaryimage\"},\"thumbnailUrl\":\"https:\/\/paracherkaoui.ma\/wp-content\/uploads\/2025\/12\/mam-mam-sucette-perfect-0-mois-sucettes-et-attaches-sucettes.jpg\",\"datePublished\":\"2025-12-12T18:10:26+00:00\",\"dateModified\":\"2025-12-12T18:10:29+00:00\",\"breadcrumb\":{\"@id\":\"https:\/\/paracherkaoui.ma\/index.php\/produit\/mam-sucette-perfect-0-mois\/#breadcrumb\"},\"inLanguage\":\"fr-FR\",\"potentialAction\":[{\"@type\":\"ReadAction\",\"target\":[\"https:\/\/paracherkaoui.ma\/index.php\/produit\/mam-sucette-perfect-0-mois\/\"]}]},{\"@type\":\"ImageObject\",\"inLanguage\":\"fr-FR\",\"@id\":\"https:\/\/paracherkaoui.ma\/index.php\/produit\/mam-sucette-perfect-0-mois\/#primaryimage\",\"url\":\"https:\/\/paracherkaoui.ma\/wp-content\/uploads\/2025\/12\/mam-mam-sucette-perfect-0-mois-sucettes-et-attaches-sucettes.jpg\",\"contentUrl\":\"https:\/\/paracherkaoui.ma\/wp-content\/uploads\/2025\/12\/mam-mam-sucette-perfect-0-mois-sucettes-et-attaches-sucettes.jpg\",\"width\":700,\"height\":700},{\"@type\":\"BreadcrumbList\",\"@id\":\"https:\/\/paracherkaoui.ma\/index.php\/produit\/mam-sucette-perfect-0-mois\/#breadcrumb\",\"itemListElement\":[{\"@type\":\"ListItem\",\"position\":1,\"name\":\"Accueil\",\"item\":\"https:\/\/paracherkaoui.ma\/\"},{\"@type\":\"ListItem\",\"position\":2,\"name\":\"Boutique\",\"item\":\"https:\/\/paracherkaoui.ma\/index.php\/boutique\/\"},{\"@type\":\"ListItem\",\"position\":3,\"name\":\"MAM SUCETTE PERFECT 0 MOIS +\"}]},{\"@type\":\"WebSite\",\"@id\":\"https:\/\/paracherkaoui.ma\/#website\",\"url\":\"https:\/\/paracherkaoui.ma\/\",\"name\":\"Paracherkaoui.ma\",\"description\":\"Achetez en ligne sur Paracherkaoui.ma\",\"potentialAction\":[{\"@type\":\"SearchAction\",\"target\":{\"@type\":\"EntryPoint\",\"urlTemplate\":\"https:\/\/paracherkaoui.ma\/?s={search_term_string}\"},\"query-input\":{\"@type\":\"PropertyValueSpecification\",\"valueRequired\":true,\"valueName\":\"search_term_string\"}}],\"inLanguage\":\"fr-FR\"}]}<\/script>\r\n<!-- \/ Yoast SEO plugin. -->","yoast_head_json":{"title":"MAM SUCETTE PERFECT 0 MOIS + - Paracherkaoui.ma","robots":{"index":"index","follow":"follow","max-snippet":"max-snippet:-1","max-image-preview":"max-image-preview:large","max-video-preview":"max-video-preview:-1"},"canonical":"https:\/\/paracherkaoui.ma\/index.php\/produit\/mam-sucette-perfect-0-mois\/","og_locale":"fr_FR","og_type":"article","og_title":"MAM SUCETTE PERFECT 0 MOIS + - Paracherkaoui.ma","og_description":"La t\u00e9tine unique MAM Perfect est 60 % plus fine et 4 fois plus souple*** que les t\u00e9tines de sucettes","og_url":"https:\/\/paracherkaoui.ma\/index.php\/produit\/mam-sucette-perfect-0-mois\/","og_site_name":"Paracherkaoui.ma","article_modified_time":"2025-12-12T18:10:29+00:00","og_image":[{"width":700,"height":700,"url":"https:\/\/paracherkaoui.ma\/wp-content\/uploads\/2025\/12\/mam-mam-sucette-perfect-0-mois-sucettes-et-attaches-sucettes.jpg","type":"image\/jpeg"}],"twitter_card":"summary_large_image","twitter_misc":{"Dur\u00e9e de lecture estim\u00e9e":"1 minute"},"schema":{"@context":"https:\/\/schema.org","@graph":[{"@type":"WebPage","@id":"https:\/\/paracherkaoui.ma\/index.php\/produit\/mam-sucette-perfect-0-mois\/","url":"https:\/\/paracherkaoui.ma\/index.php\/produit\/mam-sucette-perfect-0-mois\/","name":"MAM SUCETTE PERFECT 0 MOIS + - Paracherkaoui.ma","isPartOf":{"@id":"https:\/\/paracherkaoui.ma\/#website"},"primaryImageOfPage":{"@id":"https:\/\/paracherkaoui.ma\/index.php\/produit\/mam-sucette-perfect-0-mois\/#primaryimage"},"image":{"@id":"https:\/\/paracherkaoui.ma\/index.php\/produit\/mam-sucette-perfect-0-mois\/#primaryimage"},"thumbnailUrl":"https:\/\/paracherkaoui.ma\/wp-content\/uploads\/2025\/12\/mam-mam-sucette-perfect-0-mois-sucettes-et-attaches-sucettes.jpg","datePublished":"2025-12-12T18:10:26+00:00","dateModified":"2025-12-12T18:10:29+00:00","breadcrumb":{"@id":"https:\/\/paracherkaoui.ma\/index.php\/produit\/mam-sucette-perfect-0-mois\/#breadcrumb"},"inLanguage":"fr-FR","potentialAction":[{"@type":"ReadAction","target":["https:\/\/paracherkaoui.ma\/index.php\/produit\/mam-sucette-perfect-0-mois\/"]}]},{"@type":"ImageObject","inLanguage":"fr-FR","@id":"https:\/\/paracherkaoui.ma\/index.php\/produit\/mam-sucette-perfect-0-mois\/#primaryimage","url":"https:\/\/paracherkaoui.ma\/wp-content\/uploads\/2025\/12\/mam-mam-sucette-perfect-0-mois-sucettes-et-attaches-sucettes.jpg","contentUrl":"https:\/\/paracherkaoui.ma\/wp-content\/uploads\/2025\/12\/mam-mam-sucette-perfect-0-mois-sucettes-et-attaches-sucettes.jpg","width":700,"height":700},{"@type":"BreadcrumbList","@id":"https:\/\/paracherkaoui.ma\/index.php\/produit\/mam-sucette-perfect-0-mois\/#breadcrumb","itemListElement":[{"@type":"ListItem","position":1,"name":"Accueil","item":"https:\/\/paracherkaoui.ma\/"},{"@type":"ListItem","position":2,"name":"Boutique","item":"https:\/\/paracherkaoui.ma\/index.php\/boutique\/"},{"@type":"ListItem","position":3,"name":"MAM SUCETTE PERFECT 0 MOIS +"}]},{"@type":"WebSite","@id":"https:\/\/paracherkaoui.ma\/#website","url":"https:\/\/paracherkaoui.ma\/","name":"Paracherkaoui.ma","description":"Achetez en ligne sur Paracherkaoui.ma","potentialAction":[{"@type":"SearchAction","target":{"@type":"EntryPoint","urlTemplate":"https:\/\/paracherkaoui.ma\/?s={search_term_string}"},"query-input":{"@type":"PropertyValueSpecification","valueRequired":true,"valueName":"search_term_string"}}],"inLanguage":"fr-FR"}]}},"_links":{"self":[{"href":"https:\/\/paracherkaoui.ma\/index.php\/wp-json\/wp\/v2\/product\/43185","targetHints":{"allow":["GET"]}}],"collection":[{"href":"https:\/\/paracherkaoui.ma\/index.php\/wp-json\/wp\/v2\/product"}],"about":[{"href":"https:\/\/paracherkaoui.ma\/index.php\/wp-json\/wp\/v2\/types\/product"}],"replies":[{"embeddable":true,"href":"https:\/\/paracherkaoui.ma\/index.php\/wp-json\/wp\/v2\/comments?post=43185"}],"version-history":[{"count":1,"href":"https:\/\/paracherkaoui.ma\/index.php\/wp-json\/wp\/v2\/product\/43185\/revisions"}],"predecessor-version":[{"id":43219,"href":"https:\/\/paracherkaoui.ma\/index.php\/wp-json\/wp\/v2\/product\/43185\/revisions\/43219"}],"wp:featuredmedia":[{"embeddable":true,"href":"https:\/\/paracherkaoui.ma\/index.php\/wp-json\/wp\/v2\/media\/43218"}],"wp:attachment":[{"href":"https:\/\/paracherkaoui.ma\/index.php\/wp-json\/wp\/v2\/media?parent=43185"}],"wp:term":[{"taxonomy":"product_brand","embeddable":true,"href":"https:\/\/paracherkaoui.ma\/index.php\/wp-json\/wp\/v2\/product_brand?post=43185"},{"taxonomy":"product_cat","embeddable":true,"href":"https:\/\/paracherkaoui.ma\/index.php\/wp-json\/wp\/v2\/product_cat?post=43185"},{"taxonomy":"product_tag","embeddable":true,"href":"https:\/\/paracherkaoui.ma\/index.php\/wp-json\/wp\/v2\/product_tag?post=43185"}],"curies":[{"name":"wp","href":"https:\/\/api.w.org\/{rel}","templated":true}]}}