{"id":43184,"date":"2025-12-12T19:10:26","date_gmt":"2025-12-12T18:10:26","guid":{"rendered":"https:\/\/test.ecbeaute.com\/?post_type=product&#038;p=43184"},"modified":"2025-12-12T19:10:29","modified_gmt":"2025-12-12T18:10:29","slug":"dodie-2-sucettes-anatomiques-peppa-pig-18-mois-rose","status":"publish","type":"product","link":"https:\/\/paracherkaoui.ma\/index.php\/produit\/dodie-2-sucettes-anatomiques-peppa-pig-18-mois-rose\/","title":{"rendered":"DODIE 2 SUCETTES ANATOMIQUES PEPPA PIG 18 MOIS + ROSE"},"content":{"rendered":"<p>Dodie Peppa Pig 2 Sucettes Anatomiques Silicone 18 Mois et + &#8211; Mod\u00e8le : N\u00b0A80 : Peppa sont des sucettes d\u00e9velopp\u00e9es avec des experts pour les b\u00e9b\u00e9s de 18 mois et plus, aux motifs issus de Peppa Pig.<br \/>\nLa forme anatomique garantit un bon positionnement.<br \/>\nLa t\u00e9terelle nervur\u00e9e r\u00e9siste \u00e0 l&rsquo;arriv\u00e9e des premi\u00e8res dents.<br \/>\nLes trous d&rsquo;a\u00e9ration minimisent le risque d&rsquo;irritation.<br \/>\nLe bouclier est en tritan, une mati\u00e8re l\u00e9g\u00e8re pour un maintien en bouche facile.<\/p>\n","protected":false},"excerpt":{"rendered":"<p>Dodie Peppa Pig 2 Sucettes Anatomiques Silicone 18 Mois et + &#8211; Mod\u00e8le : N\u00b0A80 : Peppa sont des sucettes<\/p>\n","protected":false},"featured_media":43216,"comment_status":"open","ping_status":"closed","template":"","meta":[],"product_brand":[725],"product_cat":[751],"product_tag":[],"class_list":{"0":"post-43184","1":"product","2":"type-product","3":"status-publish","4":"has-post-thumbnail","6":"product_brand-dodie","7":"product_cat-sucettes-et-attaches-sucettes","9":"first","10":"instock","11":"sale","12":"shipping-taxable","13":"purchasable","14":"product-type-simple"},"yoast_head":"<!-- This site is optimized with the Yoast SEO plugin v26.6 - https:\/\/yoast.com\/wordpress\/plugins\/seo\/ -->\r\n<title>DODIE 2 SUCETTES ANATOMIQUES PEPPA PIG 18 MOIS + ROSE - Paracherkaoui.ma<\/title>\r\n<meta name=\"robots\" content=\"index, follow, max-snippet:-1, max-image-preview:large, max-video-preview:-1\" \/>\r\n<link rel=\"canonical\" href=\"https:\/\/paracherkaoui.ma\/index.php\/produit\/dodie-2-sucettes-anatomiques-peppa-pig-18-mois-rose\/\" \/>\r\n<meta property=\"og:locale\" content=\"fr_FR\" \/>\r\n<meta property=\"og:type\" content=\"article\" \/>\r\n<meta property=\"og:title\" content=\"DODIE 2 SUCETTES ANATOMIQUES PEPPA PIG 18 MOIS + ROSE - Paracherkaoui.ma\" \/>\r\n<meta property=\"og:description\" content=\"Dodie Peppa Pig 2 Sucettes Anatomiques Silicone 18 Mois et + &#8211; Mod\u00e8le : N\u00b0A80 : Peppa sont des sucettes\" \/>\r\n<meta property=\"og:url\" content=\"https:\/\/paracherkaoui.ma\/index.php\/produit\/dodie-2-sucettes-anatomiques-peppa-pig-18-mois-rose\/\" \/>\r\n<meta property=\"og:site_name\" content=\"Paracherkaoui.ma\" \/>\r\n<meta property=\"article:modified_time\" content=\"2025-12-12T18:10:29+00:00\" \/>\r\n<meta property=\"og:image\" content=\"https:\/\/paracherkaoui.ma\/wp-content\/uploads\/2025\/12\/dodie-dodie-2-sucettes-anatomiques-peppa-pig-18-mois-rose-sucettes-et-attaches-sucettes.jpg\" \/>\r\n\t<meta property=\"og:image:width\" content=\"700\" \/>\r\n\t<meta property=\"og:image:height\" content=\"700\" \/>\r\n\t<meta property=\"og:image:type\" content=\"image\/jpeg\" \/>\r\n<meta name=\"twitter:card\" content=\"summary_large_image\" \/>\r\n<script type=\"application\/ld+json\" class=\"yoast-schema-graph\">{\"@context\":\"https:\/\/schema.org\",\"@graph\":[{\"@type\":\"WebPage\",\"@id\":\"https:\/\/paracherkaoui.ma\/index.php\/produit\/dodie-2-sucettes-anatomiques-peppa-pig-18-mois-rose\/\",\"url\":\"https:\/\/paracherkaoui.ma\/index.php\/produit\/dodie-2-sucettes-anatomiques-peppa-pig-18-mois-rose\/\",\"name\":\"DODIE 2 SUCETTES ANATOMIQUES PEPPA PIG 18 MOIS + ROSE - Paracherkaoui.ma\",\"isPartOf\":{\"@id\":\"https:\/\/paracherkaoui.ma\/#website\"},\"primaryImageOfPage\":{\"@id\":\"https:\/\/paracherkaoui.ma\/index.php\/produit\/dodie-2-sucettes-anatomiques-peppa-pig-18-mois-rose\/#primaryimage\"},\"image\":{\"@id\":\"https:\/\/paracherkaoui.ma\/index.php\/produit\/dodie-2-sucettes-anatomiques-peppa-pig-18-mois-rose\/#primaryimage\"},\"thumbnailUrl\":\"https:\/\/paracherkaoui.ma\/wp-content\/uploads\/2025\/12\/dodie-dodie-2-sucettes-anatomiques-peppa-pig-18-mois-rose-sucettes-et-attaches-sucettes.jpg\",\"datePublished\":\"2025-12-12T18:10:26+00:00\",\"dateModified\":\"2025-12-12T18:10:29+00:00\",\"breadcrumb\":{\"@id\":\"https:\/\/paracherkaoui.ma\/index.php\/produit\/dodie-2-sucettes-anatomiques-peppa-pig-18-mois-rose\/#breadcrumb\"},\"inLanguage\":\"fr-FR\",\"potentialAction\":[{\"@type\":\"ReadAction\",\"target\":[\"https:\/\/paracherkaoui.ma\/index.php\/produit\/dodie-2-sucettes-anatomiques-peppa-pig-18-mois-rose\/\"]}]},{\"@type\":\"ImageObject\",\"inLanguage\":\"fr-FR\",\"@id\":\"https:\/\/paracherkaoui.ma\/index.php\/produit\/dodie-2-sucettes-anatomiques-peppa-pig-18-mois-rose\/#primaryimage\",\"url\":\"https:\/\/paracherkaoui.ma\/wp-content\/uploads\/2025\/12\/dodie-dodie-2-sucettes-anatomiques-peppa-pig-18-mois-rose-sucettes-et-attaches-sucettes.jpg\",\"contentUrl\":\"https:\/\/paracherkaoui.ma\/wp-content\/uploads\/2025\/12\/dodie-dodie-2-sucettes-anatomiques-peppa-pig-18-mois-rose-sucettes-et-attaches-sucettes.jpg\",\"width\":700,\"height\":700},{\"@type\":\"BreadcrumbList\",\"@id\":\"https:\/\/paracherkaoui.ma\/index.php\/produit\/dodie-2-sucettes-anatomiques-peppa-pig-18-mois-rose\/#breadcrumb\",\"itemListElement\":[{\"@type\":\"ListItem\",\"position\":1,\"name\":\"Accueil\",\"item\":\"https:\/\/paracherkaoui.ma\/\"},{\"@type\":\"ListItem\",\"position\":2,\"name\":\"Boutique\",\"item\":\"https:\/\/paracherkaoui.ma\/index.php\/boutique\/\"},{\"@type\":\"ListItem\",\"position\":3,\"name\":\"DODIE 2 SUCETTES ANATOMIQUES PEPPA PIG 18 MOIS + ROSE\"}]},{\"@type\":\"WebSite\",\"@id\":\"https:\/\/paracherkaoui.ma\/#website\",\"url\":\"https:\/\/paracherkaoui.ma\/\",\"name\":\"Paracherkaoui.ma\",\"description\":\"Achetez en ligne sur Paracherkaoui.ma\",\"potentialAction\":[{\"@type\":\"SearchAction\",\"target\":{\"@type\":\"EntryPoint\",\"urlTemplate\":\"https:\/\/paracherkaoui.ma\/?s={search_term_string}\"},\"query-input\":{\"@type\":\"PropertyValueSpecification\",\"valueRequired\":true,\"valueName\":\"search_term_string\"}}],\"inLanguage\":\"fr-FR\"}]}<\/script>\r\n<!-- \/ Yoast SEO plugin. -->","yoast_head_json":{"title":"DODIE 2 SUCETTES ANATOMIQUES PEPPA PIG 18 MOIS + ROSE - Paracherkaoui.ma","robots":{"index":"index","follow":"follow","max-snippet":"max-snippet:-1","max-image-preview":"max-image-preview:large","max-video-preview":"max-video-preview:-1"},"canonical":"https:\/\/paracherkaoui.ma\/index.php\/produit\/dodie-2-sucettes-anatomiques-peppa-pig-18-mois-rose\/","og_locale":"fr_FR","og_type":"article","og_title":"DODIE 2 SUCETTES ANATOMIQUES PEPPA PIG 18 MOIS + ROSE - Paracherkaoui.ma","og_description":"Dodie Peppa Pig 2 Sucettes Anatomiques Silicone 18 Mois et + &#8211; Mod\u00e8le : N\u00b0A80 : Peppa sont des sucettes","og_url":"https:\/\/paracherkaoui.ma\/index.php\/produit\/dodie-2-sucettes-anatomiques-peppa-pig-18-mois-rose\/","og_site_name":"Paracherkaoui.ma","article_modified_time":"2025-12-12T18:10:29+00:00","og_image":[{"width":700,"height":700,"url":"https:\/\/paracherkaoui.ma\/wp-content\/uploads\/2025\/12\/dodie-dodie-2-sucettes-anatomiques-peppa-pig-18-mois-rose-sucettes-et-attaches-sucettes.jpg","type":"image\/jpeg"}],"twitter_card":"summary_large_image","schema":{"@context":"https:\/\/schema.org","@graph":[{"@type":"WebPage","@id":"https:\/\/paracherkaoui.ma\/index.php\/produit\/dodie-2-sucettes-anatomiques-peppa-pig-18-mois-rose\/","url":"https:\/\/paracherkaoui.ma\/index.php\/produit\/dodie-2-sucettes-anatomiques-peppa-pig-18-mois-rose\/","name":"DODIE 2 SUCETTES ANATOMIQUES PEPPA PIG 18 MOIS + ROSE - Paracherkaoui.ma","isPartOf":{"@id":"https:\/\/paracherkaoui.ma\/#website"},"primaryImageOfPage":{"@id":"https:\/\/paracherkaoui.ma\/index.php\/produit\/dodie-2-sucettes-anatomiques-peppa-pig-18-mois-rose\/#primaryimage"},"image":{"@id":"https:\/\/paracherkaoui.ma\/index.php\/produit\/dodie-2-sucettes-anatomiques-peppa-pig-18-mois-rose\/#primaryimage"},"thumbnailUrl":"https:\/\/paracherkaoui.ma\/wp-content\/uploads\/2025\/12\/dodie-dodie-2-sucettes-anatomiques-peppa-pig-18-mois-rose-sucettes-et-attaches-sucettes.jpg","datePublished":"2025-12-12T18:10:26+00:00","dateModified":"2025-12-12T18:10:29+00:00","breadcrumb":{"@id":"https:\/\/paracherkaoui.ma\/index.php\/produit\/dodie-2-sucettes-anatomiques-peppa-pig-18-mois-rose\/#breadcrumb"},"inLanguage":"fr-FR","potentialAction":[{"@type":"ReadAction","target":["https:\/\/paracherkaoui.ma\/index.php\/produit\/dodie-2-sucettes-anatomiques-peppa-pig-18-mois-rose\/"]}]},{"@type":"ImageObject","inLanguage":"fr-FR","@id":"https:\/\/paracherkaoui.ma\/index.php\/produit\/dodie-2-sucettes-anatomiques-peppa-pig-18-mois-rose\/#primaryimage","url":"https:\/\/paracherkaoui.ma\/wp-content\/uploads\/2025\/12\/dodie-dodie-2-sucettes-anatomiques-peppa-pig-18-mois-rose-sucettes-et-attaches-sucettes.jpg","contentUrl":"https:\/\/paracherkaoui.ma\/wp-content\/uploads\/2025\/12\/dodie-dodie-2-sucettes-anatomiques-peppa-pig-18-mois-rose-sucettes-et-attaches-sucettes.jpg","width":700,"height":700},{"@type":"BreadcrumbList","@id":"https:\/\/paracherkaoui.ma\/index.php\/produit\/dodie-2-sucettes-anatomiques-peppa-pig-18-mois-rose\/#breadcrumb","itemListElement":[{"@type":"ListItem","position":1,"name":"Accueil","item":"https:\/\/paracherkaoui.ma\/"},{"@type":"ListItem","position":2,"name":"Boutique","item":"https:\/\/paracherkaoui.ma\/index.php\/boutique\/"},{"@type":"ListItem","position":3,"name":"DODIE 2 SUCETTES ANATOMIQUES PEPPA PIG 18 MOIS + ROSE"}]},{"@type":"WebSite","@id":"https:\/\/paracherkaoui.ma\/#website","url":"https:\/\/paracherkaoui.ma\/","name":"Paracherkaoui.ma","description":"Achetez en ligne sur Paracherkaoui.ma","potentialAction":[{"@type":"SearchAction","target":{"@type":"EntryPoint","urlTemplate":"https:\/\/paracherkaoui.ma\/?s={search_term_string}"},"query-input":{"@type":"PropertyValueSpecification","valueRequired":true,"valueName":"search_term_string"}}],"inLanguage":"fr-FR"}]}},"_links":{"self":[{"href":"https:\/\/paracherkaoui.ma\/index.php\/wp-json\/wp\/v2\/product\/43184","targetHints":{"allow":["GET"]}}],"collection":[{"href":"https:\/\/paracherkaoui.ma\/index.php\/wp-json\/wp\/v2\/product"}],"about":[{"href":"https:\/\/paracherkaoui.ma\/index.php\/wp-json\/wp\/v2\/types\/product"}],"replies":[{"embeddable":true,"href":"https:\/\/paracherkaoui.ma\/index.php\/wp-json\/wp\/v2\/comments?post=43184"}],"version-history":[{"count":1,"href":"https:\/\/paracherkaoui.ma\/index.php\/wp-json\/wp\/v2\/product\/43184\/revisions"}],"predecessor-version":[{"id":43217,"href":"https:\/\/paracherkaoui.ma\/index.php\/wp-json\/wp\/v2\/product\/43184\/revisions\/43217"}],"wp:featuredmedia":[{"embeddable":true,"href":"https:\/\/paracherkaoui.ma\/index.php\/wp-json\/wp\/v2\/media\/43216"}],"wp:attachment":[{"href":"https:\/\/paracherkaoui.ma\/index.php\/wp-json\/wp\/v2\/media?parent=43184"}],"wp:term":[{"taxonomy":"product_brand","embeddable":true,"href":"https:\/\/paracherkaoui.ma\/index.php\/wp-json\/wp\/v2\/product_brand?post=43184"},{"taxonomy":"product_cat","embeddable":true,"href":"https:\/\/paracherkaoui.ma\/index.php\/wp-json\/wp\/v2\/product_cat?post=43184"},{"taxonomy":"product_tag","embeddable":true,"href":"https:\/\/paracherkaoui.ma\/index.php\/wp-json\/wp\/v2\/product_tag?post=43184"}],"curies":[{"name":"wp","href":"https:\/\/api.w.org\/{rel}","templated":true}]}}