{"id":43118,"date":"2025-12-12T19:10:18","date_gmt":"2025-12-12T18:10:18","guid":{"rendered":"https:\/\/test.ecbeaute.com\/?post_type=product&#038;p=43118"},"modified":"2025-12-12T19:10:25","modified_gmt":"2025-12-12T18:10:25","slug":"dodie-2-sucettes-anatomiques-silicone-6-mois-a28-modele-dinosaure-chat","status":"publish","type":"product","link":"https:\/\/paracherkaoui.ma\/index.php\/produit\/dodie-2-sucettes-anatomiques-silicone-6-mois-a28-modele-dinosaure-chat\/","title":{"rendered":"DODIE 2 SUCETTES ANATOMIQUES SILICONE 6 MOIS + A28 MODELE DINOSAURE CHAT"},"content":{"rendered":"<p>D\u00e9velopp\u00e9es avec des experts pour r\u00e9pondre au besoin naturel de succion de votre b\u00e9b\u00e9 et lui apporter une sensation de r\u00e9confort et d&rsquo;apaisement imm\u00e9diats, les Dodie 2 Sucettes Anatomiques Silicone 6 Mois et + s\u00e9duiront votre enfant avec leurs motifs ludiques<\/p>\n","protected":false},"excerpt":{"rendered":"<p>D\u00e9velopp\u00e9es avec des experts pour r\u00e9pondre au besoin naturel de succion de votre b\u00e9b\u00e9 et lui apporter une sensation de<\/p>\n","protected":false},"featured_media":43174,"comment_status":"open","ping_status":"closed","template":"","meta":[],"product_brand":[725],"product_cat":[751],"product_tag":[],"class_list":{"0":"post-43118","1":"product","2":"type-product","3":"status-publish","4":"has-post-thumbnail","6":"product_brand-dodie","7":"product_cat-sucettes-et-attaches-sucettes","9":"first","10":"instock","11":"sale","12":"shipping-taxable","13":"purchasable","14":"product-type-simple"},"yoast_head":"<!-- This site is optimized with the Yoast SEO plugin v26.6 - https:\/\/yoast.com\/wordpress\/plugins\/seo\/ -->\r\n<title>DODIE 2 SUCETTES ANATOMIQUES SILICONE 6 MOIS + A28 MODELE DINOSAURE CHAT - Paracherkaoui.ma<\/title>\r\n<meta name=\"robots\" content=\"index, follow, max-snippet:-1, max-image-preview:large, max-video-preview:-1\" \/>\r\n<link rel=\"canonical\" href=\"https:\/\/paracherkaoui.ma\/index.php\/produit\/dodie-2-sucettes-anatomiques-silicone-6-mois-a28-modele-dinosaure-chat\/\" \/>\r\n<meta property=\"og:locale\" content=\"fr_FR\" \/>\r\n<meta property=\"og:type\" content=\"article\" \/>\r\n<meta property=\"og:title\" content=\"DODIE 2 SUCETTES ANATOMIQUES SILICONE 6 MOIS + A28 MODELE DINOSAURE CHAT - Paracherkaoui.ma\" \/>\r\n<meta property=\"og:description\" content=\"D\u00e9velopp\u00e9es avec des experts pour r\u00e9pondre au besoin naturel de succion de votre b\u00e9b\u00e9 et lui apporter une sensation de\" \/>\r\n<meta property=\"og:url\" content=\"https:\/\/paracherkaoui.ma\/index.php\/produit\/dodie-2-sucettes-anatomiques-silicone-6-mois-a28-modele-dinosaure-chat\/\" \/>\r\n<meta property=\"og:site_name\" content=\"Paracherkaoui.ma\" \/>\r\n<meta property=\"article:modified_time\" content=\"2025-12-12T18:10:25+00:00\" \/>\r\n<meta property=\"og:image\" content=\"https:\/\/paracherkaoui.ma\/wp-content\/uploads\/2025\/12\/dodie-dodie-2-sucettes-anatomiques-silicone-6-mois-a28-modele-dinosaure-chat-sucettes-et-attaches-sucettes.jpg\" \/>\r\n\t<meta property=\"og:image:width\" content=\"700\" \/>\r\n\t<meta property=\"og:image:height\" content=\"700\" \/>\r\n\t<meta property=\"og:image:type\" content=\"image\/jpeg\" \/>\r\n<meta name=\"twitter:card\" content=\"summary_large_image\" \/>\r\n<script type=\"application\/ld+json\" class=\"yoast-schema-graph\">{\"@context\":\"https:\/\/schema.org\",\"@graph\":[{\"@type\":\"WebPage\",\"@id\":\"https:\/\/paracherkaoui.ma\/index.php\/produit\/dodie-2-sucettes-anatomiques-silicone-6-mois-a28-modele-dinosaure-chat\/\",\"url\":\"https:\/\/paracherkaoui.ma\/index.php\/produit\/dodie-2-sucettes-anatomiques-silicone-6-mois-a28-modele-dinosaure-chat\/\",\"name\":\"DODIE 2 SUCETTES ANATOMIQUES SILICONE 6 MOIS + A28 MODELE DINOSAURE CHAT - Paracherkaoui.ma\",\"isPartOf\":{\"@id\":\"https:\/\/paracherkaoui.ma\/#website\"},\"primaryImageOfPage\":{\"@id\":\"https:\/\/paracherkaoui.ma\/index.php\/produit\/dodie-2-sucettes-anatomiques-silicone-6-mois-a28-modele-dinosaure-chat\/#primaryimage\"},\"image\":{\"@id\":\"https:\/\/paracherkaoui.ma\/index.php\/produit\/dodie-2-sucettes-anatomiques-silicone-6-mois-a28-modele-dinosaure-chat\/#primaryimage\"},\"thumbnailUrl\":\"https:\/\/paracherkaoui.ma\/wp-content\/uploads\/2025\/12\/dodie-dodie-2-sucettes-anatomiques-silicone-6-mois-a28-modele-dinosaure-chat-sucettes-et-attaches-sucettes.jpg\",\"datePublished\":\"2025-12-12T18:10:18+00:00\",\"dateModified\":\"2025-12-12T18:10:25+00:00\",\"breadcrumb\":{\"@id\":\"https:\/\/paracherkaoui.ma\/index.php\/produit\/dodie-2-sucettes-anatomiques-silicone-6-mois-a28-modele-dinosaure-chat\/#breadcrumb\"},\"inLanguage\":\"fr-FR\",\"potentialAction\":[{\"@type\":\"ReadAction\",\"target\":[\"https:\/\/paracherkaoui.ma\/index.php\/produit\/dodie-2-sucettes-anatomiques-silicone-6-mois-a28-modele-dinosaure-chat\/\"]}]},{\"@type\":\"ImageObject\",\"inLanguage\":\"fr-FR\",\"@id\":\"https:\/\/paracherkaoui.ma\/index.php\/produit\/dodie-2-sucettes-anatomiques-silicone-6-mois-a28-modele-dinosaure-chat\/#primaryimage\",\"url\":\"https:\/\/paracherkaoui.ma\/wp-content\/uploads\/2025\/12\/dodie-dodie-2-sucettes-anatomiques-silicone-6-mois-a28-modele-dinosaure-chat-sucettes-et-attaches-sucettes.jpg\",\"contentUrl\":\"https:\/\/paracherkaoui.ma\/wp-content\/uploads\/2025\/12\/dodie-dodie-2-sucettes-anatomiques-silicone-6-mois-a28-modele-dinosaure-chat-sucettes-et-attaches-sucettes.jpg\",\"width\":700,\"height\":700},{\"@type\":\"BreadcrumbList\",\"@id\":\"https:\/\/paracherkaoui.ma\/index.php\/produit\/dodie-2-sucettes-anatomiques-silicone-6-mois-a28-modele-dinosaure-chat\/#breadcrumb\",\"itemListElement\":[{\"@type\":\"ListItem\",\"position\":1,\"name\":\"Accueil\",\"item\":\"https:\/\/paracherkaoui.ma\/\"},{\"@type\":\"ListItem\",\"position\":2,\"name\":\"Boutique\",\"item\":\"https:\/\/paracherkaoui.ma\/index.php\/boutique\/\"},{\"@type\":\"ListItem\",\"position\":3,\"name\":\"DODIE 2 SUCETTES ANATOMIQUES SILICONE 6 MOIS + A28 MODELE DINOSAURE CHAT\"}]},{\"@type\":\"WebSite\",\"@id\":\"https:\/\/paracherkaoui.ma\/#website\",\"url\":\"https:\/\/paracherkaoui.ma\/\",\"name\":\"Paracherkaoui.ma\",\"description\":\"Achetez en ligne sur Paracherkaoui.ma\",\"potentialAction\":[{\"@type\":\"SearchAction\",\"target\":{\"@type\":\"EntryPoint\",\"urlTemplate\":\"https:\/\/paracherkaoui.ma\/?s={search_term_string}\"},\"query-input\":{\"@type\":\"PropertyValueSpecification\",\"valueRequired\":true,\"valueName\":\"search_term_string\"}}],\"inLanguage\":\"fr-FR\"}]}<\/script>\r\n<!-- \/ Yoast SEO plugin. -->","yoast_head_json":{"title":"DODIE 2 SUCETTES ANATOMIQUES SILICONE 6 MOIS + A28 MODELE DINOSAURE CHAT - Paracherkaoui.ma","robots":{"index":"index","follow":"follow","max-snippet":"max-snippet:-1","max-image-preview":"max-image-preview:large","max-video-preview":"max-video-preview:-1"},"canonical":"https:\/\/paracherkaoui.ma\/index.php\/produit\/dodie-2-sucettes-anatomiques-silicone-6-mois-a28-modele-dinosaure-chat\/","og_locale":"fr_FR","og_type":"article","og_title":"DODIE 2 SUCETTES ANATOMIQUES SILICONE 6 MOIS + A28 MODELE DINOSAURE CHAT - Paracherkaoui.ma","og_description":"D\u00e9velopp\u00e9es avec des experts pour r\u00e9pondre au besoin naturel de succion de votre b\u00e9b\u00e9 et lui apporter une sensation de","og_url":"https:\/\/paracherkaoui.ma\/index.php\/produit\/dodie-2-sucettes-anatomiques-silicone-6-mois-a28-modele-dinosaure-chat\/","og_site_name":"Paracherkaoui.ma","article_modified_time":"2025-12-12T18:10:25+00:00","og_image":[{"width":700,"height":700,"url":"https:\/\/paracherkaoui.ma\/wp-content\/uploads\/2025\/12\/dodie-dodie-2-sucettes-anatomiques-silicone-6-mois-a28-modele-dinosaure-chat-sucettes-et-attaches-sucettes.jpg","type":"image\/jpeg"}],"twitter_card":"summary_large_image","schema":{"@context":"https:\/\/schema.org","@graph":[{"@type":"WebPage","@id":"https:\/\/paracherkaoui.ma\/index.php\/produit\/dodie-2-sucettes-anatomiques-silicone-6-mois-a28-modele-dinosaure-chat\/","url":"https:\/\/paracherkaoui.ma\/index.php\/produit\/dodie-2-sucettes-anatomiques-silicone-6-mois-a28-modele-dinosaure-chat\/","name":"DODIE 2 SUCETTES ANATOMIQUES SILICONE 6 MOIS + A28 MODELE DINOSAURE CHAT - Paracherkaoui.ma","isPartOf":{"@id":"https:\/\/paracherkaoui.ma\/#website"},"primaryImageOfPage":{"@id":"https:\/\/paracherkaoui.ma\/index.php\/produit\/dodie-2-sucettes-anatomiques-silicone-6-mois-a28-modele-dinosaure-chat\/#primaryimage"},"image":{"@id":"https:\/\/paracherkaoui.ma\/index.php\/produit\/dodie-2-sucettes-anatomiques-silicone-6-mois-a28-modele-dinosaure-chat\/#primaryimage"},"thumbnailUrl":"https:\/\/paracherkaoui.ma\/wp-content\/uploads\/2025\/12\/dodie-dodie-2-sucettes-anatomiques-silicone-6-mois-a28-modele-dinosaure-chat-sucettes-et-attaches-sucettes.jpg","datePublished":"2025-12-12T18:10:18+00:00","dateModified":"2025-12-12T18:10:25+00:00","breadcrumb":{"@id":"https:\/\/paracherkaoui.ma\/index.php\/produit\/dodie-2-sucettes-anatomiques-silicone-6-mois-a28-modele-dinosaure-chat\/#breadcrumb"},"inLanguage":"fr-FR","potentialAction":[{"@type":"ReadAction","target":["https:\/\/paracherkaoui.ma\/index.php\/produit\/dodie-2-sucettes-anatomiques-silicone-6-mois-a28-modele-dinosaure-chat\/"]}]},{"@type":"ImageObject","inLanguage":"fr-FR","@id":"https:\/\/paracherkaoui.ma\/index.php\/produit\/dodie-2-sucettes-anatomiques-silicone-6-mois-a28-modele-dinosaure-chat\/#primaryimage","url":"https:\/\/paracherkaoui.ma\/wp-content\/uploads\/2025\/12\/dodie-dodie-2-sucettes-anatomiques-silicone-6-mois-a28-modele-dinosaure-chat-sucettes-et-attaches-sucettes.jpg","contentUrl":"https:\/\/paracherkaoui.ma\/wp-content\/uploads\/2025\/12\/dodie-dodie-2-sucettes-anatomiques-silicone-6-mois-a28-modele-dinosaure-chat-sucettes-et-attaches-sucettes.jpg","width":700,"height":700},{"@type":"BreadcrumbList","@id":"https:\/\/paracherkaoui.ma\/index.php\/produit\/dodie-2-sucettes-anatomiques-silicone-6-mois-a28-modele-dinosaure-chat\/#breadcrumb","itemListElement":[{"@type":"ListItem","position":1,"name":"Accueil","item":"https:\/\/paracherkaoui.ma\/"},{"@type":"ListItem","position":2,"name":"Boutique","item":"https:\/\/paracherkaoui.ma\/index.php\/boutique\/"},{"@type":"ListItem","position":3,"name":"DODIE 2 SUCETTES ANATOMIQUES SILICONE 6 MOIS + A28 MODELE DINOSAURE CHAT"}]},{"@type":"WebSite","@id":"https:\/\/paracherkaoui.ma\/#website","url":"https:\/\/paracherkaoui.ma\/","name":"Paracherkaoui.ma","description":"Achetez en ligne sur Paracherkaoui.ma","potentialAction":[{"@type":"SearchAction","target":{"@type":"EntryPoint","urlTemplate":"https:\/\/paracherkaoui.ma\/?s={search_term_string}"},"query-input":{"@type":"PropertyValueSpecification","valueRequired":true,"valueName":"search_term_string"}}],"inLanguage":"fr-FR"}]}},"_links":{"self":[{"href":"https:\/\/paracherkaoui.ma\/index.php\/wp-json\/wp\/v2\/product\/43118","targetHints":{"allow":["GET"]}}],"collection":[{"href":"https:\/\/paracherkaoui.ma\/index.php\/wp-json\/wp\/v2\/product"}],"about":[{"href":"https:\/\/paracherkaoui.ma\/index.php\/wp-json\/wp\/v2\/types\/product"}],"replies":[{"embeddable":true,"href":"https:\/\/paracherkaoui.ma\/index.php\/wp-json\/wp\/v2\/comments?post=43118"}],"version-history":[{"count":1,"href":"https:\/\/paracherkaoui.ma\/index.php\/wp-json\/wp\/v2\/product\/43118\/revisions"}],"predecessor-version":[{"id":43175,"href":"https:\/\/paracherkaoui.ma\/index.php\/wp-json\/wp\/v2\/product\/43118\/revisions\/43175"}],"wp:featuredmedia":[{"embeddable":true,"href":"https:\/\/paracherkaoui.ma\/index.php\/wp-json\/wp\/v2\/media\/43174"}],"wp:attachment":[{"href":"https:\/\/paracherkaoui.ma\/index.php\/wp-json\/wp\/v2\/media?parent=43118"}],"wp:term":[{"taxonomy":"product_brand","embeddable":true,"href":"https:\/\/paracherkaoui.ma\/index.php\/wp-json\/wp\/v2\/product_brand?post=43118"},{"taxonomy":"product_cat","embeddable":true,"href":"https:\/\/paracherkaoui.ma\/index.php\/wp-json\/wp\/v2\/product_cat?post=43118"},{"taxonomy":"product_tag","embeddable":true,"href":"https:\/\/paracherkaoui.ma\/index.php\/wp-json\/wp\/v2\/product_tag?post=43118"}],"curies":[{"name":"wp","href":"https:\/\/api.w.org\/{rel}","templated":true}]}}