{"id":43109,"date":"2025-12-12T19:10:18","date_gmt":"2025-12-12T18:10:18","guid":{"rendered":"https:\/\/test.ecbeaute.com\/?post_type=product&#038;p=43109"},"modified":"2025-12-12T19:10:22","modified_gmt":"2025-12-12T18:10:22","slug":"dr-browns-sucette-prevent-6-18-mois-pack-de-2","status":"publish","type":"product","link":"https:\/\/paracherkaoui.ma\/index.php\/produit\/dr-browns-sucette-prevent-6-18-mois-pack-de-2\/","title":{"rendered":"DR BROWNS SUCETTE PREVENT 6-18 MOIS PACK DE 2"},"content":{"rendered":"<p>L&rsquo;apaisement en toute s\u00e9curit\u00e9 n&rsquo;a jamais \u00e9t\u00e9 aussi intelligent ! Les sucettes Contoured Shield Dr. Brown&rsquo;s\u00ae PreVent\u00ae sont aussi adorables qu&rsquo;intelligentes.<br \/>\nAmpoule 100 % silicone con\u00e7ue par un dentiste p\u00e9diatrique pour pr\u00e9venir les probl\u00e8mes dentaires comme les occlusions crois\u00e9es<br \/>\nLe canal d&rsquo;air brevet\u00e9 sans aspiration et la tige fine r\u00e9duisent la pression dans la bouche de b\u00e9b\u00e9<br \/>\nLe bouclier profil\u00e9 est en forme de papillon pour s&rsquo;\u00e9loigner des petites joues et du nez.<br \/>\nTailles pour tous les \u00e2ges de 0 \u00e0 12 mois et plus<br \/>\nAmpoule sans go\u00fbt et sans odeur qui conserve sa forme unique au fil du temps<br \/>\nPasse au lave-vaisselle (panier sup\u00e9rieur) et au st\u00e9rilisateur.<br \/>\nMat\u00e9riau : 100 % silicone et sans BPA<br \/>\n\u00c2ge : 6-18 mois<\/p>\n","protected":false},"excerpt":{"rendered":"<p>L&rsquo;apaisement en toute s\u00e9curit\u00e9 n&rsquo;a jamais \u00e9t\u00e9 aussi intelligent ! Les sucettes Contoured Shield Dr. Brown&rsquo;s\u00ae PreVent\u00ae sont aussi adorables<\/p>\n","protected":false},"featured_media":43156,"comment_status":"open","ping_status":"closed","template":"","meta":[],"product_brand":[740],"product_cat":[751],"product_tag":[],"class_list":{"0":"post-43109","1":"product","2":"type-product","3":"status-publish","4":"has-post-thumbnail","6":"product_brand-dr-browns","7":"product_cat-sucettes-et-attaches-sucettes","9":"first","10":"instock","11":"sale","12":"shipping-taxable","13":"purchasable","14":"product-type-simple"},"yoast_head":"<!-- This site is optimized with the Yoast SEO plugin v26.6 - https:\/\/yoast.com\/wordpress\/plugins\/seo\/ -->\r\n<title>DR BROWNS SUCETTE PREVENT 6-18 MOIS PACK DE 2 - Paracherkaoui.ma<\/title>\r\n<meta name=\"robots\" content=\"index, follow, max-snippet:-1, max-image-preview:large, max-video-preview:-1\" \/>\r\n<link rel=\"canonical\" href=\"https:\/\/paracherkaoui.ma\/index.php\/produit\/dr-browns-sucette-prevent-6-18-mois-pack-de-2\/\" \/>\r\n<meta property=\"og:locale\" content=\"fr_FR\" \/>\r\n<meta property=\"og:type\" content=\"article\" \/>\r\n<meta property=\"og:title\" content=\"DR BROWNS SUCETTE PREVENT 6-18 MOIS PACK DE 2 - Paracherkaoui.ma\" \/>\r\n<meta property=\"og:description\" content=\"L&rsquo;apaisement en toute s\u00e9curit\u00e9 n&rsquo;a jamais \u00e9t\u00e9 aussi intelligent ! Les sucettes Contoured Shield Dr. Brown&rsquo;s\u00ae PreVent\u00ae sont aussi adorables\" \/>\r\n<meta property=\"og:url\" content=\"https:\/\/paracherkaoui.ma\/index.php\/produit\/dr-browns-sucette-prevent-6-18-mois-pack-de-2\/\" \/>\r\n<meta property=\"og:site_name\" content=\"Paracherkaoui.ma\" \/>\r\n<meta property=\"article:modified_time\" content=\"2025-12-12T18:10:22+00:00\" \/>\r\n<meta property=\"og:image\" content=\"https:\/\/paracherkaoui.ma\/wp-content\/uploads\/2025\/12\/dr-browns-dr-browns-sucette-prevent-6-18-mois-pack-de-2-sucettes-et-attaches-sucettes.jpg\" \/>\r\n\t<meta property=\"og:image:width\" content=\"700\" \/>\r\n\t<meta property=\"og:image:height\" content=\"700\" \/>\r\n\t<meta property=\"og:image:type\" content=\"image\/jpeg\" \/>\r\n<meta name=\"twitter:card\" content=\"summary_large_image\" \/>\r\n<meta name=\"twitter:label1\" content=\"Dur\u00e9e de lecture estim\u00e9e\" \/>\n\t<meta name=\"twitter:data1\" content=\"1 minute\" \/>\r\n<script type=\"application\/ld+json\" class=\"yoast-schema-graph\">{\"@context\":\"https:\/\/schema.org\",\"@graph\":[{\"@type\":\"WebPage\",\"@id\":\"https:\/\/paracherkaoui.ma\/index.php\/produit\/dr-browns-sucette-prevent-6-18-mois-pack-de-2\/\",\"url\":\"https:\/\/paracherkaoui.ma\/index.php\/produit\/dr-browns-sucette-prevent-6-18-mois-pack-de-2\/\",\"name\":\"DR BROWNS SUCETTE PREVENT 6-18 MOIS PACK DE 2 - Paracherkaoui.ma\",\"isPartOf\":{\"@id\":\"https:\/\/paracherkaoui.ma\/#website\"},\"primaryImageOfPage\":{\"@id\":\"https:\/\/paracherkaoui.ma\/index.php\/produit\/dr-browns-sucette-prevent-6-18-mois-pack-de-2\/#primaryimage\"},\"image\":{\"@id\":\"https:\/\/paracherkaoui.ma\/index.php\/produit\/dr-browns-sucette-prevent-6-18-mois-pack-de-2\/#primaryimage\"},\"thumbnailUrl\":\"https:\/\/paracherkaoui.ma\/wp-content\/uploads\/2025\/12\/dr-browns-dr-browns-sucette-prevent-6-18-mois-pack-de-2-sucettes-et-attaches-sucettes.jpg\",\"datePublished\":\"2025-12-12T18:10:18+00:00\",\"dateModified\":\"2025-12-12T18:10:22+00:00\",\"breadcrumb\":{\"@id\":\"https:\/\/paracherkaoui.ma\/index.php\/produit\/dr-browns-sucette-prevent-6-18-mois-pack-de-2\/#breadcrumb\"},\"inLanguage\":\"fr-FR\",\"potentialAction\":[{\"@type\":\"ReadAction\",\"target\":[\"https:\/\/paracherkaoui.ma\/index.php\/produit\/dr-browns-sucette-prevent-6-18-mois-pack-de-2\/\"]}]},{\"@type\":\"ImageObject\",\"inLanguage\":\"fr-FR\",\"@id\":\"https:\/\/paracherkaoui.ma\/index.php\/produit\/dr-browns-sucette-prevent-6-18-mois-pack-de-2\/#primaryimage\",\"url\":\"https:\/\/paracherkaoui.ma\/wp-content\/uploads\/2025\/12\/dr-browns-dr-browns-sucette-prevent-6-18-mois-pack-de-2-sucettes-et-attaches-sucettes.jpg\",\"contentUrl\":\"https:\/\/paracherkaoui.ma\/wp-content\/uploads\/2025\/12\/dr-browns-dr-browns-sucette-prevent-6-18-mois-pack-de-2-sucettes-et-attaches-sucettes.jpg\",\"width\":700,\"height\":700},{\"@type\":\"BreadcrumbList\",\"@id\":\"https:\/\/paracherkaoui.ma\/index.php\/produit\/dr-browns-sucette-prevent-6-18-mois-pack-de-2\/#breadcrumb\",\"itemListElement\":[{\"@type\":\"ListItem\",\"position\":1,\"name\":\"Accueil\",\"item\":\"https:\/\/paracherkaoui.ma\/\"},{\"@type\":\"ListItem\",\"position\":2,\"name\":\"Boutique\",\"item\":\"https:\/\/paracherkaoui.ma\/index.php\/boutique\/\"},{\"@type\":\"ListItem\",\"position\":3,\"name\":\"DR BROWNS SUCETTE PREVENT 6-18 MOIS PACK DE 2\"}]},{\"@type\":\"WebSite\",\"@id\":\"https:\/\/paracherkaoui.ma\/#website\",\"url\":\"https:\/\/paracherkaoui.ma\/\",\"name\":\"Paracherkaoui.ma\",\"description\":\"Achetez en ligne sur Paracherkaoui.ma\",\"potentialAction\":[{\"@type\":\"SearchAction\",\"target\":{\"@type\":\"EntryPoint\",\"urlTemplate\":\"https:\/\/paracherkaoui.ma\/?s={search_term_string}\"},\"query-input\":{\"@type\":\"PropertyValueSpecification\",\"valueRequired\":true,\"valueName\":\"search_term_string\"}}],\"inLanguage\":\"fr-FR\"}]}<\/script>\r\n<!-- \/ Yoast SEO plugin. -->","yoast_head_json":{"title":"DR BROWNS SUCETTE PREVENT 6-18 MOIS PACK DE 2 - Paracherkaoui.ma","robots":{"index":"index","follow":"follow","max-snippet":"max-snippet:-1","max-image-preview":"max-image-preview:large","max-video-preview":"max-video-preview:-1"},"canonical":"https:\/\/paracherkaoui.ma\/index.php\/produit\/dr-browns-sucette-prevent-6-18-mois-pack-de-2\/","og_locale":"fr_FR","og_type":"article","og_title":"DR BROWNS SUCETTE PREVENT 6-18 MOIS PACK DE 2 - Paracherkaoui.ma","og_description":"L&rsquo;apaisement en toute s\u00e9curit\u00e9 n&rsquo;a jamais \u00e9t\u00e9 aussi intelligent ! Les sucettes Contoured Shield Dr. Brown&rsquo;s\u00ae PreVent\u00ae sont aussi adorables","og_url":"https:\/\/paracherkaoui.ma\/index.php\/produit\/dr-browns-sucette-prevent-6-18-mois-pack-de-2\/","og_site_name":"Paracherkaoui.ma","article_modified_time":"2025-12-12T18:10:22+00:00","og_image":[{"width":700,"height":700,"url":"https:\/\/paracherkaoui.ma\/wp-content\/uploads\/2025\/12\/dr-browns-dr-browns-sucette-prevent-6-18-mois-pack-de-2-sucettes-et-attaches-sucettes.jpg","type":"image\/jpeg"}],"twitter_card":"summary_large_image","twitter_misc":{"Dur\u00e9e de lecture estim\u00e9e":"1 minute"},"schema":{"@context":"https:\/\/schema.org","@graph":[{"@type":"WebPage","@id":"https:\/\/paracherkaoui.ma\/index.php\/produit\/dr-browns-sucette-prevent-6-18-mois-pack-de-2\/","url":"https:\/\/paracherkaoui.ma\/index.php\/produit\/dr-browns-sucette-prevent-6-18-mois-pack-de-2\/","name":"DR BROWNS SUCETTE PREVENT 6-18 MOIS PACK DE 2 - Paracherkaoui.ma","isPartOf":{"@id":"https:\/\/paracherkaoui.ma\/#website"},"primaryImageOfPage":{"@id":"https:\/\/paracherkaoui.ma\/index.php\/produit\/dr-browns-sucette-prevent-6-18-mois-pack-de-2\/#primaryimage"},"image":{"@id":"https:\/\/paracherkaoui.ma\/index.php\/produit\/dr-browns-sucette-prevent-6-18-mois-pack-de-2\/#primaryimage"},"thumbnailUrl":"https:\/\/paracherkaoui.ma\/wp-content\/uploads\/2025\/12\/dr-browns-dr-browns-sucette-prevent-6-18-mois-pack-de-2-sucettes-et-attaches-sucettes.jpg","datePublished":"2025-12-12T18:10:18+00:00","dateModified":"2025-12-12T18:10:22+00:00","breadcrumb":{"@id":"https:\/\/paracherkaoui.ma\/index.php\/produit\/dr-browns-sucette-prevent-6-18-mois-pack-de-2\/#breadcrumb"},"inLanguage":"fr-FR","potentialAction":[{"@type":"ReadAction","target":["https:\/\/paracherkaoui.ma\/index.php\/produit\/dr-browns-sucette-prevent-6-18-mois-pack-de-2\/"]}]},{"@type":"ImageObject","inLanguage":"fr-FR","@id":"https:\/\/paracherkaoui.ma\/index.php\/produit\/dr-browns-sucette-prevent-6-18-mois-pack-de-2\/#primaryimage","url":"https:\/\/paracherkaoui.ma\/wp-content\/uploads\/2025\/12\/dr-browns-dr-browns-sucette-prevent-6-18-mois-pack-de-2-sucettes-et-attaches-sucettes.jpg","contentUrl":"https:\/\/paracherkaoui.ma\/wp-content\/uploads\/2025\/12\/dr-browns-dr-browns-sucette-prevent-6-18-mois-pack-de-2-sucettes-et-attaches-sucettes.jpg","width":700,"height":700},{"@type":"BreadcrumbList","@id":"https:\/\/paracherkaoui.ma\/index.php\/produit\/dr-browns-sucette-prevent-6-18-mois-pack-de-2\/#breadcrumb","itemListElement":[{"@type":"ListItem","position":1,"name":"Accueil","item":"https:\/\/paracherkaoui.ma\/"},{"@type":"ListItem","position":2,"name":"Boutique","item":"https:\/\/paracherkaoui.ma\/index.php\/boutique\/"},{"@type":"ListItem","position":3,"name":"DR BROWNS SUCETTE PREVENT 6-18 MOIS PACK DE 2"}]},{"@type":"WebSite","@id":"https:\/\/paracherkaoui.ma\/#website","url":"https:\/\/paracherkaoui.ma\/","name":"Paracherkaoui.ma","description":"Achetez en ligne sur Paracherkaoui.ma","potentialAction":[{"@type":"SearchAction","target":{"@type":"EntryPoint","urlTemplate":"https:\/\/paracherkaoui.ma\/?s={search_term_string}"},"query-input":{"@type":"PropertyValueSpecification","valueRequired":true,"valueName":"search_term_string"}}],"inLanguage":"fr-FR"}]}},"_links":{"self":[{"href":"https:\/\/paracherkaoui.ma\/index.php\/wp-json\/wp\/v2\/product\/43109","targetHints":{"allow":["GET"]}}],"collection":[{"href":"https:\/\/paracherkaoui.ma\/index.php\/wp-json\/wp\/v2\/product"}],"about":[{"href":"https:\/\/paracherkaoui.ma\/index.php\/wp-json\/wp\/v2\/types\/product"}],"replies":[{"embeddable":true,"href":"https:\/\/paracherkaoui.ma\/index.php\/wp-json\/wp\/v2\/comments?post=43109"}],"version-history":[{"count":1,"href":"https:\/\/paracherkaoui.ma\/index.php\/wp-json\/wp\/v2\/product\/43109\/revisions"}],"predecessor-version":[{"id":43157,"href":"https:\/\/paracherkaoui.ma\/index.php\/wp-json\/wp\/v2\/product\/43109\/revisions\/43157"}],"wp:featuredmedia":[{"embeddable":true,"href":"https:\/\/paracherkaoui.ma\/index.php\/wp-json\/wp\/v2\/media\/43156"}],"wp:attachment":[{"href":"https:\/\/paracherkaoui.ma\/index.php\/wp-json\/wp\/v2\/media?parent=43109"}],"wp:term":[{"taxonomy":"product_brand","embeddable":true,"href":"https:\/\/paracherkaoui.ma\/index.php\/wp-json\/wp\/v2\/product_brand?post=43109"},{"taxonomy":"product_cat","embeddable":true,"href":"https:\/\/paracherkaoui.ma\/index.php\/wp-json\/wp\/v2\/product_cat?post=43109"},{"taxonomy":"product_tag","embeddable":true,"href":"https:\/\/paracherkaoui.ma\/index.php\/wp-json\/wp\/v2\/product_tag?post=43109"}],"curies":[{"name":"wp","href":"https:\/\/api.w.org\/{rel}","templated":true}]}}