{"id":43097,"date":"2025-12-12T19:10:17","date_gmt":"2025-12-12T18:10:17","guid":{"rendered":"https:\/\/test.ecbeaute.com\/?post_type=product&#038;p=43097"},"modified":"2025-12-12T19:10:20","modified_gmt":"2025-12-12T18:10:20","slug":"dr-browns-sucette-advantage-soother-6-18-mois-pack-de-2","status":"publish","type":"product","link":"https:\/\/paracherkaoui.ma\/index.php\/produit\/dr-browns-sucette-advantage-soother-6-18-mois-pack-de-2\/","title":{"rendered":"DR BROWNS SUCETTE ADVANTAGE SOOTHER 6-18 MOIS PACK DE 2"},"content":{"rendered":"<p>La sucette Dr. Brown&rsquo;s Advantage Soother 6-18 mois est l&rsquo;alli\u00e9e parfaite pour apaiser et satisfaire le besoin naturel de succion de votre b\u00e9b\u00e9. Con\u00e7ue avec une ampoule r\u00e9versible 100 % silicone, cette sucette s&rsquo;adapte parfaitement \u00e0 la bouche de votre enfant, peu importe sa position. Cette particularit\u00e9 en fait une option pratique et confortable, garantissant un ajustement optimal pour le bien-\u00eatre de b\u00e9b\u00e9.<br \/>\nGr\u00e2ce \u00e0 son bouclier sp\u00e9cialement con\u00e7u, cette sucette r\u00e9duit les irritations en permettant \u00e0 la peau sensible de b\u00e9b\u00e9 de respirer. Ainsi, m\u00eame apr\u00e8s des heures d&rsquo;utilisation, la peau reste douce et sans rougeurs. Autre atout incontournable : cette sucette brille dans le noir ! Vous n\u2019aurez plus besoin de chercher d\u00e9sesp\u00e9r\u00e9ment la sucette la nuit, elle se retrouve en un clin d&rsquo;\u0153il.<br \/>\nAdapt\u00e9e aux enfants de 6 \u00e0 18 mois, la sucette Dr. Brown&rsquo;s Advantage accompagne la croissance de b\u00e9b\u00e9 gr\u00e2ce \u00e0 son design en deux \u00e9tapes, con\u00e7u pour s\u2019adapter \u00e0 son visage en d\u00e9veloppement. Sans BPA, sans go\u00fbt ni odeur, elle garantit une exp\u00e9rience de succion agr\u00e9able et s\u00e9curis\u00e9e.<br \/>\nEnfin, cette sucette est facile \u00e0 entretenir : elle se nettoie rapidement au lave-vaisselle ou peut \u00eatre st\u00e9rilis\u00e9e \u00e0 l&rsquo;\u00e9bullition, au micro-ondes ou \u00e0 l&rsquo;aide d\u2019un st\u00e9rilisateur \u00e9lectrique. Avec Dr. Brown\u2019s, b\u00e9b\u00e9 est toujours confort\u00e9, de jour comme de nuit !<br \/>\nConseils d&rsquo;utilisation:<br \/>\nAvant la premi\u00e8re utilisation : St\u00e9rilisez la sucette \u00e0 l\u2019\u00e9bullition ou dans un st\u00e9rilisateur.<br \/>\nNettoyage quotidien : Passez la sucette au lave-vaisselle (panier sup\u00e9rieur) ou st\u00e9rilisez-la apr\u00e8s chaque utilisation.<br \/>\nRemplacement : Changez la sucette tous les deux mois pour une hygi\u00e8ne optimale et la s\u00e9curit\u00e9 de b\u00e9b\u00e9.<\/p>\n","protected":false},"excerpt":{"rendered":"<p>La sucette Dr. Brown&rsquo;s Advantage Soother 6-18 mois est l&rsquo;alli\u00e9e parfaite pour apaiser et satisfaire le besoin naturel de succion<\/p>\n","protected":false},"featured_media":43132,"comment_status":"open","ping_status":"closed","template":"","meta":[],"product_brand":[740],"product_cat":[751],"product_tag":[],"class_list":{"0":"post-43097","1":"product","2":"type-product","3":"status-publish","4":"has-post-thumbnail","6":"product_brand-dr-browns","7":"product_cat-sucettes-et-attaches-sucettes","9":"first","10":"instock","11":"sale","12":"shipping-taxable","13":"purchasable","14":"product-type-simple"},"yoast_head":"<!-- This site is optimized with the Yoast SEO plugin v26.6 - https:\/\/yoast.com\/wordpress\/plugins\/seo\/ -->\r\n<title>DR BROWNS SUCETTE ADVANTAGE SOOTHER 6-18 MOIS PACK DE 2 - Paracherkaoui.ma<\/title>\r\n<meta name=\"robots\" content=\"index, follow, max-snippet:-1, max-image-preview:large, max-video-preview:-1\" \/>\r\n<link rel=\"canonical\" href=\"https:\/\/paracherkaoui.ma\/index.php\/produit\/dr-browns-sucette-advantage-soother-6-18-mois-pack-de-2\/\" \/>\r\n<meta property=\"og:locale\" content=\"fr_FR\" \/>\r\n<meta property=\"og:type\" content=\"article\" \/>\r\n<meta property=\"og:title\" content=\"DR BROWNS SUCETTE ADVANTAGE SOOTHER 6-18 MOIS PACK DE 2 - Paracherkaoui.ma\" \/>\r\n<meta property=\"og:description\" content=\"La sucette Dr. Brown&rsquo;s Advantage Soother 6-18 mois est l&rsquo;alli\u00e9e parfaite pour apaiser et satisfaire le besoin naturel de succion\" \/>\r\n<meta property=\"og:url\" content=\"https:\/\/paracherkaoui.ma\/index.php\/produit\/dr-browns-sucette-advantage-soother-6-18-mois-pack-de-2\/\" \/>\r\n<meta property=\"og:site_name\" content=\"Paracherkaoui.ma\" \/>\r\n<meta property=\"article:modified_time\" content=\"2025-12-12T18:10:20+00:00\" \/>\r\n<meta property=\"og:image\" content=\"https:\/\/paracherkaoui.ma\/wp-content\/uploads\/2025\/12\/dr-browns-sucette-advantage-soother-6-18-mois-pack-de-2.jpg\" \/>\r\n\t<meta property=\"og:image:width\" content=\"700\" \/>\r\n\t<meta property=\"og:image:height\" content=\"700\" \/>\r\n\t<meta property=\"og:image:type\" content=\"image\/jpeg\" \/>\r\n<meta name=\"twitter:card\" content=\"summary_large_image\" \/>\r\n<meta name=\"twitter:label1\" content=\"Dur\u00e9e de lecture estim\u00e9e\" \/>\n\t<meta name=\"twitter:data1\" content=\"1 minute\" \/>\r\n<script type=\"application\/ld+json\" class=\"yoast-schema-graph\">{\"@context\":\"https:\/\/schema.org\",\"@graph\":[{\"@type\":\"WebPage\",\"@id\":\"https:\/\/paracherkaoui.ma\/index.php\/produit\/dr-browns-sucette-advantage-soother-6-18-mois-pack-de-2\/\",\"url\":\"https:\/\/paracherkaoui.ma\/index.php\/produit\/dr-browns-sucette-advantage-soother-6-18-mois-pack-de-2\/\",\"name\":\"DR BROWNS SUCETTE ADVANTAGE SOOTHER 6-18 MOIS PACK DE 2 - Paracherkaoui.ma\",\"isPartOf\":{\"@id\":\"https:\/\/paracherkaoui.ma\/#website\"},\"primaryImageOfPage\":{\"@id\":\"https:\/\/paracherkaoui.ma\/index.php\/produit\/dr-browns-sucette-advantage-soother-6-18-mois-pack-de-2\/#primaryimage\"},\"image\":{\"@id\":\"https:\/\/paracherkaoui.ma\/index.php\/produit\/dr-browns-sucette-advantage-soother-6-18-mois-pack-de-2\/#primaryimage\"},\"thumbnailUrl\":\"https:\/\/paracherkaoui.ma\/wp-content\/uploads\/2025\/12\/dr-browns-sucette-advantage-soother-6-18-mois-pack-de-2.jpg\",\"datePublished\":\"2025-12-12T18:10:17+00:00\",\"dateModified\":\"2025-12-12T18:10:20+00:00\",\"breadcrumb\":{\"@id\":\"https:\/\/paracherkaoui.ma\/index.php\/produit\/dr-browns-sucette-advantage-soother-6-18-mois-pack-de-2\/#breadcrumb\"},\"inLanguage\":\"fr-FR\",\"potentialAction\":[{\"@type\":\"ReadAction\",\"target\":[\"https:\/\/paracherkaoui.ma\/index.php\/produit\/dr-browns-sucette-advantage-soother-6-18-mois-pack-de-2\/\"]}]},{\"@type\":\"ImageObject\",\"inLanguage\":\"fr-FR\",\"@id\":\"https:\/\/paracherkaoui.ma\/index.php\/produit\/dr-browns-sucette-advantage-soother-6-18-mois-pack-de-2\/#primaryimage\",\"url\":\"https:\/\/paracherkaoui.ma\/wp-content\/uploads\/2025\/12\/dr-browns-sucette-advantage-soother-6-18-mois-pack-de-2.jpg\",\"contentUrl\":\"https:\/\/paracherkaoui.ma\/wp-content\/uploads\/2025\/12\/dr-browns-sucette-advantage-soother-6-18-mois-pack-de-2.jpg\",\"width\":700,\"height\":700},{\"@type\":\"BreadcrumbList\",\"@id\":\"https:\/\/paracherkaoui.ma\/index.php\/produit\/dr-browns-sucette-advantage-soother-6-18-mois-pack-de-2\/#breadcrumb\",\"itemListElement\":[{\"@type\":\"ListItem\",\"position\":1,\"name\":\"Accueil\",\"item\":\"https:\/\/paracherkaoui.ma\/\"},{\"@type\":\"ListItem\",\"position\":2,\"name\":\"Boutique\",\"item\":\"https:\/\/paracherkaoui.ma\/index.php\/boutique\/\"},{\"@type\":\"ListItem\",\"position\":3,\"name\":\"DR BROWNS SUCETTE ADVANTAGE SOOTHER 6-18 MOIS PACK DE 2\"}]},{\"@type\":\"WebSite\",\"@id\":\"https:\/\/paracherkaoui.ma\/#website\",\"url\":\"https:\/\/paracherkaoui.ma\/\",\"name\":\"Paracherkaoui.ma\",\"description\":\"Achetez en ligne sur Paracherkaoui.ma\",\"potentialAction\":[{\"@type\":\"SearchAction\",\"target\":{\"@type\":\"EntryPoint\",\"urlTemplate\":\"https:\/\/paracherkaoui.ma\/?s={search_term_string}\"},\"query-input\":{\"@type\":\"PropertyValueSpecification\",\"valueRequired\":true,\"valueName\":\"search_term_string\"}}],\"inLanguage\":\"fr-FR\"}]}<\/script>\r\n<!-- \/ Yoast SEO plugin. -->","yoast_head_json":{"title":"DR BROWNS SUCETTE ADVANTAGE SOOTHER 6-18 MOIS PACK DE 2 - Paracherkaoui.ma","robots":{"index":"index","follow":"follow","max-snippet":"max-snippet:-1","max-image-preview":"max-image-preview:large","max-video-preview":"max-video-preview:-1"},"canonical":"https:\/\/paracherkaoui.ma\/index.php\/produit\/dr-browns-sucette-advantage-soother-6-18-mois-pack-de-2\/","og_locale":"fr_FR","og_type":"article","og_title":"DR BROWNS SUCETTE ADVANTAGE SOOTHER 6-18 MOIS PACK DE 2 - Paracherkaoui.ma","og_description":"La sucette Dr. Brown&rsquo;s Advantage Soother 6-18 mois est l&rsquo;alli\u00e9e parfaite pour apaiser et satisfaire le besoin naturel de succion","og_url":"https:\/\/paracherkaoui.ma\/index.php\/produit\/dr-browns-sucette-advantage-soother-6-18-mois-pack-de-2\/","og_site_name":"Paracherkaoui.ma","article_modified_time":"2025-12-12T18:10:20+00:00","og_image":[{"width":700,"height":700,"url":"https:\/\/paracherkaoui.ma\/wp-content\/uploads\/2025\/12\/dr-browns-sucette-advantage-soother-6-18-mois-pack-de-2.jpg","type":"image\/jpeg"}],"twitter_card":"summary_large_image","twitter_misc":{"Dur\u00e9e de lecture estim\u00e9e":"1 minute"},"schema":{"@context":"https:\/\/schema.org","@graph":[{"@type":"WebPage","@id":"https:\/\/paracherkaoui.ma\/index.php\/produit\/dr-browns-sucette-advantage-soother-6-18-mois-pack-de-2\/","url":"https:\/\/paracherkaoui.ma\/index.php\/produit\/dr-browns-sucette-advantage-soother-6-18-mois-pack-de-2\/","name":"DR BROWNS SUCETTE ADVANTAGE SOOTHER 6-18 MOIS PACK DE 2 - Paracherkaoui.ma","isPartOf":{"@id":"https:\/\/paracherkaoui.ma\/#website"},"primaryImageOfPage":{"@id":"https:\/\/paracherkaoui.ma\/index.php\/produit\/dr-browns-sucette-advantage-soother-6-18-mois-pack-de-2\/#primaryimage"},"image":{"@id":"https:\/\/paracherkaoui.ma\/index.php\/produit\/dr-browns-sucette-advantage-soother-6-18-mois-pack-de-2\/#primaryimage"},"thumbnailUrl":"https:\/\/paracherkaoui.ma\/wp-content\/uploads\/2025\/12\/dr-browns-sucette-advantage-soother-6-18-mois-pack-de-2.jpg","datePublished":"2025-12-12T18:10:17+00:00","dateModified":"2025-12-12T18:10:20+00:00","breadcrumb":{"@id":"https:\/\/paracherkaoui.ma\/index.php\/produit\/dr-browns-sucette-advantage-soother-6-18-mois-pack-de-2\/#breadcrumb"},"inLanguage":"fr-FR","potentialAction":[{"@type":"ReadAction","target":["https:\/\/paracherkaoui.ma\/index.php\/produit\/dr-browns-sucette-advantage-soother-6-18-mois-pack-de-2\/"]}]},{"@type":"ImageObject","inLanguage":"fr-FR","@id":"https:\/\/paracherkaoui.ma\/index.php\/produit\/dr-browns-sucette-advantage-soother-6-18-mois-pack-de-2\/#primaryimage","url":"https:\/\/paracherkaoui.ma\/wp-content\/uploads\/2025\/12\/dr-browns-sucette-advantage-soother-6-18-mois-pack-de-2.jpg","contentUrl":"https:\/\/paracherkaoui.ma\/wp-content\/uploads\/2025\/12\/dr-browns-sucette-advantage-soother-6-18-mois-pack-de-2.jpg","width":700,"height":700},{"@type":"BreadcrumbList","@id":"https:\/\/paracherkaoui.ma\/index.php\/produit\/dr-browns-sucette-advantage-soother-6-18-mois-pack-de-2\/#breadcrumb","itemListElement":[{"@type":"ListItem","position":1,"name":"Accueil","item":"https:\/\/paracherkaoui.ma\/"},{"@type":"ListItem","position":2,"name":"Boutique","item":"https:\/\/paracherkaoui.ma\/index.php\/boutique\/"},{"@type":"ListItem","position":3,"name":"DR BROWNS SUCETTE ADVANTAGE SOOTHER 6-18 MOIS PACK DE 2"}]},{"@type":"WebSite","@id":"https:\/\/paracherkaoui.ma\/#website","url":"https:\/\/paracherkaoui.ma\/","name":"Paracherkaoui.ma","description":"Achetez en ligne sur Paracherkaoui.ma","potentialAction":[{"@type":"SearchAction","target":{"@type":"EntryPoint","urlTemplate":"https:\/\/paracherkaoui.ma\/?s={search_term_string}"},"query-input":{"@type":"PropertyValueSpecification","valueRequired":true,"valueName":"search_term_string"}}],"inLanguage":"fr-FR"}]}},"_links":{"self":[{"href":"https:\/\/paracherkaoui.ma\/index.php\/wp-json\/wp\/v2\/product\/43097","targetHints":{"allow":["GET"]}}],"collection":[{"href":"https:\/\/paracherkaoui.ma\/index.php\/wp-json\/wp\/v2\/product"}],"about":[{"href":"https:\/\/paracherkaoui.ma\/index.php\/wp-json\/wp\/v2\/types\/product"}],"replies":[{"embeddable":true,"href":"https:\/\/paracherkaoui.ma\/index.php\/wp-json\/wp\/v2\/comments?post=43097"}],"version-history":[{"count":1,"href":"https:\/\/paracherkaoui.ma\/index.php\/wp-json\/wp\/v2\/product\/43097\/revisions"}],"predecessor-version":[{"id":43133,"href":"https:\/\/paracherkaoui.ma\/index.php\/wp-json\/wp\/v2\/product\/43097\/revisions\/43133"}],"wp:featuredmedia":[{"embeddable":true,"href":"https:\/\/paracherkaoui.ma\/index.php\/wp-json\/wp\/v2\/media\/43132"}],"wp:attachment":[{"href":"https:\/\/paracherkaoui.ma\/index.php\/wp-json\/wp\/v2\/media?parent=43097"}],"wp:term":[{"taxonomy":"product_brand","embeddable":true,"href":"https:\/\/paracherkaoui.ma\/index.php\/wp-json\/wp\/v2\/product_brand?post=43097"},{"taxonomy":"product_cat","embeddable":true,"href":"https:\/\/paracherkaoui.ma\/index.php\/wp-json\/wp\/v2\/product_cat?post=43097"},{"taxonomy":"product_tag","embeddable":true,"href":"https:\/\/paracherkaoui.ma\/index.php\/wp-json\/wp\/v2\/product_tag?post=43097"}],"curies":[{"name":"wp","href":"https:\/\/api.w.org\/{rel}","templated":true}]}}