{"id":43096,"date":"2025-12-12T19:10:17","date_gmt":"2025-12-12T18:10:17","guid":{"rendered":"https:\/\/test.ecbeaute.com\/?post_type=product&#038;p=43096"},"modified":"2025-12-12T19:10:19","modified_gmt":"2025-12-12T18:10:19","slug":"avent-sucette-orthodontique-ultra-soft-6-a-18-mois-boy","status":"publish","type":"product","link":"https:\/\/paracherkaoui.ma\/index.php\/produit\/avent-sucette-orthodontique-ultra-soft-6-a-18-mois-boy\/","title":{"rendered":"AVENT SUCETTE ORTHODONTIQUE ULTRA SOFT 6 A 18 MOIS BOY"},"content":{"rendered":"<p>Fabriqu\u00e9e avec des mat\u00e9riaux s\u00fbrs et sans BPA, cette sucette est \u00e9quip\u00e9e d\u2019une t\u00e9tine orthodontique qui favorise le bon d\u00e9veloppement buccal, respectant la forme naturelle du palais, des dents et des gencives de b\u00e9b\u00e9. Con\u00e7ue pour r\u00e9pondre aux besoins des gar\u00e7ons, elle est livr\u00e9e en pack de 2, pour une utilisation pratique et \u00e9conomique.<br \/>\nConseils d&rsquo;utilisation<br \/>\nSt\u00e9rilisation : Avant la premi\u00e8re utilisation, faites bouillir les sucettes dans l\u2019eau pendant 5 minutes ou utilisez un st\u00e9rilisateur adapt\u00e9.<br \/>\nNettoyage quotidien : Lavez la sucette \u00e0 l\u2019eau chaude savonneuse ou passez-la au lave-vaisselle (panier sup\u00e9rieur).<br \/>\nV\u00e9rification r\u00e9guli\u00e8re : Inspectez la sucette avant chaque utilisation pour d\u00e9tecter tout signe d\u2019usure.<br \/>\nRemplacement recommand\u00e9 : Changez la sucette toutes les 4 semaines pour assurer une hygi\u00e8ne optimale et \u00e9viter tout risque de d\u00e9t\u00e9rioration.<\/p>\n","protected":false},"excerpt":{"rendered":"<p>Fabriqu\u00e9e avec des mat\u00e9riaux s\u00fbrs et sans BPA, cette sucette est \u00e9quip\u00e9e d\u2019une t\u00e9tine orthodontique qui favorise le bon d\u00e9veloppement<\/p>\n","protected":false},"featured_media":43130,"comment_status":"open","ping_status":"closed","template":"","meta":[],"product_brand":[723],"product_cat":[751],"product_tag":[],"class_list":{"0":"post-43096","1":"product","2":"type-product","3":"status-publish","4":"has-post-thumbnail","6":"product_brand-avent","7":"product_cat-sucettes-et-attaches-sucettes","9":"first","10":"instock","11":"sale","12":"shipping-taxable","13":"purchasable","14":"product-type-simple"},"yoast_head":"<!-- This site is optimized with the Yoast SEO plugin v26.6 - https:\/\/yoast.com\/wordpress\/plugins\/seo\/ -->\r\n<title>AVENT SUCETTE ORTHODONTIQUE ULTRA SOFT 6 A 18 MOIS BOY - Paracherkaoui.ma<\/title>\r\n<meta name=\"robots\" content=\"index, follow, max-snippet:-1, max-image-preview:large, max-video-preview:-1\" \/>\r\n<link rel=\"canonical\" href=\"https:\/\/paracherkaoui.ma\/index.php\/produit\/avent-sucette-orthodontique-ultra-soft-6-a-18-mois-boy\/\" \/>\r\n<meta property=\"og:locale\" content=\"fr_FR\" \/>\r\n<meta property=\"og:type\" content=\"article\" \/>\r\n<meta property=\"og:title\" content=\"AVENT SUCETTE ORTHODONTIQUE ULTRA SOFT 6 A 18 MOIS BOY - Paracherkaoui.ma\" \/>\r\n<meta property=\"og:description\" content=\"Fabriqu\u00e9e avec des mat\u00e9riaux s\u00fbrs et sans BPA, cette sucette est \u00e9quip\u00e9e d\u2019une t\u00e9tine orthodontique qui favorise le bon d\u00e9veloppement\" \/>\r\n<meta property=\"og:url\" content=\"https:\/\/paracherkaoui.ma\/index.php\/produit\/avent-sucette-orthodontique-ultra-soft-6-a-18-mois-boy\/\" \/>\r\n<meta property=\"og:site_name\" content=\"Paracherkaoui.ma\" \/>\r\n<meta property=\"article:modified_time\" content=\"2025-12-12T18:10:19+00:00\" \/>\r\n<meta property=\"og:image\" content=\"https:\/\/paracherkaoui.ma\/wp-content\/uploads\/2025\/12\/avent-avent-sucette-orthodontique-ultra-soft-6-a-18-mois-boy-sucettes-et-attaches-sucettes.jpg\" \/>\r\n\t<meta property=\"og:image:width\" content=\"700\" \/>\r\n\t<meta property=\"og:image:height\" content=\"700\" \/>\r\n\t<meta property=\"og:image:type\" content=\"image\/jpeg\" \/>\r\n<meta name=\"twitter:card\" content=\"summary_large_image\" \/>\r\n<meta name=\"twitter:label1\" content=\"Dur\u00e9e de lecture estim\u00e9e\" \/>\n\t<meta name=\"twitter:data1\" content=\"1 minute\" \/>\r\n<script type=\"application\/ld+json\" class=\"yoast-schema-graph\">{\"@context\":\"https:\/\/schema.org\",\"@graph\":[{\"@type\":\"WebPage\",\"@id\":\"https:\/\/paracherkaoui.ma\/index.php\/produit\/avent-sucette-orthodontique-ultra-soft-6-a-18-mois-boy\/\",\"url\":\"https:\/\/paracherkaoui.ma\/index.php\/produit\/avent-sucette-orthodontique-ultra-soft-6-a-18-mois-boy\/\",\"name\":\"AVENT SUCETTE ORTHODONTIQUE ULTRA SOFT 6 A 18 MOIS BOY - Paracherkaoui.ma\",\"isPartOf\":{\"@id\":\"https:\/\/paracherkaoui.ma\/#website\"},\"primaryImageOfPage\":{\"@id\":\"https:\/\/paracherkaoui.ma\/index.php\/produit\/avent-sucette-orthodontique-ultra-soft-6-a-18-mois-boy\/#primaryimage\"},\"image\":{\"@id\":\"https:\/\/paracherkaoui.ma\/index.php\/produit\/avent-sucette-orthodontique-ultra-soft-6-a-18-mois-boy\/#primaryimage\"},\"thumbnailUrl\":\"https:\/\/paracherkaoui.ma\/wp-content\/uploads\/2025\/12\/avent-avent-sucette-orthodontique-ultra-soft-6-a-18-mois-boy-sucettes-et-attaches-sucettes.jpg\",\"datePublished\":\"2025-12-12T18:10:17+00:00\",\"dateModified\":\"2025-12-12T18:10:19+00:00\",\"breadcrumb\":{\"@id\":\"https:\/\/paracherkaoui.ma\/index.php\/produit\/avent-sucette-orthodontique-ultra-soft-6-a-18-mois-boy\/#breadcrumb\"},\"inLanguage\":\"fr-FR\",\"potentialAction\":[{\"@type\":\"ReadAction\",\"target\":[\"https:\/\/paracherkaoui.ma\/index.php\/produit\/avent-sucette-orthodontique-ultra-soft-6-a-18-mois-boy\/\"]}]},{\"@type\":\"ImageObject\",\"inLanguage\":\"fr-FR\",\"@id\":\"https:\/\/paracherkaoui.ma\/index.php\/produit\/avent-sucette-orthodontique-ultra-soft-6-a-18-mois-boy\/#primaryimage\",\"url\":\"https:\/\/paracherkaoui.ma\/wp-content\/uploads\/2025\/12\/avent-avent-sucette-orthodontique-ultra-soft-6-a-18-mois-boy-sucettes-et-attaches-sucettes.jpg\",\"contentUrl\":\"https:\/\/paracherkaoui.ma\/wp-content\/uploads\/2025\/12\/avent-avent-sucette-orthodontique-ultra-soft-6-a-18-mois-boy-sucettes-et-attaches-sucettes.jpg\",\"width\":700,\"height\":700},{\"@type\":\"BreadcrumbList\",\"@id\":\"https:\/\/paracherkaoui.ma\/index.php\/produit\/avent-sucette-orthodontique-ultra-soft-6-a-18-mois-boy\/#breadcrumb\",\"itemListElement\":[{\"@type\":\"ListItem\",\"position\":1,\"name\":\"Accueil\",\"item\":\"https:\/\/paracherkaoui.ma\/\"},{\"@type\":\"ListItem\",\"position\":2,\"name\":\"Boutique\",\"item\":\"https:\/\/paracherkaoui.ma\/index.php\/boutique\/\"},{\"@type\":\"ListItem\",\"position\":3,\"name\":\"AVENT SUCETTE ORTHODONTIQUE ULTRA SOFT 6 A 18 MOIS BOY\"}]},{\"@type\":\"WebSite\",\"@id\":\"https:\/\/paracherkaoui.ma\/#website\",\"url\":\"https:\/\/paracherkaoui.ma\/\",\"name\":\"Paracherkaoui.ma\",\"description\":\"Achetez en ligne sur Paracherkaoui.ma\",\"potentialAction\":[{\"@type\":\"SearchAction\",\"target\":{\"@type\":\"EntryPoint\",\"urlTemplate\":\"https:\/\/paracherkaoui.ma\/?s={search_term_string}\"},\"query-input\":{\"@type\":\"PropertyValueSpecification\",\"valueRequired\":true,\"valueName\":\"search_term_string\"}}],\"inLanguage\":\"fr-FR\"}]}<\/script>\r\n<!-- \/ Yoast SEO plugin. -->","yoast_head_json":{"title":"AVENT SUCETTE ORTHODONTIQUE ULTRA SOFT 6 A 18 MOIS BOY - Paracherkaoui.ma","robots":{"index":"index","follow":"follow","max-snippet":"max-snippet:-1","max-image-preview":"max-image-preview:large","max-video-preview":"max-video-preview:-1"},"canonical":"https:\/\/paracherkaoui.ma\/index.php\/produit\/avent-sucette-orthodontique-ultra-soft-6-a-18-mois-boy\/","og_locale":"fr_FR","og_type":"article","og_title":"AVENT SUCETTE ORTHODONTIQUE ULTRA SOFT 6 A 18 MOIS BOY - Paracherkaoui.ma","og_description":"Fabriqu\u00e9e avec des mat\u00e9riaux s\u00fbrs et sans BPA, cette sucette est \u00e9quip\u00e9e d\u2019une t\u00e9tine orthodontique qui favorise le bon d\u00e9veloppement","og_url":"https:\/\/paracherkaoui.ma\/index.php\/produit\/avent-sucette-orthodontique-ultra-soft-6-a-18-mois-boy\/","og_site_name":"Paracherkaoui.ma","article_modified_time":"2025-12-12T18:10:19+00:00","og_image":[{"width":700,"height":700,"url":"https:\/\/paracherkaoui.ma\/wp-content\/uploads\/2025\/12\/avent-avent-sucette-orthodontique-ultra-soft-6-a-18-mois-boy-sucettes-et-attaches-sucettes.jpg","type":"image\/jpeg"}],"twitter_card":"summary_large_image","twitter_misc":{"Dur\u00e9e de lecture estim\u00e9e":"1 minute"},"schema":{"@context":"https:\/\/schema.org","@graph":[{"@type":"WebPage","@id":"https:\/\/paracherkaoui.ma\/index.php\/produit\/avent-sucette-orthodontique-ultra-soft-6-a-18-mois-boy\/","url":"https:\/\/paracherkaoui.ma\/index.php\/produit\/avent-sucette-orthodontique-ultra-soft-6-a-18-mois-boy\/","name":"AVENT SUCETTE ORTHODONTIQUE ULTRA SOFT 6 A 18 MOIS BOY - Paracherkaoui.ma","isPartOf":{"@id":"https:\/\/paracherkaoui.ma\/#website"},"primaryImageOfPage":{"@id":"https:\/\/paracherkaoui.ma\/index.php\/produit\/avent-sucette-orthodontique-ultra-soft-6-a-18-mois-boy\/#primaryimage"},"image":{"@id":"https:\/\/paracherkaoui.ma\/index.php\/produit\/avent-sucette-orthodontique-ultra-soft-6-a-18-mois-boy\/#primaryimage"},"thumbnailUrl":"https:\/\/paracherkaoui.ma\/wp-content\/uploads\/2025\/12\/avent-avent-sucette-orthodontique-ultra-soft-6-a-18-mois-boy-sucettes-et-attaches-sucettes.jpg","datePublished":"2025-12-12T18:10:17+00:00","dateModified":"2025-12-12T18:10:19+00:00","breadcrumb":{"@id":"https:\/\/paracherkaoui.ma\/index.php\/produit\/avent-sucette-orthodontique-ultra-soft-6-a-18-mois-boy\/#breadcrumb"},"inLanguage":"fr-FR","potentialAction":[{"@type":"ReadAction","target":["https:\/\/paracherkaoui.ma\/index.php\/produit\/avent-sucette-orthodontique-ultra-soft-6-a-18-mois-boy\/"]}]},{"@type":"ImageObject","inLanguage":"fr-FR","@id":"https:\/\/paracherkaoui.ma\/index.php\/produit\/avent-sucette-orthodontique-ultra-soft-6-a-18-mois-boy\/#primaryimage","url":"https:\/\/paracherkaoui.ma\/wp-content\/uploads\/2025\/12\/avent-avent-sucette-orthodontique-ultra-soft-6-a-18-mois-boy-sucettes-et-attaches-sucettes.jpg","contentUrl":"https:\/\/paracherkaoui.ma\/wp-content\/uploads\/2025\/12\/avent-avent-sucette-orthodontique-ultra-soft-6-a-18-mois-boy-sucettes-et-attaches-sucettes.jpg","width":700,"height":700},{"@type":"BreadcrumbList","@id":"https:\/\/paracherkaoui.ma\/index.php\/produit\/avent-sucette-orthodontique-ultra-soft-6-a-18-mois-boy\/#breadcrumb","itemListElement":[{"@type":"ListItem","position":1,"name":"Accueil","item":"https:\/\/paracherkaoui.ma\/"},{"@type":"ListItem","position":2,"name":"Boutique","item":"https:\/\/paracherkaoui.ma\/index.php\/boutique\/"},{"@type":"ListItem","position":3,"name":"AVENT SUCETTE ORTHODONTIQUE ULTRA SOFT 6 A 18 MOIS BOY"}]},{"@type":"WebSite","@id":"https:\/\/paracherkaoui.ma\/#website","url":"https:\/\/paracherkaoui.ma\/","name":"Paracherkaoui.ma","description":"Achetez en ligne sur Paracherkaoui.ma","potentialAction":[{"@type":"SearchAction","target":{"@type":"EntryPoint","urlTemplate":"https:\/\/paracherkaoui.ma\/?s={search_term_string}"},"query-input":{"@type":"PropertyValueSpecification","valueRequired":true,"valueName":"search_term_string"}}],"inLanguage":"fr-FR"}]}},"_links":{"self":[{"href":"https:\/\/paracherkaoui.ma\/index.php\/wp-json\/wp\/v2\/product\/43096","targetHints":{"allow":["GET"]}}],"collection":[{"href":"https:\/\/paracherkaoui.ma\/index.php\/wp-json\/wp\/v2\/product"}],"about":[{"href":"https:\/\/paracherkaoui.ma\/index.php\/wp-json\/wp\/v2\/types\/product"}],"replies":[{"embeddable":true,"href":"https:\/\/paracherkaoui.ma\/index.php\/wp-json\/wp\/v2\/comments?post=43096"}],"version-history":[{"count":1,"href":"https:\/\/paracherkaoui.ma\/index.php\/wp-json\/wp\/v2\/product\/43096\/revisions"}],"predecessor-version":[{"id":43131,"href":"https:\/\/paracherkaoui.ma\/index.php\/wp-json\/wp\/v2\/product\/43096\/revisions\/43131"}],"wp:featuredmedia":[{"embeddable":true,"href":"https:\/\/paracherkaoui.ma\/index.php\/wp-json\/wp\/v2\/media\/43130"}],"wp:attachment":[{"href":"https:\/\/paracherkaoui.ma\/index.php\/wp-json\/wp\/v2\/media?parent=43096"}],"wp:term":[{"taxonomy":"product_brand","embeddable":true,"href":"https:\/\/paracherkaoui.ma\/index.php\/wp-json\/wp\/v2\/product_brand?post=43096"},{"taxonomy":"product_cat","embeddable":true,"href":"https:\/\/paracherkaoui.ma\/index.php\/wp-json\/wp\/v2\/product_cat?post=43096"},{"taxonomy":"product_tag","embeddable":true,"href":"https:\/\/paracherkaoui.ma\/index.php\/wp-json\/wp\/v2\/product_tag?post=43096"}],"curies":[{"name":"wp","href":"https:\/\/api.w.org\/{rel}","templated":true}]}}