{"id":43095,"date":"2025-12-12T19:10:17","date_gmt":"2025-12-12T18:10:17","guid":{"rendered":"https:\/\/test.ecbeaute.com\/?post_type=product&#038;p=43095"},"modified":"2025-12-12T19:10:19","modified_gmt":"2025-12-12T18:10:19","slug":"bebe-confort-physio-air-confort18-36-mois-petit-chat","status":"publish","type":"product","link":"https:\/\/paracherkaoui.ma\/index.php\/produit\/bebe-confort-physio-air-confort18-36-mois-petit-chat\/","title":{"rendered":"BEBE CONFORT PHYSIO AIR CONFORT18-36 MOIS PETIT CHAT"},"content":{"rendered":"<p>Chez le nourrisson, le r\u00e9flexe de succion est inn\u00e9 et vital.<br \/>\nLa sucette Physio Air Confort de B\u00e9b\u00e9 Confort r\u00e9pond \u00e0 ce besoin gr\u00e2ce \u00e0 sa t\u00e9terelle physiologique qui imite la forme du sein et permet d\u2019apaiser le besoin naturel de succion. Ce nouveau design de sucette propose de grands trous d\u2019a\u00e9ration qui facilitent la circulation d\u2019air et permettent d\u2019\u00e9viter les irritations.<\/p>\n","protected":false},"excerpt":{"rendered":"<p>Chez le nourrisson, le r\u00e9flexe de succion est inn\u00e9 et vital. La sucette Physio Air Confort de B\u00e9b\u00e9 Confort r\u00e9pond<\/p>\n","protected":false},"featured_media":43128,"comment_status":"open","ping_status":"closed","template":"","meta":[],"product_brand":[721],"product_cat":[751],"product_tag":[],"class_list":{"0":"post-43095","1":"product","2":"type-product","3":"status-publish","4":"has-post-thumbnail","6":"product_brand-bebe-confort","7":"product_cat-sucettes-et-attaches-sucettes","9":"first","10":"instock","11":"sale","12":"shipping-taxable","13":"purchasable","14":"product-type-simple"},"yoast_head":"<!-- This site is optimized with the Yoast SEO plugin v26.6 - https:\/\/yoast.com\/wordpress\/plugins\/seo\/ -->\r\n<title>BEBE CONFORT PHYSIO AIR CONFORT18-36 MOIS PETIT CHAT - Paracherkaoui.ma<\/title>\r\n<meta name=\"robots\" content=\"index, follow, max-snippet:-1, max-image-preview:large, max-video-preview:-1\" \/>\r\n<link rel=\"canonical\" href=\"https:\/\/paracherkaoui.ma\/index.php\/produit\/bebe-confort-physio-air-confort18-36-mois-petit-chat\/\" \/>\r\n<meta property=\"og:locale\" content=\"fr_FR\" \/>\r\n<meta property=\"og:type\" content=\"article\" \/>\r\n<meta property=\"og:title\" content=\"BEBE CONFORT PHYSIO AIR CONFORT18-36 MOIS PETIT CHAT - Paracherkaoui.ma\" \/>\r\n<meta property=\"og:description\" content=\"Chez le nourrisson, le r\u00e9flexe de succion est inn\u00e9 et vital. La sucette Physio Air Confort de B\u00e9b\u00e9 Confort r\u00e9pond\" \/>\r\n<meta property=\"og:url\" content=\"https:\/\/paracherkaoui.ma\/index.php\/produit\/bebe-confort-physio-air-confort18-36-mois-petit-chat\/\" \/>\r\n<meta property=\"og:site_name\" content=\"Paracherkaoui.ma\" \/>\r\n<meta property=\"article:modified_time\" content=\"2025-12-12T18:10:19+00:00\" \/>\r\n<meta property=\"og:image\" content=\"https:\/\/paracherkaoui.ma\/wp-content\/uploads\/2025\/12\/bebe-confort-bebe-confort-physio-air-confort18-36-mois-petit-chat-sucettes-et-attaches-sucettes.jpg\" \/>\r\n\t<meta property=\"og:image:width\" content=\"700\" \/>\r\n\t<meta property=\"og:image:height\" content=\"700\" \/>\r\n\t<meta property=\"og:image:type\" content=\"image\/jpeg\" \/>\r\n<meta name=\"twitter:card\" content=\"summary_large_image\" \/>\r\n<script type=\"application\/ld+json\" class=\"yoast-schema-graph\">{\"@context\":\"https:\/\/schema.org\",\"@graph\":[{\"@type\":\"WebPage\",\"@id\":\"https:\/\/paracherkaoui.ma\/index.php\/produit\/bebe-confort-physio-air-confort18-36-mois-petit-chat\/\",\"url\":\"https:\/\/paracherkaoui.ma\/index.php\/produit\/bebe-confort-physio-air-confort18-36-mois-petit-chat\/\",\"name\":\"BEBE CONFORT PHYSIO AIR CONFORT18-36 MOIS PETIT CHAT - Paracherkaoui.ma\",\"isPartOf\":{\"@id\":\"https:\/\/paracherkaoui.ma\/#website\"},\"primaryImageOfPage\":{\"@id\":\"https:\/\/paracherkaoui.ma\/index.php\/produit\/bebe-confort-physio-air-confort18-36-mois-petit-chat\/#primaryimage\"},\"image\":{\"@id\":\"https:\/\/paracherkaoui.ma\/index.php\/produit\/bebe-confort-physio-air-confort18-36-mois-petit-chat\/#primaryimage\"},\"thumbnailUrl\":\"https:\/\/paracherkaoui.ma\/wp-content\/uploads\/2025\/12\/bebe-confort-bebe-confort-physio-air-confort18-36-mois-petit-chat-sucettes-et-attaches-sucettes.jpg\",\"datePublished\":\"2025-12-12T18:10:17+00:00\",\"dateModified\":\"2025-12-12T18:10:19+00:00\",\"breadcrumb\":{\"@id\":\"https:\/\/paracherkaoui.ma\/index.php\/produit\/bebe-confort-physio-air-confort18-36-mois-petit-chat\/#breadcrumb\"},\"inLanguage\":\"fr-FR\",\"potentialAction\":[{\"@type\":\"ReadAction\",\"target\":[\"https:\/\/paracherkaoui.ma\/index.php\/produit\/bebe-confort-physio-air-confort18-36-mois-petit-chat\/\"]}]},{\"@type\":\"ImageObject\",\"inLanguage\":\"fr-FR\",\"@id\":\"https:\/\/paracherkaoui.ma\/index.php\/produit\/bebe-confort-physio-air-confort18-36-mois-petit-chat\/#primaryimage\",\"url\":\"https:\/\/paracherkaoui.ma\/wp-content\/uploads\/2025\/12\/bebe-confort-bebe-confort-physio-air-confort18-36-mois-petit-chat-sucettes-et-attaches-sucettes.jpg\",\"contentUrl\":\"https:\/\/paracherkaoui.ma\/wp-content\/uploads\/2025\/12\/bebe-confort-bebe-confort-physio-air-confort18-36-mois-petit-chat-sucettes-et-attaches-sucettes.jpg\",\"width\":700,\"height\":700},{\"@type\":\"BreadcrumbList\",\"@id\":\"https:\/\/paracherkaoui.ma\/index.php\/produit\/bebe-confort-physio-air-confort18-36-mois-petit-chat\/#breadcrumb\",\"itemListElement\":[{\"@type\":\"ListItem\",\"position\":1,\"name\":\"Accueil\",\"item\":\"https:\/\/paracherkaoui.ma\/\"},{\"@type\":\"ListItem\",\"position\":2,\"name\":\"Boutique\",\"item\":\"https:\/\/paracherkaoui.ma\/index.php\/boutique\/\"},{\"@type\":\"ListItem\",\"position\":3,\"name\":\"BEBE CONFORT PHYSIO AIR CONFORT18-36 MOIS PETIT CHAT\"}]},{\"@type\":\"WebSite\",\"@id\":\"https:\/\/paracherkaoui.ma\/#website\",\"url\":\"https:\/\/paracherkaoui.ma\/\",\"name\":\"Paracherkaoui.ma\",\"description\":\"Achetez en ligne sur Paracherkaoui.ma\",\"potentialAction\":[{\"@type\":\"SearchAction\",\"target\":{\"@type\":\"EntryPoint\",\"urlTemplate\":\"https:\/\/paracherkaoui.ma\/?s={search_term_string}\"},\"query-input\":{\"@type\":\"PropertyValueSpecification\",\"valueRequired\":true,\"valueName\":\"search_term_string\"}}],\"inLanguage\":\"fr-FR\"}]}<\/script>\r\n<!-- \/ Yoast SEO plugin. -->","yoast_head_json":{"title":"BEBE CONFORT PHYSIO AIR CONFORT18-36 MOIS PETIT CHAT - Paracherkaoui.ma","robots":{"index":"index","follow":"follow","max-snippet":"max-snippet:-1","max-image-preview":"max-image-preview:large","max-video-preview":"max-video-preview:-1"},"canonical":"https:\/\/paracherkaoui.ma\/index.php\/produit\/bebe-confort-physio-air-confort18-36-mois-petit-chat\/","og_locale":"fr_FR","og_type":"article","og_title":"BEBE CONFORT PHYSIO AIR CONFORT18-36 MOIS PETIT CHAT - Paracherkaoui.ma","og_description":"Chez le nourrisson, le r\u00e9flexe de succion est inn\u00e9 et vital. La sucette Physio Air Confort de B\u00e9b\u00e9 Confort r\u00e9pond","og_url":"https:\/\/paracherkaoui.ma\/index.php\/produit\/bebe-confort-physio-air-confort18-36-mois-petit-chat\/","og_site_name":"Paracherkaoui.ma","article_modified_time":"2025-12-12T18:10:19+00:00","og_image":[{"width":700,"height":700,"url":"https:\/\/paracherkaoui.ma\/wp-content\/uploads\/2025\/12\/bebe-confort-bebe-confort-physio-air-confort18-36-mois-petit-chat-sucettes-et-attaches-sucettes.jpg","type":"image\/jpeg"}],"twitter_card":"summary_large_image","schema":{"@context":"https:\/\/schema.org","@graph":[{"@type":"WebPage","@id":"https:\/\/paracherkaoui.ma\/index.php\/produit\/bebe-confort-physio-air-confort18-36-mois-petit-chat\/","url":"https:\/\/paracherkaoui.ma\/index.php\/produit\/bebe-confort-physio-air-confort18-36-mois-petit-chat\/","name":"BEBE CONFORT PHYSIO AIR CONFORT18-36 MOIS PETIT CHAT - Paracherkaoui.ma","isPartOf":{"@id":"https:\/\/paracherkaoui.ma\/#website"},"primaryImageOfPage":{"@id":"https:\/\/paracherkaoui.ma\/index.php\/produit\/bebe-confort-physio-air-confort18-36-mois-petit-chat\/#primaryimage"},"image":{"@id":"https:\/\/paracherkaoui.ma\/index.php\/produit\/bebe-confort-physio-air-confort18-36-mois-petit-chat\/#primaryimage"},"thumbnailUrl":"https:\/\/paracherkaoui.ma\/wp-content\/uploads\/2025\/12\/bebe-confort-bebe-confort-physio-air-confort18-36-mois-petit-chat-sucettes-et-attaches-sucettes.jpg","datePublished":"2025-12-12T18:10:17+00:00","dateModified":"2025-12-12T18:10:19+00:00","breadcrumb":{"@id":"https:\/\/paracherkaoui.ma\/index.php\/produit\/bebe-confort-physio-air-confort18-36-mois-petit-chat\/#breadcrumb"},"inLanguage":"fr-FR","potentialAction":[{"@type":"ReadAction","target":["https:\/\/paracherkaoui.ma\/index.php\/produit\/bebe-confort-physio-air-confort18-36-mois-petit-chat\/"]}]},{"@type":"ImageObject","inLanguage":"fr-FR","@id":"https:\/\/paracherkaoui.ma\/index.php\/produit\/bebe-confort-physio-air-confort18-36-mois-petit-chat\/#primaryimage","url":"https:\/\/paracherkaoui.ma\/wp-content\/uploads\/2025\/12\/bebe-confort-bebe-confort-physio-air-confort18-36-mois-petit-chat-sucettes-et-attaches-sucettes.jpg","contentUrl":"https:\/\/paracherkaoui.ma\/wp-content\/uploads\/2025\/12\/bebe-confort-bebe-confort-physio-air-confort18-36-mois-petit-chat-sucettes-et-attaches-sucettes.jpg","width":700,"height":700},{"@type":"BreadcrumbList","@id":"https:\/\/paracherkaoui.ma\/index.php\/produit\/bebe-confort-physio-air-confort18-36-mois-petit-chat\/#breadcrumb","itemListElement":[{"@type":"ListItem","position":1,"name":"Accueil","item":"https:\/\/paracherkaoui.ma\/"},{"@type":"ListItem","position":2,"name":"Boutique","item":"https:\/\/paracherkaoui.ma\/index.php\/boutique\/"},{"@type":"ListItem","position":3,"name":"BEBE CONFORT PHYSIO AIR CONFORT18-36 MOIS PETIT CHAT"}]},{"@type":"WebSite","@id":"https:\/\/paracherkaoui.ma\/#website","url":"https:\/\/paracherkaoui.ma\/","name":"Paracherkaoui.ma","description":"Achetez en ligne sur Paracherkaoui.ma","potentialAction":[{"@type":"SearchAction","target":{"@type":"EntryPoint","urlTemplate":"https:\/\/paracherkaoui.ma\/?s={search_term_string}"},"query-input":{"@type":"PropertyValueSpecification","valueRequired":true,"valueName":"search_term_string"}}],"inLanguage":"fr-FR"}]}},"_links":{"self":[{"href":"https:\/\/paracherkaoui.ma\/index.php\/wp-json\/wp\/v2\/product\/43095","targetHints":{"allow":["GET"]}}],"collection":[{"href":"https:\/\/paracherkaoui.ma\/index.php\/wp-json\/wp\/v2\/product"}],"about":[{"href":"https:\/\/paracherkaoui.ma\/index.php\/wp-json\/wp\/v2\/types\/product"}],"replies":[{"embeddable":true,"href":"https:\/\/paracherkaoui.ma\/index.php\/wp-json\/wp\/v2\/comments?post=43095"}],"version-history":[{"count":1,"href":"https:\/\/paracherkaoui.ma\/index.php\/wp-json\/wp\/v2\/product\/43095\/revisions"}],"predecessor-version":[{"id":43129,"href":"https:\/\/paracherkaoui.ma\/index.php\/wp-json\/wp\/v2\/product\/43095\/revisions\/43129"}],"wp:featuredmedia":[{"embeddable":true,"href":"https:\/\/paracherkaoui.ma\/index.php\/wp-json\/wp\/v2\/media\/43128"}],"wp:attachment":[{"href":"https:\/\/paracherkaoui.ma\/index.php\/wp-json\/wp\/v2\/media?parent=43095"}],"wp:term":[{"taxonomy":"product_brand","embeddable":true,"href":"https:\/\/paracherkaoui.ma\/index.php\/wp-json\/wp\/v2\/product_brand?post=43095"},{"taxonomy":"product_cat","embeddable":true,"href":"https:\/\/paracherkaoui.ma\/index.php\/wp-json\/wp\/v2\/product_cat?post=43095"},{"taxonomy":"product_tag","embeddable":true,"href":"https:\/\/paracherkaoui.ma\/index.php\/wp-json\/wp\/v2\/product_tag?post=43095"}],"curies":[{"name":"wp","href":"https:\/\/api.w.org\/{rel}","templated":true}]}}