{"id":43014,"date":"2025-12-12T19:10:08","date_gmt":"2025-12-12T18:10:08","guid":{"rendered":"https:\/\/test.ecbeaute.com\/?post_type=product&#038;p=43014"},"modified":"2025-12-12T19:10:12","modified_gmt":"2025-12-12T18:10:12","slug":"puressentiel-respiratoir-ok-baume-de-massage-pectoral-enfant-60-ml","status":"publish","type":"product","link":"https:\/\/paracherkaoui.ma\/index.php\/produit\/puressentiel-respiratoir-ok-baume-de-massage-pectoral-enfant-60-ml\/","title":{"rendered":"PURESSENTIEL RESPIRATOIR OK BAUME DE MASSAGE PECTORAL ENFANT 60 ML"},"content":{"rendered":"<p>Apporter le confort et la relaxation \u00e0 votre enfant en lui faisant un petit massage pectoral par le baume Puressentiel. Un produit de qualit\u00e9 qui respecte parfaitement l\u2019\u00e9quilibre \u00e9pidermique de b\u00e9b\u00e9 ainsi que son \u00e9tat asse fragile. En effet, durant l\u2019hiver, mais aussi en d\u2019autres saisons, la temp\u00e9rature peut chuter et favoriser un coup de froid.<br \/>\nPour r\u00e9chauffer votre enfant, Puressentiel a mis au point un baume riche \u00e0 base de composants naturels qui va r\u00e9chauffer l\u2019enfant et lui apporter un soulagement d\u00e8s les premiers froids. Il s\u2019agit du PuressentielResp OK Baume de Massage Pectoral B\u00e9b\u00e9 60ml. Un baume de qualit\u00e9 avec un toucher doux qui va permettre des mouvements de massage l\u00e9gers sur les pectoraux des tous petits.<br \/>\nUn baume r\u00e9chauffant<br \/>\nRiche en huiles v\u00e9g\u00e9tales, le baume Puressentiel va r\u00e9chauffer votre enfant par les mouvements de massage, mais aussi par l\u2019action de ses huiles v\u00e9g\u00e9tales qui vont agir sur le pectoral de l\u2019enfant et lui apporter de la chaleur.<br \/>\nIl s\u2019agit entre autres de l\u2019huile d\u2019amande douce, de l\u2019huile d\u2019olive, du macadamia qui a des vertus hydratantes et nourrissantes de par leur composant riche en vitamines. Gr\u00e2ce \u00e0 l\u2019action de ce baume, le film hydrolipidique de l\u2019enfant sera pr\u00e9serv\u00e9 pour maintenir une meilleure hydratation naturelle et moins de perte en eau.<br \/>\nUn baume \u00e0 base d\u2019huiles essentielles<br \/>\nPar l\u2019action des huiles essentielles pr\u00e9sentent dans ce baume, les voies respiratoires de l\u2019enfant seront d\u00e9gag\u00e9es pour lui permettre une meilleure respiration. Il s\u2019agit entre autres de l\u2019huile essentielle de thym,de palmarosa, de Ravintsara et de sapin de Sib\u00e9rie.<br \/>\nDes plantes aux multiples vertus qui vont agir directement pour r\u00e9tablir le confort de l\u2019enfant en cas de coup de froid en toutes saisons.<br \/>\nUtilisation<br \/>\nAppliquer une noisette de baume (1g) sur le torse de b\u00e9b\u00e9 et masser doucement.<\/p>\n","protected":false},"excerpt":{"rendered":"<p>Apporter le confort et la relaxation \u00e0 votre enfant en lui faisant un petit massage pectoral par le baume Puressentiel.<\/p>\n","protected":false},"featured_media":43056,"comment_status":"open","ping_status":"closed","template":"","meta":[],"product_brand":[204],"product_cat":[749],"product_tag":[],"class_list":{"0":"post-43014","1":"product","2":"type-product","3":"status-publish","4":"has-post-thumbnail","6":"product_brand-puressentiel","7":"product_cat-sommeil-et-detente-bebe-et-enfants","9":"first","10":"instock","11":"sale","12":"shipping-taxable","13":"purchasable","14":"product-type-simple"},"yoast_head":"<!-- This site is optimized with the Yoast SEO plugin v26.6 - https:\/\/yoast.com\/wordpress\/plugins\/seo\/ -->\r\n<title>PURESSENTIEL RESPIRATOIR OK BAUME DE MASSAGE PECTORAL ENFANT 60 ML - Paracherkaoui.ma<\/title>\r\n<meta name=\"robots\" content=\"index, follow, max-snippet:-1, max-image-preview:large, max-video-preview:-1\" \/>\r\n<link rel=\"canonical\" href=\"https:\/\/paracherkaoui.ma\/index.php\/produit\/puressentiel-respiratoir-ok-baume-de-massage-pectoral-enfant-60-ml\/\" \/>\r\n<meta property=\"og:locale\" content=\"fr_FR\" \/>\r\n<meta property=\"og:type\" content=\"article\" \/>\r\n<meta property=\"og:title\" content=\"PURESSENTIEL RESPIRATOIR OK BAUME DE MASSAGE PECTORAL ENFANT 60 ML - Paracherkaoui.ma\" \/>\r\n<meta property=\"og:description\" content=\"Apporter le confort et la relaxation \u00e0 votre enfant en lui faisant un petit massage pectoral par le baume Puressentiel.\" \/>\r\n<meta property=\"og:url\" content=\"https:\/\/paracherkaoui.ma\/index.php\/produit\/puressentiel-respiratoir-ok-baume-de-massage-pectoral-enfant-60-ml\/\" \/>\r\n<meta property=\"og:site_name\" content=\"Paracherkaoui.ma\" \/>\r\n<meta property=\"article:modified_time\" content=\"2025-12-12T18:10:12+00:00\" \/>\r\n<meta property=\"og:image\" content=\"https:\/\/paracherkaoui.ma\/wp-content\/uploads\/2025\/12\/puressentiel-respiratoir-ok-baume-de-massage-pectoral-enfant-60-ml.jpg\" \/>\r\n\t<meta property=\"og:image:width\" content=\"700\" \/>\r\n\t<meta property=\"og:image:height\" content=\"700\" \/>\r\n\t<meta property=\"og:image:type\" content=\"image\/jpeg\" \/>\r\n<meta name=\"twitter:card\" content=\"summary_large_image\" \/>\r\n<meta name=\"twitter:label1\" content=\"Dur\u00e9e de lecture estim\u00e9e\" \/>\n\t<meta name=\"twitter:data1\" content=\"2 minutes\" \/>\r\n<script type=\"application\/ld+json\" class=\"yoast-schema-graph\">{\"@context\":\"https:\/\/schema.org\",\"@graph\":[{\"@type\":\"WebPage\",\"@id\":\"https:\/\/paracherkaoui.ma\/index.php\/produit\/puressentiel-respiratoir-ok-baume-de-massage-pectoral-enfant-60-ml\/\",\"url\":\"https:\/\/paracherkaoui.ma\/index.php\/produit\/puressentiel-respiratoir-ok-baume-de-massage-pectoral-enfant-60-ml\/\",\"name\":\"PURESSENTIEL RESPIRATOIR OK BAUME DE MASSAGE PECTORAL ENFANT 60 ML - Paracherkaoui.ma\",\"isPartOf\":{\"@id\":\"https:\/\/paracherkaoui.ma\/#website\"},\"primaryImageOfPage\":{\"@id\":\"https:\/\/paracherkaoui.ma\/index.php\/produit\/puressentiel-respiratoir-ok-baume-de-massage-pectoral-enfant-60-ml\/#primaryimage\"},\"image\":{\"@id\":\"https:\/\/paracherkaoui.ma\/index.php\/produit\/puressentiel-respiratoir-ok-baume-de-massage-pectoral-enfant-60-ml\/#primaryimage\"},\"thumbnailUrl\":\"https:\/\/paracherkaoui.ma\/wp-content\/uploads\/2025\/12\/puressentiel-respiratoir-ok-baume-de-massage-pectoral-enfant-60-ml.jpg\",\"datePublished\":\"2025-12-12T18:10:08+00:00\",\"dateModified\":\"2025-12-12T18:10:12+00:00\",\"breadcrumb\":{\"@id\":\"https:\/\/paracherkaoui.ma\/index.php\/produit\/puressentiel-respiratoir-ok-baume-de-massage-pectoral-enfant-60-ml\/#breadcrumb\"},\"inLanguage\":\"fr-FR\",\"potentialAction\":[{\"@type\":\"ReadAction\",\"target\":[\"https:\/\/paracherkaoui.ma\/index.php\/produit\/puressentiel-respiratoir-ok-baume-de-massage-pectoral-enfant-60-ml\/\"]}]},{\"@type\":\"ImageObject\",\"inLanguage\":\"fr-FR\",\"@id\":\"https:\/\/paracherkaoui.ma\/index.php\/produit\/puressentiel-respiratoir-ok-baume-de-massage-pectoral-enfant-60-ml\/#primaryimage\",\"url\":\"https:\/\/paracherkaoui.ma\/wp-content\/uploads\/2025\/12\/puressentiel-respiratoir-ok-baume-de-massage-pectoral-enfant-60-ml.jpg\",\"contentUrl\":\"https:\/\/paracherkaoui.ma\/wp-content\/uploads\/2025\/12\/puressentiel-respiratoir-ok-baume-de-massage-pectoral-enfant-60-ml.jpg\",\"width\":700,\"height\":700},{\"@type\":\"BreadcrumbList\",\"@id\":\"https:\/\/paracherkaoui.ma\/index.php\/produit\/puressentiel-respiratoir-ok-baume-de-massage-pectoral-enfant-60-ml\/#breadcrumb\",\"itemListElement\":[{\"@type\":\"ListItem\",\"position\":1,\"name\":\"Accueil\",\"item\":\"https:\/\/paracherkaoui.ma\/\"},{\"@type\":\"ListItem\",\"position\":2,\"name\":\"Boutique\",\"item\":\"https:\/\/paracherkaoui.ma\/index.php\/boutique\/\"},{\"@type\":\"ListItem\",\"position\":3,\"name\":\"PURESSENTIEL RESPIRATOIR OK BAUME DE MASSAGE PECTORAL ENFANT 60 ML\"}]},{\"@type\":\"WebSite\",\"@id\":\"https:\/\/paracherkaoui.ma\/#website\",\"url\":\"https:\/\/paracherkaoui.ma\/\",\"name\":\"Paracherkaoui.ma\",\"description\":\"Achetez en ligne sur Paracherkaoui.ma\",\"potentialAction\":[{\"@type\":\"SearchAction\",\"target\":{\"@type\":\"EntryPoint\",\"urlTemplate\":\"https:\/\/paracherkaoui.ma\/?s={search_term_string}\"},\"query-input\":{\"@type\":\"PropertyValueSpecification\",\"valueRequired\":true,\"valueName\":\"search_term_string\"}}],\"inLanguage\":\"fr-FR\"}]}<\/script>\r\n<!-- \/ Yoast SEO plugin. -->","yoast_head_json":{"title":"PURESSENTIEL RESPIRATOIR OK BAUME DE MASSAGE PECTORAL ENFANT 60 ML - Paracherkaoui.ma","robots":{"index":"index","follow":"follow","max-snippet":"max-snippet:-1","max-image-preview":"max-image-preview:large","max-video-preview":"max-video-preview:-1"},"canonical":"https:\/\/paracherkaoui.ma\/index.php\/produit\/puressentiel-respiratoir-ok-baume-de-massage-pectoral-enfant-60-ml\/","og_locale":"fr_FR","og_type":"article","og_title":"PURESSENTIEL RESPIRATOIR OK BAUME DE MASSAGE PECTORAL ENFANT 60 ML - Paracherkaoui.ma","og_description":"Apporter le confort et la relaxation \u00e0 votre enfant en lui faisant un petit massage pectoral par le baume Puressentiel.","og_url":"https:\/\/paracherkaoui.ma\/index.php\/produit\/puressentiel-respiratoir-ok-baume-de-massage-pectoral-enfant-60-ml\/","og_site_name":"Paracherkaoui.ma","article_modified_time":"2025-12-12T18:10:12+00:00","og_image":[{"width":700,"height":700,"url":"https:\/\/paracherkaoui.ma\/wp-content\/uploads\/2025\/12\/puressentiel-respiratoir-ok-baume-de-massage-pectoral-enfant-60-ml.jpg","type":"image\/jpeg"}],"twitter_card":"summary_large_image","twitter_misc":{"Dur\u00e9e de lecture estim\u00e9e":"2 minutes"},"schema":{"@context":"https:\/\/schema.org","@graph":[{"@type":"WebPage","@id":"https:\/\/paracherkaoui.ma\/index.php\/produit\/puressentiel-respiratoir-ok-baume-de-massage-pectoral-enfant-60-ml\/","url":"https:\/\/paracherkaoui.ma\/index.php\/produit\/puressentiel-respiratoir-ok-baume-de-massage-pectoral-enfant-60-ml\/","name":"PURESSENTIEL RESPIRATOIR OK BAUME DE MASSAGE PECTORAL ENFANT 60 ML - Paracherkaoui.ma","isPartOf":{"@id":"https:\/\/paracherkaoui.ma\/#website"},"primaryImageOfPage":{"@id":"https:\/\/paracherkaoui.ma\/index.php\/produit\/puressentiel-respiratoir-ok-baume-de-massage-pectoral-enfant-60-ml\/#primaryimage"},"image":{"@id":"https:\/\/paracherkaoui.ma\/index.php\/produit\/puressentiel-respiratoir-ok-baume-de-massage-pectoral-enfant-60-ml\/#primaryimage"},"thumbnailUrl":"https:\/\/paracherkaoui.ma\/wp-content\/uploads\/2025\/12\/puressentiel-respiratoir-ok-baume-de-massage-pectoral-enfant-60-ml.jpg","datePublished":"2025-12-12T18:10:08+00:00","dateModified":"2025-12-12T18:10:12+00:00","breadcrumb":{"@id":"https:\/\/paracherkaoui.ma\/index.php\/produit\/puressentiel-respiratoir-ok-baume-de-massage-pectoral-enfant-60-ml\/#breadcrumb"},"inLanguage":"fr-FR","potentialAction":[{"@type":"ReadAction","target":["https:\/\/paracherkaoui.ma\/index.php\/produit\/puressentiel-respiratoir-ok-baume-de-massage-pectoral-enfant-60-ml\/"]}]},{"@type":"ImageObject","inLanguage":"fr-FR","@id":"https:\/\/paracherkaoui.ma\/index.php\/produit\/puressentiel-respiratoir-ok-baume-de-massage-pectoral-enfant-60-ml\/#primaryimage","url":"https:\/\/paracherkaoui.ma\/wp-content\/uploads\/2025\/12\/puressentiel-respiratoir-ok-baume-de-massage-pectoral-enfant-60-ml.jpg","contentUrl":"https:\/\/paracherkaoui.ma\/wp-content\/uploads\/2025\/12\/puressentiel-respiratoir-ok-baume-de-massage-pectoral-enfant-60-ml.jpg","width":700,"height":700},{"@type":"BreadcrumbList","@id":"https:\/\/paracherkaoui.ma\/index.php\/produit\/puressentiel-respiratoir-ok-baume-de-massage-pectoral-enfant-60-ml\/#breadcrumb","itemListElement":[{"@type":"ListItem","position":1,"name":"Accueil","item":"https:\/\/paracherkaoui.ma\/"},{"@type":"ListItem","position":2,"name":"Boutique","item":"https:\/\/paracherkaoui.ma\/index.php\/boutique\/"},{"@type":"ListItem","position":3,"name":"PURESSENTIEL RESPIRATOIR OK BAUME DE MASSAGE PECTORAL ENFANT 60 ML"}]},{"@type":"WebSite","@id":"https:\/\/paracherkaoui.ma\/#website","url":"https:\/\/paracherkaoui.ma\/","name":"Paracherkaoui.ma","description":"Achetez en ligne sur Paracherkaoui.ma","potentialAction":[{"@type":"SearchAction","target":{"@type":"EntryPoint","urlTemplate":"https:\/\/paracherkaoui.ma\/?s={search_term_string}"},"query-input":{"@type":"PropertyValueSpecification","valueRequired":true,"valueName":"search_term_string"}}],"inLanguage":"fr-FR"}]}},"_links":{"self":[{"href":"https:\/\/paracherkaoui.ma\/index.php\/wp-json\/wp\/v2\/product\/43014","targetHints":{"allow":["GET"]}}],"collection":[{"href":"https:\/\/paracherkaoui.ma\/index.php\/wp-json\/wp\/v2\/product"}],"about":[{"href":"https:\/\/paracherkaoui.ma\/index.php\/wp-json\/wp\/v2\/types\/product"}],"replies":[{"embeddable":true,"href":"https:\/\/paracherkaoui.ma\/index.php\/wp-json\/wp\/v2\/comments?post=43014"}],"version-history":[{"count":1,"href":"https:\/\/paracherkaoui.ma\/index.php\/wp-json\/wp\/v2\/product\/43014\/revisions"}],"predecessor-version":[{"id":43057,"href":"https:\/\/paracherkaoui.ma\/index.php\/wp-json\/wp\/v2\/product\/43014\/revisions\/43057"}],"wp:featuredmedia":[{"embeddable":true,"href":"https:\/\/paracherkaoui.ma\/index.php\/wp-json\/wp\/v2\/media\/43056"}],"wp:attachment":[{"href":"https:\/\/paracherkaoui.ma\/index.php\/wp-json\/wp\/v2\/media?parent=43014"}],"wp:term":[{"taxonomy":"product_brand","embeddable":true,"href":"https:\/\/paracherkaoui.ma\/index.php\/wp-json\/wp\/v2\/product_brand?post=43014"},{"taxonomy":"product_cat","embeddable":true,"href":"https:\/\/paracherkaoui.ma\/index.php\/wp-json\/wp\/v2\/product_cat?post=43014"},{"taxonomy":"product_tag","embeddable":true,"href":"https:\/\/paracherkaoui.ma\/index.php\/wp-json\/wp\/v2\/product_tag?post=43014"}],"curies":[{"name":"wp","href":"https:\/\/api.w.org\/{rel}","templated":true}]}}