{"id":43013,"date":"2025-12-12T19:10:08","date_gmt":"2025-12-12T18:10:08","guid":{"rendered":"https:\/\/test.ecbeaute.com\/?post_type=product&#038;p=43013"},"modified":"2025-12-12T19:10:12","modified_gmt":"2025-12-12T18:10:12","slug":"puressentiel-respiratoir-ok-baume-de-massage-pectoral-bebe-30ml","status":"publish","type":"product","link":"https:\/\/paracherkaoui.ma\/index.php\/produit\/puressentiel-respiratoir-ok-baume-de-massage-pectoral-bebe-30ml\/","title":{"rendered":"PURESSENTIEL RESPIRATOIR OK BAUME DE MASSAGE PECTORAL BEBE 30ML"},"content":{"rendered":"<p>PURESSENTIEL<br \/>\nResp Ok<br \/>\nBaume de massage pectoral<br \/>\nOrigine 100% naturelle<br \/>\nR\u00e9chauffant et apaisant<br \/>\nB\u00e9b\u00e9<br \/>\n30ml<\/p>\n<p>La texture fondante de ce\u00a0baume de massage b\u00e9b\u00e9, enrichie en huile v\u00e9g\u00e9tale de tournesol, en cire d&rsquo;abeille et en beurre de karit\u00e9 aux propri\u00e9t\u00e9s hydratantes et nourrissantes procure un massage relaxant, r\u00e9chauffant et apporte au b\u00e9b\u00e9 un confort pectoral apaisant.<br \/>\nSa composition \u00e0 base d&rsquo;huiles essentielles de Thym \u00e0 linalol Bio, de Palmarosa Bio, de Ravintsara Bio ainsi que de Sapin de Sib\u00e9rie, d\u00e9gage des ef\ufb02uves aromatiques puri\ufb01antes, assainissantes id\u00e9ales pour le bien-\u00eatre des tout-petits d\u00e8s 6 mois et d\u00e8s les premiers froids.<br \/>\nConseils d&rsquo;utilisation<br \/>\nAppliquer une noisette de baume (1g) sur le torse de b\u00e9b\u00e9 et masser doucement.<\/p>\n","protected":false},"excerpt":{"rendered":"<p>PURESSENTIEL Resp Ok Baume de massage pectoral Origine 100% naturelle R\u00e9chauffant et apaisant B\u00e9b\u00e9 30ml La texture fondante de ce\u00a0baume<\/p>\n","protected":false},"featured_media":43054,"comment_status":"open","ping_status":"closed","template":"","meta":[],"product_brand":[204],"product_cat":[749],"product_tag":[],"class_list":{"0":"post-43013","1":"product","2":"type-product","3":"status-publish","4":"has-post-thumbnail","6":"product_brand-puressentiel","7":"product_cat-sommeil-et-detente-bebe-et-enfants","9":"first","10":"instock","11":"sale","12":"shipping-taxable","13":"purchasable","14":"product-type-simple"},"yoast_head":"<!-- This site is optimized with the Yoast SEO plugin v26.6 - https:\/\/yoast.com\/wordpress\/plugins\/seo\/ -->\r\n<title>PURESSENTIEL RESPIRATOIR OK BAUME DE MASSAGE PECTORAL BEBE 30ML - Paracherkaoui.ma<\/title>\r\n<meta name=\"robots\" content=\"index, follow, max-snippet:-1, max-image-preview:large, max-video-preview:-1\" \/>\r\n<link rel=\"canonical\" href=\"https:\/\/paracherkaoui.ma\/index.php\/produit\/puressentiel-respiratoir-ok-baume-de-massage-pectoral-bebe-30ml\/\" \/>\r\n<meta property=\"og:locale\" content=\"fr_FR\" \/>\r\n<meta property=\"og:type\" content=\"article\" \/>\r\n<meta property=\"og:title\" content=\"PURESSENTIEL RESPIRATOIR OK BAUME DE MASSAGE PECTORAL BEBE 30ML - Paracherkaoui.ma\" \/>\r\n<meta property=\"og:description\" content=\"PURESSENTIEL Resp Ok Baume de massage pectoral Origine 100% naturelle R\u00e9chauffant et apaisant B\u00e9b\u00e9 30ml La texture fondante de ce\u00a0baume\" \/>\r\n<meta property=\"og:url\" content=\"https:\/\/paracherkaoui.ma\/index.php\/produit\/puressentiel-respiratoir-ok-baume-de-massage-pectoral-bebe-30ml\/\" \/>\r\n<meta property=\"og:site_name\" content=\"Paracherkaoui.ma\" \/>\r\n<meta property=\"article:modified_time\" content=\"2025-12-12T18:10:12+00:00\" \/>\r\n<meta property=\"og:image\" content=\"https:\/\/paracherkaoui.ma\/wp-content\/uploads\/2025\/12\/puressentiel-respiratoir-ok-baume-de-massage-pectoral-bebe-30ml.jpg\" \/>\r\n\t<meta property=\"og:image:width\" content=\"700\" \/>\r\n\t<meta property=\"og:image:height\" content=\"700\" \/>\r\n\t<meta property=\"og:image:type\" content=\"image\/jpeg\" \/>\r\n<meta name=\"twitter:card\" content=\"summary_large_image\" \/>\r\n<meta name=\"twitter:label1\" content=\"Dur\u00e9e de lecture estim\u00e9e\" \/>\n\t<meta name=\"twitter:data1\" content=\"1 minute\" \/>\r\n<script type=\"application\/ld+json\" class=\"yoast-schema-graph\">{\"@context\":\"https:\/\/schema.org\",\"@graph\":[{\"@type\":\"WebPage\",\"@id\":\"https:\/\/paracherkaoui.ma\/index.php\/produit\/puressentiel-respiratoir-ok-baume-de-massage-pectoral-bebe-30ml\/\",\"url\":\"https:\/\/paracherkaoui.ma\/index.php\/produit\/puressentiel-respiratoir-ok-baume-de-massage-pectoral-bebe-30ml\/\",\"name\":\"PURESSENTIEL RESPIRATOIR OK BAUME DE MASSAGE PECTORAL BEBE 30ML - Paracherkaoui.ma\",\"isPartOf\":{\"@id\":\"https:\/\/paracherkaoui.ma\/#website\"},\"primaryImageOfPage\":{\"@id\":\"https:\/\/paracherkaoui.ma\/index.php\/produit\/puressentiel-respiratoir-ok-baume-de-massage-pectoral-bebe-30ml\/#primaryimage\"},\"image\":{\"@id\":\"https:\/\/paracherkaoui.ma\/index.php\/produit\/puressentiel-respiratoir-ok-baume-de-massage-pectoral-bebe-30ml\/#primaryimage\"},\"thumbnailUrl\":\"https:\/\/paracherkaoui.ma\/wp-content\/uploads\/2025\/12\/puressentiel-respiratoir-ok-baume-de-massage-pectoral-bebe-30ml.jpg\",\"datePublished\":\"2025-12-12T18:10:08+00:00\",\"dateModified\":\"2025-12-12T18:10:12+00:00\",\"breadcrumb\":{\"@id\":\"https:\/\/paracherkaoui.ma\/index.php\/produit\/puressentiel-respiratoir-ok-baume-de-massage-pectoral-bebe-30ml\/#breadcrumb\"},\"inLanguage\":\"fr-FR\",\"potentialAction\":[{\"@type\":\"ReadAction\",\"target\":[\"https:\/\/paracherkaoui.ma\/index.php\/produit\/puressentiel-respiratoir-ok-baume-de-massage-pectoral-bebe-30ml\/\"]}]},{\"@type\":\"ImageObject\",\"inLanguage\":\"fr-FR\",\"@id\":\"https:\/\/paracherkaoui.ma\/index.php\/produit\/puressentiel-respiratoir-ok-baume-de-massage-pectoral-bebe-30ml\/#primaryimage\",\"url\":\"https:\/\/paracherkaoui.ma\/wp-content\/uploads\/2025\/12\/puressentiel-respiratoir-ok-baume-de-massage-pectoral-bebe-30ml.jpg\",\"contentUrl\":\"https:\/\/paracherkaoui.ma\/wp-content\/uploads\/2025\/12\/puressentiel-respiratoir-ok-baume-de-massage-pectoral-bebe-30ml.jpg\",\"width\":700,\"height\":700},{\"@type\":\"BreadcrumbList\",\"@id\":\"https:\/\/paracherkaoui.ma\/index.php\/produit\/puressentiel-respiratoir-ok-baume-de-massage-pectoral-bebe-30ml\/#breadcrumb\",\"itemListElement\":[{\"@type\":\"ListItem\",\"position\":1,\"name\":\"Accueil\",\"item\":\"https:\/\/paracherkaoui.ma\/\"},{\"@type\":\"ListItem\",\"position\":2,\"name\":\"Boutique\",\"item\":\"https:\/\/paracherkaoui.ma\/index.php\/boutique\/\"},{\"@type\":\"ListItem\",\"position\":3,\"name\":\"PURESSENTIEL RESPIRATOIR OK BAUME DE MASSAGE PECTORAL BEBE 30ML\"}]},{\"@type\":\"WebSite\",\"@id\":\"https:\/\/paracherkaoui.ma\/#website\",\"url\":\"https:\/\/paracherkaoui.ma\/\",\"name\":\"Paracherkaoui.ma\",\"description\":\"Achetez en ligne sur Paracherkaoui.ma\",\"potentialAction\":[{\"@type\":\"SearchAction\",\"target\":{\"@type\":\"EntryPoint\",\"urlTemplate\":\"https:\/\/paracherkaoui.ma\/?s={search_term_string}\"},\"query-input\":{\"@type\":\"PropertyValueSpecification\",\"valueRequired\":true,\"valueName\":\"search_term_string\"}}],\"inLanguage\":\"fr-FR\"}]}<\/script>\r\n<!-- \/ Yoast SEO plugin. -->","yoast_head_json":{"title":"PURESSENTIEL RESPIRATOIR OK BAUME DE MASSAGE PECTORAL BEBE 30ML - Paracherkaoui.ma","robots":{"index":"index","follow":"follow","max-snippet":"max-snippet:-1","max-image-preview":"max-image-preview:large","max-video-preview":"max-video-preview:-1"},"canonical":"https:\/\/paracherkaoui.ma\/index.php\/produit\/puressentiel-respiratoir-ok-baume-de-massage-pectoral-bebe-30ml\/","og_locale":"fr_FR","og_type":"article","og_title":"PURESSENTIEL RESPIRATOIR OK BAUME DE MASSAGE PECTORAL BEBE 30ML - Paracherkaoui.ma","og_description":"PURESSENTIEL Resp Ok Baume de massage pectoral Origine 100% naturelle R\u00e9chauffant et apaisant B\u00e9b\u00e9 30ml La texture fondante de ce\u00a0baume","og_url":"https:\/\/paracherkaoui.ma\/index.php\/produit\/puressentiel-respiratoir-ok-baume-de-massage-pectoral-bebe-30ml\/","og_site_name":"Paracherkaoui.ma","article_modified_time":"2025-12-12T18:10:12+00:00","og_image":[{"width":700,"height":700,"url":"https:\/\/paracherkaoui.ma\/wp-content\/uploads\/2025\/12\/puressentiel-respiratoir-ok-baume-de-massage-pectoral-bebe-30ml.jpg","type":"image\/jpeg"}],"twitter_card":"summary_large_image","twitter_misc":{"Dur\u00e9e de lecture estim\u00e9e":"1 minute"},"schema":{"@context":"https:\/\/schema.org","@graph":[{"@type":"WebPage","@id":"https:\/\/paracherkaoui.ma\/index.php\/produit\/puressentiel-respiratoir-ok-baume-de-massage-pectoral-bebe-30ml\/","url":"https:\/\/paracherkaoui.ma\/index.php\/produit\/puressentiel-respiratoir-ok-baume-de-massage-pectoral-bebe-30ml\/","name":"PURESSENTIEL RESPIRATOIR OK BAUME DE MASSAGE PECTORAL BEBE 30ML - Paracherkaoui.ma","isPartOf":{"@id":"https:\/\/paracherkaoui.ma\/#website"},"primaryImageOfPage":{"@id":"https:\/\/paracherkaoui.ma\/index.php\/produit\/puressentiel-respiratoir-ok-baume-de-massage-pectoral-bebe-30ml\/#primaryimage"},"image":{"@id":"https:\/\/paracherkaoui.ma\/index.php\/produit\/puressentiel-respiratoir-ok-baume-de-massage-pectoral-bebe-30ml\/#primaryimage"},"thumbnailUrl":"https:\/\/paracherkaoui.ma\/wp-content\/uploads\/2025\/12\/puressentiel-respiratoir-ok-baume-de-massage-pectoral-bebe-30ml.jpg","datePublished":"2025-12-12T18:10:08+00:00","dateModified":"2025-12-12T18:10:12+00:00","breadcrumb":{"@id":"https:\/\/paracherkaoui.ma\/index.php\/produit\/puressentiel-respiratoir-ok-baume-de-massage-pectoral-bebe-30ml\/#breadcrumb"},"inLanguage":"fr-FR","potentialAction":[{"@type":"ReadAction","target":["https:\/\/paracherkaoui.ma\/index.php\/produit\/puressentiel-respiratoir-ok-baume-de-massage-pectoral-bebe-30ml\/"]}]},{"@type":"ImageObject","inLanguage":"fr-FR","@id":"https:\/\/paracherkaoui.ma\/index.php\/produit\/puressentiel-respiratoir-ok-baume-de-massage-pectoral-bebe-30ml\/#primaryimage","url":"https:\/\/paracherkaoui.ma\/wp-content\/uploads\/2025\/12\/puressentiel-respiratoir-ok-baume-de-massage-pectoral-bebe-30ml.jpg","contentUrl":"https:\/\/paracherkaoui.ma\/wp-content\/uploads\/2025\/12\/puressentiel-respiratoir-ok-baume-de-massage-pectoral-bebe-30ml.jpg","width":700,"height":700},{"@type":"BreadcrumbList","@id":"https:\/\/paracherkaoui.ma\/index.php\/produit\/puressentiel-respiratoir-ok-baume-de-massage-pectoral-bebe-30ml\/#breadcrumb","itemListElement":[{"@type":"ListItem","position":1,"name":"Accueil","item":"https:\/\/paracherkaoui.ma\/"},{"@type":"ListItem","position":2,"name":"Boutique","item":"https:\/\/paracherkaoui.ma\/index.php\/boutique\/"},{"@type":"ListItem","position":3,"name":"PURESSENTIEL RESPIRATOIR OK BAUME DE MASSAGE PECTORAL BEBE 30ML"}]},{"@type":"WebSite","@id":"https:\/\/paracherkaoui.ma\/#website","url":"https:\/\/paracherkaoui.ma\/","name":"Paracherkaoui.ma","description":"Achetez en ligne sur Paracherkaoui.ma","potentialAction":[{"@type":"SearchAction","target":{"@type":"EntryPoint","urlTemplate":"https:\/\/paracherkaoui.ma\/?s={search_term_string}"},"query-input":{"@type":"PropertyValueSpecification","valueRequired":true,"valueName":"search_term_string"}}],"inLanguage":"fr-FR"}]}},"_links":{"self":[{"href":"https:\/\/paracherkaoui.ma\/index.php\/wp-json\/wp\/v2\/product\/43013","targetHints":{"allow":["GET"]}}],"collection":[{"href":"https:\/\/paracherkaoui.ma\/index.php\/wp-json\/wp\/v2\/product"}],"about":[{"href":"https:\/\/paracherkaoui.ma\/index.php\/wp-json\/wp\/v2\/types\/product"}],"replies":[{"embeddable":true,"href":"https:\/\/paracherkaoui.ma\/index.php\/wp-json\/wp\/v2\/comments?post=43013"}],"version-history":[{"count":1,"href":"https:\/\/paracherkaoui.ma\/index.php\/wp-json\/wp\/v2\/product\/43013\/revisions"}],"predecessor-version":[{"id":43055,"href":"https:\/\/paracherkaoui.ma\/index.php\/wp-json\/wp\/v2\/product\/43013\/revisions\/43055"}],"wp:featuredmedia":[{"embeddable":true,"href":"https:\/\/paracherkaoui.ma\/index.php\/wp-json\/wp\/v2\/media\/43054"}],"wp:attachment":[{"href":"https:\/\/paracherkaoui.ma\/index.php\/wp-json\/wp\/v2\/media?parent=43013"}],"wp:term":[{"taxonomy":"product_brand","embeddable":true,"href":"https:\/\/paracherkaoui.ma\/index.php\/wp-json\/wp\/v2\/product_brand?post=43013"},{"taxonomy":"product_cat","embeddable":true,"href":"https:\/\/paracherkaoui.ma\/index.php\/wp-json\/wp\/v2\/product_cat?post=43013"},{"taxonomy":"product_tag","embeddable":true,"href":"https:\/\/paracherkaoui.ma\/index.php\/wp-json\/wp\/v2\/product_tag?post=43013"}],"curies":[{"name":"wp","href":"https:\/\/api.w.org\/{rel}","templated":true}]}}