{"id":43011,"date":"2025-12-12T19:10:08","date_gmt":"2025-12-12T18:10:08","guid":{"rendered":"https:\/\/test.ecbeaute.com\/?post_type=product&#038;p=43011"},"modified":"2025-12-12T19:10:12","modified_gmt":"2025-12-12T18:10:12","slug":"puressentiel-detente-baume-de-massage-calmant-bebe-30-ml","status":"publish","type":"product","link":"https:\/\/paracherkaoui.ma\/index.php\/produit\/puressentiel-detente-baume-de-massage-calmant-bebe-30-ml\/","title":{"rendered":"PURESSENTIEL DETENTE BAUME DE MASSAGE CALMANT BEBE 30 ML"},"content":{"rendered":"<p>Puressentiel D\u00e9tente Baume de Massage Calmant B\u00e9b\u00e9 30 ml \u00e0 la texture fondante permet un massage tout en douceur pour hydrater, relaxer et apaiser b\u00e9b\u00e9 d\u00e8s 6 mois.<\/p>\n<p>Enrichie en huiles v\u00e9g\u00e9tales hydratantes et nourrissantes : Amande douce, Olive, Macadamia, P\u00e9pins de Raisin, sa formule contient aussi les huiles essentielles biologiques de Lavande vraie, Orange et Marjolaine et un extrait naturel de Camomille aux vertus calmantes et relaxantes.<br \/>\nUne fois par jour, appliquer une noisette de baume sur le corps de b\u00e9b\u00e9 et masser doucement.<br \/>\nNe pas appliquer sur le visage, le si\u00e8ge et les muqueuses. Ne pas utiliser chez l&rsquo;enfant de moins de 6 mois. Ce produit contient des d\u00e9riv\u00e9s terp\u00e9niques, ne pas utiliser chez les enfants ayant des ant\u00e9c\u00e9dents de convulsion f\u00e9brile ou d&rsquo;\u00e9pilepsie. Se laver les mains apr\u00e8s application.<br \/>\nIndication : Hydrater, relaxer et apaiser b\u00e9b\u00e9 d\u00e8s 6 mois.<\/p>\n","protected":false},"excerpt":{"rendered":"<p>Puressentiel D\u00e9tente Baume de Massage Calmant B\u00e9b\u00e9 30 ml \u00e0 la texture fondante permet un massage tout en douceur pour<\/p>\n","protected":false},"featured_media":43050,"comment_status":"open","ping_status":"closed","template":"","meta":[],"product_brand":[204],"product_cat":[749],"product_tag":[],"class_list":{"0":"post-43011","1":"product","2":"type-product","3":"status-publish","4":"has-post-thumbnail","6":"product_brand-puressentiel","7":"product_cat-sommeil-et-detente-bebe-et-enfants","9":"first","10":"instock","11":"sale","12":"shipping-taxable","13":"purchasable","14":"product-type-simple"},"yoast_head":"<!-- This site is optimized with the Yoast SEO plugin v26.6 - https:\/\/yoast.com\/wordpress\/plugins\/seo\/ -->\r\n<title>PURESSENTIEL DETENTE BAUME DE MASSAGE CALMANT BEBE 30 ML - Paracherkaoui.ma<\/title>\r\n<meta name=\"robots\" content=\"index, follow, max-snippet:-1, max-image-preview:large, max-video-preview:-1\" \/>\r\n<link rel=\"canonical\" href=\"https:\/\/paracherkaoui.ma\/index.php\/produit\/puressentiel-detente-baume-de-massage-calmant-bebe-30-ml\/\" \/>\r\n<meta property=\"og:locale\" content=\"fr_FR\" \/>\r\n<meta property=\"og:type\" content=\"article\" \/>\r\n<meta property=\"og:title\" content=\"PURESSENTIEL DETENTE BAUME DE MASSAGE CALMANT BEBE 30 ML - Paracherkaoui.ma\" \/>\r\n<meta property=\"og:description\" content=\"Puressentiel D\u00e9tente Baume de Massage Calmant B\u00e9b\u00e9 30 ml \u00e0 la texture fondante permet un massage tout en douceur pour\" \/>\r\n<meta property=\"og:url\" content=\"https:\/\/paracherkaoui.ma\/index.php\/produit\/puressentiel-detente-baume-de-massage-calmant-bebe-30-ml\/\" \/>\r\n<meta property=\"og:site_name\" content=\"Paracherkaoui.ma\" \/>\r\n<meta property=\"article:modified_time\" content=\"2025-12-12T18:10:12+00:00\" \/>\r\n<meta property=\"og:image\" content=\"https:\/\/paracherkaoui.ma\/wp-content\/uploads\/2025\/12\/puressentiel-detente-baume-de-massage-calmant-bebe-30-ml.jpg\" \/>\r\n\t<meta property=\"og:image:width\" content=\"700\" \/>\r\n\t<meta property=\"og:image:height\" content=\"700\" \/>\r\n\t<meta property=\"og:image:type\" content=\"image\/jpeg\" \/>\r\n<meta name=\"twitter:card\" content=\"summary_large_image\" \/>\r\n<meta name=\"twitter:label1\" content=\"Dur\u00e9e de lecture estim\u00e9e\" \/>\n\t<meta name=\"twitter:data1\" content=\"1 minute\" \/>\r\n<script type=\"application\/ld+json\" class=\"yoast-schema-graph\">{\"@context\":\"https:\/\/schema.org\",\"@graph\":[{\"@type\":\"WebPage\",\"@id\":\"https:\/\/paracherkaoui.ma\/index.php\/produit\/puressentiel-detente-baume-de-massage-calmant-bebe-30-ml\/\",\"url\":\"https:\/\/paracherkaoui.ma\/index.php\/produit\/puressentiel-detente-baume-de-massage-calmant-bebe-30-ml\/\",\"name\":\"PURESSENTIEL DETENTE BAUME DE MASSAGE CALMANT BEBE 30 ML - Paracherkaoui.ma\",\"isPartOf\":{\"@id\":\"https:\/\/paracherkaoui.ma\/#website\"},\"primaryImageOfPage\":{\"@id\":\"https:\/\/paracherkaoui.ma\/index.php\/produit\/puressentiel-detente-baume-de-massage-calmant-bebe-30-ml\/#primaryimage\"},\"image\":{\"@id\":\"https:\/\/paracherkaoui.ma\/index.php\/produit\/puressentiel-detente-baume-de-massage-calmant-bebe-30-ml\/#primaryimage\"},\"thumbnailUrl\":\"https:\/\/paracherkaoui.ma\/wp-content\/uploads\/2025\/12\/puressentiel-detente-baume-de-massage-calmant-bebe-30-ml.jpg\",\"datePublished\":\"2025-12-12T18:10:08+00:00\",\"dateModified\":\"2025-12-12T18:10:12+00:00\",\"breadcrumb\":{\"@id\":\"https:\/\/paracherkaoui.ma\/index.php\/produit\/puressentiel-detente-baume-de-massage-calmant-bebe-30-ml\/#breadcrumb\"},\"inLanguage\":\"fr-FR\",\"potentialAction\":[{\"@type\":\"ReadAction\",\"target\":[\"https:\/\/paracherkaoui.ma\/index.php\/produit\/puressentiel-detente-baume-de-massage-calmant-bebe-30-ml\/\"]}]},{\"@type\":\"ImageObject\",\"inLanguage\":\"fr-FR\",\"@id\":\"https:\/\/paracherkaoui.ma\/index.php\/produit\/puressentiel-detente-baume-de-massage-calmant-bebe-30-ml\/#primaryimage\",\"url\":\"https:\/\/paracherkaoui.ma\/wp-content\/uploads\/2025\/12\/puressentiel-detente-baume-de-massage-calmant-bebe-30-ml.jpg\",\"contentUrl\":\"https:\/\/paracherkaoui.ma\/wp-content\/uploads\/2025\/12\/puressentiel-detente-baume-de-massage-calmant-bebe-30-ml.jpg\",\"width\":700,\"height\":700},{\"@type\":\"BreadcrumbList\",\"@id\":\"https:\/\/paracherkaoui.ma\/index.php\/produit\/puressentiel-detente-baume-de-massage-calmant-bebe-30-ml\/#breadcrumb\",\"itemListElement\":[{\"@type\":\"ListItem\",\"position\":1,\"name\":\"Accueil\",\"item\":\"https:\/\/paracherkaoui.ma\/\"},{\"@type\":\"ListItem\",\"position\":2,\"name\":\"Boutique\",\"item\":\"https:\/\/paracherkaoui.ma\/index.php\/boutique\/\"},{\"@type\":\"ListItem\",\"position\":3,\"name\":\"PURESSENTIEL DETENTE BAUME DE MASSAGE CALMANT BEBE 30 ML\"}]},{\"@type\":\"WebSite\",\"@id\":\"https:\/\/paracherkaoui.ma\/#website\",\"url\":\"https:\/\/paracherkaoui.ma\/\",\"name\":\"Paracherkaoui.ma\",\"description\":\"Achetez en ligne sur Paracherkaoui.ma\",\"potentialAction\":[{\"@type\":\"SearchAction\",\"target\":{\"@type\":\"EntryPoint\",\"urlTemplate\":\"https:\/\/paracherkaoui.ma\/?s={search_term_string}\"},\"query-input\":{\"@type\":\"PropertyValueSpecification\",\"valueRequired\":true,\"valueName\":\"search_term_string\"}}],\"inLanguage\":\"fr-FR\"}]}<\/script>\r\n<!-- \/ Yoast SEO plugin. -->","yoast_head_json":{"title":"PURESSENTIEL DETENTE BAUME DE MASSAGE CALMANT BEBE 30 ML - Paracherkaoui.ma","robots":{"index":"index","follow":"follow","max-snippet":"max-snippet:-1","max-image-preview":"max-image-preview:large","max-video-preview":"max-video-preview:-1"},"canonical":"https:\/\/paracherkaoui.ma\/index.php\/produit\/puressentiel-detente-baume-de-massage-calmant-bebe-30-ml\/","og_locale":"fr_FR","og_type":"article","og_title":"PURESSENTIEL DETENTE BAUME DE MASSAGE CALMANT BEBE 30 ML - Paracherkaoui.ma","og_description":"Puressentiel D\u00e9tente Baume de Massage Calmant B\u00e9b\u00e9 30 ml \u00e0 la texture fondante permet un massage tout en douceur pour","og_url":"https:\/\/paracherkaoui.ma\/index.php\/produit\/puressentiel-detente-baume-de-massage-calmant-bebe-30-ml\/","og_site_name":"Paracherkaoui.ma","article_modified_time":"2025-12-12T18:10:12+00:00","og_image":[{"width":700,"height":700,"url":"https:\/\/paracherkaoui.ma\/wp-content\/uploads\/2025\/12\/puressentiel-detente-baume-de-massage-calmant-bebe-30-ml.jpg","type":"image\/jpeg"}],"twitter_card":"summary_large_image","twitter_misc":{"Dur\u00e9e de lecture estim\u00e9e":"1 minute"},"schema":{"@context":"https:\/\/schema.org","@graph":[{"@type":"WebPage","@id":"https:\/\/paracherkaoui.ma\/index.php\/produit\/puressentiel-detente-baume-de-massage-calmant-bebe-30-ml\/","url":"https:\/\/paracherkaoui.ma\/index.php\/produit\/puressentiel-detente-baume-de-massage-calmant-bebe-30-ml\/","name":"PURESSENTIEL DETENTE BAUME DE MASSAGE CALMANT BEBE 30 ML - Paracherkaoui.ma","isPartOf":{"@id":"https:\/\/paracherkaoui.ma\/#website"},"primaryImageOfPage":{"@id":"https:\/\/paracherkaoui.ma\/index.php\/produit\/puressentiel-detente-baume-de-massage-calmant-bebe-30-ml\/#primaryimage"},"image":{"@id":"https:\/\/paracherkaoui.ma\/index.php\/produit\/puressentiel-detente-baume-de-massage-calmant-bebe-30-ml\/#primaryimage"},"thumbnailUrl":"https:\/\/paracherkaoui.ma\/wp-content\/uploads\/2025\/12\/puressentiel-detente-baume-de-massage-calmant-bebe-30-ml.jpg","datePublished":"2025-12-12T18:10:08+00:00","dateModified":"2025-12-12T18:10:12+00:00","breadcrumb":{"@id":"https:\/\/paracherkaoui.ma\/index.php\/produit\/puressentiel-detente-baume-de-massage-calmant-bebe-30-ml\/#breadcrumb"},"inLanguage":"fr-FR","potentialAction":[{"@type":"ReadAction","target":["https:\/\/paracherkaoui.ma\/index.php\/produit\/puressentiel-detente-baume-de-massage-calmant-bebe-30-ml\/"]}]},{"@type":"ImageObject","inLanguage":"fr-FR","@id":"https:\/\/paracherkaoui.ma\/index.php\/produit\/puressentiel-detente-baume-de-massage-calmant-bebe-30-ml\/#primaryimage","url":"https:\/\/paracherkaoui.ma\/wp-content\/uploads\/2025\/12\/puressentiel-detente-baume-de-massage-calmant-bebe-30-ml.jpg","contentUrl":"https:\/\/paracherkaoui.ma\/wp-content\/uploads\/2025\/12\/puressentiel-detente-baume-de-massage-calmant-bebe-30-ml.jpg","width":700,"height":700},{"@type":"BreadcrumbList","@id":"https:\/\/paracherkaoui.ma\/index.php\/produit\/puressentiel-detente-baume-de-massage-calmant-bebe-30-ml\/#breadcrumb","itemListElement":[{"@type":"ListItem","position":1,"name":"Accueil","item":"https:\/\/paracherkaoui.ma\/"},{"@type":"ListItem","position":2,"name":"Boutique","item":"https:\/\/paracherkaoui.ma\/index.php\/boutique\/"},{"@type":"ListItem","position":3,"name":"PURESSENTIEL DETENTE BAUME DE MASSAGE CALMANT BEBE 30 ML"}]},{"@type":"WebSite","@id":"https:\/\/paracherkaoui.ma\/#website","url":"https:\/\/paracherkaoui.ma\/","name":"Paracherkaoui.ma","description":"Achetez en ligne sur Paracherkaoui.ma","potentialAction":[{"@type":"SearchAction","target":{"@type":"EntryPoint","urlTemplate":"https:\/\/paracherkaoui.ma\/?s={search_term_string}"},"query-input":{"@type":"PropertyValueSpecification","valueRequired":true,"valueName":"search_term_string"}}],"inLanguage":"fr-FR"}]}},"_links":{"self":[{"href":"https:\/\/paracherkaoui.ma\/index.php\/wp-json\/wp\/v2\/product\/43011","targetHints":{"allow":["GET"]}}],"collection":[{"href":"https:\/\/paracherkaoui.ma\/index.php\/wp-json\/wp\/v2\/product"}],"about":[{"href":"https:\/\/paracherkaoui.ma\/index.php\/wp-json\/wp\/v2\/types\/product"}],"replies":[{"embeddable":true,"href":"https:\/\/paracherkaoui.ma\/index.php\/wp-json\/wp\/v2\/comments?post=43011"}],"version-history":[{"count":1,"href":"https:\/\/paracherkaoui.ma\/index.php\/wp-json\/wp\/v2\/product\/43011\/revisions"}],"predecessor-version":[{"id":43051,"href":"https:\/\/paracherkaoui.ma\/index.php\/wp-json\/wp\/v2\/product\/43011\/revisions\/43051"}],"wp:featuredmedia":[{"embeddable":true,"href":"https:\/\/paracherkaoui.ma\/index.php\/wp-json\/wp\/v2\/media\/43050"}],"wp:attachment":[{"href":"https:\/\/paracherkaoui.ma\/index.php\/wp-json\/wp\/v2\/media?parent=43011"}],"wp:term":[{"taxonomy":"product_brand","embeddable":true,"href":"https:\/\/paracherkaoui.ma\/index.php\/wp-json\/wp\/v2\/product_brand?post=43011"},{"taxonomy":"product_cat","embeddable":true,"href":"https:\/\/paracherkaoui.ma\/index.php\/wp-json\/wp\/v2\/product_cat?post=43011"},{"taxonomy":"product_tag","embeddable":true,"href":"https:\/\/paracherkaoui.ma\/index.php\/wp-json\/wp\/v2\/product_tag?post=43011"}],"curies":[{"name":"wp","href":"https:\/\/api.w.org\/{rel}","templated":true}]}}