{"id":43003,"date":"2025-12-12T19:10:08","date_gmt":"2025-12-12T18:10:08","guid":{"rendered":"https:\/\/test.ecbeaute.com\/?post_type=product&#038;p=43003"},"modified":"2025-12-12T19:10:10","modified_gmt":"2025-12-12T18:10:10","slug":"dr-browns-anneau-de-dentition-flexees-friends-elephant-bleu-3-mois","status":"publish","type":"product","link":"https:\/\/paracherkaoui.ma\/index.php\/produit\/dr-browns-anneau-de-dentition-flexees-friends-elephant-bleu-3-mois\/","title":{"rendered":"DR BROWNS ANNEAU DE DENTITION FLEXEES FRIENDS ELEPHANT BLEU 3 MOIS+"},"content":{"rendered":"<p>L&rsquo;anneau de Dentition de Dr Brown&rsquo;s, con\u00e7u par un dentiste p\u00e9diatre, aide \u00e0 soulager le d\u00e9sagr\u00e9able processus de dentition.<br \/>\nSoulage la douleur en toute s\u00e9curit\u00e9 pendant la dentition.<br \/>\nAppropri\u00e9 pour les b\u00e9b\u00e9s \u00e2g\u00e9s d\u00e9s 3 mois.<br \/>\nPasse au R\u00e9frig\u00e9rateur et au lave-vaisselle.<br \/>\nIl aide votre b\u00e9b\u00e9 \u00e0 soulager le processus ennuyeux de la dentition. Nouveau snappers, ont \u00e9t\u00e9 con\u00e7us par un dentiste p\u00e9diatrique, pour apaiser et r\u00e9conforter pour b\u00e9b\u00e9s dans le processus difficile de la dentition. Ses dimensions sont adapt\u00e9es \u00e0 la bouche du b\u00e9b\u00e9, pour atteindre toutes les zones de d\u00e9veloppement de la mandibule, les molaires et les dents. En outre ils peuvent \u00eatre mis dans le cong\u00e9lateur, car ils gardent leur texture moelleuse et douce, m\u00eame lorsqu&rsquo;ils sont fig\u00e9s. Vivaneau, peut aider \u00e0 soulager l&rsquo;inconfort de la dentition en appliquant une pression variable lorsque vous b\u00e9b\u00e9 mord, masser les gencives de dispersion pression des dents qui sont \u00e0 venir et refroidissement ou somnolant contribuant \u00e0 r\u00e9duire l&rsquo;inflammation.<\/p>\n","protected":false},"excerpt":{"rendered":"<p>L&rsquo;anneau de Dentition de Dr Brown&rsquo;s, con\u00e7u par un dentiste p\u00e9diatre, aide \u00e0 soulager le d\u00e9sagr\u00e9able processus de dentition. Soulage<\/p>\n","protected":false},"featured_media":43034,"comment_status":"open","ping_status":"closed","template":"","meta":[],"product_brand":[740],"product_cat":[747],"product_tag":[],"class_list":{"0":"post-43003","1":"product","2":"type-product","3":"status-publish","4":"has-post-thumbnail","6":"product_brand-dr-browns","7":"product_cat-poussees-dentaires-bebe","9":"first","10":"instock","11":"sale","12":"shipping-taxable","13":"purchasable","14":"product-type-simple"},"yoast_head":"<!-- This site is optimized with the Yoast SEO plugin v26.6 - https:\/\/yoast.com\/wordpress\/plugins\/seo\/ -->\r\n<title>DR BROWNS ANNEAU DE DENTITION FLEXEES FRIENDS ELEPHANT BLEU 3 MOIS+ - Paracherkaoui.ma<\/title>\r\n<meta name=\"robots\" content=\"index, follow, max-snippet:-1, max-image-preview:large, max-video-preview:-1\" \/>\r\n<link rel=\"canonical\" href=\"https:\/\/paracherkaoui.ma\/index.php\/produit\/dr-browns-anneau-de-dentition-flexees-friends-elephant-bleu-3-mois\/\" \/>\r\n<meta property=\"og:locale\" content=\"fr_FR\" \/>\r\n<meta property=\"og:type\" content=\"article\" \/>\r\n<meta property=\"og:title\" content=\"DR BROWNS ANNEAU DE DENTITION FLEXEES FRIENDS ELEPHANT BLEU 3 MOIS+ - Paracherkaoui.ma\" \/>\r\n<meta property=\"og:description\" content=\"L&rsquo;anneau de Dentition de Dr Brown&rsquo;s, con\u00e7u par un dentiste p\u00e9diatre, aide \u00e0 soulager le d\u00e9sagr\u00e9able processus de dentition. Soulage\" \/>\r\n<meta property=\"og:url\" content=\"https:\/\/paracherkaoui.ma\/index.php\/produit\/dr-browns-anneau-de-dentition-flexees-friends-elephant-bleu-3-mois\/\" \/>\r\n<meta property=\"og:site_name\" content=\"Paracherkaoui.ma\" \/>\r\n<meta property=\"article:modified_time\" content=\"2025-12-12T18:10:10+00:00\" \/>\r\n<meta property=\"og:image\" content=\"https:\/\/paracherkaoui.ma\/wp-content\/uploads\/2025\/12\/dr-browns-dr-browns-anneau-de-dentition-flexees-friends-elephant-bleu-3-mois-poussees-dentaires.jpg\" \/>\r\n\t<meta property=\"og:image:width\" content=\"700\" \/>\r\n\t<meta property=\"og:image:height\" content=\"700\" \/>\r\n\t<meta property=\"og:image:type\" content=\"image\/jpeg\" \/>\r\n<meta name=\"twitter:card\" content=\"summary_large_image\" \/>\r\n<meta name=\"twitter:label1\" content=\"Dur\u00e9e de lecture estim\u00e9e\" \/>\n\t<meta name=\"twitter:data1\" content=\"1 minute\" \/>\r\n<script type=\"application\/ld+json\" class=\"yoast-schema-graph\">{\"@context\":\"https:\/\/schema.org\",\"@graph\":[{\"@type\":\"WebPage\",\"@id\":\"https:\/\/paracherkaoui.ma\/index.php\/produit\/dr-browns-anneau-de-dentition-flexees-friends-elephant-bleu-3-mois\/\",\"url\":\"https:\/\/paracherkaoui.ma\/index.php\/produit\/dr-browns-anneau-de-dentition-flexees-friends-elephant-bleu-3-mois\/\",\"name\":\"DR BROWNS ANNEAU DE DENTITION FLEXEES FRIENDS ELEPHANT BLEU 3 MOIS+ - Paracherkaoui.ma\",\"isPartOf\":{\"@id\":\"https:\/\/paracherkaoui.ma\/#website\"},\"primaryImageOfPage\":{\"@id\":\"https:\/\/paracherkaoui.ma\/index.php\/produit\/dr-browns-anneau-de-dentition-flexees-friends-elephant-bleu-3-mois\/#primaryimage\"},\"image\":{\"@id\":\"https:\/\/paracherkaoui.ma\/index.php\/produit\/dr-browns-anneau-de-dentition-flexees-friends-elephant-bleu-3-mois\/#primaryimage\"},\"thumbnailUrl\":\"https:\/\/paracherkaoui.ma\/wp-content\/uploads\/2025\/12\/dr-browns-dr-browns-anneau-de-dentition-flexees-friends-elephant-bleu-3-mois-poussees-dentaires.jpg\",\"datePublished\":\"2025-12-12T18:10:08+00:00\",\"dateModified\":\"2025-12-12T18:10:10+00:00\",\"breadcrumb\":{\"@id\":\"https:\/\/paracherkaoui.ma\/index.php\/produit\/dr-browns-anneau-de-dentition-flexees-friends-elephant-bleu-3-mois\/#breadcrumb\"},\"inLanguage\":\"fr-FR\",\"potentialAction\":[{\"@type\":\"ReadAction\",\"target\":[\"https:\/\/paracherkaoui.ma\/index.php\/produit\/dr-browns-anneau-de-dentition-flexees-friends-elephant-bleu-3-mois\/\"]}]},{\"@type\":\"ImageObject\",\"inLanguage\":\"fr-FR\",\"@id\":\"https:\/\/paracherkaoui.ma\/index.php\/produit\/dr-browns-anneau-de-dentition-flexees-friends-elephant-bleu-3-mois\/#primaryimage\",\"url\":\"https:\/\/paracherkaoui.ma\/wp-content\/uploads\/2025\/12\/dr-browns-dr-browns-anneau-de-dentition-flexees-friends-elephant-bleu-3-mois-poussees-dentaires.jpg\",\"contentUrl\":\"https:\/\/paracherkaoui.ma\/wp-content\/uploads\/2025\/12\/dr-browns-dr-browns-anneau-de-dentition-flexees-friends-elephant-bleu-3-mois-poussees-dentaires.jpg\",\"width\":700,\"height\":700},{\"@type\":\"BreadcrumbList\",\"@id\":\"https:\/\/paracherkaoui.ma\/index.php\/produit\/dr-browns-anneau-de-dentition-flexees-friends-elephant-bleu-3-mois\/#breadcrumb\",\"itemListElement\":[{\"@type\":\"ListItem\",\"position\":1,\"name\":\"Accueil\",\"item\":\"https:\/\/paracherkaoui.ma\/\"},{\"@type\":\"ListItem\",\"position\":2,\"name\":\"Boutique\",\"item\":\"https:\/\/paracherkaoui.ma\/index.php\/boutique\/\"},{\"@type\":\"ListItem\",\"position\":3,\"name\":\"DR BROWNS ANNEAU DE DENTITION FLEXEES FRIENDS ELEPHANT BLEU 3 MOIS+\"}]},{\"@type\":\"WebSite\",\"@id\":\"https:\/\/paracherkaoui.ma\/#website\",\"url\":\"https:\/\/paracherkaoui.ma\/\",\"name\":\"Paracherkaoui.ma\",\"description\":\"Achetez en ligne sur Paracherkaoui.ma\",\"potentialAction\":[{\"@type\":\"SearchAction\",\"target\":{\"@type\":\"EntryPoint\",\"urlTemplate\":\"https:\/\/paracherkaoui.ma\/?s={search_term_string}\"},\"query-input\":{\"@type\":\"PropertyValueSpecification\",\"valueRequired\":true,\"valueName\":\"search_term_string\"}}],\"inLanguage\":\"fr-FR\"}]}<\/script>\r\n<!-- \/ Yoast SEO plugin. -->","yoast_head_json":{"title":"DR BROWNS ANNEAU DE DENTITION FLEXEES FRIENDS ELEPHANT BLEU 3 MOIS+ - Paracherkaoui.ma","robots":{"index":"index","follow":"follow","max-snippet":"max-snippet:-1","max-image-preview":"max-image-preview:large","max-video-preview":"max-video-preview:-1"},"canonical":"https:\/\/paracherkaoui.ma\/index.php\/produit\/dr-browns-anneau-de-dentition-flexees-friends-elephant-bleu-3-mois\/","og_locale":"fr_FR","og_type":"article","og_title":"DR BROWNS ANNEAU DE DENTITION FLEXEES FRIENDS ELEPHANT BLEU 3 MOIS+ - Paracherkaoui.ma","og_description":"L&rsquo;anneau de Dentition de Dr Brown&rsquo;s, con\u00e7u par un dentiste p\u00e9diatre, aide \u00e0 soulager le d\u00e9sagr\u00e9able processus de dentition. Soulage","og_url":"https:\/\/paracherkaoui.ma\/index.php\/produit\/dr-browns-anneau-de-dentition-flexees-friends-elephant-bleu-3-mois\/","og_site_name":"Paracherkaoui.ma","article_modified_time":"2025-12-12T18:10:10+00:00","og_image":[{"width":700,"height":700,"url":"https:\/\/paracherkaoui.ma\/wp-content\/uploads\/2025\/12\/dr-browns-dr-browns-anneau-de-dentition-flexees-friends-elephant-bleu-3-mois-poussees-dentaires.jpg","type":"image\/jpeg"}],"twitter_card":"summary_large_image","twitter_misc":{"Dur\u00e9e de lecture estim\u00e9e":"1 minute"},"schema":{"@context":"https:\/\/schema.org","@graph":[{"@type":"WebPage","@id":"https:\/\/paracherkaoui.ma\/index.php\/produit\/dr-browns-anneau-de-dentition-flexees-friends-elephant-bleu-3-mois\/","url":"https:\/\/paracherkaoui.ma\/index.php\/produit\/dr-browns-anneau-de-dentition-flexees-friends-elephant-bleu-3-mois\/","name":"DR BROWNS ANNEAU DE DENTITION FLEXEES FRIENDS ELEPHANT BLEU 3 MOIS+ - Paracherkaoui.ma","isPartOf":{"@id":"https:\/\/paracherkaoui.ma\/#website"},"primaryImageOfPage":{"@id":"https:\/\/paracherkaoui.ma\/index.php\/produit\/dr-browns-anneau-de-dentition-flexees-friends-elephant-bleu-3-mois\/#primaryimage"},"image":{"@id":"https:\/\/paracherkaoui.ma\/index.php\/produit\/dr-browns-anneau-de-dentition-flexees-friends-elephant-bleu-3-mois\/#primaryimage"},"thumbnailUrl":"https:\/\/paracherkaoui.ma\/wp-content\/uploads\/2025\/12\/dr-browns-dr-browns-anneau-de-dentition-flexees-friends-elephant-bleu-3-mois-poussees-dentaires.jpg","datePublished":"2025-12-12T18:10:08+00:00","dateModified":"2025-12-12T18:10:10+00:00","breadcrumb":{"@id":"https:\/\/paracherkaoui.ma\/index.php\/produit\/dr-browns-anneau-de-dentition-flexees-friends-elephant-bleu-3-mois\/#breadcrumb"},"inLanguage":"fr-FR","potentialAction":[{"@type":"ReadAction","target":["https:\/\/paracherkaoui.ma\/index.php\/produit\/dr-browns-anneau-de-dentition-flexees-friends-elephant-bleu-3-mois\/"]}]},{"@type":"ImageObject","inLanguage":"fr-FR","@id":"https:\/\/paracherkaoui.ma\/index.php\/produit\/dr-browns-anneau-de-dentition-flexees-friends-elephant-bleu-3-mois\/#primaryimage","url":"https:\/\/paracherkaoui.ma\/wp-content\/uploads\/2025\/12\/dr-browns-dr-browns-anneau-de-dentition-flexees-friends-elephant-bleu-3-mois-poussees-dentaires.jpg","contentUrl":"https:\/\/paracherkaoui.ma\/wp-content\/uploads\/2025\/12\/dr-browns-dr-browns-anneau-de-dentition-flexees-friends-elephant-bleu-3-mois-poussees-dentaires.jpg","width":700,"height":700},{"@type":"BreadcrumbList","@id":"https:\/\/paracherkaoui.ma\/index.php\/produit\/dr-browns-anneau-de-dentition-flexees-friends-elephant-bleu-3-mois\/#breadcrumb","itemListElement":[{"@type":"ListItem","position":1,"name":"Accueil","item":"https:\/\/paracherkaoui.ma\/"},{"@type":"ListItem","position":2,"name":"Boutique","item":"https:\/\/paracherkaoui.ma\/index.php\/boutique\/"},{"@type":"ListItem","position":3,"name":"DR BROWNS ANNEAU DE DENTITION FLEXEES FRIENDS ELEPHANT BLEU 3 MOIS+"}]},{"@type":"WebSite","@id":"https:\/\/paracherkaoui.ma\/#website","url":"https:\/\/paracherkaoui.ma\/","name":"Paracherkaoui.ma","description":"Achetez en ligne sur Paracherkaoui.ma","potentialAction":[{"@type":"SearchAction","target":{"@type":"EntryPoint","urlTemplate":"https:\/\/paracherkaoui.ma\/?s={search_term_string}"},"query-input":{"@type":"PropertyValueSpecification","valueRequired":true,"valueName":"search_term_string"}}],"inLanguage":"fr-FR"}]}},"_links":{"self":[{"href":"https:\/\/paracherkaoui.ma\/index.php\/wp-json\/wp\/v2\/product\/43003","targetHints":{"allow":["GET"]}}],"collection":[{"href":"https:\/\/paracherkaoui.ma\/index.php\/wp-json\/wp\/v2\/product"}],"about":[{"href":"https:\/\/paracherkaoui.ma\/index.php\/wp-json\/wp\/v2\/types\/product"}],"replies":[{"embeddable":true,"href":"https:\/\/paracherkaoui.ma\/index.php\/wp-json\/wp\/v2\/comments?post=43003"}],"version-history":[{"count":1,"href":"https:\/\/paracherkaoui.ma\/index.php\/wp-json\/wp\/v2\/product\/43003\/revisions"}],"predecessor-version":[{"id":43035,"href":"https:\/\/paracherkaoui.ma\/index.php\/wp-json\/wp\/v2\/product\/43003\/revisions\/43035"}],"wp:featuredmedia":[{"embeddable":true,"href":"https:\/\/paracherkaoui.ma\/index.php\/wp-json\/wp\/v2\/media\/43034"}],"wp:attachment":[{"href":"https:\/\/paracherkaoui.ma\/index.php\/wp-json\/wp\/v2\/media?parent=43003"}],"wp:term":[{"taxonomy":"product_brand","embeddable":true,"href":"https:\/\/paracherkaoui.ma\/index.php\/wp-json\/wp\/v2\/product_brand?post=43003"},{"taxonomy":"product_cat","embeddable":true,"href":"https:\/\/paracherkaoui.ma\/index.php\/wp-json\/wp\/v2\/product_cat?post=43003"},{"taxonomy":"product_tag","embeddable":true,"href":"https:\/\/paracherkaoui.ma\/index.php\/wp-json\/wp\/v2\/product_tag?post=43003"}],"curies":[{"name":"wp","href":"https:\/\/api.w.org\/{rel}","templated":true}]}}