{"id":43002,"date":"2025-12-12T19:10:07","date_gmt":"2025-12-12T18:10:07","guid":{"rendered":"https:\/\/test.ecbeaute.com\/?post_type=product&#038;p=43002"},"modified":"2025-12-12T19:10:10","modified_gmt":"2025-12-12T18:10:10","slug":"dr-browns-anneau-de-dentition-ananas-aqua-cool-3-mois-plus","status":"publish","type":"product","link":"https:\/\/paracherkaoui.ma\/index.php\/produit\/dr-browns-anneau-de-dentition-ananas-aqua-cool-3-mois-plus\/","title":{"rendered":"DR BROWNS ANNEAU DE DENTITION ANANAS AQUA COOL 3 MOIS PLUS"},"content":{"rendered":"<p>L&rsquo;anneau de dentition est dot\u00e9 de surfaces douces et r\u00e9sistantes qui supportent les mastications les plus vigoureuses. Les surfaces textur\u00e9es de l&rsquo;anneau massent les gencives et soulagent efficacement la pression caus\u00e9e par la pouss\u00e9e dentaire. Con\u00e7u de mani\u00e8re ergonomique, cet anneau est facile \u00e0 tenir pour les petites mains, permettant \u00e0 b\u00e9b\u00e9 d&rsquo;atteindre m\u00eame les zones de dentition les plus difficiles d&rsquo;acc\u00e8s.<br \/>\nEn plus de ses propri\u00e9t\u00e9s apaisantes, l&rsquo;anneau de dentition Ananas Aqua Cool pr\u00e9sente des couleurs vives et un design attrayant en forme d&rsquo;ananas, stimulant ainsi les sens de b\u00e9b\u00e9. Vous pouvez \u00e9galement placer l&rsquo;anneau au r\u00e9frig\u00e9rateur pour offrir un soulagement suppl\u00e9mentaire par le froid. Cela en fait un outil indispensable pour le confort de votre b\u00e9b\u00e9 pendant les p\u00e9riodes de pouss\u00e9e dentaire.<br \/>\nCONSEIL D\u2019UTILISATION<br \/>\nAvant chaque utilisation, lavez l&rsquo;anneau \u00e0 l&rsquo;eau ti\u00e8de savonneuse et rincez-le bien. Placez l&rsquo;anneau de dentition au r\u00e9frig\u00e9rateur pour un effet rafra\u00eechissant suppl\u00e9mentaire.\u00a0 Inspectez toujours le produit avant utilisation pour d\u00e9tecter tout signe d&rsquo;usure. Si des dommages sont pr\u00e9sents, jetez l&rsquo;anneau. Convient pour la st\u00e9rilisation au four \u00e0 micro-ondes, au st\u00e9rilisateur et \u00e0 l&rsquo;eau bouillante. Passe \u00e9galement au lave-vaisselle dans le panier sup\u00e9rieur.<\/p>\n","protected":false},"excerpt":{"rendered":"<p>L&rsquo;anneau de dentition est dot\u00e9 de surfaces douces et r\u00e9sistantes qui supportent les mastications les plus vigoureuses. Les surfaces textur\u00e9es<\/p>\n","protected":false},"featured_media":43032,"comment_status":"open","ping_status":"closed","template":"","meta":[],"product_brand":[740],"product_cat":[747],"product_tag":[],"class_list":{"0":"post-43002","1":"product","2":"type-product","3":"status-publish","4":"has-post-thumbnail","6":"product_brand-dr-browns","7":"product_cat-poussees-dentaires-bebe","9":"first","10":"instock","11":"sale","12":"shipping-taxable","13":"purchasable","14":"product-type-simple"},"yoast_head":"<!-- This site is optimized with the Yoast SEO plugin v26.6 - https:\/\/yoast.com\/wordpress\/plugins\/seo\/ -->\r\n<title>DR BROWNS ANNEAU DE DENTITION ANANAS AQUA COOL 3 MOIS PLUS - Paracherkaoui.ma<\/title>\r\n<meta name=\"robots\" content=\"index, follow, max-snippet:-1, max-image-preview:large, max-video-preview:-1\" \/>\r\n<link rel=\"canonical\" href=\"https:\/\/paracherkaoui.ma\/index.php\/produit\/dr-browns-anneau-de-dentition-ananas-aqua-cool-3-mois-plus\/\" \/>\r\n<meta property=\"og:locale\" content=\"fr_FR\" \/>\r\n<meta property=\"og:type\" content=\"article\" \/>\r\n<meta property=\"og:title\" content=\"DR BROWNS ANNEAU DE DENTITION ANANAS AQUA COOL 3 MOIS PLUS - Paracherkaoui.ma\" \/>\r\n<meta property=\"og:description\" content=\"L&rsquo;anneau de dentition est dot\u00e9 de surfaces douces et r\u00e9sistantes qui supportent les mastications les plus vigoureuses. Les surfaces textur\u00e9es\" \/>\r\n<meta property=\"og:url\" content=\"https:\/\/paracherkaoui.ma\/index.php\/produit\/dr-browns-anneau-de-dentition-ananas-aqua-cool-3-mois-plus\/\" \/>\r\n<meta property=\"og:site_name\" content=\"Paracherkaoui.ma\" \/>\r\n<meta property=\"article:modified_time\" content=\"2025-12-12T18:10:10+00:00\" \/>\r\n<meta property=\"og:image\" content=\"https:\/\/paracherkaoui.ma\/wp-content\/uploads\/2025\/12\/dr-browns-dr-browns-anneau-de-dentition-ananas-aqua-cool-3-mois-plus-poussees-dentaires.jpg\" \/>\r\n\t<meta property=\"og:image:width\" content=\"700\" \/>\r\n\t<meta property=\"og:image:height\" content=\"700\" \/>\r\n\t<meta property=\"og:image:type\" content=\"image\/jpeg\" \/>\r\n<meta name=\"twitter:card\" content=\"summary_large_image\" \/>\r\n<meta name=\"twitter:label1\" content=\"Dur\u00e9e de lecture estim\u00e9e\" \/>\n\t<meta name=\"twitter:data1\" content=\"1 minute\" \/>\r\n<script type=\"application\/ld+json\" class=\"yoast-schema-graph\">{\"@context\":\"https:\/\/schema.org\",\"@graph\":[{\"@type\":\"WebPage\",\"@id\":\"https:\/\/paracherkaoui.ma\/index.php\/produit\/dr-browns-anneau-de-dentition-ananas-aqua-cool-3-mois-plus\/\",\"url\":\"https:\/\/paracherkaoui.ma\/index.php\/produit\/dr-browns-anneau-de-dentition-ananas-aqua-cool-3-mois-plus\/\",\"name\":\"DR BROWNS ANNEAU DE DENTITION ANANAS AQUA COOL 3 MOIS PLUS - Paracherkaoui.ma\",\"isPartOf\":{\"@id\":\"https:\/\/paracherkaoui.ma\/#website\"},\"primaryImageOfPage\":{\"@id\":\"https:\/\/paracherkaoui.ma\/index.php\/produit\/dr-browns-anneau-de-dentition-ananas-aqua-cool-3-mois-plus\/#primaryimage\"},\"image\":{\"@id\":\"https:\/\/paracherkaoui.ma\/index.php\/produit\/dr-browns-anneau-de-dentition-ananas-aqua-cool-3-mois-plus\/#primaryimage\"},\"thumbnailUrl\":\"https:\/\/paracherkaoui.ma\/wp-content\/uploads\/2025\/12\/dr-browns-dr-browns-anneau-de-dentition-ananas-aqua-cool-3-mois-plus-poussees-dentaires.jpg\",\"datePublished\":\"2025-12-12T18:10:07+00:00\",\"dateModified\":\"2025-12-12T18:10:10+00:00\",\"breadcrumb\":{\"@id\":\"https:\/\/paracherkaoui.ma\/index.php\/produit\/dr-browns-anneau-de-dentition-ananas-aqua-cool-3-mois-plus\/#breadcrumb\"},\"inLanguage\":\"fr-FR\",\"potentialAction\":[{\"@type\":\"ReadAction\",\"target\":[\"https:\/\/paracherkaoui.ma\/index.php\/produit\/dr-browns-anneau-de-dentition-ananas-aqua-cool-3-mois-plus\/\"]}]},{\"@type\":\"ImageObject\",\"inLanguage\":\"fr-FR\",\"@id\":\"https:\/\/paracherkaoui.ma\/index.php\/produit\/dr-browns-anneau-de-dentition-ananas-aqua-cool-3-mois-plus\/#primaryimage\",\"url\":\"https:\/\/paracherkaoui.ma\/wp-content\/uploads\/2025\/12\/dr-browns-dr-browns-anneau-de-dentition-ananas-aqua-cool-3-mois-plus-poussees-dentaires.jpg\",\"contentUrl\":\"https:\/\/paracherkaoui.ma\/wp-content\/uploads\/2025\/12\/dr-browns-dr-browns-anneau-de-dentition-ananas-aqua-cool-3-mois-plus-poussees-dentaires.jpg\",\"width\":700,\"height\":700},{\"@type\":\"BreadcrumbList\",\"@id\":\"https:\/\/paracherkaoui.ma\/index.php\/produit\/dr-browns-anneau-de-dentition-ananas-aqua-cool-3-mois-plus\/#breadcrumb\",\"itemListElement\":[{\"@type\":\"ListItem\",\"position\":1,\"name\":\"Accueil\",\"item\":\"https:\/\/paracherkaoui.ma\/\"},{\"@type\":\"ListItem\",\"position\":2,\"name\":\"Boutique\",\"item\":\"https:\/\/paracherkaoui.ma\/index.php\/boutique\/\"},{\"@type\":\"ListItem\",\"position\":3,\"name\":\"DR BROWNS ANNEAU DE DENTITION ANANAS AQUA COOL 3 MOIS PLUS\"}]},{\"@type\":\"WebSite\",\"@id\":\"https:\/\/paracherkaoui.ma\/#website\",\"url\":\"https:\/\/paracherkaoui.ma\/\",\"name\":\"Paracherkaoui.ma\",\"description\":\"Achetez en ligne sur Paracherkaoui.ma\",\"potentialAction\":[{\"@type\":\"SearchAction\",\"target\":{\"@type\":\"EntryPoint\",\"urlTemplate\":\"https:\/\/paracherkaoui.ma\/?s={search_term_string}\"},\"query-input\":{\"@type\":\"PropertyValueSpecification\",\"valueRequired\":true,\"valueName\":\"search_term_string\"}}],\"inLanguage\":\"fr-FR\"}]}<\/script>\r\n<!-- \/ Yoast SEO plugin. -->","yoast_head_json":{"title":"DR BROWNS ANNEAU DE DENTITION ANANAS AQUA COOL 3 MOIS PLUS - Paracherkaoui.ma","robots":{"index":"index","follow":"follow","max-snippet":"max-snippet:-1","max-image-preview":"max-image-preview:large","max-video-preview":"max-video-preview:-1"},"canonical":"https:\/\/paracherkaoui.ma\/index.php\/produit\/dr-browns-anneau-de-dentition-ananas-aqua-cool-3-mois-plus\/","og_locale":"fr_FR","og_type":"article","og_title":"DR BROWNS ANNEAU DE DENTITION ANANAS AQUA COOL 3 MOIS PLUS - Paracherkaoui.ma","og_description":"L&rsquo;anneau de dentition est dot\u00e9 de surfaces douces et r\u00e9sistantes qui supportent les mastications les plus vigoureuses. Les surfaces textur\u00e9es","og_url":"https:\/\/paracherkaoui.ma\/index.php\/produit\/dr-browns-anneau-de-dentition-ananas-aqua-cool-3-mois-plus\/","og_site_name":"Paracherkaoui.ma","article_modified_time":"2025-12-12T18:10:10+00:00","og_image":[{"width":700,"height":700,"url":"https:\/\/paracherkaoui.ma\/wp-content\/uploads\/2025\/12\/dr-browns-dr-browns-anneau-de-dentition-ananas-aqua-cool-3-mois-plus-poussees-dentaires.jpg","type":"image\/jpeg"}],"twitter_card":"summary_large_image","twitter_misc":{"Dur\u00e9e de lecture estim\u00e9e":"1 minute"},"schema":{"@context":"https:\/\/schema.org","@graph":[{"@type":"WebPage","@id":"https:\/\/paracherkaoui.ma\/index.php\/produit\/dr-browns-anneau-de-dentition-ananas-aqua-cool-3-mois-plus\/","url":"https:\/\/paracherkaoui.ma\/index.php\/produit\/dr-browns-anneau-de-dentition-ananas-aqua-cool-3-mois-plus\/","name":"DR BROWNS ANNEAU DE DENTITION ANANAS AQUA COOL 3 MOIS PLUS - Paracherkaoui.ma","isPartOf":{"@id":"https:\/\/paracherkaoui.ma\/#website"},"primaryImageOfPage":{"@id":"https:\/\/paracherkaoui.ma\/index.php\/produit\/dr-browns-anneau-de-dentition-ananas-aqua-cool-3-mois-plus\/#primaryimage"},"image":{"@id":"https:\/\/paracherkaoui.ma\/index.php\/produit\/dr-browns-anneau-de-dentition-ananas-aqua-cool-3-mois-plus\/#primaryimage"},"thumbnailUrl":"https:\/\/paracherkaoui.ma\/wp-content\/uploads\/2025\/12\/dr-browns-dr-browns-anneau-de-dentition-ananas-aqua-cool-3-mois-plus-poussees-dentaires.jpg","datePublished":"2025-12-12T18:10:07+00:00","dateModified":"2025-12-12T18:10:10+00:00","breadcrumb":{"@id":"https:\/\/paracherkaoui.ma\/index.php\/produit\/dr-browns-anneau-de-dentition-ananas-aqua-cool-3-mois-plus\/#breadcrumb"},"inLanguage":"fr-FR","potentialAction":[{"@type":"ReadAction","target":["https:\/\/paracherkaoui.ma\/index.php\/produit\/dr-browns-anneau-de-dentition-ananas-aqua-cool-3-mois-plus\/"]}]},{"@type":"ImageObject","inLanguage":"fr-FR","@id":"https:\/\/paracherkaoui.ma\/index.php\/produit\/dr-browns-anneau-de-dentition-ananas-aqua-cool-3-mois-plus\/#primaryimage","url":"https:\/\/paracherkaoui.ma\/wp-content\/uploads\/2025\/12\/dr-browns-dr-browns-anneau-de-dentition-ananas-aqua-cool-3-mois-plus-poussees-dentaires.jpg","contentUrl":"https:\/\/paracherkaoui.ma\/wp-content\/uploads\/2025\/12\/dr-browns-dr-browns-anneau-de-dentition-ananas-aqua-cool-3-mois-plus-poussees-dentaires.jpg","width":700,"height":700},{"@type":"BreadcrumbList","@id":"https:\/\/paracherkaoui.ma\/index.php\/produit\/dr-browns-anneau-de-dentition-ananas-aqua-cool-3-mois-plus\/#breadcrumb","itemListElement":[{"@type":"ListItem","position":1,"name":"Accueil","item":"https:\/\/paracherkaoui.ma\/"},{"@type":"ListItem","position":2,"name":"Boutique","item":"https:\/\/paracherkaoui.ma\/index.php\/boutique\/"},{"@type":"ListItem","position":3,"name":"DR BROWNS ANNEAU DE DENTITION ANANAS AQUA COOL 3 MOIS PLUS"}]},{"@type":"WebSite","@id":"https:\/\/paracherkaoui.ma\/#website","url":"https:\/\/paracherkaoui.ma\/","name":"Paracherkaoui.ma","description":"Achetez en ligne sur Paracherkaoui.ma","potentialAction":[{"@type":"SearchAction","target":{"@type":"EntryPoint","urlTemplate":"https:\/\/paracherkaoui.ma\/?s={search_term_string}"},"query-input":{"@type":"PropertyValueSpecification","valueRequired":true,"valueName":"search_term_string"}}],"inLanguage":"fr-FR"}]}},"_links":{"self":[{"href":"https:\/\/paracherkaoui.ma\/index.php\/wp-json\/wp\/v2\/product\/43002","targetHints":{"allow":["GET"]}}],"collection":[{"href":"https:\/\/paracherkaoui.ma\/index.php\/wp-json\/wp\/v2\/product"}],"about":[{"href":"https:\/\/paracherkaoui.ma\/index.php\/wp-json\/wp\/v2\/types\/product"}],"replies":[{"embeddable":true,"href":"https:\/\/paracherkaoui.ma\/index.php\/wp-json\/wp\/v2\/comments?post=43002"}],"version-history":[{"count":1,"href":"https:\/\/paracherkaoui.ma\/index.php\/wp-json\/wp\/v2\/product\/43002\/revisions"}],"predecessor-version":[{"id":43033,"href":"https:\/\/paracherkaoui.ma\/index.php\/wp-json\/wp\/v2\/product\/43002\/revisions\/43033"}],"wp:featuredmedia":[{"embeddable":true,"href":"https:\/\/paracherkaoui.ma\/index.php\/wp-json\/wp\/v2\/media\/43032"}],"wp:attachment":[{"href":"https:\/\/paracherkaoui.ma\/index.php\/wp-json\/wp\/v2\/media?parent=43002"}],"wp:term":[{"taxonomy":"product_brand","embeddable":true,"href":"https:\/\/paracherkaoui.ma\/index.php\/wp-json\/wp\/v2\/product_brand?post=43002"},{"taxonomy":"product_cat","embeddable":true,"href":"https:\/\/paracherkaoui.ma\/index.php\/wp-json\/wp\/v2\/product_cat?post=43002"},{"taxonomy":"product_tag","embeddable":true,"href":"https:\/\/paracherkaoui.ma\/index.php\/wp-json\/wp\/v2\/product_tag?post=43002"}],"curies":[{"name":"wp","href":"https:\/\/api.w.org\/{rel}","templated":true}]}}