{"id":42959,"date":"2025-12-12T19:09:50","date_gmt":"2025-12-12T18:09:50","guid":{"rendered":"https:\/\/test.ecbeaute.com\/?post_type=product&#038;p=42959"},"modified":"2025-12-12T19:09:55","modified_gmt":"2025-12-12T18:09:55","slug":"dr-browns-anneau-de-dentition-flexees-vert-3-mois-plus","status":"publish","type":"product","link":"https:\/\/paracherkaoui.ma\/index.php\/produit\/dr-browns-anneau-de-dentition-flexees-vert-3-mois-plus\/","title":{"rendered":"DR BROWNS ANNEAU DE DENTITION FLEXEES VERT 3 MOIS PLUS"},"content":{"rendered":"<p>L&rsquo;anneau de dentition Dr Brown&rsquo;s utilise une combinaison de mastication et de pression anesth\u00e9sique pour aider \u00e0 g\u00e9rer la douleur et promouvoir le bon d\u00e9veloppement de la m\u00e2choire. Fabriqu\u00e9 dans un mat\u00e9riau ultra-r\u00e9sistant et sans Bisph\u00e9nol-A, il assure une s\u00e9curit\u00e9 maximale pour votre b\u00e9b\u00e9. Sa surface textur\u00e9e sp\u00e9ciale renforce les gencives et am\u00e9liore l&rsquo;exp\u00e9rience de mastication, offrant un soulagement efficace et durable.<br \/>\nErgonomiquement con\u00e7u, cet anneau de dentition est facile \u00e0 tenir pour les petites mains des b\u00e9b\u00e9s, atteignant m\u00eame les zones de dentition les plus difficiles \u00e0 apaiser. Le mat\u00e9riau durable garantit que l&rsquo;anneau peut r\u00e9sister \u00e0 de multiples morsures sans se d\u00e9t\u00e9riorer, devenant ainsi un compagnon de longue dur\u00e9e pour votre enfant.<br \/>\nCONSEIL D\u2019UTILISATION<br \/>\nAvant la premi\u00e8re utilisation et apr\u00e8s chaque utilisation, nettoyez l&rsquo;anneau de dentition avec de l&rsquo;eau chaude et du savon doux. Rincez soigneusement. Pour un effet apaisant suppl\u00e9mentaire, placez l&rsquo;anneau de dentition au r\u00e9frig\u00e9rateur pendant quelques heures. Ne pas mettre au cong\u00e9lateur pour \u00e9viter les br\u00fblures dues au froid. Toujours surveiller votre b\u00e9b\u00e9 lorsqu&rsquo;il utilise l&rsquo;anneau de dentition. Inspectez r\u00e9guli\u00e8rement l&rsquo;anneau pour v\u00e9rifier l&rsquo;absence de dommages et remplacez-le si n\u00e9cessaire.<\/p>\n","protected":false},"excerpt":{"rendered":"<p>L&rsquo;anneau de dentition Dr Brown&rsquo;s utilise une combinaison de mastication et de pression anesth\u00e9sique pour aider \u00e0 g\u00e9rer la douleur<\/p>\n","protected":false},"featured_media":42996,"comment_status":"open","ping_status":"closed","template":"","meta":[],"product_brand":[740],"product_cat":[747],"product_tag":[],"class_list":{"0":"post-42959","1":"product","2":"type-product","3":"status-publish","4":"has-post-thumbnail","6":"product_brand-dr-browns","7":"product_cat-poussees-dentaires-bebe","9":"first","10":"instock","11":"sale","12":"shipping-taxable","13":"purchasable","14":"product-type-simple"},"yoast_head":"<!-- This site is optimized with the Yoast SEO plugin v26.6 - https:\/\/yoast.com\/wordpress\/plugins\/seo\/ -->\r\n<title>DR BROWNS ANNEAU DE DENTITION FLEXEES VERT 3 MOIS PLUS - Paracherkaoui.ma<\/title>\r\n<meta name=\"robots\" content=\"index, follow, max-snippet:-1, max-image-preview:large, max-video-preview:-1\" \/>\r\n<link rel=\"canonical\" href=\"https:\/\/paracherkaoui.ma\/index.php\/produit\/dr-browns-anneau-de-dentition-flexees-vert-3-mois-plus\/\" \/>\r\n<meta property=\"og:locale\" content=\"fr_FR\" \/>\r\n<meta property=\"og:type\" content=\"article\" \/>\r\n<meta property=\"og:title\" content=\"DR BROWNS ANNEAU DE DENTITION FLEXEES VERT 3 MOIS PLUS - Paracherkaoui.ma\" \/>\r\n<meta property=\"og:description\" content=\"L&rsquo;anneau de dentition Dr Brown&rsquo;s utilise une combinaison de mastication et de pression anesth\u00e9sique pour aider \u00e0 g\u00e9rer la douleur\" \/>\r\n<meta property=\"og:url\" content=\"https:\/\/paracherkaoui.ma\/index.php\/produit\/dr-browns-anneau-de-dentition-flexees-vert-3-mois-plus\/\" \/>\r\n<meta property=\"og:site_name\" content=\"Paracherkaoui.ma\" \/>\r\n<meta property=\"article:modified_time\" content=\"2025-12-12T18:09:55+00:00\" \/>\r\n<meta property=\"og:image\" content=\"https:\/\/paracherkaoui.ma\/wp-content\/uploads\/2025\/12\/dr-browns-dr-browns-anneau-de-dentition-flexees-vert-3-mois-plus-poussees-dentaires.jpg\" \/>\r\n\t<meta property=\"og:image:width\" content=\"700\" \/>\r\n\t<meta property=\"og:image:height\" content=\"700\" \/>\r\n\t<meta property=\"og:image:type\" content=\"image\/jpeg\" \/>\r\n<meta name=\"twitter:card\" content=\"summary_large_image\" \/>\r\n<meta name=\"twitter:label1\" content=\"Dur\u00e9e de lecture estim\u00e9e\" \/>\n\t<meta name=\"twitter:data1\" content=\"1 minute\" \/>\r\n<script type=\"application\/ld+json\" class=\"yoast-schema-graph\">{\"@context\":\"https:\/\/schema.org\",\"@graph\":[{\"@type\":\"WebPage\",\"@id\":\"https:\/\/paracherkaoui.ma\/index.php\/produit\/dr-browns-anneau-de-dentition-flexees-vert-3-mois-plus\/\",\"url\":\"https:\/\/paracherkaoui.ma\/index.php\/produit\/dr-browns-anneau-de-dentition-flexees-vert-3-mois-plus\/\",\"name\":\"DR BROWNS ANNEAU DE DENTITION FLEXEES VERT 3 MOIS PLUS - Paracherkaoui.ma\",\"isPartOf\":{\"@id\":\"https:\/\/paracherkaoui.ma\/#website\"},\"primaryImageOfPage\":{\"@id\":\"https:\/\/paracherkaoui.ma\/index.php\/produit\/dr-browns-anneau-de-dentition-flexees-vert-3-mois-plus\/#primaryimage\"},\"image\":{\"@id\":\"https:\/\/paracherkaoui.ma\/index.php\/produit\/dr-browns-anneau-de-dentition-flexees-vert-3-mois-plus\/#primaryimage\"},\"thumbnailUrl\":\"https:\/\/paracherkaoui.ma\/wp-content\/uploads\/2025\/12\/dr-browns-dr-browns-anneau-de-dentition-flexees-vert-3-mois-plus-poussees-dentaires.jpg\",\"datePublished\":\"2025-12-12T18:09:50+00:00\",\"dateModified\":\"2025-12-12T18:09:55+00:00\",\"breadcrumb\":{\"@id\":\"https:\/\/paracherkaoui.ma\/index.php\/produit\/dr-browns-anneau-de-dentition-flexees-vert-3-mois-plus\/#breadcrumb\"},\"inLanguage\":\"fr-FR\",\"potentialAction\":[{\"@type\":\"ReadAction\",\"target\":[\"https:\/\/paracherkaoui.ma\/index.php\/produit\/dr-browns-anneau-de-dentition-flexees-vert-3-mois-plus\/\"]}]},{\"@type\":\"ImageObject\",\"inLanguage\":\"fr-FR\",\"@id\":\"https:\/\/paracherkaoui.ma\/index.php\/produit\/dr-browns-anneau-de-dentition-flexees-vert-3-mois-plus\/#primaryimage\",\"url\":\"https:\/\/paracherkaoui.ma\/wp-content\/uploads\/2025\/12\/dr-browns-dr-browns-anneau-de-dentition-flexees-vert-3-mois-plus-poussees-dentaires.jpg\",\"contentUrl\":\"https:\/\/paracherkaoui.ma\/wp-content\/uploads\/2025\/12\/dr-browns-dr-browns-anneau-de-dentition-flexees-vert-3-mois-plus-poussees-dentaires.jpg\",\"width\":700,\"height\":700},{\"@type\":\"BreadcrumbList\",\"@id\":\"https:\/\/paracherkaoui.ma\/index.php\/produit\/dr-browns-anneau-de-dentition-flexees-vert-3-mois-plus\/#breadcrumb\",\"itemListElement\":[{\"@type\":\"ListItem\",\"position\":1,\"name\":\"Accueil\",\"item\":\"https:\/\/paracherkaoui.ma\/\"},{\"@type\":\"ListItem\",\"position\":2,\"name\":\"Boutique\",\"item\":\"https:\/\/paracherkaoui.ma\/index.php\/boutique\/\"},{\"@type\":\"ListItem\",\"position\":3,\"name\":\"DR BROWNS ANNEAU DE DENTITION FLEXEES VERT 3 MOIS PLUS\"}]},{\"@type\":\"WebSite\",\"@id\":\"https:\/\/paracherkaoui.ma\/#website\",\"url\":\"https:\/\/paracherkaoui.ma\/\",\"name\":\"Paracherkaoui.ma\",\"description\":\"Achetez en ligne sur Paracherkaoui.ma\",\"potentialAction\":[{\"@type\":\"SearchAction\",\"target\":{\"@type\":\"EntryPoint\",\"urlTemplate\":\"https:\/\/paracherkaoui.ma\/?s={search_term_string}\"},\"query-input\":{\"@type\":\"PropertyValueSpecification\",\"valueRequired\":true,\"valueName\":\"search_term_string\"}}],\"inLanguage\":\"fr-FR\"}]}<\/script>\r\n<!-- \/ Yoast SEO plugin. -->","yoast_head_json":{"title":"DR BROWNS ANNEAU DE DENTITION FLEXEES VERT 3 MOIS PLUS - Paracherkaoui.ma","robots":{"index":"index","follow":"follow","max-snippet":"max-snippet:-1","max-image-preview":"max-image-preview:large","max-video-preview":"max-video-preview:-1"},"canonical":"https:\/\/paracherkaoui.ma\/index.php\/produit\/dr-browns-anneau-de-dentition-flexees-vert-3-mois-plus\/","og_locale":"fr_FR","og_type":"article","og_title":"DR BROWNS ANNEAU DE DENTITION FLEXEES VERT 3 MOIS PLUS - Paracherkaoui.ma","og_description":"L&rsquo;anneau de dentition Dr Brown&rsquo;s utilise une combinaison de mastication et de pression anesth\u00e9sique pour aider \u00e0 g\u00e9rer la douleur","og_url":"https:\/\/paracherkaoui.ma\/index.php\/produit\/dr-browns-anneau-de-dentition-flexees-vert-3-mois-plus\/","og_site_name":"Paracherkaoui.ma","article_modified_time":"2025-12-12T18:09:55+00:00","og_image":[{"width":700,"height":700,"url":"https:\/\/paracherkaoui.ma\/wp-content\/uploads\/2025\/12\/dr-browns-dr-browns-anneau-de-dentition-flexees-vert-3-mois-plus-poussees-dentaires.jpg","type":"image\/jpeg"}],"twitter_card":"summary_large_image","twitter_misc":{"Dur\u00e9e de lecture estim\u00e9e":"1 minute"},"schema":{"@context":"https:\/\/schema.org","@graph":[{"@type":"WebPage","@id":"https:\/\/paracherkaoui.ma\/index.php\/produit\/dr-browns-anneau-de-dentition-flexees-vert-3-mois-plus\/","url":"https:\/\/paracherkaoui.ma\/index.php\/produit\/dr-browns-anneau-de-dentition-flexees-vert-3-mois-plus\/","name":"DR BROWNS ANNEAU DE DENTITION FLEXEES VERT 3 MOIS PLUS - Paracherkaoui.ma","isPartOf":{"@id":"https:\/\/paracherkaoui.ma\/#website"},"primaryImageOfPage":{"@id":"https:\/\/paracherkaoui.ma\/index.php\/produit\/dr-browns-anneau-de-dentition-flexees-vert-3-mois-plus\/#primaryimage"},"image":{"@id":"https:\/\/paracherkaoui.ma\/index.php\/produit\/dr-browns-anneau-de-dentition-flexees-vert-3-mois-plus\/#primaryimage"},"thumbnailUrl":"https:\/\/paracherkaoui.ma\/wp-content\/uploads\/2025\/12\/dr-browns-dr-browns-anneau-de-dentition-flexees-vert-3-mois-plus-poussees-dentaires.jpg","datePublished":"2025-12-12T18:09:50+00:00","dateModified":"2025-12-12T18:09:55+00:00","breadcrumb":{"@id":"https:\/\/paracherkaoui.ma\/index.php\/produit\/dr-browns-anneau-de-dentition-flexees-vert-3-mois-plus\/#breadcrumb"},"inLanguage":"fr-FR","potentialAction":[{"@type":"ReadAction","target":["https:\/\/paracherkaoui.ma\/index.php\/produit\/dr-browns-anneau-de-dentition-flexees-vert-3-mois-plus\/"]}]},{"@type":"ImageObject","inLanguage":"fr-FR","@id":"https:\/\/paracherkaoui.ma\/index.php\/produit\/dr-browns-anneau-de-dentition-flexees-vert-3-mois-plus\/#primaryimage","url":"https:\/\/paracherkaoui.ma\/wp-content\/uploads\/2025\/12\/dr-browns-dr-browns-anneau-de-dentition-flexees-vert-3-mois-plus-poussees-dentaires.jpg","contentUrl":"https:\/\/paracherkaoui.ma\/wp-content\/uploads\/2025\/12\/dr-browns-dr-browns-anneau-de-dentition-flexees-vert-3-mois-plus-poussees-dentaires.jpg","width":700,"height":700},{"@type":"BreadcrumbList","@id":"https:\/\/paracherkaoui.ma\/index.php\/produit\/dr-browns-anneau-de-dentition-flexees-vert-3-mois-plus\/#breadcrumb","itemListElement":[{"@type":"ListItem","position":1,"name":"Accueil","item":"https:\/\/paracherkaoui.ma\/"},{"@type":"ListItem","position":2,"name":"Boutique","item":"https:\/\/paracherkaoui.ma\/index.php\/boutique\/"},{"@type":"ListItem","position":3,"name":"DR BROWNS ANNEAU DE DENTITION FLEXEES VERT 3 MOIS PLUS"}]},{"@type":"WebSite","@id":"https:\/\/paracherkaoui.ma\/#website","url":"https:\/\/paracherkaoui.ma\/","name":"Paracherkaoui.ma","description":"Achetez en ligne sur Paracherkaoui.ma","potentialAction":[{"@type":"SearchAction","target":{"@type":"EntryPoint","urlTemplate":"https:\/\/paracherkaoui.ma\/?s={search_term_string}"},"query-input":{"@type":"PropertyValueSpecification","valueRequired":true,"valueName":"search_term_string"}}],"inLanguage":"fr-FR"}]}},"_links":{"self":[{"href":"https:\/\/paracherkaoui.ma\/index.php\/wp-json\/wp\/v2\/product\/42959","targetHints":{"allow":["GET"]}}],"collection":[{"href":"https:\/\/paracherkaoui.ma\/index.php\/wp-json\/wp\/v2\/product"}],"about":[{"href":"https:\/\/paracherkaoui.ma\/index.php\/wp-json\/wp\/v2\/types\/product"}],"replies":[{"embeddable":true,"href":"https:\/\/paracherkaoui.ma\/index.php\/wp-json\/wp\/v2\/comments?post=42959"}],"version-history":[{"count":1,"href":"https:\/\/paracherkaoui.ma\/index.php\/wp-json\/wp\/v2\/product\/42959\/revisions"}],"predecessor-version":[{"id":42997,"href":"https:\/\/paracherkaoui.ma\/index.php\/wp-json\/wp\/v2\/product\/42959\/revisions\/42997"}],"wp:featuredmedia":[{"embeddable":true,"href":"https:\/\/paracherkaoui.ma\/index.php\/wp-json\/wp\/v2\/media\/42996"}],"wp:attachment":[{"href":"https:\/\/paracherkaoui.ma\/index.php\/wp-json\/wp\/v2\/media?parent=42959"}],"wp:term":[{"taxonomy":"product_brand","embeddable":true,"href":"https:\/\/paracherkaoui.ma\/index.php\/wp-json\/wp\/v2\/product_brand?post=42959"},{"taxonomy":"product_cat","embeddable":true,"href":"https:\/\/paracherkaoui.ma\/index.php\/wp-json\/wp\/v2\/product_cat?post=42959"},{"taxonomy":"product_tag","embeddable":true,"href":"https:\/\/paracherkaoui.ma\/index.php\/wp-json\/wp\/v2\/product_tag?post=42959"}],"curies":[{"name":"wp","href":"https:\/\/api.w.org\/{rel}","templated":true}]}}