{"id":42950,"date":"2025-12-12T19:09:49","date_gmt":"2025-12-12T18:09:49","guid":{"rendered":"https:\/\/test.ecbeaute.com\/?post_type=product&#038;p=42950"},"modified":"2025-12-12T19:09:52","modified_gmt":"2025-12-12T18:09:52","slug":"mam-anneau-refrigerant-4-mois","status":"publish","type":"product","link":"https:\/\/paracherkaoui.ma\/index.php\/produit\/mam-anneau-refrigerant-4-mois\/","title":{"rendered":"MAM ANNEAU REFRIGERANT 4 MOIS+"},"content":{"rendered":"<p>Les premi\u00e8res dents de b\u00e9b\u00e9 \u2013 une nouvelle aventure. Les designers de MAM ont mis au point un anneau de dentition \u00e0 la fois cool et rafra\u00eechissant. Entre mordillements, effets rafra\u00eechissant et apaisant, l&rsquo;anneau Cooler fait oublier aux b\u00e9b\u00e9s les d\u00e9sagr\u00e9ments de la pouss\u00e9e dentaire.<br \/>\nL&rsquo;anneau Cooler distrait b\u00e9b\u00e9 \u00e0 un tel point qu&rsquo;il en oublie les contrari\u00e9t\u00e9s de la pouss\u00e9e dentaire.<br \/>\nDiff\u00e9rentes structures de surface et mati\u00e8res r\u00e9duisent les effets de la pouss\u00e9e dentaire.<br \/>\nLa forme unique de l&rsquo;\u00e9l\u00e9ment r\u00e9frig\u00e9r\u00e9 permet d&rsquo;atteindre les dents post\u00e9rieures.<br \/>\nFavorise le d\u00e9veloppement des b\u00e9b\u00e9s.<\/p>\n","protected":false},"excerpt":{"rendered":"<p>Les premi\u00e8res dents de b\u00e9b\u00e9 \u2013 une nouvelle aventure. Les designers de MAM ont mis au point un anneau de<\/p>\n","protected":false},"featured_media":42978,"comment_status":"open","ping_status":"closed","template":"","meta":[],"product_brand":[727],"product_cat":[747],"product_tag":[],"class_list":{"0":"post-42950","1":"product","2":"type-product","3":"status-publish","4":"has-post-thumbnail","6":"product_brand-mam","7":"product_cat-poussees-dentaires-bebe","9":"first","10":"instock","11":"sale","12":"shipping-taxable","13":"purchasable","14":"product-type-simple"},"yoast_head":"<!-- This site is optimized with the Yoast SEO plugin v26.6 - https:\/\/yoast.com\/wordpress\/plugins\/seo\/ -->\r\n<title>MAM ANNEAU REFRIGERANT 4 MOIS+ - Paracherkaoui.ma<\/title>\r\n<meta name=\"robots\" content=\"index, follow, max-snippet:-1, max-image-preview:large, max-video-preview:-1\" \/>\r\n<link rel=\"canonical\" href=\"https:\/\/paracherkaoui.ma\/index.php\/produit\/mam-anneau-refrigerant-4-mois\/\" \/>\r\n<meta property=\"og:locale\" content=\"fr_FR\" \/>\r\n<meta property=\"og:type\" content=\"article\" \/>\r\n<meta property=\"og:title\" content=\"MAM ANNEAU REFRIGERANT 4 MOIS+ - Paracherkaoui.ma\" \/>\r\n<meta property=\"og:description\" content=\"Les premi\u00e8res dents de b\u00e9b\u00e9 \u2013 une nouvelle aventure. Les designers de MAM ont mis au point un anneau de\" \/>\r\n<meta property=\"og:url\" content=\"https:\/\/paracherkaoui.ma\/index.php\/produit\/mam-anneau-refrigerant-4-mois\/\" \/>\r\n<meta property=\"og:site_name\" content=\"Paracherkaoui.ma\" \/>\r\n<meta property=\"article:modified_time\" content=\"2025-12-12T18:09:52+00:00\" \/>\r\n<meta property=\"og:image\" content=\"https:\/\/paracherkaoui.ma\/wp-content\/uploads\/2025\/12\/mam-mam-anneau-refrigerant-4-mois-poussees-dentaires.jpg\" \/>\r\n\t<meta property=\"og:image:width\" content=\"700\" \/>\r\n\t<meta property=\"og:image:height\" content=\"700\" \/>\r\n\t<meta property=\"og:image:type\" content=\"image\/jpeg\" \/>\r\n<meta name=\"twitter:card\" content=\"summary_large_image\" \/>\r\n<meta name=\"twitter:label1\" content=\"Dur\u00e9e de lecture estim\u00e9e\" \/>\n\t<meta name=\"twitter:data1\" content=\"1 minute\" \/>\r\n<script type=\"application\/ld+json\" class=\"yoast-schema-graph\">{\"@context\":\"https:\/\/schema.org\",\"@graph\":[{\"@type\":\"WebPage\",\"@id\":\"https:\/\/paracherkaoui.ma\/index.php\/produit\/mam-anneau-refrigerant-4-mois\/\",\"url\":\"https:\/\/paracherkaoui.ma\/index.php\/produit\/mam-anneau-refrigerant-4-mois\/\",\"name\":\"MAM ANNEAU REFRIGERANT 4 MOIS+ - Paracherkaoui.ma\",\"isPartOf\":{\"@id\":\"https:\/\/paracherkaoui.ma\/#website\"},\"primaryImageOfPage\":{\"@id\":\"https:\/\/paracherkaoui.ma\/index.php\/produit\/mam-anneau-refrigerant-4-mois\/#primaryimage\"},\"image\":{\"@id\":\"https:\/\/paracherkaoui.ma\/index.php\/produit\/mam-anneau-refrigerant-4-mois\/#primaryimage\"},\"thumbnailUrl\":\"https:\/\/paracherkaoui.ma\/wp-content\/uploads\/2025\/12\/mam-mam-anneau-refrigerant-4-mois-poussees-dentaires.jpg\",\"datePublished\":\"2025-12-12T18:09:49+00:00\",\"dateModified\":\"2025-12-12T18:09:52+00:00\",\"breadcrumb\":{\"@id\":\"https:\/\/paracherkaoui.ma\/index.php\/produit\/mam-anneau-refrigerant-4-mois\/#breadcrumb\"},\"inLanguage\":\"fr-FR\",\"potentialAction\":[{\"@type\":\"ReadAction\",\"target\":[\"https:\/\/paracherkaoui.ma\/index.php\/produit\/mam-anneau-refrigerant-4-mois\/\"]}]},{\"@type\":\"ImageObject\",\"inLanguage\":\"fr-FR\",\"@id\":\"https:\/\/paracherkaoui.ma\/index.php\/produit\/mam-anneau-refrigerant-4-mois\/#primaryimage\",\"url\":\"https:\/\/paracherkaoui.ma\/wp-content\/uploads\/2025\/12\/mam-mam-anneau-refrigerant-4-mois-poussees-dentaires.jpg\",\"contentUrl\":\"https:\/\/paracherkaoui.ma\/wp-content\/uploads\/2025\/12\/mam-mam-anneau-refrigerant-4-mois-poussees-dentaires.jpg\",\"width\":700,\"height\":700},{\"@type\":\"BreadcrumbList\",\"@id\":\"https:\/\/paracherkaoui.ma\/index.php\/produit\/mam-anneau-refrigerant-4-mois\/#breadcrumb\",\"itemListElement\":[{\"@type\":\"ListItem\",\"position\":1,\"name\":\"Accueil\",\"item\":\"https:\/\/paracherkaoui.ma\/\"},{\"@type\":\"ListItem\",\"position\":2,\"name\":\"Boutique\",\"item\":\"https:\/\/paracherkaoui.ma\/index.php\/boutique\/\"},{\"@type\":\"ListItem\",\"position\":3,\"name\":\"MAM ANNEAU REFRIGERANT 4 MOIS+\"}]},{\"@type\":\"WebSite\",\"@id\":\"https:\/\/paracherkaoui.ma\/#website\",\"url\":\"https:\/\/paracherkaoui.ma\/\",\"name\":\"Paracherkaoui.ma\",\"description\":\"Achetez en ligne sur Paracherkaoui.ma\",\"potentialAction\":[{\"@type\":\"SearchAction\",\"target\":{\"@type\":\"EntryPoint\",\"urlTemplate\":\"https:\/\/paracherkaoui.ma\/?s={search_term_string}\"},\"query-input\":{\"@type\":\"PropertyValueSpecification\",\"valueRequired\":true,\"valueName\":\"search_term_string\"}}],\"inLanguage\":\"fr-FR\"}]}<\/script>\r\n<!-- \/ Yoast SEO plugin. -->","yoast_head_json":{"title":"MAM ANNEAU REFRIGERANT 4 MOIS+ - Paracherkaoui.ma","robots":{"index":"index","follow":"follow","max-snippet":"max-snippet:-1","max-image-preview":"max-image-preview:large","max-video-preview":"max-video-preview:-1"},"canonical":"https:\/\/paracherkaoui.ma\/index.php\/produit\/mam-anneau-refrigerant-4-mois\/","og_locale":"fr_FR","og_type":"article","og_title":"MAM ANNEAU REFRIGERANT 4 MOIS+ - Paracherkaoui.ma","og_description":"Les premi\u00e8res dents de b\u00e9b\u00e9 \u2013 une nouvelle aventure. Les designers de MAM ont mis au point un anneau de","og_url":"https:\/\/paracherkaoui.ma\/index.php\/produit\/mam-anneau-refrigerant-4-mois\/","og_site_name":"Paracherkaoui.ma","article_modified_time":"2025-12-12T18:09:52+00:00","og_image":[{"width":700,"height":700,"url":"https:\/\/paracherkaoui.ma\/wp-content\/uploads\/2025\/12\/mam-mam-anneau-refrigerant-4-mois-poussees-dentaires.jpg","type":"image\/jpeg"}],"twitter_card":"summary_large_image","twitter_misc":{"Dur\u00e9e de lecture estim\u00e9e":"1 minute"},"schema":{"@context":"https:\/\/schema.org","@graph":[{"@type":"WebPage","@id":"https:\/\/paracherkaoui.ma\/index.php\/produit\/mam-anneau-refrigerant-4-mois\/","url":"https:\/\/paracherkaoui.ma\/index.php\/produit\/mam-anneau-refrigerant-4-mois\/","name":"MAM ANNEAU REFRIGERANT 4 MOIS+ - Paracherkaoui.ma","isPartOf":{"@id":"https:\/\/paracherkaoui.ma\/#website"},"primaryImageOfPage":{"@id":"https:\/\/paracherkaoui.ma\/index.php\/produit\/mam-anneau-refrigerant-4-mois\/#primaryimage"},"image":{"@id":"https:\/\/paracherkaoui.ma\/index.php\/produit\/mam-anneau-refrigerant-4-mois\/#primaryimage"},"thumbnailUrl":"https:\/\/paracherkaoui.ma\/wp-content\/uploads\/2025\/12\/mam-mam-anneau-refrigerant-4-mois-poussees-dentaires.jpg","datePublished":"2025-12-12T18:09:49+00:00","dateModified":"2025-12-12T18:09:52+00:00","breadcrumb":{"@id":"https:\/\/paracherkaoui.ma\/index.php\/produit\/mam-anneau-refrigerant-4-mois\/#breadcrumb"},"inLanguage":"fr-FR","potentialAction":[{"@type":"ReadAction","target":["https:\/\/paracherkaoui.ma\/index.php\/produit\/mam-anneau-refrigerant-4-mois\/"]}]},{"@type":"ImageObject","inLanguage":"fr-FR","@id":"https:\/\/paracherkaoui.ma\/index.php\/produit\/mam-anneau-refrigerant-4-mois\/#primaryimage","url":"https:\/\/paracherkaoui.ma\/wp-content\/uploads\/2025\/12\/mam-mam-anneau-refrigerant-4-mois-poussees-dentaires.jpg","contentUrl":"https:\/\/paracherkaoui.ma\/wp-content\/uploads\/2025\/12\/mam-mam-anneau-refrigerant-4-mois-poussees-dentaires.jpg","width":700,"height":700},{"@type":"BreadcrumbList","@id":"https:\/\/paracherkaoui.ma\/index.php\/produit\/mam-anneau-refrigerant-4-mois\/#breadcrumb","itemListElement":[{"@type":"ListItem","position":1,"name":"Accueil","item":"https:\/\/paracherkaoui.ma\/"},{"@type":"ListItem","position":2,"name":"Boutique","item":"https:\/\/paracherkaoui.ma\/index.php\/boutique\/"},{"@type":"ListItem","position":3,"name":"MAM ANNEAU REFRIGERANT 4 MOIS+"}]},{"@type":"WebSite","@id":"https:\/\/paracherkaoui.ma\/#website","url":"https:\/\/paracherkaoui.ma\/","name":"Paracherkaoui.ma","description":"Achetez en ligne sur Paracherkaoui.ma","potentialAction":[{"@type":"SearchAction","target":{"@type":"EntryPoint","urlTemplate":"https:\/\/paracherkaoui.ma\/?s={search_term_string}"},"query-input":{"@type":"PropertyValueSpecification","valueRequired":true,"valueName":"search_term_string"}}],"inLanguage":"fr-FR"}]}},"_links":{"self":[{"href":"https:\/\/paracherkaoui.ma\/index.php\/wp-json\/wp\/v2\/product\/42950","targetHints":{"allow":["GET"]}}],"collection":[{"href":"https:\/\/paracherkaoui.ma\/index.php\/wp-json\/wp\/v2\/product"}],"about":[{"href":"https:\/\/paracherkaoui.ma\/index.php\/wp-json\/wp\/v2\/types\/product"}],"replies":[{"embeddable":true,"href":"https:\/\/paracherkaoui.ma\/index.php\/wp-json\/wp\/v2\/comments?post=42950"}],"version-history":[{"count":1,"href":"https:\/\/paracherkaoui.ma\/index.php\/wp-json\/wp\/v2\/product\/42950\/revisions"}],"predecessor-version":[{"id":42979,"href":"https:\/\/paracherkaoui.ma\/index.php\/wp-json\/wp\/v2\/product\/42950\/revisions\/42979"}],"wp:featuredmedia":[{"embeddable":true,"href":"https:\/\/paracherkaoui.ma\/index.php\/wp-json\/wp\/v2\/media\/42978"}],"wp:attachment":[{"href":"https:\/\/paracherkaoui.ma\/index.php\/wp-json\/wp\/v2\/media?parent=42950"}],"wp:term":[{"taxonomy":"product_brand","embeddable":true,"href":"https:\/\/paracherkaoui.ma\/index.php\/wp-json\/wp\/v2\/product_brand?post=42950"},{"taxonomy":"product_cat","embeddable":true,"href":"https:\/\/paracherkaoui.ma\/index.php\/wp-json\/wp\/v2\/product_cat?post=42950"},{"taxonomy":"product_tag","embeddable":true,"href":"https:\/\/paracherkaoui.ma\/index.php\/wp-json\/wp\/v2\/product_tag?post=42950"}],"curies":[{"name":"wp","href":"https:\/\/api.w.org\/{rel}","templated":true}]}}