{"id":42944,"date":"2025-12-12T19:09:49","date_gmt":"2025-12-12T18:09:49","guid":{"rendered":"https:\/\/test.ecbeaute.com\/?post_type=product&#038;p=42944"},"modified":"2025-12-12T19:09:51","modified_gmt":"2025-12-12T18:09:51","slug":"friendly-liquide-lessive-100-naturel-1l-lavande","status":"publish","type":"product","link":"https:\/\/paracherkaoui.ma\/index.php\/produit\/friendly-liquide-lessive-100-naturel-1l-lavande\/","title":{"rendered":"FRIENDLY LIQUIDE LESSIVE 100% NATUREL 1L LAVANDE"},"content":{"rendered":"<p>Description:<br \/>\nLa lessive qui constituera un choix judicieux pour les v\u00eatements, serviettes, couvertures et autres linges d\u00e9licats de votre b\u00e9b\u00e9.Soigneusement s\u00e9lectionn\u00e9, avec\u00a0uniquement les ingr\u00e9dients les plus naturels et efficaces issus de plantes. Notre lessive liquide est soluble dans l\u2019eau et rince compl\u00e8tement des fibres textiles pendant le cycle de lavage.<\/p>\n","protected":false},"excerpt":{"rendered":"<p>Description: La lessive qui constituera un choix judicieux pour les v\u00eatements, serviettes, couvertures et autres linges d\u00e9licats de votre b\u00e9b\u00e9.Soigneusement<\/p>\n","protected":false},"featured_media":42966,"comment_status":"open","ping_status":"closed","template":"","meta":[],"product_brand":[746],"product_cat":[743],"product_tag":[],"class_list":{"0":"post-42944","1":"product","2":"type-product","3":"status-publish","4":"has-post-thumbnail","6":"product_brand-freindly","7":"product_cat-nettoyants-vaisselles-et-lessives-bebe","9":"first","10":"instock","11":"sale","12":"shipping-taxable","13":"purchasable","14":"product-type-simple"},"yoast_head":"<!-- This site is optimized with the Yoast SEO plugin v26.6 - https:\/\/yoast.com\/wordpress\/plugins\/seo\/ -->\r\n<title>FRIENDLY LIQUIDE LESSIVE 100% NATUREL 1L LAVANDE - Paracherkaoui.ma<\/title>\r\n<meta name=\"robots\" content=\"index, follow, max-snippet:-1, max-image-preview:large, max-video-preview:-1\" \/>\r\n<link rel=\"canonical\" href=\"https:\/\/paracherkaoui.ma\/index.php\/produit\/friendly-liquide-lessive-100-naturel-1l-lavande\/\" \/>\r\n<meta property=\"og:locale\" content=\"fr_FR\" \/>\r\n<meta property=\"og:type\" content=\"article\" \/>\r\n<meta property=\"og:title\" content=\"FRIENDLY LIQUIDE LESSIVE 100% NATUREL 1L LAVANDE - Paracherkaoui.ma\" \/>\r\n<meta property=\"og:description\" content=\"Description: La lessive qui constituera un choix judicieux pour les v\u00eatements, serviettes, couvertures et autres linges d\u00e9licats de votre b\u00e9b\u00e9.Soigneusement\" \/>\r\n<meta property=\"og:url\" content=\"https:\/\/paracherkaoui.ma\/index.php\/produit\/friendly-liquide-lessive-100-naturel-1l-lavande\/\" \/>\r\n<meta property=\"og:site_name\" content=\"Paracherkaoui.ma\" \/>\r\n<meta property=\"article:modified_time\" content=\"2025-12-12T18:09:51+00:00\" \/>\r\n<meta property=\"og:image\" content=\"https:\/\/paracherkaoui.ma\/wp-content\/uploads\/2025\/12\/freindly-friendly-liquide-lessive-100-naturel-1l-lavande-hygiene-du-materiel.jpg\" \/>\r\n\t<meta property=\"og:image:width\" content=\"700\" \/>\r\n\t<meta property=\"og:image:height\" content=\"700\" \/>\r\n\t<meta property=\"og:image:type\" content=\"image\/jpeg\" \/>\r\n<meta name=\"twitter:card\" content=\"summary_large_image\" \/>\r\n<script type=\"application\/ld+json\" class=\"yoast-schema-graph\">{\"@context\":\"https:\/\/schema.org\",\"@graph\":[{\"@type\":\"WebPage\",\"@id\":\"https:\/\/paracherkaoui.ma\/index.php\/produit\/friendly-liquide-lessive-100-naturel-1l-lavande\/\",\"url\":\"https:\/\/paracherkaoui.ma\/index.php\/produit\/friendly-liquide-lessive-100-naturel-1l-lavande\/\",\"name\":\"FRIENDLY LIQUIDE LESSIVE 100% NATUREL 1L LAVANDE - Paracherkaoui.ma\",\"isPartOf\":{\"@id\":\"https:\/\/paracherkaoui.ma\/#website\"},\"primaryImageOfPage\":{\"@id\":\"https:\/\/paracherkaoui.ma\/index.php\/produit\/friendly-liquide-lessive-100-naturel-1l-lavande\/#primaryimage\"},\"image\":{\"@id\":\"https:\/\/paracherkaoui.ma\/index.php\/produit\/friendly-liquide-lessive-100-naturel-1l-lavande\/#primaryimage\"},\"thumbnailUrl\":\"https:\/\/paracherkaoui.ma\/wp-content\/uploads\/2025\/12\/freindly-friendly-liquide-lessive-100-naturel-1l-lavande-hygiene-du-materiel.jpg\",\"datePublished\":\"2025-12-12T18:09:49+00:00\",\"dateModified\":\"2025-12-12T18:09:51+00:00\",\"breadcrumb\":{\"@id\":\"https:\/\/paracherkaoui.ma\/index.php\/produit\/friendly-liquide-lessive-100-naturel-1l-lavande\/#breadcrumb\"},\"inLanguage\":\"fr-FR\",\"potentialAction\":[{\"@type\":\"ReadAction\",\"target\":[\"https:\/\/paracherkaoui.ma\/index.php\/produit\/friendly-liquide-lessive-100-naturel-1l-lavande\/\"]}]},{\"@type\":\"ImageObject\",\"inLanguage\":\"fr-FR\",\"@id\":\"https:\/\/paracherkaoui.ma\/index.php\/produit\/friendly-liquide-lessive-100-naturel-1l-lavande\/#primaryimage\",\"url\":\"https:\/\/paracherkaoui.ma\/wp-content\/uploads\/2025\/12\/freindly-friendly-liquide-lessive-100-naturel-1l-lavande-hygiene-du-materiel.jpg\",\"contentUrl\":\"https:\/\/paracherkaoui.ma\/wp-content\/uploads\/2025\/12\/freindly-friendly-liquide-lessive-100-naturel-1l-lavande-hygiene-du-materiel.jpg\",\"width\":700,\"height\":700},{\"@type\":\"BreadcrumbList\",\"@id\":\"https:\/\/paracherkaoui.ma\/index.php\/produit\/friendly-liquide-lessive-100-naturel-1l-lavande\/#breadcrumb\",\"itemListElement\":[{\"@type\":\"ListItem\",\"position\":1,\"name\":\"Accueil\",\"item\":\"https:\/\/paracherkaoui.ma\/\"},{\"@type\":\"ListItem\",\"position\":2,\"name\":\"Boutique\",\"item\":\"https:\/\/paracherkaoui.ma\/index.php\/boutique\/\"},{\"@type\":\"ListItem\",\"position\":3,\"name\":\"FRIENDLY LIQUIDE LESSIVE 100% NATUREL 1L LAVANDE\"}]},{\"@type\":\"WebSite\",\"@id\":\"https:\/\/paracherkaoui.ma\/#website\",\"url\":\"https:\/\/paracherkaoui.ma\/\",\"name\":\"Paracherkaoui.ma\",\"description\":\"Achetez en ligne sur Paracherkaoui.ma\",\"potentialAction\":[{\"@type\":\"SearchAction\",\"target\":{\"@type\":\"EntryPoint\",\"urlTemplate\":\"https:\/\/paracherkaoui.ma\/?s={search_term_string}\"},\"query-input\":{\"@type\":\"PropertyValueSpecification\",\"valueRequired\":true,\"valueName\":\"search_term_string\"}}],\"inLanguage\":\"fr-FR\"}]}<\/script>\r\n<!-- \/ Yoast SEO plugin. -->","yoast_head_json":{"title":"FRIENDLY LIQUIDE LESSIVE 100% NATUREL 1L LAVANDE - Paracherkaoui.ma","robots":{"index":"index","follow":"follow","max-snippet":"max-snippet:-1","max-image-preview":"max-image-preview:large","max-video-preview":"max-video-preview:-1"},"canonical":"https:\/\/paracherkaoui.ma\/index.php\/produit\/friendly-liquide-lessive-100-naturel-1l-lavande\/","og_locale":"fr_FR","og_type":"article","og_title":"FRIENDLY LIQUIDE LESSIVE 100% NATUREL 1L LAVANDE - Paracherkaoui.ma","og_description":"Description: La lessive qui constituera un choix judicieux pour les v\u00eatements, serviettes, couvertures et autres linges d\u00e9licats de votre b\u00e9b\u00e9.Soigneusement","og_url":"https:\/\/paracherkaoui.ma\/index.php\/produit\/friendly-liquide-lessive-100-naturel-1l-lavande\/","og_site_name":"Paracherkaoui.ma","article_modified_time":"2025-12-12T18:09:51+00:00","og_image":[{"width":700,"height":700,"url":"https:\/\/paracherkaoui.ma\/wp-content\/uploads\/2025\/12\/freindly-friendly-liquide-lessive-100-naturel-1l-lavande-hygiene-du-materiel.jpg","type":"image\/jpeg"}],"twitter_card":"summary_large_image","schema":{"@context":"https:\/\/schema.org","@graph":[{"@type":"WebPage","@id":"https:\/\/paracherkaoui.ma\/index.php\/produit\/friendly-liquide-lessive-100-naturel-1l-lavande\/","url":"https:\/\/paracherkaoui.ma\/index.php\/produit\/friendly-liquide-lessive-100-naturel-1l-lavande\/","name":"FRIENDLY LIQUIDE LESSIVE 100% NATUREL 1L LAVANDE - Paracherkaoui.ma","isPartOf":{"@id":"https:\/\/paracherkaoui.ma\/#website"},"primaryImageOfPage":{"@id":"https:\/\/paracherkaoui.ma\/index.php\/produit\/friendly-liquide-lessive-100-naturel-1l-lavande\/#primaryimage"},"image":{"@id":"https:\/\/paracherkaoui.ma\/index.php\/produit\/friendly-liquide-lessive-100-naturel-1l-lavande\/#primaryimage"},"thumbnailUrl":"https:\/\/paracherkaoui.ma\/wp-content\/uploads\/2025\/12\/freindly-friendly-liquide-lessive-100-naturel-1l-lavande-hygiene-du-materiel.jpg","datePublished":"2025-12-12T18:09:49+00:00","dateModified":"2025-12-12T18:09:51+00:00","breadcrumb":{"@id":"https:\/\/paracherkaoui.ma\/index.php\/produit\/friendly-liquide-lessive-100-naturel-1l-lavande\/#breadcrumb"},"inLanguage":"fr-FR","potentialAction":[{"@type":"ReadAction","target":["https:\/\/paracherkaoui.ma\/index.php\/produit\/friendly-liquide-lessive-100-naturel-1l-lavande\/"]}]},{"@type":"ImageObject","inLanguage":"fr-FR","@id":"https:\/\/paracherkaoui.ma\/index.php\/produit\/friendly-liquide-lessive-100-naturel-1l-lavande\/#primaryimage","url":"https:\/\/paracherkaoui.ma\/wp-content\/uploads\/2025\/12\/freindly-friendly-liquide-lessive-100-naturel-1l-lavande-hygiene-du-materiel.jpg","contentUrl":"https:\/\/paracherkaoui.ma\/wp-content\/uploads\/2025\/12\/freindly-friendly-liquide-lessive-100-naturel-1l-lavande-hygiene-du-materiel.jpg","width":700,"height":700},{"@type":"BreadcrumbList","@id":"https:\/\/paracherkaoui.ma\/index.php\/produit\/friendly-liquide-lessive-100-naturel-1l-lavande\/#breadcrumb","itemListElement":[{"@type":"ListItem","position":1,"name":"Accueil","item":"https:\/\/paracherkaoui.ma\/"},{"@type":"ListItem","position":2,"name":"Boutique","item":"https:\/\/paracherkaoui.ma\/index.php\/boutique\/"},{"@type":"ListItem","position":3,"name":"FRIENDLY LIQUIDE LESSIVE 100% NATUREL 1L LAVANDE"}]},{"@type":"WebSite","@id":"https:\/\/paracherkaoui.ma\/#website","url":"https:\/\/paracherkaoui.ma\/","name":"Paracherkaoui.ma","description":"Achetez en ligne sur Paracherkaoui.ma","potentialAction":[{"@type":"SearchAction","target":{"@type":"EntryPoint","urlTemplate":"https:\/\/paracherkaoui.ma\/?s={search_term_string}"},"query-input":{"@type":"PropertyValueSpecification","valueRequired":true,"valueName":"search_term_string"}}],"inLanguage":"fr-FR"}]}},"_links":{"self":[{"href":"https:\/\/paracherkaoui.ma\/index.php\/wp-json\/wp\/v2\/product\/42944","targetHints":{"allow":["GET"]}}],"collection":[{"href":"https:\/\/paracherkaoui.ma\/index.php\/wp-json\/wp\/v2\/product"}],"about":[{"href":"https:\/\/paracherkaoui.ma\/index.php\/wp-json\/wp\/v2\/types\/product"}],"replies":[{"embeddable":true,"href":"https:\/\/paracherkaoui.ma\/index.php\/wp-json\/wp\/v2\/comments?post=42944"}],"version-history":[{"count":1,"href":"https:\/\/paracherkaoui.ma\/index.php\/wp-json\/wp\/v2\/product\/42944\/revisions"}],"predecessor-version":[{"id":42967,"href":"https:\/\/paracherkaoui.ma\/index.php\/wp-json\/wp\/v2\/product\/42944\/revisions\/42967"}],"wp:featuredmedia":[{"embeddable":true,"href":"https:\/\/paracherkaoui.ma\/index.php\/wp-json\/wp\/v2\/media\/42966"}],"wp:attachment":[{"href":"https:\/\/paracherkaoui.ma\/index.php\/wp-json\/wp\/v2\/media?parent=42944"}],"wp:term":[{"taxonomy":"product_brand","embeddable":true,"href":"https:\/\/paracherkaoui.ma\/index.php\/wp-json\/wp\/v2\/product_brand?post=42944"},{"taxonomy":"product_cat","embeddable":true,"href":"https:\/\/paracherkaoui.ma\/index.php\/wp-json\/wp\/v2\/product_cat?post=42944"},{"taxonomy":"product_tag","embeddable":true,"href":"https:\/\/paracherkaoui.ma\/index.php\/wp-json\/wp\/v2\/product_tag?post=42944"}],"curies":[{"name":"wp","href":"https:\/\/api.w.org\/{rel}","templated":true}]}}