{"id":42942,"date":"2025-12-12T19:09:49","date_gmt":"2025-12-12T18:09:49","guid":{"rendered":"https:\/\/test.ecbeaute.com\/?post_type=product&#038;p=42942"},"modified":"2025-12-12T19:09:50","modified_gmt":"2025-12-12T18:09:50","slug":"friendly-liquide-lessive-100-naturel-1l-neutre","status":"publish","type":"product","link":"https:\/\/paracherkaoui.ma\/index.php\/produit\/friendly-liquide-lessive-100-naturel-1l-neutre\/","title":{"rendered":"FRIENDLY LIQUIDE LESSIVE 100% NATUREL 1L NEUTRE"},"content":{"rendered":"<p>Description:<br \/>\nLa lessive qui constituera un choix judicieux pour les v\u00eatements, serviettes, couvertures et autres linges d\u00e9licats de votre b\u00e9b\u00e9.Soigneusement s\u00e9lectionn\u00e9, avec\u00a0 uniquement les ingr\u00e9dients les plus naturels et efficaces issus de plantes. Notre lessive liquide est soluble dans l\u2019eau et rince compl\u00e8tement des fibres textiles pendant le cycle de lavage.<br \/>\nConseils d&rsquo;utilisation:<br \/>\nPour un usage normal une moyenne de 50ml de lessive suffisent, ceci peut varier en fonction de la duret\u00e9 de l\u2019eau et du type de linge et t\u00e2che \u00e0 nettoyer. Pour la linge blanc et couleur.Toujours s\u00e9parer le blanc de la couleur au lavage et se conformer aux instructions des \u00e9tiquettes des v\u00eatements.<\/p>\n","protected":false},"excerpt":{"rendered":"<p>Description: La lessive qui constituera un choix judicieux pour les v\u00eatements, serviettes, couvertures et autres linges d\u00e9licats de votre b\u00e9b\u00e9.Soigneusement<\/p>\n","protected":false},"featured_media":42962,"comment_status":"open","ping_status":"closed","template":"","meta":[],"product_brand":[746],"product_cat":[743],"product_tag":[],"class_list":{"0":"post-42942","1":"product","2":"type-product","3":"status-publish","4":"has-post-thumbnail","6":"product_brand-freindly","7":"product_cat-nettoyants-vaisselles-et-lessives-bebe","9":"first","10":"instock","11":"sale","12":"shipping-taxable","13":"purchasable","14":"product-type-simple"},"yoast_head":"<!-- This site is optimized with the Yoast SEO plugin v26.6 - https:\/\/yoast.com\/wordpress\/plugins\/seo\/ -->\r\n<title>FRIENDLY LIQUIDE LESSIVE 100% NATUREL 1L NEUTRE - Paracherkaoui.ma<\/title>\r\n<meta name=\"robots\" content=\"index, follow, max-snippet:-1, max-image-preview:large, max-video-preview:-1\" \/>\r\n<link rel=\"canonical\" href=\"https:\/\/paracherkaoui.ma\/index.php\/produit\/friendly-liquide-lessive-100-naturel-1l-neutre\/\" \/>\r\n<meta property=\"og:locale\" content=\"fr_FR\" \/>\r\n<meta property=\"og:type\" content=\"article\" \/>\r\n<meta property=\"og:title\" content=\"FRIENDLY LIQUIDE LESSIVE 100% NATUREL 1L NEUTRE - Paracherkaoui.ma\" \/>\r\n<meta property=\"og:description\" content=\"Description: La lessive qui constituera un choix judicieux pour les v\u00eatements, serviettes, couvertures et autres linges d\u00e9licats de votre b\u00e9b\u00e9.Soigneusement\" \/>\r\n<meta property=\"og:url\" content=\"https:\/\/paracherkaoui.ma\/index.php\/produit\/friendly-liquide-lessive-100-naturel-1l-neutre\/\" \/>\r\n<meta property=\"og:site_name\" content=\"Paracherkaoui.ma\" \/>\r\n<meta property=\"article:modified_time\" content=\"2025-12-12T18:09:50+00:00\" \/>\r\n<meta property=\"og:image\" content=\"https:\/\/paracherkaoui.ma\/wp-content\/uploads\/2025\/12\/friendly-liquide-lessive-100-naturel-1l-neutre.jpg\" \/>\r\n\t<meta property=\"og:image:width\" content=\"700\" \/>\r\n\t<meta property=\"og:image:height\" content=\"700\" \/>\r\n\t<meta property=\"og:image:type\" content=\"image\/jpeg\" \/>\r\n<meta name=\"twitter:card\" content=\"summary_large_image\" \/>\r\n<meta name=\"twitter:label1\" content=\"Dur\u00e9e de lecture estim\u00e9e\" \/>\n\t<meta name=\"twitter:data1\" content=\"1 minute\" \/>\r\n<script type=\"application\/ld+json\" class=\"yoast-schema-graph\">{\"@context\":\"https:\/\/schema.org\",\"@graph\":[{\"@type\":\"WebPage\",\"@id\":\"https:\/\/paracherkaoui.ma\/index.php\/produit\/friendly-liquide-lessive-100-naturel-1l-neutre\/\",\"url\":\"https:\/\/paracherkaoui.ma\/index.php\/produit\/friendly-liquide-lessive-100-naturel-1l-neutre\/\",\"name\":\"FRIENDLY LIQUIDE LESSIVE 100% NATUREL 1L NEUTRE - Paracherkaoui.ma\",\"isPartOf\":{\"@id\":\"https:\/\/paracherkaoui.ma\/#website\"},\"primaryImageOfPage\":{\"@id\":\"https:\/\/paracherkaoui.ma\/index.php\/produit\/friendly-liquide-lessive-100-naturel-1l-neutre\/#primaryimage\"},\"image\":{\"@id\":\"https:\/\/paracherkaoui.ma\/index.php\/produit\/friendly-liquide-lessive-100-naturel-1l-neutre\/#primaryimage\"},\"thumbnailUrl\":\"https:\/\/paracherkaoui.ma\/wp-content\/uploads\/2025\/12\/friendly-liquide-lessive-100-naturel-1l-neutre.jpg\",\"datePublished\":\"2025-12-12T18:09:49+00:00\",\"dateModified\":\"2025-12-12T18:09:50+00:00\",\"breadcrumb\":{\"@id\":\"https:\/\/paracherkaoui.ma\/index.php\/produit\/friendly-liquide-lessive-100-naturel-1l-neutre\/#breadcrumb\"},\"inLanguage\":\"fr-FR\",\"potentialAction\":[{\"@type\":\"ReadAction\",\"target\":[\"https:\/\/paracherkaoui.ma\/index.php\/produit\/friendly-liquide-lessive-100-naturel-1l-neutre\/\"]}]},{\"@type\":\"ImageObject\",\"inLanguage\":\"fr-FR\",\"@id\":\"https:\/\/paracherkaoui.ma\/index.php\/produit\/friendly-liquide-lessive-100-naturel-1l-neutre\/#primaryimage\",\"url\":\"https:\/\/paracherkaoui.ma\/wp-content\/uploads\/2025\/12\/friendly-liquide-lessive-100-naturel-1l-neutre.jpg\",\"contentUrl\":\"https:\/\/paracherkaoui.ma\/wp-content\/uploads\/2025\/12\/friendly-liquide-lessive-100-naturel-1l-neutre.jpg\",\"width\":700,\"height\":700},{\"@type\":\"BreadcrumbList\",\"@id\":\"https:\/\/paracherkaoui.ma\/index.php\/produit\/friendly-liquide-lessive-100-naturel-1l-neutre\/#breadcrumb\",\"itemListElement\":[{\"@type\":\"ListItem\",\"position\":1,\"name\":\"Accueil\",\"item\":\"https:\/\/paracherkaoui.ma\/\"},{\"@type\":\"ListItem\",\"position\":2,\"name\":\"Boutique\",\"item\":\"https:\/\/paracherkaoui.ma\/index.php\/boutique\/\"},{\"@type\":\"ListItem\",\"position\":3,\"name\":\"FRIENDLY LIQUIDE LESSIVE 100% NATUREL 1L NEUTRE\"}]},{\"@type\":\"WebSite\",\"@id\":\"https:\/\/paracherkaoui.ma\/#website\",\"url\":\"https:\/\/paracherkaoui.ma\/\",\"name\":\"Paracherkaoui.ma\",\"description\":\"Achetez en ligne sur Paracherkaoui.ma\",\"potentialAction\":[{\"@type\":\"SearchAction\",\"target\":{\"@type\":\"EntryPoint\",\"urlTemplate\":\"https:\/\/paracherkaoui.ma\/?s={search_term_string}\"},\"query-input\":{\"@type\":\"PropertyValueSpecification\",\"valueRequired\":true,\"valueName\":\"search_term_string\"}}],\"inLanguage\":\"fr-FR\"}]}<\/script>\r\n<!-- \/ Yoast SEO plugin. -->","yoast_head_json":{"title":"FRIENDLY LIQUIDE LESSIVE 100% NATUREL 1L NEUTRE - Paracherkaoui.ma","robots":{"index":"index","follow":"follow","max-snippet":"max-snippet:-1","max-image-preview":"max-image-preview:large","max-video-preview":"max-video-preview:-1"},"canonical":"https:\/\/paracherkaoui.ma\/index.php\/produit\/friendly-liquide-lessive-100-naturel-1l-neutre\/","og_locale":"fr_FR","og_type":"article","og_title":"FRIENDLY LIQUIDE LESSIVE 100% NATUREL 1L NEUTRE - Paracherkaoui.ma","og_description":"Description: La lessive qui constituera un choix judicieux pour les v\u00eatements, serviettes, couvertures et autres linges d\u00e9licats de votre b\u00e9b\u00e9.Soigneusement","og_url":"https:\/\/paracherkaoui.ma\/index.php\/produit\/friendly-liquide-lessive-100-naturel-1l-neutre\/","og_site_name":"Paracherkaoui.ma","article_modified_time":"2025-12-12T18:09:50+00:00","og_image":[{"width":700,"height":700,"url":"https:\/\/paracherkaoui.ma\/wp-content\/uploads\/2025\/12\/friendly-liquide-lessive-100-naturel-1l-neutre.jpg","type":"image\/jpeg"}],"twitter_card":"summary_large_image","twitter_misc":{"Dur\u00e9e de lecture estim\u00e9e":"1 minute"},"schema":{"@context":"https:\/\/schema.org","@graph":[{"@type":"WebPage","@id":"https:\/\/paracherkaoui.ma\/index.php\/produit\/friendly-liquide-lessive-100-naturel-1l-neutre\/","url":"https:\/\/paracherkaoui.ma\/index.php\/produit\/friendly-liquide-lessive-100-naturel-1l-neutre\/","name":"FRIENDLY LIQUIDE LESSIVE 100% NATUREL 1L NEUTRE - Paracherkaoui.ma","isPartOf":{"@id":"https:\/\/paracherkaoui.ma\/#website"},"primaryImageOfPage":{"@id":"https:\/\/paracherkaoui.ma\/index.php\/produit\/friendly-liquide-lessive-100-naturel-1l-neutre\/#primaryimage"},"image":{"@id":"https:\/\/paracherkaoui.ma\/index.php\/produit\/friendly-liquide-lessive-100-naturel-1l-neutre\/#primaryimage"},"thumbnailUrl":"https:\/\/paracherkaoui.ma\/wp-content\/uploads\/2025\/12\/friendly-liquide-lessive-100-naturel-1l-neutre.jpg","datePublished":"2025-12-12T18:09:49+00:00","dateModified":"2025-12-12T18:09:50+00:00","breadcrumb":{"@id":"https:\/\/paracherkaoui.ma\/index.php\/produit\/friendly-liquide-lessive-100-naturel-1l-neutre\/#breadcrumb"},"inLanguage":"fr-FR","potentialAction":[{"@type":"ReadAction","target":["https:\/\/paracherkaoui.ma\/index.php\/produit\/friendly-liquide-lessive-100-naturel-1l-neutre\/"]}]},{"@type":"ImageObject","inLanguage":"fr-FR","@id":"https:\/\/paracherkaoui.ma\/index.php\/produit\/friendly-liquide-lessive-100-naturel-1l-neutre\/#primaryimage","url":"https:\/\/paracherkaoui.ma\/wp-content\/uploads\/2025\/12\/friendly-liquide-lessive-100-naturel-1l-neutre.jpg","contentUrl":"https:\/\/paracherkaoui.ma\/wp-content\/uploads\/2025\/12\/friendly-liquide-lessive-100-naturel-1l-neutre.jpg","width":700,"height":700},{"@type":"BreadcrumbList","@id":"https:\/\/paracherkaoui.ma\/index.php\/produit\/friendly-liquide-lessive-100-naturel-1l-neutre\/#breadcrumb","itemListElement":[{"@type":"ListItem","position":1,"name":"Accueil","item":"https:\/\/paracherkaoui.ma\/"},{"@type":"ListItem","position":2,"name":"Boutique","item":"https:\/\/paracherkaoui.ma\/index.php\/boutique\/"},{"@type":"ListItem","position":3,"name":"FRIENDLY LIQUIDE LESSIVE 100% NATUREL 1L NEUTRE"}]},{"@type":"WebSite","@id":"https:\/\/paracherkaoui.ma\/#website","url":"https:\/\/paracherkaoui.ma\/","name":"Paracherkaoui.ma","description":"Achetez en ligne sur Paracherkaoui.ma","potentialAction":[{"@type":"SearchAction","target":{"@type":"EntryPoint","urlTemplate":"https:\/\/paracherkaoui.ma\/?s={search_term_string}"},"query-input":{"@type":"PropertyValueSpecification","valueRequired":true,"valueName":"search_term_string"}}],"inLanguage":"fr-FR"}]}},"_links":{"self":[{"href":"https:\/\/paracherkaoui.ma\/index.php\/wp-json\/wp\/v2\/product\/42942","targetHints":{"allow":["GET"]}}],"collection":[{"href":"https:\/\/paracherkaoui.ma\/index.php\/wp-json\/wp\/v2\/product"}],"about":[{"href":"https:\/\/paracherkaoui.ma\/index.php\/wp-json\/wp\/v2\/types\/product"}],"replies":[{"embeddable":true,"href":"https:\/\/paracherkaoui.ma\/index.php\/wp-json\/wp\/v2\/comments?post=42942"}],"version-history":[{"count":1,"href":"https:\/\/paracherkaoui.ma\/index.php\/wp-json\/wp\/v2\/product\/42942\/revisions"}],"predecessor-version":[{"id":42963,"href":"https:\/\/paracherkaoui.ma\/index.php\/wp-json\/wp\/v2\/product\/42942\/revisions\/42963"}],"wp:featuredmedia":[{"embeddable":true,"href":"https:\/\/paracherkaoui.ma\/index.php\/wp-json\/wp\/v2\/media\/42962"}],"wp:attachment":[{"href":"https:\/\/paracherkaoui.ma\/index.php\/wp-json\/wp\/v2\/media?parent=42942"}],"wp:term":[{"taxonomy":"product_brand","embeddable":true,"href":"https:\/\/paracherkaoui.ma\/index.php\/wp-json\/wp\/v2\/product_brand?post=42942"},{"taxonomy":"product_cat","embeddable":true,"href":"https:\/\/paracherkaoui.ma\/index.php\/wp-json\/wp\/v2\/product_cat?post=42942"},{"taxonomy":"product_tag","embeddable":true,"href":"https:\/\/paracherkaoui.ma\/index.php\/wp-json\/wp\/v2\/product_tag?post=42942"}],"curies":[{"name":"wp","href":"https:\/\/api.w.org\/{rel}","templated":true}]}}