{"id":42875,"date":"2025-12-12T19:09:40","date_gmt":"2025-12-12T18:09:40","guid":{"rendered":"https:\/\/test.ecbeaute.com\/?post_type=product&#038;p=42875"},"modified":"2025-12-12T19:09:47","modified_gmt":"2025-12-12T18:09:47","slug":"bebe-confort-baby-liquide-vaiselle-ecolabel-500-ml","status":"publish","type":"product","link":"https:\/\/paracherkaoui.ma\/index.php\/produit\/bebe-confort-baby-liquide-vaiselle-ecolabel-500-ml\/","title":{"rendered":"BEBE CONFORT BABY LIQUIDE VAISELLE ECOLABEL 500 ML"},"content":{"rendered":"<p>Description:<br \/>\nLiquide vaisselle neutre hypoallerg\u00e9nique B\u00e9b\u00e9s Confort\u00a0mains\u00a0nettoie, d\u00e9graisse et fait briller\u00a0la vaisselle de toute la famille.Hypoallerg\u00e9nique, il respecte\u00a0les peaux les plus sensibles\u00a0et convient \u00e9galement\u00a0au nettoyage de la vaisselle de b\u00e9b\u00e9\u00a0(t\u00e9tine, biberons)Les + Produit :Formule certifi\u00e9e biologique:Nettoyage s\u00fbr et efficace pour tous les types d\u2019accessoires pour b\u00e9b\u00e9: Sans parfum<br \/>\nConseils d&rsquo;utilisation:<br \/>\nAppliquer le produit directement sur l\u2019\u00e9ponge, laver puis rincer.Afin d\u2019\u00e9conomiser l\u2019eau et l\u2019\u00e9nergie tout en lavant efficacement, immerger la vaisselle au lieu de la laver au jet du robinet et respecter les doses de produit recommand\u00e9es.<\/p>\n","protected":false},"excerpt":{"rendered":"<p>Description: Liquide vaisselle neutre hypoallerg\u00e9nique B\u00e9b\u00e9s Confort\u00a0mains\u00a0nettoie, d\u00e9graisse et fait briller\u00a0la vaisselle de toute la famille.Hypoallerg\u00e9nique, il respecte\u00a0les peaux les<\/p>\n","protected":false},"featured_media":42928,"comment_status":"open","ping_status":"closed","template":"","meta":[],"product_brand":[721],"product_cat":[743],"product_tag":[],"class_list":{"0":"post-42875","1":"product","2":"type-product","3":"status-publish","4":"has-post-thumbnail","6":"product_brand-bebe-confort","7":"product_cat-nettoyants-vaisselles-et-lessives-bebe","9":"first","10":"instock","11":"sale","12":"shipping-taxable","13":"purchasable","14":"product-type-simple"},"yoast_head":"<!-- This site is optimized with the Yoast SEO plugin v26.6 - https:\/\/yoast.com\/wordpress\/plugins\/seo\/ -->\r\n<title>BEBE CONFORT BABY LIQUIDE VAISELLE ECOLABEL 500 ML - Paracherkaoui.ma<\/title>\r\n<meta name=\"robots\" content=\"index, follow, max-snippet:-1, max-image-preview:large, max-video-preview:-1\" \/>\r\n<link rel=\"canonical\" href=\"https:\/\/paracherkaoui.ma\/index.php\/produit\/bebe-confort-baby-liquide-vaiselle-ecolabel-500-ml\/\" \/>\r\n<meta property=\"og:locale\" content=\"fr_FR\" \/>\r\n<meta property=\"og:type\" content=\"article\" \/>\r\n<meta property=\"og:title\" content=\"BEBE CONFORT BABY LIQUIDE VAISELLE ECOLABEL 500 ML - Paracherkaoui.ma\" \/>\r\n<meta property=\"og:description\" content=\"Description: Liquide vaisselle neutre hypoallerg\u00e9nique B\u00e9b\u00e9s Confort\u00a0mains\u00a0nettoie, d\u00e9graisse et fait briller\u00a0la vaisselle de toute la famille.Hypoallerg\u00e9nique, il respecte\u00a0les peaux les\" \/>\r\n<meta property=\"og:url\" content=\"https:\/\/paracherkaoui.ma\/index.php\/produit\/bebe-confort-baby-liquide-vaiselle-ecolabel-500-ml\/\" \/>\r\n<meta property=\"og:site_name\" content=\"Paracherkaoui.ma\" \/>\r\n<meta property=\"article:modified_time\" content=\"2025-12-12T18:09:47+00:00\" \/>\r\n<meta property=\"og:image\" content=\"https:\/\/paracherkaoui.ma\/wp-content\/uploads\/2025\/12\/bebe-confort-bebe-confort-baby-liquide-vaiselle-ecolabel-500-ml-apprentissage-hygienes.jpg\" \/>\r\n\t<meta property=\"og:image:width\" content=\"700\" \/>\r\n\t<meta property=\"og:image:height\" content=\"700\" \/>\r\n\t<meta property=\"og:image:type\" content=\"image\/jpeg\" \/>\r\n<meta name=\"twitter:card\" content=\"summary_large_image\" \/>\r\n<meta name=\"twitter:label1\" content=\"Dur\u00e9e de lecture estim\u00e9e\" \/>\n\t<meta name=\"twitter:data1\" content=\"1 minute\" \/>\r\n<script type=\"application\/ld+json\" class=\"yoast-schema-graph\">{\"@context\":\"https:\/\/schema.org\",\"@graph\":[{\"@type\":\"WebPage\",\"@id\":\"https:\/\/paracherkaoui.ma\/index.php\/produit\/bebe-confort-baby-liquide-vaiselle-ecolabel-500-ml\/\",\"url\":\"https:\/\/paracherkaoui.ma\/index.php\/produit\/bebe-confort-baby-liquide-vaiselle-ecolabel-500-ml\/\",\"name\":\"BEBE CONFORT BABY LIQUIDE VAISELLE ECOLABEL 500 ML - Paracherkaoui.ma\",\"isPartOf\":{\"@id\":\"https:\/\/paracherkaoui.ma\/#website\"},\"primaryImageOfPage\":{\"@id\":\"https:\/\/paracherkaoui.ma\/index.php\/produit\/bebe-confort-baby-liquide-vaiselle-ecolabel-500-ml\/#primaryimage\"},\"image\":{\"@id\":\"https:\/\/paracherkaoui.ma\/index.php\/produit\/bebe-confort-baby-liquide-vaiselle-ecolabel-500-ml\/#primaryimage\"},\"thumbnailUrl\":\"https:\/\/paracherkaoui.ma\/wp-content\/uploads\/2025\/12\/bebe-confort-bebe-confort-baby-liquide-vaiselle-ecolabel-500-ml-apprentissage-hygienes.jpg\",\"datePublished\":\"2025-12-12T18:09:40+00:00\",\"dateModified\":\"2025-12-12T18:09:47+00:00\",\"breadcrumb\":{\"@id\":\"https:\/\/paracherkaoui.ma\/index.php\/produit\/bebe-confort-baby-liquide-vaiselle-ecolabel-500-ml\/#breadcrumb\"},\"inLanguage\":\"fr-FR\",\"potentialAction\":[{\"@type\":\"ReadAction\",\"target\":[\"https:\/\/paracherkaoui.ma\/index.php\/produit\/bebe-confort-baby-liquide-vaiselle-ecolabel-500-ml\/\"]}]},{\"@type\":\"ImageObject\",\"inLanguage\":\"fr-FR\",\"@id\":\"https:\/\/paracherkaoui.ma\/index.php\/produit\/bebe-confort-baby-liquide-vaiselle-ecolabel-500-ml\/#primaryimage\",\"url\":\"https:\/\/paracherkaoui.ma\/wp-content\/uploads\/2025\/12\/bebe-confort-bebe-confort-baby-liquide-vaiselle-ecolabel-500-ml-apprentissage-hygienes.jpg\",\"contentUrl\":\"https:\/\/paracherkaoui.ma\/wp-content\/uploads\/2025\/12\/bebe-confort-bebe-confort-baby-liquide-vaiselle-ecolabel-500-ml-apprentissage-hygienes.jpg\",\"width\":700,\"height\":700},{\"@type\":\"BreadcrumbList\",\"@id\":\"https:\/\/paracherkaoui.ma\/index.php\/produit\/bebe-confort-baby-liquide-vaiselle-ecolabel-500-ml\/#breadcrumb\",\"itemListElement\":[{\"@type\":\"ListItem\",\"position\":1,\"name\":\"Accueil\",\"item\":\"https:\/\/paracherkaoui.ma\/\"},{\"@type\":\"ListItem\",\"position\":2,\"name\":\"Boutique\",\"item\":\"https:\/\/paracherkaoui.ma\/index.php\/boutique\/\"},{\"@type\":\"ListItem\",\"position\":3,\"name\":\"BEBE CONFORT BABY LIQUIDE VAISELLE ECOLABEL 500 ML\"}]},{\"@type\":\"WebSite\",\"@id\":\"https:\/\/paracherkaoui.ma\/#website\",\"url\":\"https:\/\/paracherkaoui.ma\/\",\"name\":\"Paracherkaoui.ma\",\"description\":\"Achetez en ligne sur Paracherkaoui.ma\",\"potentialAction\":[{\"@type\":\"SearchAction\",\"target\":{\"@type\":\"EntryPoint\",\"urlTemplate\":\"https:\/\/paracherkaoui.ma\/?s={search_term_string}\"},\"query-input\":{\"@type\":\"PropertyValueSpecification\",\"valueRequired\":true,\"valueName\":\"search_term_string\"}}],\"inLanguage\":\"fr-FR\"}]}<\/script>\r\n<!-- \/ Yoast SEO plugin. -->","yoast_head_json":{"title":"BEBE CONFORT BABY LIQUIDE VAISELLE ECOLABEL 500 ML - Paracherkaoui.ma","robots":{"index":"index","follow":"follow","max-snippet":"max-snippet:-1","max-image-preview":"max-image-preview:large","max-video-preview":"max-video-preview:-1"},"canonical":"https:\/\/paracherkaoui.ma\/index.php\/produit\/bebe-confort-baby-liquide-vaiselle-ecolabel-500-ml\/","og_locale":"fr_FR","og_type":"article","og_title":"BEBE CONFORT BABY LIQUIDE VAISELLE ECOLABEL 500 ML - Paracherkaoui.ma","og_description":"Description: Liquide vaisselle neutre hypoallerg\u00e9nique B\u00e9b\u00e9s Confort\u00a0mains\u00a0nettoie, d\u00e9graisse et fait briller\u00a0la vaisselle de toute la famille.Hypoallerg\u00e9nique, il respecte\u00a0les peaux les","og_url":"https:\/\/paracherkaoui.ma\/index.php\/produit\/bebe-confort-baby-liquide-vaiselle-ecolabel-500-ml\/","og_site_name":"Paracherkaoui.ma","article_modified_time":"2025-12-12T18:09:47+00:00","og_image":[{"width":700,"height":700,"url":"https:\/\/paracherkaoui.ma\/wp-content\/uploads\/2025\/12\/bebe-confort-bebe-confort-baby-liquide-vaiselle-ecolabel-500-ml-apprentissage-hygienes.jpg","type":"image\/jpeg"}],"twitter_card":"summary_large_image","twitter_misc":{"Dur\u00e9e de lecture estim\u00e9e":"1 minute"},"schema":{"@context":"https:\/\/schema.org","@graph":[{"@type":"WebPage","@id":"https:\/\/paracherkaoui.ma\/index.php\/produit\/bebe-confort-baby-liquide-vaiselle-ecolabel-500-ml\/","url":"https:\/\/paracherkaoui.ma\/index.php\/produit\/bebe-confort-baby-liquide-vaiselle-ecolabel-500-ml\/","name":"BEBE CONFORT BABY LIQUIDE VAISELLE ECOLABEL 500 ML - Paracherkaoui.ma","isPartOf":{"@id":"https:\/\/paracherkaoui.ma\/#website"},"primaryImageOfPage":{"@id":"https:\/\/paracherkaoui.ma\/index.php\/produit\/bebe-confort-baby-liquide-vaiselle-ecolabel-500-ml\/#primaryimage"},"image":{"@id":"https:\/\/paracherkaoui.ma\/index.php\/produit\/bebe-confort-baby-liquide-vaiselle-ecolabel-500-ml\/#primaryimage"},"thumbnailUrl":"https:\/\/paracherkaoui.ma\/wp-content\/uploads\/2025\/12\/bebe-confort-bebe-confort-baby-liquide-vaiselle-ecolabel-500-ml-apprentissage-hygienes.jpg","datePublished":"2025-12-12T18:09:40+00:00","dateModified":"2025-12-12T18:09:47+00:00","breadcrumb":{"@id":"https:\/\/paracherkaoui.ma\/index.php\/produit\/bebe-confort-baby-liquide-vaiselle-ecolabel-500-ml\/#breadcrumb"},"inLanguage":"fr-FR","potentialAction":[{"@type":"ReadAction","target":["https:\/\/paracherkaoui.ma\/index.php\/produit\/bebe-confort-baby-liquide-vaiselle-ecolabel-500-ml\/"]}]},{"@type":"ImageObject","inLanguage":"fr-FR","@id":"https:\/\/paracherkaoui.ma\/index.php\/produit\/bebe-confort-baby-liquide-vaiselle-ecolabel-500-ml\/#primaryimage","url":"https:\/\/paracherkaoui.ma\/wp-content\/uploads\/2025\/12\/bebe-confort-bebe-confort-baby-liquide-vaiselle-ecolabel-500-ml-apprentissage-hygienes.jpg","contentUrl":"https:\/\/paracherkaoui.ma\/wp-content\/uploads\/2025\/12\/bebe-confort-bebe-confort-baby-liquide-vaiselle-ecolabel-500-ml-apprentissage-hygienes.jpg","width":700,"height":700},{"@type":"BreadcrumbList","@id":"https:\/\/paracherkaoui.ma\/index.php\/produit\/bebe-confort-baby-liquide-vaiselle-ecolabel-500-ml\/#breadcrumb","itemListElement":[{"@type":"ListItem","position":1,"name":"Accueil","item":"https:\/\/paracherkaoui.ma\/"},{"@type":"ListItem","position":2,"name":"Boutique","item":"https:\/\/paracherkaoui.ma\/index.php\/boutique\/"},{"@type":"ListItem","position":3,"name":"BEBE CONFORT BABY LIQUIDE VAISELLE ECOLABEL 500 ML"}]},{"@type":"WebSite","@id":"https:\/\/paracherkaoui.ma\/#website","url":"https:\/\/paracherkaoui.ma\/","name":"Paracherkaoui.ma","description":"Achetez en ligne sur Paracherkaoui.ma","potentialAction":[{"@type":"SearchAction","target":{"@type":"EntryPoint","urlTemplate":"https:\/\/paracherkaoui.ma\/?s={search_term_string}"},"query-input":{"@type":"PropertyValueSpecification","valueRequired":true,"valueName":"search_term_string"}}],"inLanguage":"fr-FR"}]}},"_links":{"self":[{"href":"https:\/\/paracherkaoui.ma\/index.php\/wp-json\/wp\/v2\/product\/42875","targetHints":{"allow":["GET"]}}],"collection":[{"href":"https:\/\/paracherkaoui.ma\/index.php\/wp-json\/wp\/v2\/product"}],"about":[{"href":"https:\/\/paracherkaoui.ma\/index.php\/wp-json\/wp\/v2\/types\/product"}],"replies":[{"embeddable":true,"href":"https:\/\/paracherkaoui.ma\/index.php\/wp-json\/wp\/v2\/comments?post=42875"}],"version-history":[{"count":1,"href":"https:\/\/paracherkaoui.ma\/index.php\/wp-json\/wp\/v2\/product\/42875\/revisions"}],"predecessor-version":[{"id":42929,"href":"https:\/\/paracherkaoui.ma\/index.php\/wp-json\/wp\/v2\/product\/42875\/revisions\/42929"}],"wp:featuredmedia":[{"embeddable":true,"href":"https:\/\/paracherkaoui.ma\/index.php\/wp-json\/wp\/v2\/media\/42928"}],"wp:attachment":[{"href":"https:\/\/paracherkaoui.ma\/index.php\/wp-json\/wp\/v2\/media?parent=42875"}],"wp:term":[{"taxonomy":"product_brand","embeddable":true,"href":"https:\/\/paracherkaoui.ma\/index.php\/wp-json\/wp\/v2\/product_brand?post=42875"},{"taxonomy":"product_cat","embeddable":true,"href":"https:\/\/paracherkaoui.ma\/index.php\/wp-json\/wp\/v2\/product_cat?post=42875"},{"taxonomy":"product_tag","embeddable":true,"href":"https:\/\/paracherkaoui.ma\/index.php\/wp-json\/wp\/v2\/product_tag?post=42875"}],"curies":[{"name":"wp","href":"https:\/\/api.w.org\/{rel}","templated":true}]}}