{"id":42858,"date":"2025-12-12T19:09:39","date_gmt":"2025-12-12T18:09:39","guid":{"rendered":"https:\/\/test.ecbeaute.com\/?post_type=product&#038;p=42858"},"modified":"2025-12-12T19:09:43","modified_gmt":"2025-12-12T18:09:43","slug":"medela-biberon-calma-solitaire-ref-008-0139","status":"publish","type":"product","link":"https:\/\/paracherkaoui.ma\/index.php\/produit\/medela-biberon-calma-solitaire-ref-008-0139\/","title":{"rendered":"MEDELA BIBERON CALMA SOLITAIRE REF 008 0139"},"content":{"rendered":"<p>Calma est la solution pour toutes les m\u00e8res qui recherchent\u00a0le mode\u00a0d&rsquo;alimention id\u00e9al pouvant combiner l&rsquo;allaitement au sein et au biberon.<br \/>\nCalma a \u00e9t\u00e9 d\u00e9velopp\u00e9e \u00e0 partir des r\u00e9sultats de nos \u00e9tudes men\u00e9es avec l&rsquo;universit\u00e9 d&rsquo;Australie-Occidentale. C&rsquo;est pourquoi elle est\u00a0la seule\u00e0 \u00eatre\u00a0adapt\u00e9e pour les b\u00e9b\u00e9s nourris au lait maternel, car elle leur permet de t\u00e9ter, d&rsquo;avaler et de respirer, comme ils l&rsquo;ont appris au sein.<br \/>\nQue vous nourrissiez b\u00e9b\u00e9 avec Calma ou directement au sein, il doit cr\u00e9er un vide pour que le lait maternel s&rsquo;\u00e9coule. D\u00e8s qu&rsquo;il fait une pause, l&rsquo;\u00e9coulement cesse, comme au sein. B\u00e9b\u00e9 garde son rythme de succion naturel et peut revenir plus facilement au sein.<\/p>\n","protected":false},"excerpt":{"rendered":"<p>Calma est la solution pour toutes les m\u00e8res qui recherchent\u00a0le mode\u00a0d&rsquo;alimention id\u00e9al pouvant combiner l&rsquo;allaitement au sein et au biberon.<\/p>\n","protected":false},"featured_media":42894,"comment_status":"open","ping_status":"closed","template":"","meta":[],"product_brand":[724],"product_cat":[739],"product_tag":[],"class_list":{"0":"post-42858","1":"product","2":"type-product","3":"status-publish","4":"has-post-thumbnail","6":"product_brand-medela","7":"product_cat-biberon-et-goupillon","9":"first","10":"instock","11":"sale","12":"shipping-taxable","13":"purchasable","14":"product-type-simple"},"yoast_head":"<!-- This site is optimized with the Yoast SEO plugin v26.6 - https:\/\/yoast.com\/wordpress\/plugins\/seo\/ -->\r\n<title>MEDELA BIBERON CALMA SOLITAIRE REF 008 0139 - Paracherkaoui.ma<\/title>\r\n<meta name=\"robots\" content=\"index, follow, max-snippet:-1, max-image-preview:large, max-video-preview:-1\" \/>\r\n<link rel=\"canonical\" href=\"https:\/\/paracherkaoui.ma\/index.php\/produit\/medela-biberon-calma-solitaire-ref-008-0139\/\" \/>\r\n<meta property=\"og:locale\" content=\"fr_FR\" \/>\r\n<meta property=\"og:type\" content=\"article\" \/>\r\n<meta property=\"og:title\" content=\"MEDELA BIBERON CALMA SOLITAIRE REF 008 0139 - Paracherkaoui.ma\" \/>\r\n<meta property=\"og:description\" content=\"Calma est la solution pour toutes les m\u00e8res qui recherchent\u00a0le mode\u00a0d&rsquo;alimention id\u00e9al pouvant combiner l&rsquo;allaitement au sein et au biberon.\" \/>\r\n<meta property=\"og:url\" content=\"https:\/\/paracherkaoui.ma\/index.php\/produit\/medela-biberon-calma-solitaire-ref-008-0139\/\" \/>\r\n<meta property=\"og:site_name\" content=\"Paracherkaoui.ma\" \/>\r\n<meta property=\"article:modified_time\" content=\"2025-12-12T18:09:43+00:00\" \/>\r\n<meta property=\"og:image\" content=\"https:\/\/paracherkaoui.ma\/wp-content\/uploads\/2025\/12\/medela-medela-biberon-calma-solitaire-ref-008-0139-bebe-maman.jpg\" \/>\r\n\t<meta property=\"og:image:width\" content=\"700\" \/>\r\n\t<meta property=\"og:image:height\" content=\"700\" \/>\r\n\t<meta property=\"og:image:type\" content=\"image\/jpeg\" \/>\r\n<meta name=\"twitter:card\" content=\"summary_large_image\" \/>\r\n<meta name=\"twitter:label1\" content=\"Dur\u00e9e de lecture estim\u00e9e\" \/>\n\t<meta name=\"twitter:data1\" content=\"1 minute\" \/>\r\n<script type=\"application\/ld+json\" class=\"yoast-schema-graph\">{\"@context\":\"https:\/\/schema.org\",\"@graph\":[{\"@type\":\"WebPage\",\"@id\":\"https:\/\/paracherkaoui.ma\/index.php\/produit\/medela-biberon-calma-solitaire-ref-008-0139\/\",\"url\":\"https:\/\/paracherkaoui.ma\/index.php\/produit\/medela-biberon-calma-solitaire-ref-008-0139\/\",\"name\":\"MEDELA BIBERON CALMA SOLITAIRE REF 008 0139 - Paracherkaoui.ma\",\"isPartOf\":{\"@id\":\"https:\/\/paracherkaoui.ma\/#website\"},\"primaryImageOfPage\":{\"@id\":\"https:\/\/paracherkaoui.ma\/index.php\/produit\/medela-biberon-calma-solitaire-ref-008-0139\/#primaryimage\"},\"image\":{\"@id\":\"https:\/\/paracherkaoui.ma\/index.php\/produit\/medela-biberon-calma-solitaire-ref-008-0139\/#primaryimage\"},\"thumbnailUrl\":\"https:\/\/paracherkaoui.ma\/wp-content\/uploads\/2025\/12\/medela-medela-biberon-calma-solitaire-ref-008-0139-bebe-maman.jpg\",\"datePublished\":\"2025-12-12T18:09:39+00:00\",\"dateModified\":\"2025-12-12T18:09:43+00:00\",\"breadcrumb\":{\"@id\":\"https:\/\/paracherkaoui.ma\/index.php\/produit\/medela-biberon-calma-solitaire-ref-008-0139\/#breadcrumb\"},\"inLanguage\":\"fr-FR\",\"potentialAction\":[{\"@type\":\"ReadAction\",\"target\":[\"https:\/\/paracherkaoui.ma\/index.php\/produit\/medela-biberon-calma-solitaire-ref-008-0139\/\"]}]},{\"@type\":\"ImageObject\",\"inLanguage\":\"fr-FR\",\"@id\":\"https:\/\/paracherkaoui.ma\/index.php\/produit\/medela-biberon-calma-solitaire-ref-008-0139\/#primaryimage\",\"url\":\"https:\/\/paracherkaoui.ma\/wp-content\/uploads\/2025\/12\/medela-medela-biberon-calma-solitaire-ref-008-0139-bebe-maman.jpg\",\"contentUrl\":\"https:\/\/paracherkaoui.ma\/wp-content\/uploads\/2025\/12\/medela-medela-biberon-calma-solitaire-ref-008-0139-bebe-maman.jpg\",\"width\":700,\"height\":700},{\"@type\":\"BreadcrumbList\",\"@id\":\"https:\/\/paracherkaoui.ma\/index.php\/produit\/medela-biberon-calma-solitaire-ref-008-0139\/#breadcrumb\",\"itemListElement\":[{\"@type\":\"ListItem\",\"position\":1,\"name\":\"Accueil\",\"item\":\"https:\/\/paracherkaoui.ma\/\"},{\"@type\":\"ListItem\",\"position\":2,\"name\":\"Boutique\",\"item\":\"https:\/\/paracherkaoui.ma\/index.php\/boutique\/\"},{\"@type\":\"ListItem\",\"position\":3,\"name\":\"MEDELA BIBERON CALMA SOLITAIRE REF 008 0139\"}]},{\"@type\":\"WebSite\",\"@id\":\"https:\/\/paracherkaoui.ma\/#website\",\"url\":\"https:\/\/paracherkaoui.ma\/\",\"name\":\"Paracherkaoui.ma\",\"description\":\"Achetez en ligne sur Paracherkaoui.ma\",\"potentialAction\":[{\"@type\":\"SearchAction\",\"target\":{\"@type\":\"EntryPoint\",\"urlTemplate\":\"https:\/\/paracherkaoui.ma\/?s={search_term_string}\"},\"query-input\":{\"@type\":\"PropertyValueSpecification\",\"valueRequired\":true,\"valueName\":\"search_term_string\"}}],\"inLanguage\":\"fr-FR\"}]}<\/script>\r\n<!-- \/ Yoast SEO plugin. -->","yoast_head_json":{"title":"MEDELA BIBERON CALMA SOLITAIRE REF 008 0139 - Paracherkaoui.ma","robots":{"index":"index","follow":"follow","max-snippet":"max-snippet:-1","max-image-preview":"max-image-preview:large","max-video-preview":"max-video-preview:-1"},"canonical":"https:\/\/paracherkaoui.ma\/index.php\/produit\/medela-biberon-calma-solitaire-ref-008-0139\/","og_locale":"fr_FR","og_type":"article","og_title":"MEDELA BIBERON CALMA SOLITAIRE REF 008 0139 - Paracherkaoui.ma","og_description":"Calma est la solution pour toutes les m\u00e8res qui recherchent\u00a0le mode\u00a0d&rsquo;alimention id\u00e9al pouvant combiner l&rsquo;allaitement au sein et au biberon.","og_url":"https:\/\/paracherkaoui.ma\/index.php\/produit\/medela-biberon-calma-solitaire-ref-008-0139\/","og_site_name":"Paracherkaoui.ma","article_modified_time":"2025-12-12T18:09:43+00:00","og_image":[{"width":700,"height":700,"url":"https:\/\/paracherkaoui.ma\/wp-content\/uploads\/2025\/12\/medela-medela-biberon-calma-solitaire-ref-008-0139-bebe-maman.jpg","type":"image\/jpeg"}],"twitter_card":"summary_large_image","twitter_misc":{"Dur\u00e9e de lecture estim\u00e9e":"1 minute"},"schema":{"@context":"https:\/\/schema.org","@graph":[{"@type":"WebPage","@id":"https:\/\/paracherkaoui.ma\/index.php\/produit\/medela-biberon-calma-solitaire-ref-008-0139\/","url":"https:\/\/paracherkaoui.ma\/index.php\/produit\/medela-biberon-calma-solitaire-ref-008-0139\/","name":"MEDELA BIBERON CALMA SOLITAIRE REF 008 0139 - Paracherkaoui.ma","isPartOf":{"@id":"https:\/\/paracherkaoui.ma\/#website"},"primaryImageOfPage":{"@id":"https:\/\/paracherkaoui.ma\/index.php\/produit\/medela-biberon-calma-solitaire-ref-008-0139\/#primaryimage"},"image":{"@id":"https:\/\/paracherkaoui.ma\/index.php\/produit\/medela-biberon-calma-solitaire-ref-008-0139\/#primaryimage"},"thumbnailUrl":"https:\/\/paracherkaoui.ma\/wp-content\/uploads\/2025\/12\/medela-medela-biberon-calma-solitaire-ref-008-0139-bebe-maman.jpg","datePublished":"2025-12-12T18:09:39+00:00","dateModified":"2025-12-12T18:09:43+00:00","breadcrumb":{"@id":"https:\/\/paracherkaoui.ma\/index.php\/produit\/medela-biberon-calma-solitaire-ref-008-0139\/#breadcrumb"},"inLanguage":"fr-FR","potentialAction":[{"@type":"ReadAction","target":["https:\/\/paracherkaoui.ma\/index.php\/produit\/medela-biberon-calma-solitaire-ref-008-0139\/"]}]},{"@type":"ImageObject","inLanguage":"fr-FR","@id":"https:\/\/paracherkaoui.ma\/index.php\/produit\/medela-biberon-calma-solitaire-ref-008-0139\/#primaryimage","url":"https:\/\/paracherkaoui.ma\/wp-content\/uploads\/2025\/12\/medela-medela-biberon-calma-solitaire-ref-008-0139-bebe-maman.jpg","contentUrl":"https:\/\/paracherkaoui.ma\/wp-content\/uploads\/2025\/12\/medela-medela-biberon-calma-solitaire-ref-008-0139-bebe-maman.jpg","width":700,"height":700},{"@type":"BreadcrumbList","@id":"https:\/\/paracherkaoui.ma\/index.php\/produit\/medela-biberon-calma-solitaire-ref-008-0139\/#breadcrumb","itemListElement":[{"@type":"ListItem","position":1,"name":"Accueil","item":"https:\/\/paracherkaoui.ma\/"},{"@type":"ListItem","position":2,"name":"Boutique","item":"https:\/\/paracherkaoui.ma\/index.php\/boutique\/"},{"@type":"ListItem","position":3,"name":"MEDELA BIBERON CALMA SOLITAIRE REF 008 0139"}]},{"@type":"WebSite","@id":"https:\/\/paracherkaoui.ma\/#website","url":"https:\/\/paracherkaoui.ma\/","name":"Paracherkaoui.ma","description":"Achetez en ligne sur Paracherkaoui.ma","potentialAction":[{"@type":"SearchAction","target":{"@type":"EntryPoint","urlTemplate":"https:\/\/paracherkaoui.ma\/?s={search_term_string}"},"query-input":{"@type":"PropertyValueSpecification","valueRequired":true,"valueName":"search_term_string"}}],"inLanguage":"fr-FR"}]}},"_links":{"self":[{"href":"https:\/\/paracherkaoui.ma\/index.php\/wp-json\/wp\/v2\/product\/42858","targetHints":{"allow":["GET"]}}],"collection":[{"href":"https:\/\/paracherkaoui.ma\/index.php\/wp-json\/wp\/v2\/product"}],"about":[{"href":"https:\/\/paracherkaoui.ma\/index.php\/wp-json\/wp\/v2\/types\/product"}],"replies":[{"embeddable":true,"href":"https:\/\/paracherkaoui.ma\/index.php\/wp-json\/wp\/v2\/comments?post=42858"}],"version-history":[{"count":1,"href":"https:\/\/paracherkaoui.ma\/index.php\/wp-json\/wp\/v2\/product\/42858\/revisions"}],"predecessor-version":[{"id":42895,"href":"https:\/\/paracherkaoui.ma\/index.php\/wp-json\/wp\/v2\/product\/42858\/revisions\/42895"}],"wp:featuredmedia":[{"embeddable":true,"href":"https:\/\/paracherkaoui.ma\/index.php\/wp-json\/wp\/v2\/media\/42894"}],"wp:attachment":[{"href":"https:\/\/paracherkaoui.ma\/index.php\/wp-json\/wp\/v2\/media?parent=42858"}],"wp:term":[{"taxonomy":"product_brand","embeddable":true,"href":"https:\/\/paracherkaoui.ma\/index.php\/wp-json\/wp\/v2\/product_brand?post=42858"},{"taxonomy":"product_cat","embeddable":true,"href":"https:\/\/paracherkaoui.ma\/index.php\/wp-json\/wp\/v2\/product_cat?post=42858"},{"taxonomy":"product_tag","embeddable":true,"href":"https:\/\/paracherkaoui.ma\/index.php\/wp-json\/wp\/v2\/product_tag?post=42858"}],"curies":[{"name":"wp","href":"https:\/\/api.w.org\/{rel}","templated":true}]}}