{"id":42790,"date":"2025-12-12T19:09:32","date_gmt":"2025-12-12T18:09:32","guid":{"rendered":"https:\/\/test.ecbeaute.com\/?post_type=product&#038;p=42790"},"modified":"2025-12-12T19:09:38","modified_gmt":"2025-12-12T18:09:38","slug":"dodie-biberon-sensation-verre-270ml-london","status":"publish","type":"product","link":"https:\/\/paracherkaoui.ma\/index.php\/produit\/dodie-biberon-sensation-verre-270ml-london\/","title":{"rendered":"DODIE BIBERON SENSATION+ VERRE 270ML LONDON"},"content":{"rendered":"<p>Description:<br \/>\nDodie Biberon Verre Sensation+\u00a0270 ml \u2013 Mod\u00e8le : London est un biberon qui poss\u00e8de une t\u00e9tine plate anti-colique reproduisant la forme aplatie du sein pendant la t\u00e9t\u00e9e pour favoriser le passage du sein au biberon. Le bout plat reproduit la forme aplatie du sein pendant la t\u00e9t\u00e9e. La double valve anti-colique brevet\u00e9e favorise une circulation d\u2019air r\u00e9guli\u00e8re r\u00e9duisant les risques de coliques, de r\u00e9gurgitation et d\u2019a\u00e9rophagie.Les stries \u00e9vitent le collage des parois pour une t\u00e9t\u00e9e confortable en continu. La texture douce du silicone extra souple permet une t\u00e9t\u00e9e sans se fatiguer. L\u2019embout large est adapt\u00e9 \u00e0 la bouche de b\u00e9b\u00e9.<\/p>\n","protected":false},"excerpt":{"rendered":"<p>Description: Dodie Biberon Verre Sensation+\u00a0270 ml \u2013 Mod\u00e8le : London est un biberon qui poss\u00e8de une t\u00e9tine plate anti-colique reproduisant<\/p>\n","protected":false},"featured_media":42848,"comment_status":"open","ping_status":"closed","template":"","meta":[],"product_brand":[725],"product_cat":[739],"product_tag":[],"class_list":{"0":"post-42790","1":"product","2":"type-product","3":"status-publish","4":"has-post-thumbnail","6":"product_brand-dodie","7":"product_cat-biberon-et-goupillon","9":"first","10":"instock","11":"sale","12":"shipping-taxable","13":"purchasable","14":"product-type-simple"},"yoast_head":"<!-- This site is optimized with the Yoast SEO plugin v26.6 - https:\/\/yoast.com\/wordpress\/plugins\/seo\/ -->\r\n<title>DODIE BIBERON SENSATION+ VERRE 270ML LONDON - Paracherkaoui.ma<\/title>\r\n<meta name=\"robots\" content=\"index, follow, max-snippet:-1, max-image-preview:large, max-video-preview:-1\" \/>\r\n<link rel=\"canonical\" href=\"https:\/\/paracherkaoui.ma\/index.php\/produit\/dodie-biberon-sensation-verre-270ml-london\/\" \/>\r\n<meta property=\"og:locale\" content=\"fr_FR\" \/>\r\n<meta property=\"og:type\" content=\"article\" \/>\r\n<meta property=\"og:title\" content=\"DODIE BIBERON SENSATION+ VERRE 270ML LONDON - Paracherkaoui.ma\" \/>\r\n<meta property=\"og:description\" content=\"Description: Dodie Biberon Verre Sensation+\u00a0270 ml \u2013 Mod\u00e8le : London est un biberon qui poss\u00e8de une t\u00e9tine plate anti-colique reproduisant\" \/>\r\n<meta property=\"og:url\" content=\"https:\/\/paracherkaoui.ma\/index.php\/produit\/dodie-biberon-sensation-verre-270ml-london\/\" \/>\r\n<meta property=\"og:site_name\" content=\"Paracherkaoui.ma\" \/>\r\n<meta property=\"article:modified_time\" content=\"2025-12-12T18:09:38+00:00\" \/>\r\n<meta property=\"og:image\" content=\"https:\/\/paracherkaoui.ma\/wp-content\/uploads\/2025\/12\/dodie-biberon-sensation-verre-270ml-london.jpg\" \/>\r\n\t<meta property=\"og:image:width\" content=\"700\" \/>\r\n\t<meta property=\"og:image:height\" content=\"700\" \/>\r\n\t<meta property=\"og:image:type\" content=\"image\/jpeg\" \/>\r\n<meta name=\"twitter:card\" content=\"summary_large_image\" \/>\r\n<meta name=\"twitter:label1\" content=\"Dur\u00e9e de lecture estim\u00e9e\" \/>\n\t<meta name=\"twitter:data1\" content=\"1 minute\" \/>\r\n<script type=\"application\/ld+json\" class=\"yoast-schema-graph\">{\"@context\":\"https:\/\/schema.org\",\"@graph\":[{\"@type\":\"WebPage\",\"@id\":\"https:\/\/paracherkaoui.ma\/index.php\/produit\/dodie-biberon-sensation-verre-270ml-london\/\",\"url\":\"https:\/\/paracherkaoui.ma\/index.php\/produit\/dodie-biberon-sensation-verre-270ml-london\/\",\"name\":\"DODIE BIBERON SENSATION+ VERRE 270ML LONDON - Paracherkaoui.ma\",\"isPartOf\":{\"@id\":\"https:\/\/paracherkaoui.ma\/#website\"},\"primaryImageOfPage\":{\"@id\":\"https:\/\/paracherkaoui.ma\/index.php\/produit\/dodie-biberon-sensation-verre-270ml-london\/#primaryimage\"},\"image\":{\"@id\":\"https:\/\/paracherkaoui.ma\/index.php\/produit\/dodie-biberon-sensation-verre-270ml-london\/#primaryimage\"},\"thumbnailUrl\":\"https:\/\/paracherkaoui.ma\/wp-content\/uploads\/2025\/12\/dodie-biberon-sensation-verre-270ml-london.jpg\",\"datePublished\":\"2025-12-12T18:09:32+00:00\",\"dateModified\":\"2025-12-12T18:09:38+00:00\",\"breadcrumb\":{\"@id\":\"https:\/\/paracherkaoui.ma\/index.php\/produit\/dodie-biberon-sensation-verre-270ml-london\/#breadcrumb\"},\"inLanguage\":\"fr-FR\",\"potentialAction\":[{\"@type\":\"ReadAction\",\"target\":[\"https:\/\/paracherkaoui.ma\/index.php\/produit\/dodie-biberon-sensation-verre-270ml-london\/\"]}]},{\"@type\":\"ImageObject\",\"inLanguage\":\"fr-FR\",\"@id\":\"https:\/\/paracherkaoui.ma\/index.php\/produit\/dodie-biberon-sensation-verre-270ml-london\/#primaryimage\",\"url\":\"https:\/\/paracherkaoui.ma\/wp-content\/uploads\/2025\/12\/dodie-biberon-sensation-verre-270ml-london.jpg\",\"contentUrl\":\"https:\/\/paracherkaoui.ma\/wp-content\/uploads\/2025\/12\/dodie-biberon-sensation-verre-270ml-london.jpg\",\"width\":700,\"height\":700},{\"@type\":\"BreadcrumbList\",\"@id\":\"https:\/\/paracherkaoui.ma\/index.php\/produit\/dodie-biberon-sensation-verre-270ml-london\/#breadcrumb\",\"itemListElement\":[{\"@type\":\"ListItem\",\"position\":1,\"name\":\"Accueil\",\"item\":\"https:\/\/paracherkaoui.ma\/\"},{\"@type\":\"ListItem\",\"position\":2,\"name\":\"Boutique\",\"item\":\"https:\/\/paracherkaoui.ma\/index.php\/boutique\/\"},{\"@type\":\"ListItem\",\"position\":3,\"name\":\"DODIE BIBERON SENSATION+ VERRE 270ML LONDON\"}]},{\"@type\":\"WebSite\",\"@id\":\"https:\/\/paracherkaoui.ma\/#website\",\"url\":\"https:\/\/paracherkaoui.ma\/\",\"name\":\"Paracherkaoui.ma\",\"description\":\"Achetez en ligne sur Paracherkaoui.ma\",\"potentialAction\":[{\"@type\":\"SearchAction\",\"target\":{\"@type\":\"EntryPoint\",\"urlTemplate\":\"https:\/\/paracherkaoui.ma\/?s={search_term_string}\"},\"query-input\":{\"@type\":\"PropertyValueSpecification\",\"valueRequired\":true,\"valueName\":\"search_term_string\"}}],\"inLanguage\":\"fr-FR\"}]}<\/script>\r\n<!-- \/ Yoast SEO plugin. -->","yoast_head_json":{"title":"DODIE BIBERON SENSATION+ VERRE 270ML LONDON - Paracherkaoui.ma","robots":{"index":"index","follow":"follow","max-snippet":"max-snippet:-1","max-image-preview":"max-image-preview:large","max-video-preview":"max-video-preview:-1"},"canonical":"https:\/\/paracherkaoui.ma\/index.php\/produit\/dodie-biberon-sensation-verre-270ml-london\/","og_locale":"fr_FR","og_type":"article","og_title":"DODIE BIBERON SENSATION+ VERRE 270ML LONDON - Paracherkaoui.ma","og_description":"Description: Dodie Biberon Verre Sensation+\u00a0270 ml \u2013 Mod\u00e8le : London est un biberon qui poss\u00e8de une t\u00e9tine plate anti-colique reproduisant","og_url":"https:\/\/paracherkaoui.ma\/index.php\/produit\/dodie-biberon-sensation-verre-270ml-london\/","og_site_name":"Paracherkaoui.ma","article_modified_time":"2025-12-12T18:09:38+00:00","og_image":[{"width":700,"height":700,"url":"https:\/\/paracherkaoui.ma\/wp-content\/uploads\/2025\/12\/dodie-biberon-sensation-verre-270ml-london.jpg","type":"image\/jpeg"}],"twitter_card":"summary_large_image","twitter_misc":{"Dur\u00e9e de lecture estim\u00e9e":"1 minute"},"schema":{"@context":"https:\/\/schema.org","@graph":[{"@type":"WebPage","@id":"https:\/\/paracherkaoui.ma\/index.php\/produit\/dodie-biberon-sensation-verre-270ml-london\/","url":"https:\/\/paracherkaoui.ma\/index.php\/produit\/dodie-biberon-sensation-verre-270ml-london\/","name":"DODIE BIBERON SENSATION+ VERRE 270ML LONDON - Paracherkaoui.ma","isPartOf":{"@id":"https:\/\/paracherkaoui.ma\/#website"},"primaryImageOfPage":{"@id":"https:\/\/paracherkaoui.ma\/index.php\/produit\/dodie-biberon-sensation-verre-270ml-london\/#primaryimage"},"image":{"@id":"https:\/\/paracherkaoui.ma\/index.php\/produit\/dodie-biberon-sensation-verre-270ml-london\/#primaryimage"},"thumbnailUrl":"https:\/\/paracherkaoui.ma\/wp-content\/uploads\/2025\/12\/dodie-biberon-sensation-verre-270ml-london.jpg","datePublished":"2025-12-12T18:09:32+00:00","dateModified":"2025-12-12T18:09:38+00:00","breadcrumb":{"@id":"https:\/\/paracherkaoui.ma\/index.php\/produit\/dodie-biberon-sensation-verre-270ml-london\/#breadcrumb"},"inLanguage":"fr-FR","potentialAction":[{"@type":"ReadAction","target":["https:\/\/paracherkaoui.ma\/index.php\/produit\/dodie-biberon-sensation-verre-270ml-london\/"]}]},{"@type":"ImageObject","inLanguage":"fr-FR","@id":"https:\/\/paracherkaoui.ma\/index.php\/produit\/dodie-biberon-sensation-verre-270ml-london\/#primaryimage","url":"https:\/\/paracherkaoui.ma\/wp-content\/uploads\/2025\/12\/dodie-biberon-sensation-verre-270ml-london.jpg","contentUrl":"https:\/\/paracherkaoui.ma\/wp-content\/uploads\/2025\/12\/dodie-biberon-sensation-verre-270ml-london.jpg","width":700,"height":700},{"@type":"BreadcrumbList","@id":"https:\/\/paracherkaoui.ma\/index.php\/produit\/dodie-biberon-sensation-verre-270ml-london\/#breadcrumb","itemListElement":[{"@type":"ListItem","position":1,"name":"Accueil","item":"https:\/\/paracherkaoui.ma\/"},{"@type":"ListItem","position":2,"name":"Boutique","item":"https:\/\/paracherkaoui.ma\/index.php\/boutique\/"},{"@type":"ListItem","position":3,"name":"DODIE BIBERON SENSATION+ VERRE 270ML LONDON"}]},{"@type":"WebSite","@id":"https:\/\/paracherkaoui.ma\/#website","url":"https:\/\/paracherkaoui.ma\/","name":"Paracherkaoui.ma","description":"Achetez en ligne sur Paracherkaoui.ma","potentialAction":[{"@type":"SearchAction","target":{"@type":"EntryPoint","urlTemplate":"https:\/\/paracherkaoui.ma\/?s={search_term_string}"},"query-input":{"@type":"PropertyValueSpecification","valueRequired":true,"valueName":"search_term_string"}}],"inLanguage":"fr-FR"}]}},"_links":{"self":[{"href":"https:\/\/paracherkaoui.ma\/index.php\/wp-json\/wp\/v2\/product\/42790","targetHints":{"allow":["GET"]}}],"collection":[{"href":"https:\/\/paracherkaoui.ma\/index.php\/wp-json\/wp\/v2\/product"}],"about":[{"href":"https:\/\/paracherkaoui.ma\/index.php\/wp-json\/wp\/v2\/types\/product"}],"replies":[{"embeddable":true,"href":"https:\/\/paracherkaoui.ma\/index.php\/wp-json\/wp\/v2\/comments?post=42790"}],"version-history":[{"count":1,"href":"https:\/\/paracherkaoui.ma\/index.php\/wp-json\/wp\/v2\/product\/42790\/revisions"}],"predecessor-version":[{"id":42849,"href":"https:\/\/paracherkaoui.ma\/index.php\/wp-json\/wp\/v2\/product\/42790\/revisions\/42849"}],"wp:featuredmedia":[{"embeddable":true,"href":"https:\/\/paracherkaoui.ma\/index.php\/wp-json\/wp\/v2\/media\/42848"}],"wp:attachment":[{"href":"https:\/\/paracherkaoui.ma\/index.php\/wp-json\/wp\/v2\/media?parent=42790"}],"wp:term":[{"taxonomy":"product_brand","embeddable":true,"href":"https:\/\/paracherkaoui.ma\/index.php\/wp-json\/wp\/v2\/product_brand?post=42790"},{"taxonomy":"product_cat","embeddable":true,"href":"https:\/\/paracherkaoui.ma\/index.php\/wp-json\/wp\/v2\/product_cat?post=42790"},{"taxonomy":"product_tag","embeddable":true,"href":"https:\/\/paracherkaoui.ma\/index.php\/wp-json\/wp\/v2\/product_tag?post=42790"}],"curies":[{"name":"wp","href":"https:\/\/api.w.org\/{rel}","templated":true}]}}