{"id":42773,"date":"2025-12-12T19:09:31","date_gmt":"2025-12-12T18:09:31","guid":{"rendered":"https:\/\/test.ecbeaute.com\/?post_type=product&#038;p=42773"},"modified":"2025-12-12T19:09:35","modified_gmt":"2025-12-12T18:09:35","slug":"bebe-confort-bib-pp-emotion-avec-poignees-270-ml-bleu-8112","status":"publish","type":"product","link":"https:\/\/paracherkaoui.ma\/index.php\/produit\/bebe-confort-bib-pp-emotion-avec-poignees-270-ml-bleu-8112\/","title":{"rendered":"BEBE CONFORT BIB PP EMOTION AVEC POIGNEES 270 ML BLEU 8112"},"content":{"rendered":"<p>Le biberon col large anti-colique et anti-r\u00e9gurgitation, adapt\u00e9 d\u00e8s la naissance et jusqu&rsquo;au sevrage complet de b\u00e9b\u00e9.Forme g\u00e9n\u00e9reuse de la t\u00e9tine l&rsquo;\u00e9motion pour une bonne prise en bouche proche du sein maternel.T\u00e9tine l&rsquo;\u00e9motion silicone adapt\u00e9e au rythme de b\u00e9b\u00e9, 3 vitesses, t.1.Syst\u00e8me dual air: un syst\u00e8me de double valve pour assurer une bonne circulation de l&rsquo;air et emp\u00eacher les coliques et r\u00e9gurgitations Large ouverture facile \u00e0 remplir et \u00e0 nettoyer<\/p>\n","protected":false},"excerpt":{"rendered":"<p>Le biberon col large anti-colique et anti-r\u00e9gurgitation, adapt\u00e9 d\u00e8s la naissance et jusqu&rsquo;au sevrage complet de b\u00e9b\u00e9.Forme g\u00e9n\u00e9reuse de la<\/p>\n","protected":false},"featured_media":42814,"comment_status":"open","ping_status":"closed","template":"","meta":[],"product_brand":[721],"product_cat":[739],"product_tag":[],"class_list":{"0":"post-42773","1":"product","2":"type-product","3":"status-publish","4":"has-post-thumbnail","6":"product_brand-bebe-confort","7":"product_cat-biberon-et-goupillon","9":"first","10":"instock","11":"sale","12":"shipping-taxable","13":"purchasable","14":"product-type-simple"},"yoast_head":"<!-- This site is optimized with the Yoast SEO plugin v26.6 - https:\/\/yoast.com\/wordpress\/plugins\/seo\/ -->\r\n<title>BEBE CONFORT BIB PP EMOTION AVEC POIGNEES 270 ML BLEU 8112 - Paracherkaoui.ma<\/title>\r\n<meta name=\"robots\" content=\"index, follow, max-snippet:-1, max-image-preview:large, max-video-preview:-1\" \/>\r\n<link rel=\"canonical\" href=\"https:\/\/paracherkaoui.ma\/index.php\/produit\/bebe-confort-bib-pp-emotion-avec-poignees-270-ml-bleu-8112\/\" \/>\r\n<meta property=\"og:locale\" content=\"fr_FR\" \/>\r\n<meta property=\"og:type\" content=\"article\" \/>\r\n<meta property=\"og:title\" content=\"BEBE CONFORT BIB PP EMOTION AVEC POIGNEES 270 ML BLEU 8112 - Paracherkaoui.ma\" \/>\r\n<meta property=\"og:description\" content=\"Le biberon col large anti-colique et anti-r\u00e9gurgitation, adapt\u00e9 d\u00e8s la naissance et jusqu&rsquo;au sevrage complet de b\u00e9b\u00e9.Forme g\u00e9n\u00e9reuse de la\" \/>\r\n<meta property=\"og:url\" content=\"https:\/\/paracherkaoui.ma\/index.php\/produit\/bebe-confort-bib-pp-emotion-avec-poignees-270-ml-bleu-8112\/\" \/>\r\n<meta property=\"og:site_name\" content=\"Paracherkaoui.ma\" \/>\r\n<meta property=\"article:modified_time\" content=\"2025-12-12T18:09:35+00:00\" \/>\r\n<meta property=\"og:image\" content=\"https:\/\/paracherkaoui.ma\/wp-content\/uploads\/2025\/12\/bebe-confort-bib-pp-emotion-avec-poignees-270-ml-bleu-8112.jpg\" \/>\r\n\t<meta property=\"og:image:width\" content=\"700\" \/>\r\n\t<meta property=\"og:image:height\" content=\"700\" \/>\r\n\t<meta property=\"og:image:type\" content=\"image\/jpeg\" \/>\r\n<meta name=\"twitter:card\" content=\"summary_large_image\" \/>\r\n<script type=\"application\/ld+json\" class=\"yoast-schema-graph\">{\"@context\":\"https:\/\/schema.org\",\"@graph\":[{\"@type\":\"WebPage\",\"@id\":\"https:\/\/paracherkaoui.ma\/index.php\/produit\/bebe-confort-bib-pp-emotion-avec-poignees-270-ml-bleu-8112\/\",\"url\":\"https:\/\/paracherkaoui.ma\/index.php\/produit\/bebe-confort-bib-pp-emotion-avec-poignees-270-ml-bleu-8112\/\",\"name\":\"BEBE CONFORT BIB PP EMOTION AVEC POIGNEES 270 ML BLEU 8112 - Paracherkaoui.ma\",\"isPartOf\":{\"@id\":\"https:\/\/paracherkaoui.ma\/#website\"},\"primaryImageOfPage\":{\"@id\":\"https:\/\/paracherkaoui.ma\/index.php\/produit\/bebe-confort-bib-pp-emotion-avec-poignees-270-ml-bleu-8112\/#primaryimage\"},\"image\":{\"@id\":\"https:\/\/paracherkaoui.ma\/index.php\/produit\/bebe-confort-bib-pp-emotion-avec-poignees-270-ml-bleu-8112\/#primaryimage\"},\"thumbnailUrl\":\"https:\/\/paracherkaoui.ma\/wp-content\/uploads\/2025\/12\/bebe-confort-bib-pp-emotion-avec-poignees-270-ml-bleu-8112.jpg\",\"datePublished\":\"2025-12-12T18:09:31+00:00\",\"dateModified\":\"2025-12-12T18:09:35+00:00\",\"breadcrumb\":{\"@id\":\"https:\/\/paracherkaoui.ma\/index.php\/produit\/bebe-confort-bib-pp-emotion-avec-poignees-270-ml-bleu-8112\/#breadcrumb\"},\"inLanguage\":\"fr-FR\",\"potentialAction\":[{\"@type\":\"ReadAction\",\"target\":[\"https:\/\/paracherkaoui.ma\/index.php\/produit\/bebe-confort-bib-pp-emotion-avec-poignees-270-ml-bleu-8112\/\"]}]},{\"@type\":\"ImageObject\",\"inLanguage\":\"fr-FR\",\"@id\":\"https:\/\/paracherkaoui.ma\/index.php\/produit\/bebe-confort-bib-pp-emotion-avec-poignees-270-ml-bleu-8112\/#primaryimage\",\"url\":\"https:\/\/paracherkaoui.ma\/wp-content\/uploads\/2025\/12\/bebe-confort-bib-pp-emotion-avec-poignees-270-ml-bleu-8112.jpg\",\"contentUrl\":\"https:\/\/paracherkaoui.ma\/wp-content\/uploads\/2025\/12\/bebe-confort-bib-pp-emotion-avec-poignees-270-ml-bleu-8112.jpg\",\"width\":700,\"height\":700},{\"@type\":\"BreadcrumbList\",\"@id\":\"https:\/\/paracherkaoui.ma\/index.php\/produit\/bebe-confort-bib-pp-emotion-avec-poignees-270-ml-bleu-8112\/#breadcrumb\",\"itemListElement\":[{\"@type\":\"ListItem\",\"position\":1,\"name\":\"Accueil\",\"item\":\"https:\/\/paracherkaoui.ma\/\"},{\"@type\":\"ListItem\",\"position\":2,\"name\":\"Boutique\",\"item\":\"https:\/\/paracherkaoui.ma\/index.php\/boutique\/\"},{\"@type\":\"ListItem\",\"position\":3,\"name\":\"BEBE CONFORT BIB PP EMOTION AVEC POIGNEES 270 ML BLEU 8112\"}]},{\"@type\":\"WebSite\",\"@id\":\"https:\/\/paracherkaoui.ma\/#website\",\"url\":\"https:\/\/paracherkaoui.ma\/\",\"name\":\"Paracherkaoui.ma\",\"description\":\"Achetez en ligne sur Paracherkaoui.ma\",\"potentialAction\":[{\"@type\":\"SearchAction\",\"target\":{\"@type\":\"EntryPoint\",\"urlTemplate\":\"https:\/\/paracherkaoui.ma\/?s={search_term_string}\"},\"query-input\":{\"@type\":\"PropertyValueSpecification\",\"valueRequired\":true,\"valueName\":\"search_term_string\"}}],\"inLanguage\":\"fr-FR\"}]}<\/script>\r\n<!-- \/ Yoast SEO plugin. -->","yoast_head_json":{"title":"BEBE CONFORT BIB PP EMOTION AVEC POIGNEES 270 ML BLEU 8112 - Paracherkaoui.ma","robots":{"index":"index","follow":"follow","max-snippet":"max-snippet:-1","max-image-preview":"max-image-preview:large","max-video-preview":"max-video-preview:-1"},"canonical":"https:\/\/paracherkaoui.ma\/index.php\/produit\/bebe-confort-bib-pp-emotion-avec-poignees-270-ml-bleu-8112\/","og_locale":"fr_FR","og_type":"article","og_title":"BEBE CONFORT BIB PP EMOTION AVEC POIGNEES 270 ML BLEU 8112 - Paracherkaoui.ma","og_description":"Le biberon col large anti-colique et anti-r\u00e9gurgitation, adapt\u00e9 d\u00e8s la naissance et jusqu&rsquo;au sevrage complet de b\u00e9b\u00e9.Forme g\u00e9n\u00e9reuse de la","og_url":"https:\/\/paracherkaoui.ma\/index.php\/produit\/bebe-confort-bib-pp-emotion-avec-poignees-270-ml-bleu-8112\/","og_site_name":"Paracherkaoui.ma","article_modified_time":"2025-12-12T18:09:35+00:00","og_image":[{"width":700,"height":700,"url":"https:\/\/paracherkaoui.ma\/wp-content\/uploads\/2025\/12\/bebe-confort-bib-pp-emotion-avec-poignees-270-ml-bleu-8112.jpg","type":"image\/jpeg"}],"twitter_card":"summary_large_image","schema":{"@context":"https:\/\/schema.org","@graph":[{"@type":"WebPage","@id":"https:\/\/paracherkaoui.ma\/index.php\/produit\/bebe-confort-bib-pp-emotion-avec-poignees-270-ml-bleu-8112\/","url":"https:\/\/paracherkaoui.ma\/index.php\/produit\/bebe-confort-bib-pp-emotion-avec-poignees-270-ml-bleu-8112\/","name":"BEBE CONFORT BIB PP EMOTION AVEC POIGNEES 270 ML BLEU 8112 - Paracherkaoui.ma","isPartOf":{"@id":"https:\/\/paracherkaoui.ma\/#website"},"primaryImageOfPage":{"@id":"https:\/\/paracherkaoui.ma\/index.php\/produit\/bebe-confort-bib-pp-emotion-avec-poignees-270-ml-bleu-8112\/#primaryimage"},"image":{"@id":"https:\/\/paracherkaoui.ma\/index.php\/produit\/bebe-confort-bib-pp-emotion-avec-poignees-270-ml-bleu-8112\/#primaryimage"},"thumbnailUrl":"https:\/\/paracherkaoui.ma\/wp-content\/uploads\/2025\/12\/bebe-confort-bib-pp-emotion-avec-poignees-270-ml-bleu-8112.jpg","datePublished":"2025-12-12T18:09:31+00:00","dateModified":"2025-12-12T18:09:35+00:00","breadcrumb":{"@id":"https:\/\/paracherkaoui.ma\/index.php\/produit\/bebe-confort-bib-pp-emotion-avec-poignees-270-ml-bleu-8112\/#breadcrumb"},"inLanguage":"fr-FR","potentialAction":[{"@type":"ReadAction","target":["https:\/\/paracherkaoui.ma\/index.php\/produit\/bebe-confort-bib-pp-emotion-avec-poignees-270-ml-bleu-8112\/"]}]},{"@type":"ImageObject","inLanguage":"fr-FR","@id":"https:\/\/paracherkaoui.ma\/index.php\/produit\/bebe-confort-bib-pp-emotion-avec-poignees-270-ml-bleu-8112\/#primaryimage","url":"https:\/\/paracherkaoui.ma\/wp-content\/uploads\/2025\/12\/bebe-confort-bib-pp-emotion-avec-poignees-270-ml-bleu-8112.jpg","contentUrl":"https:\/\/paracherkaoui.ma\/wp-content\/uploads\/2025\/12\/bebe-confort-bib-pp-emotion-avec-poignees-270-ml-bleu-8112.jpg","width":700,"height":700},{"@type":"BreadcrumbList","@id":"https:\/\/paracherkaoui.ma\/index.php\/produit\/bebe-confort-bib-pp-emotion-avec-poignees-270-ml-bleu-8112\/#breadcrumb","itemListElement":[{"@type":"ListItem","position":1,"name":"Accueil","item":"https:\/\/paracherkaoui.ma\/"},{"@type":"ListItem","position":2,"name":"Boutique","item":"https:\/\/paracherkaoui.ma\/index.php\/boutique\/"},{"@type":"ListItem","position":3,"name":"BEBE CONFORT BIB PP EMOTION AVEC POIGNEES 270 ML BLEU 8112"}]},{"@type":"WebSite","@id":"https:\/\/paracherkaoui.ma\/#website","url":"https:\/\/paracherkaoui.ma\/","name":"Paracherkaoui.ma","description":"Achetez en ligne sur Paracherkaoui.ma","potentialAction":[{"@type":"SearchAction","target":{"@type":"EntryPoint","urlTemplate":"https:\/\/paracherkaoui.ma\/?s={search_term_string}"},"query-input":{"@type":"PropertyValueSpecification","valueRequired":true,"valueName":"search_term_string"}}],"inLanguage":"fr-FR"}]}},"_links":{"self":[{"href":"https:\/\/paracherkaoui.ma\/index.php\/wp-json\/wp\/v2\/product\/42773","targetHints":{"allow":["GET"]}}],"collection":[{"href":"https:\/\/paracherkaoui.ma\/index.php\/wp-json\/wp\/v2\/product"}],"about":[{"href":"https:\/\/paracherkaoui.ma\/index.php\/wp-json\/wp\/v2\/types\/product"}],"replies":[{"embeddable":true,"href":"https:\/\/paracherkaoui.ma\/index.php\/wp-json\/wp\/v2\/comments?post=42773"}],"version-history":[{"count":1,"href":"https:\/\/paracherkaoui.ma\/index.php\/wp-json\/wp\/v2\/product\/42773\/revisions"}],"predecessor-version":[{"id":42815,"href":"https:\/\/paracherkaoui.ma\/index.php\/wp-json\/wp\/v2\/product\/42773\/revisions\/42815"}],"wp:featuredmedia":[{"embeddable":true,"href":"https:\/\/paracherkaoui.ma\/index.php\/wp-json\/wp\/v2\/media\/42814"}],"wp:attachment":[{"href":"https:\/\/paracherkaoui.ma\/index.php\/wp-json\/wp\/v2\/media?parent=42773"}],"wp:term":[{"taxonomy":"product_brand","embeddable":true,"href":"https:\/\/paracherkaoui.ma\/index.php\/wp-json\/wp\/v2\/product_brand?post=42773"},{"taxonomy":"product_cat","embeddable":true,"href":"https:\/\/paracherkaoui.ma\/index.php\/wp-json\/wp\/v2\/product_cat?post=42773"},{"taxonomy":"product_tag","embeddable":true,"href":"https:\/\/paracherkaoui.ma\/index.php\/wp-json\/wp\/v2\/product_tag?post=42773"}],"curies":[{"name":"wp","href":"https:\/\/api.w.org\/{rel}","templated":true}]}}