{"id":42676,"date":"2025-12-12T19:09:20","date_gmt":"2025-12-12T18:09:20","guid":{"rendered":"https:\/\/test.ecbeaute.com\/?post_type=product&#038;p=42676"},"modified":"2025-12-12T19:09:23","modified_gmt":"2025-12-12T18:09:23","slug":"dodie-biberon-tetine-multi-perforee-anti-colique-330-ml-6mois-debit-3-bleu","status":"publish","type":"product","link":"https:\/\/paracherkaoui.ma\/index.php\/produit\/dodie-biberon-tetine-multi-perforee-anti-colique-330-ml-6mois-debit-3-bleu\/","title":{"rendered":"DODIE BIBERON TETINE MULTI PERFOREE ANTI COLIQUE 330 ML 6MOIS+ DEBIT 3 BLEU"},"content":{"rendered":"<p>Imaginez une t\u00e9tine qui reproduit \u00e0 la perfection les sensations d&rsquo;une t\u00e9t\u00e9e au sein maternel. C&rsquo;est exactement ce que propose la t\u00e9tine multi-perfor\u00e9e Dodie. Inspir\u00e9e par la nature, ses multiples perforations miment les canaux lactif\u00e8res du sein, permettant un d\u00e9bit de lait fluide et r\u00e9gulier, au plus proche de celui de l&rsquo;allaitement. Votre b\u00e9b\u00e9 retrouvera ainsi les gestes instinctifs et la succion naturelle, favorisant une transition douce entre le sein et le biberon, ou une alimentation mixte harmonieuse. La t\u00e9terelle extra souple, quant \u00e0 elle, imite les mouvements d\u00e9licats du mamelon, assurant une adaptabilit\u00e9 parfaite \u00e0 la bouche de b\u00e9b\u00e9 et un confort in\u00e9gal\u00e9 \u00e0 chaque gorg\u00e9e. La surface douce et nervur\u00e9e de la t\u00e9tine a \u00e9t\u00e9 pens\u00e9e pour aider votre enfant \u00e0 bien se positionner, r\u00e9duisant ainsi les risques de mauvaises prises et d&rsquo;inconfort.<br \/>\nMais le confort ne serait rien sans la tranquillit\u00e9 d&rsquo;esprit. C&rsquo;est pourquoi ce biberon est \u00e9quip\u00e9 d&rsquo;une double valve anti-colique brevet\u00e9e, directement int\u00e9gr\u00e9e \u00e0 la t\u00e9tine. Ce syst\u00e8me ing\u00e9nieux est un v\u00e9ritable bouclier contre les d\u00e9sagr\u00e9ments digestifs. En emp\u00eachant l&rsquo;absorption d&rsquo;air pendant la t\u00e9t\u00e9e, il r\u00e9duit consid\u00e9rablement les risques de coliques, de r\u00e9gurgitations et de ballonnements. Fini les pleurs apr\u00e8s le repas ! Votre b\u00e9b\u00e9 pourra savourer son lait sans inconfort, favorisant un meilleur sommeil et une digestion plus sereine pour toute la famille.<br \/>\nLa praticit\u00e9 est \u00e9galement au c\u0153ur de la conception de ce biberon. Gr\u00e2ce \u00e0 sa t\u00e9tine-bague 2 en 1, le Dodie Anti-Colique est incroyablement simple \u00e0 utiliser et \u00e0 entretenir. Avec seulement trois pi\u00e8ces \u00e0 assembler et \u00e0 nettoyer, vous gagnerez un temps pr\u00e9cieux, essentiel pour les jeunes parents. Moins de tracas, plus de moments partag\u00e9s avec b\u00e9b\u00e9.<\/p>\n","protected":false},"excerpt":{"rendered":"<p>Imaginez une t\u00e9tine qui reproduit \u00e0 la perfection les sensations d&rsquo;une t\u00e9t\u00e9e au sein maternel. C&rsquo;est exactement ce que propose<\/p>\n","protected":false},"featured_media":42710,"comment_status":"open","ping_status":"closed","template":"","meta":[],"product_brand":[725],"product_cat":[739],"product_tag":[],"class_list":{"0":"post-42676","1":"product","2":"type-product","3":"status-publish","4":"has-post-thumbnail","6":"product_brand-dodie","7":"product_cat-biberon-et-goupillon","9":"first","10":"instock","11":"sale","12":"shipping-taxable","13":"purchasable","14":"product-type-simple"},"yoast_head":"<!-- This site is optimized with the Yoast SEO plugin v26.6 - https:\/\/yoast.com\/wordpress\/plugins\/seo\/ -->\r\n<title>DODIE BIBERON TETINE MULTI PERFOREE ANTI COLIQUE 330 ML 6MOIS+ DEBIT 3 BLEU - Paracherkaoui.ma<\/title>\r\n<meta name=\"robots\" content=\"index, follow, max-snippet:-1, max-image-preview:large, max-video-preview:-1\" \/>\r\n<link rel=\"canonical\" href=\"https:\/\/paracherkaoui.ma\/index.php\/produit\/dodie-biberon-tetine-multi-perforee-anti-colique-330-ml-6mois-debit-3-bleu\/\" \/>\r\n<meta property=\"og:locale\" content=\"fr_FR\" \/>\r\n<meta property=\"og:type\" content=\"article\" \/>\r\n<meta property=\"og:title\" content=\"DODIE BIBERON TETINE MULTI PERFOREE ANTI COLIQUE 330 ML 6MOIS+ DEBIT 3 BLEU - Paracherkaoui.ma\" \/>\r\n<meta property=\"og:description\" content=\"Imaginez une t\u00e9tine qui reproduit \u00e0 la perfection les sensations d&rsquo;une t\u00e9t\u00e9e au sein maternel. C&rsquo;est exactement ce que propose\" \/>\r\n<meta property=\"og:url\" content=\"https:\/\/paracherkaoui.ma\/index.php\/produit\/dodie-biberon-tetine-multi-perforee-anti-colique-330-ml-6mois-debit-3-bleu\/\" \/>\r\n<meta property=\"og:site_name\" content=\"Paracherkaoui.ma\" \/>\r\n<meta property=\"article:modified_time\" content=\"2025-12-12T18:09:23+00:00\" \/>\r\n<meta property=\"og:image\" content=\"https:\/\/paracherkaoui.ma\/wp-content\/uploads\/2025\/12\/dodie-dodie-biberon-tetine-multi-perforee-anti-colique-330-ml-6mois-debit-3-bleu-biberon-et-goupillon.jpg\" \/>\r\n\t<meta property=\"og:image:width\" content=\"700\" \/>\r\n\t<meta property=\"og:image:height\" content=\"700\" \/>\r\n\t<meta property=\"og:image:type\" content=\"image\/jpeg\" \/>\r\n<meta name=\"twitter:card\" content=\"summary_large_image\" \/>\r\n<meta name=\"twitter:label1\" content=\"Dur\u00e9e de lecture estim\u00e9e\" \/>\n\t<meta name=\"twitter:data1\" content=\"2 minutes\" \/>\r\n<script type=\"application\/ld+json\" class=\"yoast-schema-graph\">{\"@context\":\"https:\/\/schema.org\",\"@graph\":[{\"@type\":\"WebPage\",\"@id\":\"https:\/\/paracherkaoui.ma\/index.php\/produit\/dodie-biberon-tetine-multi-perforee-anti-colique-330-ml-6mois-debit-3-bleu\/\",\"url\":\"https:\/\/paracherkaoui.ma\/index.php\/produit\/dodie-biberon-tetine-multi-perforee-anti-colique-330-ml-6mois-debit-3-bleu\/\",\"name\":\"DODIE BIBERON TETINE MULTI PERFOREE ANTI COLIQUE 330 ML 6MOIS+ DEBIT 3 BLEU - Paracherkaoui.ma\",\"isPartOf\":{\"@id\":\"https:\/\/paracherkaoui.ma\/#website\"},\"primaryImageOfPage\":{\"@id\":\"https:\/\/paracherkaoui.ma\/index.php\/produit\/dodie-biberon-tetine-multi-perforee-anti-colique-330-ml-6mois-debit-3-bleu\/#primaryimage\"},\"image\":{\"@id\":\"https:\/\/paracherkaoui.ma\/index.php\/produit\/dodie-biberon-tetine-multi-perforee-anti-colique-330-ml-6mois-debit-3-bleu\/#primaryimage\"},\"thumbnailUrl\":\"https:\/\/paracherkaoui.ma\/wp-content\/uploads\/2025\/12\/dodie-dodie-biberon-tetine-multi-perforee-anti-colique-330-ml-6mois-debit-3-bleu-biberon-et-goupillon.jpg\",\"datePublished\":\"2025-12-12T18:09:20+00:00\",\"dateModified\":\"2025-12-12T18:09:23+00:00\",\"breadcrumb\":{\"@id\":\"https:\/\/paracherkaoui.ma\/index.php\/produit\/dodie-biberon-tetine-multi-perforee-anti-colique-330-ml-6mois-debit-3-bleu\/#breadcrumb\"},\"inLanguage\":\"fr-FR\",\"potentialAction\":[{\"@type\":\"ReadAction\",\"target\":[\"https:\/\/paracherkaoui.ma\/index.php\/produit\/dodie-biberon-tetine-multi-perforee-anti-colique-330-ml-6mois-debit-3-bleu\/\"]}]},{\"@type\":\"ImageObject\",\"inLanguage\":\"fr-FR\",\"@id\":\"https:\/\/paracherkaoui.ma\/index.php\/produit\/dodie-biberon-tetine-multi-perforee-anti-colique-330-ml-6mois-debit-3-bleu\/#primaryimage\",\"url\":\"https:\/\/paracherkaoui.ma\/wp-content\/uploads\/2025\/12\/dodie-dodie-biberon-tetine-multi-perforee-anti-colique-330-ml-6mois-debit-3-bleu-biberon-et-goupillon.jpg\",\"contentUrl\":\"https:\/\/paracherkaoui.ma\/wp-content\/uploads\/2025\/12\/dodie-dodie-biberon-tetine-multi-perforee-anti-colique-330-ml-6mois-debit-3-bleu-biberon-et-goupillon.jpg\",\"width\":700,\"height\":700},{\"@type\":\"BreadcrumbList\",\"@id\":\"https:\/\/paracherkaoui.ma\/index.php\/produit\/dodie-biberon-tetine-multi-perforee-anti-colique-330-ml-6mois-debit-3-bleu\/#breadcrumb\",\"itemListElement\":[{\"@type\":\"ListItem\",\"position\":1,\"name\":\"Accueil\",\"item\":\"https:\/\/paracherkaoui.ma\/\"},{\"@type\":\"ListItem\",\"position\":2,\"name\":\"Boutique\",\"item\":\"https:\/\/paracherkaoui.ma\/index.php\/boutique\/\"},{\"@type\":\"ListItem\",\"position\":3,\"name\":\"DODIE BIBERON TETINE MULTI PERFOREE ANTI COLIQUE 330 ML 6MOIS+ DEBIT 3 BLEU\"}]},{\"@type\":\"WebSite\",\"@id\":\"https:\/\/paracherkaoui.ma\/#website\",\"url\":\"https:\/\/paracherkaoui.ma\/\",\"name\":\"Paracherkaoui.ma\",\"description\":\"Achetez en ligne sur Paracherkaoui.ma\",\"potentialAction\":[{\"@type\":\"SearchAction\",\"target\":{\"@type\":\"EntryPoint\",\"urlTemplate\":\"https:\/\/paracherkaoui.ma\/?s={search_term_string}\"},\"query-input\":{\"@type\":\"PropertyValueSpecification\",\"valueRequired\":true,\"valueName\":\"search_term_string\"}}],\"inLanguage\":\"fr-FR\"}]}<\/script>\r\n<!-- \/ Yoast SEO plugin. -->","yoast_head_json":{"title":"DODIE BIBERON TETINE MULTI PERFOREE ANTI COLIQUE 330 ML 6MOIS+ DEBIT 3 BLEU - Paracherkaoui.ma","robots":{"index":"index","follow":"follow","max-snippet":"max-snippet:-1","max-image-preview":"max-image-preview:large","max-video-preview":"max-video-preview:-1"},"canonical":"https:\/\/paracherkaoui.ma\/index.php\/produit\/dodie-biberon-tetine-multi-perforee-anti-colique-330-ml-6mois-debit-3-bleu\/","og_locale":"fr_FR","og_type":"article","og_title":"DODIE BIBERON TETINE MULTI PERFOREE ANTI COLIQUE 330 ML 6MOIS+ DEBIT 3 BLEU - Paracherkaoui.ma","og_description":"Imaginez une t\u00e9tine qui reproduit \u00e0 la perfection les sensations d&rsquo;une t\u00e9t\u00e9e au sein maternel. C&rsquo;est exactement ce que propose","og_url":"https:\/\/paracherkaoui.ma\/index.php\/produit\/dodie-biberon-tetine-multi-perforee-anti-colique-330-ml-6mois-debit-3-bleu\/","og_site_name":"Paracherkaoui.ma","article_modified_time":"2025-12-12T18:09:23+00:00","og_image":[{"width":700,"height":700,"url":"https:\/\/paracherkaoui.ma\/wp-content\/uploads\/2025\/12\/dodie-dodie-biberon-tetine-multi-perforee-anti-colique-330-ml-6mois-debit-3-bleu-biberon-et-goupillon.jpg","type":"image\/jpeg"}],"twitter_card":"summary_large_image","twitter_misc":{"Dur\u00e9e de lecture estim\u00e9e":"2 minutes"},"schema":{"@context":"https:\/\/schema.org","@graph":[{"@type":"WebPage","@id":"https:\/\/paracherkaoui.ma\/index.php\/produit\/dodie-biberon-tetine-multi-perforee-anti-colique-330-ml-6mois-debit-3-bleu\/","url":"https:\/\/paracherkaoui.ma\/index.php\/produit\/dodie-biberon-tetine-multi-perforee-anti-colique-330-ml-6mois-debit-3-bleu\/","name":"DODIE BIBERON TETINE MULTI PERFOREE ANTI COLIQUE 330 ML 6MOIS+ DEBIT 3 BLEU - Paracherkaoui.ma","isPartOf":{"@id":"https:\/\/paracherkaoui.ma\/#website"},"primaryImageOfPage":{"@id":"https:\/\/paracherkaoui.ma\/index.php\/produit\/dodie-biberon-tetine-multi-perforee-anti-colique-330-ml-6mois-debit-3-bleu\/#primaryimage"},"image":{"@id":"https:\/\/paracherkaoui.ma\/index.php\/produit\/dodie-biberon-tetine-multi-perforee-anti-colique-330-ml-6mois-debit-3-bleu\/#primaryimage"},"thumbnailUrl":"https:\/\/paracherkaoui.ma\/wp-content\/uploads\/2025\/12\/dodie-dodie-biberon-tetine-multi-perforee-anti-colique-330-ml-6mois-debit-3-bleu-biberon-et-goupillon.jpg","datePublished":"2025-12-12T18:09:20+00:00","dateModified":"2025-12-12T18:09:23+00:00","breadcrumb":{"@id":"https:\/\/paracherkaoui.ma\/index.php\/produit\/dodie-biberon-tetine-multi-perforee-anti-colique-330-ml-6mois-debit-3-bleu\/#breadcrumb"},"inLanguage":"fr-FR","potentialAction":[{"@type":"ReadAction","target":["https:\/\/paracherkaoui.ma\/index.php\/produit\/dodie-biberon-tetine-multi-perforee-anti-colique-330-ml-6mois-debit-3-bleu\/"]}]},{"@type":"ImageObject","inLanguage":"fr-FR","@id":"https:\/\/paracherkaoui.ma\/index.php\/produit\/dodie-biberon-tetine-multi-perforee-anti-colique-330-ml-6mois-debit-3-bleu\/#primaryimage","url":"https:\/\/paracherkaoui.ma\/wp-content\/uploads\/2025\/12\/dodie-dodie-biberon-tetine-multi-perforee-anti-colique-330-ml-6mois-debit-3-bleu-biberon-et-goupillon.jpg","contentUrl":"https:\/\/paracherkaoui.ma\/wp-content\/uploads\/2025\/12\/dodie-dodie-biberon-tetine-multi-perforee-anti-colique-330-ml-6mois-debit-3-bleu-biberon-et-goupillon.jpg","width":700,"height":700},{"@type":"BreadcrumbList","@id":"https:\/\/paracherkaoui.ma\/index.php\/produit\/dodie-biberon-tetine-multi-perforee-anti-colique-330-ml-6mois-debit-3-bleu\/#breadcrumb","itemListElement":[{"@type":"ListItem","position":1,"name":"Accueil","item":"https:\/\/paracherkaoui.ma\/"},{"@type":"ListItem","position":2,"name":"Boutique","item":"https:\/\/paracherkaoui.ma\/index.php\/boutique\/"},{"@type":"ListItem","position":3,"name":"DODIE BIBERON TETINE MULTI PERFOREE ANTI COLIQUE 330 ML 6MOIS+ DEBIT 3 BLEU"}]},{"@type":"WebSite","@id":"https:\/\/paracherkaoui.ma\/#website","url":"https:\/\/paracherkaoui.ma\/","name":"Paracherkaoui.ma","description":"Achetez en ligne sur Paracherkaoui.ma","potentialAction":[{"@type":"SearchAction","target":{"@type":"EntryPoint","urlTemplate":"https:\/\/paracherkaoui.ma\/?s={search_term_string}"},"query-input":{"@type":"PropertyValueSpecification","valueRequired":true,"valueName":"search_term_string"}}],"inLanguage":"fr-FR"}]}},"_links":{"self":[{"href":"https:\/\/paracherkaoui.ma\/index.php\/wp-json\/wp\/v2\/product\/42676","targetHints":{"allow":["GET"]}}],"collection":[{"href":"https:\/\/paracherkaoui.ma\/index.php\/wp-json\/wp\/v2\/product"}],"about":[{"href":"https:\/\/paracherkaoui.ma\/index.php\/wp-json\/wp\/v2\/types\/product"}],"replies":[{"embeddable":true,"href":"https:\/\/paracherkaoui.ma\/index.php\/wp-json\/wp\/v2\/comments?post=42676"}],"version-history":[{"count":1,"href":"https:\/\/paracherkaoui.ma\/index.php\/wp-json\/wp\/v2\/product\/42676\/revisions"}],"predecessor-version":[{"id":42711,"href":"https:\/\/paracherkaoui.ma\/index.php\/wp-json\/wp\/v2\/product\/42676\/revisions\/42711"}],"wp:featuredmedia":[{"embeddable":true,"href":"https:\/\/paracherkaoui.ma\/index.php\/wp-json\/wp\/v2\/media\/42710"}],"wp:attachment":[{"href":"https:\/\/paracherkaoui.ma\/index.php\/wp-json\/wp\/v2\/media?parent=42676"}],"wp:term":[{"taxonomy":"product_brand","embeddable":true,"href":"https:\/\/paracherkaoui.ma\/index.php\/wp-json\/wp\/v2\/product_brand?post=42676"},{"taxonomy":"product_cat","embeddable":true,"href":"https:\/\/paracherkaoui.ma\/index.php\/wp-json\/wp\/v2\/product_cat?post=42676"},{"taxonomy":"product_tag","embeddable":true,"href":"https:\/\/paracherkaoui.ma\/index.php\/wp-json\/wp\/v2\/product_tag?post=42676"}],"curies":[{"name":"wp","href":"https:\/\/api.w.org\/{rel}","templated":true}]}}