{"id":42607,"date":"2025-12-12T19:09:10","date_gmt":"2025-12-12T18:09:10","guid":{"rendered":"https:\/\/test.ecbeaute.com\/?post_type=product&#038;p=42607"},"modified":"2025-12-12T19:09:19","modified_gmt":"2025-12-12T18:09:19","slug":"mam-easy-start-biberon-anti-colique-160-ml-0-mois","status":"publish","type":"product","link":"https:\/\/paracherkaoui.ma\/index.php\/produit\/mam-easy-start-biberon-anti-colique-160-ml-0-mois\/","title":{"rendered":"MAM EASY START BIBERON ANTI COLIQUE 160 ML 0 MOIS +"},"content":{"rendered":"<p>Id\u00e9al pour un passage en douceur de l&rsquo;allaitement au sein au biberon<br \/>\nT\u00e9tine ultra douce\u00a0pr\u00e9sente une surface en silicone rappelant le sein de maman.<br \/>\nLa base a\u00e9r\u00e9e pr\u00e9vient l&rsquo;ingestion d&rsquo;air\u00a0et r\u00e9duit ainsi les coliques de 80\u00a0%<br \/>\nOuvertures ultra larges pour un\u00a0remplissage et un nettoyage ais\u00e9s<br \/>\nFonction autost\u00e9rilisante, id\u00e9al pour les sorties\u00a0!<\/p>\n","protected":false},"excerpt":{"rendered":"<p>Id\u00e9al pour un passage en douceur de l&rsquo;allaitement au sein au biberon T\u00e9tine ultra douce\u00a0pr\u00e9sente une surface en silicone rappelant<\/p>\n","protected":false},"featured_media":42662,"comment_status":"open","ping_status":"closed","template":"","meta":[],"product_brand":[727],"product_cat":[739],"product_tag":[],"class_list":{"0":"post-42607","1":"product","2":"type-product","3":"status-publish","4":"has-post-thumbnail","6":"product_brand-mam","7":"product_cat-biberon-et-goupillon","9":"first","10":"instock","11":"sale","12":"shipping-taxable","13":"purchasable","14":"product-type-simple"},"yoast_head":"<!-- This site is optimized with the Yoast SEO plugin v26.6 - https:\/\/yoast.com\/wordpress\/plugins\/seo\/ -->\r\n<title>MAM EASY START BIBERON ANTI COLIQUE 160 ML 0 MOIS + - Paracherkaoui.ma<\/title>\r\n<meta name=\"robots\" content=\"index, follow, max-snippet:-1, max-image-preview:large, max-video-preview:-1\" \/>\r\n<link rel=\"canonical\" href=\"https:\/\/paracherkaoui.ma\/index.php\/produit\/mam-easy-start-biberon-anti-colique-160-ml-0-mois\/\" \/>\r\n<meta property=\"og:locale\" content=\"fr_FR\" \/>\r\n<meta property=\"og:type\" content=\"article\" \/>\r\n<meta property=\"og:title\" content=\"MAM EASY START BIBERON ANTI COLIQUE 160 ML 0 MOIS + - Paracherkaoui.ma\" \/>\r\n<meta property=\"og:description\" content=\"Id\u00e9al pour un passage en douceur de l&rsquo;allaitement au sein au biberon T\u00e9tine ultra douce\u00a0pr\u00e9sente une surface en silicone rappelant\" \/>\r\n<meta property=\"og:url\" content=\"https:\/\/paracherkaoui.ma\/index.php\/produit\/mam-easy-start-biberon-anti-colique-160-ml-0-mois\/\" \/>\r\n<meta property=\"og:site_name\" content=\"Paracherkaoui.ma\" \/>\r\n<meta property=\"article:modified_time\" content=\"2025-12-12T18:09:19+00:00\" \/>\r\n<meta property=\"og:image\" content=\"https:\/\/paracherkaoui.ma\/wp-content\/uploads\/2025\/12\/mam-easy-start-biberon-anti-colique-160-ml-0-mois-.jpg\" \/>\r\n\t<meta property=\"og:image:width\" content=\"700\" \/>\r\n\t<meta property=\"og:image:height\" content=\"700\" \/>\r\n\t<meta property=\"og:image:type\" content=\"image\/jpeg\" \/>\r\n<meta name=\"twitter:card\" content=\"summary_large_image\" \/>\r\n<script type=\"application\/ld+json\" class=\"yoast-schema-graph\">{\"@context\":\"https:\/\/schema.org\",\"@graph\":[{\"@type\":\"WebPage\",\"@id\":\"https:\/\/paracherkaoui.ma\/index.php\/produit\/mam-easy-start-biberon-anti-colique-160-ml-0-mois\/\",\"url\":\"https:\/\/paracherkaoui.ma\/index.php\/produit\/mam-easy-start-biberon-anti-colique-160-ml-0-mois\/\",\"name\":\"MAM EASY START BIBERON ANTI COLIQUE 160 ML 0 MOIS + - Paracherkaoui.ma\",\"isPartOf\":{\"@id\":\"https:\/\/paracherkaoui.ma\/#website\"},\"primaryImageOfPage\":{\"@id\":\"https:\/\/paracherkaoui.ma\/index.php\/produit\/mam-easy-start-biberon-anti-colique-160-ml-0-mois\/#primaryimage\"},\"image\":{\"@id\":\"https:\/\/paracherkaoui.ma\/index.php\/produit\/mam-easy-start-biberon-anti-colique-160-ml-0-mois\/#primaryimage\"},\"thumbnailUrl\":\"https:\/\/paracherkaoui.ma\/wp-content\/uploads\/2025\/12\/mam-easy-start-biberon-anti-colique-160-ml-0-mois-.jpg\",\"datePublished\":\"2025-12-12T18:09:10+00:00\",\"dateModified\":\"2025-12-12T18:09:19+00:00\",\"breadcrumb\":{\"@id\":\"https:\/\/paracherkaoui.ma\/index.php\/produit\/mam-easy-start-biberon-anti-colique-160-ml-0-mois\/#breadcrumb\"},\"inLanguage\":\"fr-FR\",\"potentialAction\":[{\"@type\":\"ReadAction\",\"target\":[\"https:\/\/paracherkaoui.ma\/index.php\/produit\/mam-easy-start-biberon-anti-colique-160-ml-0-mois\/\"]}]},{\"@type\":\"ImageObject\",\"inLanguage\":\"fr-FR\",\"@id\":\"https:\/\/paracherkaoui.ma\/index.php\/produit\/mam-easy-start-biberon-anti-colique-160-ml-0-mois\/#primaryimage\",\"url\":\"https:\/\/paracherkaoui.ma\/wp-content\/uploads\/2025\/12\/mam-easy-start-biberon-anti-colique-160-ml-0-mois-.jpg\",\"contentUrl\":\"https:\/\/paracherkaoui.ma\/wp-content\/uploads\/2025\/12\/mam-easy-start-biberon-anti-colique-160-ml-0-mois-.jpg\",\"width\":700,\"height\":700},{\"@type\":\"BreadcrumbList\",\"@id\":\"https:\/\/paracherkaoui.ma\/index.php\/produit\/mam-easy-start-biberon-anti-colique-160-ml-0-mois\/#breadcrumb\",\"itemListElement\":[{\"@type\":\"ListItem\",\"position\":1,\"name\":\"Accueil\",\"item\":\"https:\/\/paracherkaoui.ma\/\"},{\"@type\":\"ListItem\",\"position\":2,\"name\":\"Boutique\",\"item\":\"https:\/\/paracherkaoui.ma\/index.php\/boutique\/\"},{\"@type\":\"ListItem\",\"position\":3,\"name\":\"MAM EASY START BIBERON ANTI COLIQUE 160 ML 0 MOIS +\"}]},{\"@type\":\"WebSite\",\"@id\":\"https:\/\/paracherkaoui.ma\/#website\",\"url\":\"https:\/\/paracherkaoui.ma\/\",\"name\":\"Paracherkaoui.ma\",\"description\":\"Achetez en ligne sur Paracherkaoui.ma\",\"potentialAction\":[{\"@type\":\"SearchAction\",\"target\":{\"@type\":\"EntryPoint\",\"urlTemplate\":\"https:\/\/paracherkaoui.ma\/?s={search_term_string}\"},\"query-input\":{\"@type\":\"PropertyValueSpecification\",\"valueRequired\":true,\"valueName\":\"search_term_string\"}}],\"inLanguage\":\"fr-FR\"}]}<\/script>\r\n<!-- \/ Yoast SEO plugin. -->","yoast_head_json":{"title":"MAM EASY START BIBERON ANTI COLIQUE 160 ML 0 MOIS + - Paracherkaoui.ma","robots":{"index":"index","follow":"follow","max-snippet":"max-snippet:-1","max-image-preview":"max-image-preview:large","max-video-preview":"max-video-preview:-1"},"canonical":"https:\/\/paracherkaoui.ma\/index.php\/produit\/mam-easy-start-biberon-anti-colique-160-ml-0-mois\/","og_locale":"fr_FR","og_type":"article","og_title":"MAM EASY START BIBERON ANTI COLIQUE 160 ML 0 MOIS + - Paracherkaoui.ma","og_description":"Id\u00e9al pour un passage en douceur de l&rsquo;allaitement au sein au biberon T\u00e9tine ultra douce\u00a0pr\u00e9sente une surface en silicone rappelant","og_url":"https:\/\/paracherkaoui.ma\/index.php\/produit\/mam-easy-start-biberon-anti-colique-160-ml-0-mois\/","og_site_name":"Paracherkaoui.ma","article_modified_time":"2025-12-12T18:09:19+00:00","og_image":[{"width":700,"height":700,"url":"https:\/\/paracherkaoui.ma\/wp-content\/uploads\/2025\/12\/mam-easy-start-biberon-anti-colique-160-ml-0-mois-.jpg","type":"image\/jpeg"}],"twitter_card":"summary_large_image","schema":{"@context":"https:\/\/schema.org","@graph":[{"@type":"WebPage","@id":"https:\/\/paracherkaoui.ma\/index.php\/produit\/mam-easy-start-biberon-anti-colique-160-ml-0-mois\/","url":"https:\/\/paracherkaoui.ma\/index.php\/produit\/mam-easy-start-biberon-anti-colique-160-ml-0-mois\/","name":"MAM EASY START BIBERON ANTI COLIQUE 160 ML 0 MOIS + - Paracherkaoui.ma","isPartOf":{"@id":"https:\/\/paracherkaoui.ma\/#website"},"primaryImageOfPage":{"@id":"https:\/\/paracherkaoui.ma\/index.php\/produit\/mam-easy-start-biberon-anti-colique-160-ml-0-mois\/#primaryimage"},"image":{"@id":"https:\/\/paracherkaoui.ma\/index.php\/produit\/mam-easy-start-biberon-anti-colique-160-ml-0-mois\/#primaryimage"},"thumbnailUrl":"https:\/\/paracherkaoui.ma\/wp-content\/uploads\/2025\/12\/mam-easy-start-biberon-anti-colique-160-ml-0-mois-.jpg","datePublished":"2025-12-12T18:09:10+00:00","dateModified":"2025-12-12T18:09:19+00:00","breadcrumb":{"@id":"https:\/\/paracherkaoui.ma\/index.php\/produit\/mam-easy-start-biberon-anti-colique-160-ml-0-mois\/#breadcrumb"},"inLanguage":"fr-FR","potentialAction":[{"@type":"ReadAction","target":["https:\/\/paracherkaoui.ma\/index.php\/produit\/mam-easy-start-biberon-anti-colique-160-ml-0-mois\/"]}]},{"@type":"ImageObject","inLanguage":"fr-FR","@id":"https:\/\/paracherkaoui.ma\/index.php\/produit\/mam-easy-start-biberon-anti-colique-160-ml-0-mois\/#primaryimage","url":"https:\/\/paracherkaoui.ma\/wp-content\/uploads\/2025\/12\/mam-easy-start-biberon-anti-colique-160-ml-0-mois-.jpg","contentUrl":"https:\/\/paracherkaoui.ma\/wp-content\/uploads\/2025\/12\/mam-easy-start-biberon-anti-colique-160-ml-0-mois-.jpg","width":700,"height":700},{"@type":"BreadcrumbList","@id":"https:\/\/paracherkaoui.ma\/index.php\/produit\/mam-easy-start-biberon-anti-colique-160-ml-0-mois\/#breadcrumb","itemListElement":[{"@type":"ListItem","position":1,"name":"Accueil","item":"https:\/\/paracherkaoui.ma\/"},{"@type":"ListItem","position":2,"name":"Boutique","item":"https:\/\/paracherkaoui.ma\/index.php\/boutique\/"},{"@type":"ListItem","position":3,"name":"MAM EASY START BIBERON ANTI COLIQUE 160 ML 0 MOIS +"}]},{"@type":"WebSite","@id":"https:\/\/paracherkaoui.ma\/#website","url":"https:\/\/paracherkaoui.ma\/","name":"Paracherkaoui.ma","description":"Achetez en ligne sur Paracherkaoui.ma","potentialAction":[{"@type":"SearchAction","target":{"@type":"EntryPoint","urlTemplate":"https:\/\/paracherkaoui.ma\/?s={search_term_string}"},"query-input":{"@type":"PropertyValueSpecification","valueRequired":true,"valueName":"search_term_string"}}],"inLanguage":"fr-FR"}]}},"_links":{"self":[{"href":"https:\/\/paracherkaoui.ma\/index.php\/wp-json\/wp\/v2\/product\/42607","targetHints":{"allow":["GET"]}}],"collection":[{"href":"https:\/\/paracherkaoui.ma\/index.php\/wp-json\/wp\/v2\/product"}],"about":[{"href":"https:\/\/paracherkaoui.ma\/index.php\/wp-json\/wp\/v2\/types\/product"}],"replies":[{"embeddable":true,"href":"https:\/\/paracherkaoui.ma\/index.php\/wp-json\/wp\/v2\/comments?post=42607"}],"version-history":[{"count":1,"href":"https:\/\/paracherkaoui.ma\/index.php\/wp-json\/wp\/v2\/product\/42607\/revisions"}],"predecessor-version":[{"id":42663,"href":"https:\/\/paracherkaoui.ma\/index.php\/wp-json\/wp\/v2\/product\/42607\/revisions\/42663"}],"wp:featuredmedia":[{"embeddable":true,"href":"https:\/\/paracherkaoui.ma\/index.php\/wp-json\/wp\/v2\/media\/42662"}],"wp:attachment":[{"href":"https:\/\/paracherkaoui.ma\/index.php\/wp-json\/wp\/v2\/media?parent=42607"}],"wp:term":[{"taxonomy":"product_brand","embeddable":true,"href":"https:\/\/paracherkaoui.ma\/index.php\/wp-json\/wp\/v2\/product_brand?post=42607"},{"taxonomy":"product_cat","embeddable":true,"href":"https:\/\/paracherkaoui.ma\/index.php\/wp-json\/wp\/v2\/product_cat?post=42607"},{"taxonomy":"product_tag","embeddable":true,"href":"https:\/\/paracherkaoui.ma\/index.php\/wp-json\/wp\/v2\/product_tag?post=42607"}],"curies":[{"name":"wp","href":"https:\/\/api.w.org\/{rel}","templated":true}]}}