{"id":42605,"date":"2025-12-12T19:09:10","date_gmt":"2025-12-12T18:09:10","guid":{"rendered":"https:\/\/test.ecbeaute.com\/?post_type=product&#038;p=42605"},"modified":"2025-12-12T19:09:18","modified_gmt":"2025-12-12T18:09:18","slug":"dodie-biberon-anti-colique-tetine-plate-270ml-mer-0-6-mois","status":"publish","type":"product","link":"https:\/\/paracherkaoui.ma\/index.php\/produit\/dodie-biberon-anti-colique-tetine-plate-270ml-mer-0-6-mois\/","title":{"rendered":"DODIE BIBERON ANTI COLIQUE TETINE PLATE+ 270ML MER 0-6 MOIS"},"content":{"rendered":"<p>Adapt\u00e9 aux enfants \u00e2g\u00e9s\u00a0de 0 \u00e0 6 mois. Le biberon Dodie Sensation+ \u00e0 d\u00e9bit moyen est \u00e9quip\u00e9 d&rsquo;une t\u00e9tine plate. Elle va reproduire la forme du sein durant la t\u00e9t\u00e9e et ainsi permettre de faciliter la transition du sein vers le biberon. Son embout et sa base large vont s&rsquo;adapter \u00e0 la bouche de l&rsquo;enfant et favoriser son ouverture.<\/p>\n","protected":false},"excerpt":{"rendered":"<p>Adapt\u00e9 aux enfants \u00e2g\u00e9s\u00a0de 0 \u00e0 6 mois. Le biberon Dodie Sensation+ \u00e0 d\u00e9bit moyen est \u00e9quip\u00e9 d&rsquo;une t\u00e9tine plate.<\/p>\n","protected":false},"featured_media":42658,"comment_status":"open","ping_status":"closed","template":"","meta":[],"product_brand":[725],"product_cat":[739],"product_tag":[],"class_list":{"0":"post-42605","1":"product","2":"type-product","3":"status-publish","4":"has-post-thumbnail","6":"product_brand-dodie","7":"product_cat-biberon-et-goupillon","9":"first","10":"instock","11":"sale","12":"shipping-taxable","13":"purchasable","14":"product-type-simple"},"yoast_head":"<!-- This site is optimized with the Yoast SEO plugin v26.6 - https:\/\/yoast.com\/wordpress\/plugins\/seo\/ -->\r\n<title>DODIE BIBERON ANTI COLIQUE TETINE PLATE+ 270ML MER 0-6 MOIS - Paracherkaoui.ma<\/title>\r\n<meta name=\"robots\" content=\"index, follow, max-snippet:-1, max-image-preview:large, max-video-preview:-1\" \/>\r\n<link rel=\"canonical\" href=\"https:\/\/paracherkaoui.ma\/index.php\/produit\/dodie-biberon-anti-colique-tetine-plate-270ml-mer-0-6-mois\/\" \/>\r\n<meta property=\"og:locale\" content=\"fr_FR\" \/>\r\n<meta property=\"og:type\" content=\"article\" \/>\r\n<meta property=\"og:title\" content=\"DODIE BIBERON ANTI COLIQUE TETINE PLATE+ 270ML MER 0-6 MOIS - Paracherkaoui.ma\" \/>\r\n<meta property=\"og:description\" content=\"Adapt\u00e9 aux enfants \u00e2g\u00e9s\u00a0de 0 \u00e0 6 mois. Le biberon Dodie Sensation+ \u00e0 d\u00e9bit moyen est \u00e9quip\u00e9 d&rsquo;une t\u00e9tine plate.\" \/>\r\n<meta property=\"og:url\" content=\"https:\/\/paracherkaoui.ma\/index.php\/produit\/dodie-biberon-anti-colique-tetine-plate-270ml-mer-0-6-mois\/\" \/>\r\n<meta property=\"og:site_name\" content=\"Paracherkaoui.ma\" \/>\r\n<meta property=\"article:modified_time\" content=\"2025-12-12T18:09:18+00:00\" \/>\r\n<meta property=\"og:image\" content=\"https:\/\/paracherkaoui.ma\/wp-content\/uploads\/2025\/12\/dodie-biberon-anti-colique-tetine-plate-270ml-mer-0-6-mois.jpg\" \/>\r\n\t<meta property=\"og:image:width\" content=\"700\" \/>\r\n\t<meta property=\"og:image:height\" content=\"700\" \/>\r\n\t<meta property=\"og:image:type\" content=\"image\/jpeg\" \/>\r\n<meta name=\"twitter:card\" content=\"summary_large_image\" \/>\r\n<script type=\"application\/ld+json\" class=\"yoast-schema-graph\">{\"@context\":\"https:\/\/schema.org\",\"@graph\":[{\"@type\":\"WebPage\",\"@id\":\"https:\/\/paracherkaoui.ma\/index.php\/produit\/dodie-biberon-anti-colique-tetine-plate-270ml-mer-0-6-mois\/\",\"url\":\"https:\/\/paracherkaoui.ma\/index.php\/produit\/dodie-biberon-anti-colique-tetine-plate-270ml-mer-0-6-mois\/\",\"name\":\"DODIE BIBERON ANTI COLIQUE TETINE PLATE+ 270ML MER 0-6 MOIS - Paracherkaoui.ma\",\"isPartOf\":{\"@id\":\"https:\/\/paracherkaoui.ma\/#website\"},\"primaryImageOfPage\":{\"@id\":\"https:\/\/paracherkaoui.ma\/index.php\/produit\/dodie-biberon-anti-colique-tetine-plate-270ml-mer-0-6-mois\/#primaryimage\"},\"image\":{\"@id\":\"https:\/\/paracherkaoui.ma\/index.php\/produit\/dodie-biberon-anti-colique-tetine-plate-270ml-mer-0-6-mois\/#primaryimage\"},\"thumbnailUrl\":\"https:\/\/paracherkaoui.ma\/wp-content\/uploads\/2025\/12\/dodie-biberon-anti-colique-tetine-plate-270ml-mer-0-6-mois.jpg\",\"datePublished\":\"2025-12-12T18:09:10+00:00\",\"dateModified\":\"2025-12-12T18:09:18+00:00\",\"breadcrumb\":{\"@id\":\"https:\/\/paracherkaoui.ma\/index.php\/produit\/dodie-biberon-anti-colique-tetine-plate-270ml-mer-0-6-mois\/#breadcrumb\"},\"inLanguage\":\"fr-FR\",\"potentialAction\":[{\"@type\":\"ReadAction\",\"target\":[\"https:\/\/paracherkaoui.ma\/index.php\/produit\/dodie-biberon-anti-colique-tetine-plate-270ml-mer-0-6-mois\/\"]}]},{\"@type\":\"ImageObject\",\"inLanguage\":\"fr-FR\",\"@id\":\"https:\/\/paracherkaoui.ma\/index.php\/produit\/dodie-biberon-anti-colique-tetine-plate-270ml-mer-0-6-mois\/#primaryimage\",\"url\":\"https:\/\/paracherkaoui.ma\/wp-content\/uploads\/2025\/12\/dodie-biberon-anti-colique-tetine-plate-270ml-mer-0-6-mois.jpg\",\"contentUrl\":\"https:\/\/paracherkaoui.ma\/wp-content\/uploads\/2025\/12\/dodie-biberon-anti-colique-tetine-plate-270ml-mer-0-6-mois.jpg\",\"width\":700,\"height\":700},{\"@type\":\"BreadcrumbList\",\"@id\":\"https:\/\/paracherkaoui.ma\/index.php\/produit\/dodie-biberon-anti-colique-tetine-plate-270ml-mer-0-6-mois\/#breadcrumb\",\"itemListElement\":[{\"@type\":\"ListItem\",\"position\":1,\"name\":\"Accueil\",\"item\":\"https:\/\/paracherkaoui.ma\/\"},{\"@type\":\"ListItem\",\"position\":2,\"name\":\"Boutique\",\"item\":\"https:\/\/paracherkaoui.ma\/index.php\/boutique\/\"},{\"@type\":\"ListItem\",\"position\":3,\"name\":\"DODIE BIBERON ANTI COLIQUE TETINE PLATE+ 270ML MER 0-6 MOIS\"}]},{\"@type\":\"WebSite\",\"@id\":\"https:\/\/paracherkaoui.ma\/#website\",\"url\":\"https:\/\/paracherkaoui.ma\/\",\"name\":\"Paracherkaoui.ma\",\"description\":\"Achetez en ligne sur Paracherkaoui.ma\",\"potentialAction\":[{\"@type\":\"SearchAction\",\"target\":{\"@type\":\"EntryPoint\",\"urlTemplate\":\"https:\/\/paracherkaoui.ma\/?s={search_term_string}\"},\"query-input\":{\"@type\":\"PropertyValueSpecification\",\"valueRequired\":true,\"valueName\":\"search_term_string\"}}],\"inLanguage\":\"fr-FR\"}]}<\/script>\r\n<!-- \/ Yoast SEO plugin. -->","yoast_head_json":{"title":"DODIE BIBERON ANTI COLIQUE TETINE PLATE+ 270ML MER 0-6 MOIS - Paracherkaoui.ma","robots":{"index":"index","follow":"follow","max-snippet":"max-snippet:-1","max-image-preview":"max-image-preview:large","max-video-preview":"max-video-preview:-1"},"canonical":"https:\/\/paracherkaoui.ma\/index.php\/produit\/dodie-biberon-anti-colique-tetine-plate-270ml-mer-0-6-mois\/","og_locale":"fr_FR","og_type":"article","og_title":"DODIE BIBERON ANTI COLIQUE TETINE PLATE+ 270ML MER 0-6 MOIS - Paracherkaoui.ma","og_description":"Adapt\u00e9 aux enfants \u00e2g\u00e9s\u00a0de 0 \u00e0 6 mois. Le biberon Dodie Sensation+ \u00e0 d\u00e9bit moyen est \u00e9quip\u00e9 d&rsquo;une t\u00e9tine plate.","og_url":"https:\/\/paracherkaoui.ma\/index.php\/produit\/dodie-biberon-anti-colique-tetine-plate-270ml-mer-0-6-mois\/","og_site_name":"Paracherkaoui.ma","article_modified_time":"2025-12-12T18:09:18+00:00","og_image":[{"width":700,"height":700,"url":"https:\/\/paracherkaoui.ma\/wp-content\/uploads\/2025\/12\/dodie-biberon-anti-colique-tetine-plate-270ml-mer-0-6-mois.jpg","type":"image\/jpeg"}],"twitter_card":"summary_large_image","schema":{"@context":"https:\/\/schema.org","@graph":[{"@type":"WebPage","@id":"https:\/\/paracherkaoui.ma\/index.php\/produit\/dodie-biberon-anti-colique-tetine-plate-270ml-mer-0-6-mois\/","url":"https:\/\/paracherkaoui.ma\/index.php\/produit\/dodie-biberon-anti-colique-tetine-plate-270ml-mer-0-6-mois\/","name":"DODIE BIBERON ANTI COLIQUE TETINE PLATE+ 270ML MER 0-6 MOIS - Paracherkaoui.ma","isPartOf":{"@id":"https:\/\/paracherkaoui.ma\/#website"},"primaryImageOfPage":{"@id":"https:\/\/paracherkaoui.ma\/index.php\/produit\/dodie-biberon-anti-colique-tetine-plate-270ml-mer-0-6-mois\/#primaryimage"},"image":{"@id":"https:\/\/paracherkaoui.ma\/index.php\/produit\/dodie-biberon-anti-colique-tetine-plate-270ml-mer-0-6-mois\/#primaryimage"},"thumbnailUrl":"https:\/\/paracherkaoui.ma\/wp-content\/uploads\/2025\/12\/dodie-biberon-anti-colique-tetine-plate-270ml-mer-0-6-mois.jpg","datePublished":"2025-12-12T18:09:10+00:00","dateModified":"2025-12-12T18:09:18+00:00","breadcrumb":{"@id":"https:\/\/paracherkaoui.ma\/index.php\/produit\/dodie-biberon-anti-colique-tetine-plate-270ml-mer-0-6-mois\/#breadcrumb"},"inLanguage":"fr-FR","potentialAction":[{"@type":"ReadAction","target":["https:\/\/paracherkaoui.ma\/index.php\/produit\/dodie-biberon-anti-colique-tetine-plate-270ml-mer-0-6-mois\/"]}]},{"@type":"ImageObject","inLanguage":"fr-FR","@id":"https:\/\/paracherkaoui.ma\/index.php\/produit\/dodie-biberon-anti-colique-tetine-plate-270ml-mer-0-6-mois\/#primaryimage","url":"https:\/\/paracherkaoui.ma\/wp-content\/uploads\/2025\/12\/dodie-biberon-anti-colique-tetine-plate-270ml-mer-0-6-mois.jpg","contentUrl":"https:\/\/paracherkaoui.ma\/wp-content\/uploads\/2025\/12\/dodie-biberon-anti-colique-tetine-plate-270ml-mer-0-6-mois.jpg","width":700,"height":700},{"@type":"BreadcrumbList","@id":"https:\/\/paracherkaoui.ma\/index.php\/produit\/dodie-biberon-anti-colique-tetine-plate-270ml-mer-0-6-mois\/#breadcrumb","itemListElement":[{"@type":"ListItem","position":1,"name":"Accueil","item":"https:\/\/paracherkaoui.ma\/"},{"@type":"ListItem","position":2,"name":"Boutique","item":"https:\/\/paracherkaoui.ma\/index.php\/boutique\/"},{"@type":"ListItem","position":3,"name":"DODIE BIBERON ANTI COLIQUE TETINE PLATE+ 270ML MER 0-6 MOIS"}]},{"@type":"WebSite","@id":"https:\/\/paracherkaoui.ma\/#website","url":"https:\/\/paracherkaoui.ma\/","name":"Paracherkaoui.ma","description":"Achetez en ligne sur Paracherkaoui.ma","potentialAction":[{"@type":"SearchAction","target":{"@type":"EntryPoint","urlTemplate":"https:\/\/paracherkaoui.ma\/?s={search_term_string}"},"query-input":{"@type":"PropertyValueSpecification","valueRequired":true,"valueName":"search_term_string"}}],"inLanguage":"fr-FR"}]}},"_links":{"self":[{"href":"https:\/\/paracherkaoui.ma\/index.php\/wp-json\/wp\/v2\/product\/42605","targetHints":{"allow":["GET"]}}],"collection":[{"href":"https:\/\/paracherkaoui.ma\/index.php\/wp-json\/wp\/v2\/product"}],"about":[{"href":"https:\/\/paracherkaoui.ma\/index.php\/wp-json\/wp\/v2\/types\/product"}],"replies":[{"embeddable":true,"href":"https:\/\/paracherkaoui.ma\/index.php\/wp-json\/wp\/v2\/comments?post=42605"}],"version-history":[{"count":1,"href":"https:\/\/paracherkaoui.ma\/index.php\/wp-json\/wp\/v2\/product\/42605\/revisions"}],"predecessor-version":[{"id":42659,"href":"https:\/\/paracherkaoui.ma\/index.php\/wp-json\/wp\/v2\/product\/42605\/revisions\/42659"}],"wp:featuredmedia":[{"embeddable":true,"href":"https:\/\/paracherkaoui.ma\/index.php\/wp-json\/wp\/v2\/media\/42658"}],"wp:attachment":[{"href":"https:\/\/paracherkaoui.ma\/index.php\/wp-json\/wp\/v2\/media?parent=42605"}],"wp:term":[{"taxonomy":"product_brand","embeddable":true,"href":"https:\/\/paracherkaoui.ma\/index.php\/wp-json\/wp\/v2\/product_brand?post=42605"},{"taxonomy":"product_cat","embeddable":true,"href":"https:\/\/paracherkaoui.ma\/index.php\/wp-json\/wp\/v2\/product_cat?post=42605"},{"taxonomy":"product_tag","embeddable":true,"href":"https:\/\/paracherkaoui.ma\/index.php\/wp-json\/wp\/v2\/product_tag?post=42605"}],"curies":[{"name":"wp","href":"https:\/\/api.w.org\/{rel}","templated":true}]}}