{"id":42593,"date":"2025-12-12T19:09:09","date_gmt":"2025-12-12T18:09:09","guid":{"rendered":"https:\/\/test.ecbeaute.com\/?post_type=product&#038;p=42593"},"modified":"2025-12-12T19:09:14","modified_gmt":"2025-12-12T18:09:14","slug":"dodie-biberon-anti-colique-tetine-ronde-3-vitesses-270-ml-0-6-mois","status":"publish","type":"product","link":"https:\/\/paracherkaoui.ma\/index.php\/produit\/dodie-biberon-anti-colique-tetine-ronde-3-vitesses-270-ml-0-6-mois\/","title":{"rendered":"DODIE BIBERON ANTI COLIQUE TETINE RONDE 3 VITESSES 270 ML 0-6 MOIS"},"content":{"rendered":"<p>Le Biberon Anti-colique 3 vitesses Peppa Pig Dodie\u00a0est sp\u00e9cialement con\u00e7u pour les b\u00e9b\u00e9s d\u00e8s l&rsquo;\u00e2ge de 6 mois.<br \/>\nIl poss\u00e8de une t\u00e9tine \u00e0 bout rond en silicone extra souple\u00a0qui permet au b\u00e9b\u00e9 de t\u00e9ter sans se fatiguer gr\u00e2ce \u00e0 ses stries sur le haut de la t\u00e9tine permettent une t\u00e9t\u00e9e en continu. Sa base large\u00a0facilitant l&rsquo;ouverture de la bouche du b\u00e9b\u00e9 permet une t\u00e9t\u00e9e aussi naturelle qu&rsquo;au sein.<\/p>\n","protected":false},"excerpt":{"rendered":"<p>Le Biberon Anti-colique 3 vitesses Peppa Pig Dodie\u00a0est sp\u00e9cialement con\u00e7u pour les b\u00e9b\u00e9s d\u00e8s l&rsquo;\u00e2ge de 6 mois. Il poss\u00e8de<\/p>\n","protected":false},"featured_media":42634,"comment_status":"open","ping_status":"closed","template":"","meta":[],"product_brand":[725],"product_cat":[739],"product_tag":[],"class_list":{"0":"post-42593","1":"product","2":"type-product","3":"status-publish","4":"has-post-thumbnail","6":"product_brand-dodie","7":"product_cat-biberon-et-goupillon","9":"first","10":"instock","11":"sale","12":"shipping-taxable","13":"purchasable","14":"product-type-simple"},"yoast_head":"<!-- This site is optimized with the Yoast SEO plugin v26.6 - https:\/\/yoast.com\/wordpress\/plugins\/seo\/ -->\r\n<title>DODIE BIBERON ANTI COLIQUE TETINE RONDE 3 VITESSES 270 ML 0-6 MOIS - Paracherkaoui.ma<\/title>\r\n<meta name=\"robots\" content=\"index, follow, max-snippet:-1, max-image-preview:large, max-video-preview:-1\" \/>\r\n<link rel=\"canonical\" href=\"https:\/\/paracherkaoui.ma\/index.php\/produit\/dodie-biberon-anti-colique-tetine-ronde-3-vitesses-270-ml-0-6-mois\/\" \/>\r\n<meta property=\"og:locale\" content=\"fr_FR\" \/>\r\n<meta property=\"og:type\" content=\"article\" \/>\r\n<meta property=\"og:title\" content=\"DODIE BIBERON ANTI COLIQUE TETINE RONDE 3 VITESSES 270 ML 0-6 MOIS - Paracherkaoui.ma\" \/>\r\n<meta property=\"og:description\" content=\"Le Biberon Anti-colique 3 vitesses Peppa Pig Dodie\u00a0est sp\u00e9cialement con\u00e7u pour les b\u00e9b\u00e9s d\u00e8s l&rsquo;\u00e2ge de 6 mois. Il poss\u00e8de\" \/>\r\n<meta property=\"og:url\" content=\"https:\/\/paracherkaoui.ma\/index.php\/produit\/dodie-biberon-anti-colique-tetine-ronde-3-vitesses-270-ml-0-6-mois\/\" \/>\r\n<meta property=\"og:site_name\" content=\"Paracherkaoui.ma\" \/>\r\n<meta property=\"article:modified_time\" content=\"2025-12-12T18:09:14+00:00\" \/>\r\n<meta property=\"og:image\" content=\"https:\/\/paracherkaoui.ma\/wp-content\/uploads\/2025\/12\/dodie-dodie-biberon-anti-colique-tetine-ronde-3-vitesses-270-ml-0-6-mois-biberons-et-goupillons.jpg\" \/>\r\n\t<meta property=\"og:image:width\" content=\"700\" \/>\r\n\t<meta property=\"og:image:height\" content=\"700\" \/>\r\n\t<meta property=\"og:image:type\" content=\"image\/jpeg\" \/>\r\n<meta name=\"twitter:card\" content=\"summary_large_image\" \/>\r\n<script type=\"application\/ld+json\" class=\"yoast-schema-graph\">{\"@context\":\"https:\/\/schema.org\",\"@graph\":[{\"@type\":\"WebPage\",\"@id\":\"https:\/\/paracherkaoui.ma\/index.php\/produit\/dodie-biberon-anti-colique-tetine-ronde-3-vitesses-270-ml-0-6-mois\/\",\"url\":\"https:\/\/paracherkaoui.ma\/index.php\/produit\/dodie-biberon-anti-colique-tetine-ronde-3-vitesses-270-ml-0-6-mois\/\",\"name\":\"DODIE BIBERON ANTI COLIQUE TETINE RONDE 3 VITESSES 270 ML 0-6 MOIS - Paracherkaoui.ma\",\"isPartOf\":{\"@id\":\"https:\/\/paracherkaoui.ma\/#website\"},\"primaryImageOfPage\":{\"@id\":\"https:\/\/paracherkaoui.ma\/index.php\/produit\/dodie-biberon-anti-colique-tetine-ronde-3-vitesses-270-ml-0-6-mois\/#primaryimage\"},\"image\":{\"@id\":\"https:\/\/paracherkaoui.ma\/index.php\/produit\/dodie-biberon-anti-colique-tetine-ronde-3-vitesses-270-ml-0-6-mois\/#primaryimage\"},\"thumbnailUrl\":\"https:\/\/paracherkaoui.ma\/wp-content\/uploads\/2025\/12\/dodie-dodie-biberon-anti-colique-tetine-ronde-3-vitesses-270-ml-0-6-mois-biberons-et-goupillons.jpg\",\"datePublished\":\"2025-12-12T18:09:09+00:00\",\"dateModified\":\"2025-12-12T18:09:14+00:00\",\"breadcrumb\":{\"@id\":\"https:\/\/paracherkaoui.ma\/index.php\/produit\/dodie-biberon-anti-colique-tetine-ronde-3-vitesses-270-ml-0-6-mois\/#breadcrumb\"},\"inLanguage\":\"fr-FR\",\"potentialAction\":[{\"@type\":\"ReadAction\",\"target\":[\"https:\/\/paracherkaoui.ma\/index.php\/produit\/dodie-biberon-anti-colique-tetine-ronde-3-vitesses-270-ml-0-6-mois\/\"]}]},{\"@type\":\"ImageObject\",\"inLanguage\":\"fr-FR\",\"@id\":\"https:\/\/paracherkaoui.ma\/index.php\/produit\/dodie-biberon-anti-colique-tetine-ronde-3-vitesses-270-ml-0-6-mois\/#primaryimage\",\"url\":\"https:\/\/paracherkaoui.ma\/wp-content\/uploads\/2025\/12\/dodie-dodie-biberon-anti-colique-tetine-ronde-3-vitesses-270-ml-0-6-mois-biberons-et-goupillons.jpg\",\"contentUrl\":\"https:\/\/paracherkaoui.ma\/wp-content\/uploads\/2025\/12\/dodie-dodie-biberon-anti-colique-tetine-ronde-3-vitesses-270-ml-0-6-mois-biberons-et-goupillons.jpg\",\"width\":700,\"height\":700},{\"@type\":\"BreadcrumbList\",\"@id\":\"https:\/\/paracherkaoui.ma\/index.php\/produit\/dodie-biberon-anti-colique-tetine-ronde-3-vitesses-270-ml-0-6-mois\/#breadcrumb\",\"itemListElement\":[{\"@type\":\"ListItem\",\"position\":1,\"name\":\"Accueil\",\"item\":\"https:\/\/paracherkaoui.ma\/\"},{\"@type\":\"ListItem\",\"position\":2,\"name\":\"Boutique\",\"item\":\"https:\/\/paracherkaoui.ma\/index.php\/boutique\/\"},{\"@type\":\"ListItem\",\"position\":3,\"name\":\"DODIE BIBERON ANTI COLIQUE TETINE RONDE 3 VITESSES 270 ML 0-6 MOIS\"}]},{\"@type\":\"WebSite\",\"@id\":\"https:\/\/paracherkaoui.ma\/#website\",\"url\":\"https:\/\/paracherkaoui.ma\/\",\"name\":\"Paracherkaoui.ma\",\"description\":\"Achetez en ligne sur Paracherkaoui.ma\",\"potentialAction\":[{\"@type\":\"SearchAction\",\"target\":{\"@type\":\"EntryPoint\",\"urlTemplate\":\"https:\/\/paracherkaoui.ma\/?s={search_term_string}\"},\"query-input\":{\"@type\":\"PropertyValueSpecification\",\"valueRequired\":true,\"valueName\":\"search_term_string\"}}],\"inLanguage\":\"fr-FR\"}]}<\/script>\r\n<!-- \/ Yoast SEO plugin. -->","yoast_head_json":{"title":"DODIE BIBERON ANTI COLIQUE TETINE RONDE 3 VITESSES 270 ML 0-6 MOIS - Paracherkaoui.ma","robots":{"index":"index","follow":"follow","max-snippet":"max-snippet:-1","max-image-preview":"max-image-preview:large","max-video-preview":"max-video-preview:-1"},"canonical":"https:\/\/paracherkaoui.ma\/index.php\/produit\/dodie-biberon-anti-colique-tetine-ronde-3-vitesses-270-ml-0-6-mois\/","og_locale":"fr_FR","og_type":"article","og_title":"DODIE BIBERON ANTI COLIQUE TETINE RONDE 3 VITESSES 270 ML 0-6 MOIS - Paracherkaoui.ma","og_description":"Le Biberon Anti-colique 3 vitesses Peppa Pig Dodie\u00a0est sp\u00e9cialement con\u00e7u pour les b\u00e9b\u00e9s d\u00e8s l&rsquo;\u00e2ge de 6 mois. Il poss\u00e8de","og_url":"https:\/\/paracherkaoui.ma\/index.php\/produit\/dodie-biberon-anti-colique-tetine-ronde-3-vitesses-270-ml-0-6-mois\/","og_site_name":"Paracherkaoui.ma","article_modified_time":"2025-12-12T18:09:14+00:00","og_image":[{"width":700,"height":700,"url":"https:\/\/paracherkaoui.ma\/wp-content\/uploads\/2025\/12\/dodie-dodie-biberon-anti-colique-tetine-ronde-3-vitesses-270-ml-0-6-mois-biberons-et-goupillons.jpg","type":"image\/jpeg"}],"twitter_card":"summary_large_image","schema":{"@context":"https:\/\/schema.org","@graph":[{"@type":"WebPage","@id":"https:\/\/paracherkaoui.ma\/index.php\/produit\/dodie-biberon-anti-colique-tetine-ronde-3-vitesses-270-ml-0-6-mois\/","url":"https:\/\/paracherkaoui.ma\/index.php\/produit\/dodie-biberon-anti-colique-tetine-ronde-3-vitesses-270-ml-0-6-mois\/","name":"DODIE BIBERON ANTI COLIQUE TETINE RONDE 3 VITESSES 270 ML 0-6 MOIS - Paracherkaoui.ma","isPartOf":{"@id":"https:\/\/paracherkaoui.ma\/#website"},"primaryImageOfPage":{"@id":"https:\/\/paracherkaoui.ma\/index.php\/produit\/dodie-biberon-anti-colique-tetine-ronde-3-vitesses-270-ml-0-6-mois\/#primaryimage"},"image":{"@id":"https:\/\/paracherkaoui.ma\/index.php\/produit\/dodie-biberon-anti-colique-tetine-ronde-3-vitesses-270-ml-0-6-mois\/#primaryimage"},"thumbnailUrl":"https:\/\/paracherkaoui.ma\/wp-content\/uploads\/2025\/12\/dodie-dodie-biberon-anti-colique-tetine-ronde-3-vitesses-270-ml-0-6-mois-biberons-et-goupillons.jpg","datePublished":"2025-12-12T18:09:09+00:00","dateModified":"2025-12-12T18:09:14+00:00","breadcrumb":{"@id":"https:\/\/paracherkaoui.ma\/index.php\/produit\/dodie-biberon-anti-colique-tetine-ronde-3-vitesses-270-ml-0-6-mois\/#breadcrumb"},"inLanguage":"fr-FR","potentialAction":[{"@type":"ReadAction","target":["https:\/\/paracherkaoui.ma\/index.php\/produit\/dodie-biberon-anti-colique-tetine-ronde-3-vitesses-270-ml-0-6-mois\/"]}]},{"@type":"ImageObject","inLanguage":"fr-FR","@id":"https:\/\/paracherkaoui.ma\/index.php\/produit\/dodie-biberon-anti-colique-tetine-ronde-3-vitesses-270-ml-0-6-mois\/#primaryimage","url":"https:\/\/paracherkaoui.ma\/wp-content\/uploads\/2025\/12\/dodie-dodie-biberon-anti-colique-tetine-ronde-3-vitesses-270-ml-0-6-mois-biberons-et-goupillons.jpg","contentUrl":"https:\/\/paracherkaoui.ma\/wp-content\/uploads\/2025\/12\/dodie-dodie-biberon-anti-colique-tetine-ronde-3-vitesses-270-ml-0-6-mois-biberons-et-goupillons.jpg","width":700,"height":700},{"@type":"BreadcrumbList","@id":"https:\/\/paracherkaoui.ma\/index.php\/produit\/dodie-biberon-anti-colique-tetine-ronde-3-vitesses-270-ml-0-6-mois\/#breadcrumb","itemListElement":[{"@type":"ListItem","position":1,"name":"Accueil","item":"https:\/\/paracherkaoui.ma\/"},{"@type":"ListItem","position":2,"name":"Boutique","item":"https:\/\/paracherkaoui.ma\/index.php\/boutique\/"},{"@type":"ListItem","position":3,"name":"DODIE BIBERON ANTI COLIQUE TETINE RONDE 3 VITESSES 270 ML 0-6 MOIS"}]},{"@type":"WebSite","@id":"https:\/\/paracherkaoui.ma\/#website","url":"https:\/\/paracherkaoui.ma\/","name":"Paracherkaoui.ma","description":"Achetez en ligne sur Paracherkaoui.ma","potentialAction":[{"@type":"SearchAction","target":{"@type":"EntryPoint","urlTemplate":"https:\/\/paracherkaoui.ma\/?s={search_term_string}"},"query-input":{"@type":"PropertyValueSpecification","valueRequired":true,"valueName":"search_term_string"}}],"inLanguage":"fr-FR"}]}},"_links":{"self":[{"href":"https:\/\/paracherkaoui.ma\/index.php\/wp-json\/wp\/v2\/product\/42593","targetHints":{"allow":["GET"]}}],"collection":[{"href":"https:\/\/paracherkaoui.ma\/index.php\/wp-json\/wp\/v2\/product"}],"about":[{"href":"https:\/\/paracherkaoui.ma\/index.php\/wp-json\/wp\/v2\/types\/product"}],"replies":[{"embeddable":true,"href":"https:\/\/paracherkaoui.ma\/index.php\/wp-json\/wp\/v2\/comments?post=42593"}],"version-history":[{"count":1,"href":"https:\/\/paracherkaoui.ma\/index.php\/wp-json\/wp\/v2\/product\/42593\/revisions"}],"predecessor-version":[{"id":42635,"href":"https:\/\/paracherkaoui.ma\/index.php\/wp-json\/wp\/v2\/product\/42593\/revisions\/42635"}],"wp:featuredmedia":[{"embeddable":true,"href":"https:\/\/paracherkaoui.ma\/index.php\/wp-json\/wp\/v2\/media\/42634"}],"wp:attachment":[{"href":"https:\/\/paracherkaoui.ma\/index.php\/wp-json\/wp\/v2\/media?parent=42593"}],"wp:term":[{"taxonomy":"product_brand","embeddable":true,"href":"https:\/\/paracherkaoui.ma\/index.php\/wp-json\/wp\/v2\/product_brand?post=42593"},{"taxonomy":"product_cat","embeddable":true,"href":"https:\/\/paracherkaoui.ma\/index.php\/wp-json\/wp\/v2\/product_cat?post=42593"},{"taxonomy":"product_tag","embeddable":true,"href":"https:\/\/paracherkaoui.ma\/index.php\/wp-json\/wp\/v2\/product_tag?post=42593"}],"curies":[{"name":"wp","href":"https:\/\/api.w.org\/{rel}","templated":true}]}}