{"id":42589,"date":"2025-12-12T19:09:09","date_gmt":"2025-12-12T18:09:09","guid":{"rendered":"https:\/\/test.ecbeaute.com\/?post_type=product&#038;p=42589"},"modified":"2025-12-12T19:09:12","modified_gmt":"2025-12-12T18:09:12","slug":"dodie-biberon-col-etroit-verre-240ml-bleu-lagoon","status":"publish","type":"product","link":"https:\/\/paracherkaoui.ma\/index.php\/produit\/dodie-biberon-col-etroit-verre-240ml-bleu-lagoon\/","title":{"rendered":"DODIE BIBERON COL ETROIT VERRE 240ML BLEU LAGOON"},"content":{"rendered":"<p>Description:<br \/>\nLE BIBERON ORIGINAL DE DODIE ! Biberon en verre 240ml \u00e0 col \u00e9troit. St\u00e9rilisable \u00e0 haute temp\u00e9rature. Biberon de forme triangulaire. Capuchon anti-fuite. En verre incassable (paroi \u00e9paisse), mati\u00e8re transparente naturelle.<\/p>\n","protected":false},"excerpt":{"rendered":"<p>Description: LE BIBERON ORIGINAL DE DODIE ! Biberon en verre 240ml \u00e0 col \u00e9troit. St\u00e9rilisable \u00e0 haute temp\u00e9rature. Biberon de<\/p>\n","protected":false},"featured_media":42626,"comment_status":"open","ping_status":"closed","template":"","meta":[],"product_brand":[725],"product_cat":[739],"product_tag":[],"class_list":{"0":"post-42589","1":"product","2":"type-product","3":"status-publish","4":"has-post-thumbnail","6":"product_brand-dodie","7":"product_cat-biberon-et-goupillon","9":"first","10":"instock","11":"sale","12":"shipping-taxable","13":"purchasable","14":"product-type-simple"},"yoast_head":"<!-- This site is optimized with the Yoast SEO plugin v26.6 - https:\/\/yoast.com\/wordpress\/plugins\/seo\/ -->\r\n<title>DODIE BIBERON COL ETROIT VERRE 240ML BLEU LAGOON - Paracherkaoui.ma<\/title>\r\n<meta name=\"robots\" content=\"index, follow, max-snippet:-1, max-image-preview:large, max-video-preview:-1\" \/>\r\n<link rel=\"canonical\" href=\"https:\/\/paracherkaoui.ma\/index.php\/produit\/dodie-biberon-col-etroit-verre-240ml-bleu-lagoon\/\" \/>\r\n<meta property=\"og:locale\" content=\"fr_FR\" \/>\r\n<meta property=\"og:type\" content=\"article\" \/>\r\n<meta property=\"og:title\" content=\"DODIE BIBERON COL ETROIT VERRE 240ML BLEU LAGOON - Paracherkaoui.ma\" \/>\r\n<meta property=\"og:description\" content=\"Description: LE BIBERON ORIGINAL DE DODIE ! Biberon en verre 240ml \u00e0 col \u00e9troit. St\u00e9rilisable \u00e0 haute temp\u00e9rature. Biberon de\" \/>\r\n<meta property=\"og:url\" content=\"https:\/\/paracherkaoui.ma\/index.php\/produit\/dodie-biberon-col-etroit-verre-240ml-bleu-lagoon\/\" \/>\r\n<meta property=\"og:site_name\" content=\"Paracherkaoui.ma\" \/>\r\n<meta property=\"article:modified_time\" content=\"2025-12-12T18:09:12+00:00\" \/>\r\n<meta property=\"og:image\" content=\"https:\/\/paracherkaoui.ma\/wp-content\/uploads\/2025\/12\/dodie-biberon-col-etroit-verre-240ml-bleu-lagoon.jpg\" \/>\r\n\t<meta property=\"og:image:width\" content=\"700\" \/>\r\n\t<meta property=\"og:image:height\" content=\"700\" \/>\r\n\t<meta property=\"og:image:type\" content=\"image\/jpeg\" \/>\r\n<meta name=\"twitter:card\" content=\"summary_large_image\" \/>\r\n<script type=\"application\/ld+json\" class=\"yoast-schema-graph\">{\"@context\":\"https:\/\/schema.org\",\"@graph\":[{\"@type\":\"WebPage\",\"@id\":\"https:\/\/paracherkaoui.ma\/index.php\/produit\/dodie-biberon-col-etroit-verre-240ml-bleu-lagoon\/\",\"url\":\"https:\/\/paracherkaoui.ma\/index.php\/produit\/dodie-biberon-col-etroit-verre-240ml-bleu-lagoon\/\",\"name\":\"DODIE BIBERON COL ETROIT VERRE 240ML BLEU LAGOON - Paracherkaoui.ma\",\"isPartOf\":{\"@id\":\"https:\/\/paracherkaoui.ma\/#website\"},\"primaryImageOfPage\":{\"@id\":\"https:\/\/paracherkaoui.ma\/index.php\/produit\/dodie-biberon-col-etroit-verre-240ml-bleu-lagoon\/#primaryimage\"},\"image\":{\"@id\":\"https:\/\/paracherkaoui.ma\/index.php\/produit\/dodie-biberon-col-etroit-verre-240ml-bleu-lagoon\/#primaryimage\"},\"thumbnailUrl\":\"https:\/\/paracherkaoui.ma\/wp-content\/uploads\/2025\/12\/dodie-biberon-col-etroit-verre-240ml-bleu-lagoon.jpg\",\"datePublished\":\"2025-12-12T18:09:09+00:00\",\"dateModified\":\"2025-12-12T18:09:12+00:00\",\"breadcrumb\":{\"@id\":\"https:\/\/paracherkaoui.ma\/index.php\/produit\/dodie-biberon-col-etroit-verre-240ml-bleu-lagoon\/#breadcrumb\"},\"inLanguage\":\"fr-FR\",\"potentialAction\":[{\"@type\":\"ReadAction\",\"target\":[\"https:\/\/paracherkaoui.ma\/index.php\/produit\/dodie-biberon-col-etroit-verre-240ml-bleu-lagoon\/\"]}]},{\"@type\":\"ImageObject\",\"inLanguage\":\"fr-FR\",\"@id\":\"https:\/\/paracherkaoui.ma\/index.php\/produit\/dodie-biberon-col-etroit-verre-240ml-bleu-lagoon\/#primaryimage\",\"url\":\"https:\/\/paracherkaoui.ma\/wp-content\/uploads\/2025\/12\/dodie-biberon-col-etroit-verre-240ml-bleu-lagoon.jpg\",\"contentUrl\":\"https:\/\/paracherkaoui.ma\/wp-content\/uploads\/2025\/12\/dodie-biberon-col-etroit-verre-240ml-bleu-lagoon.jpg\",\"width\":700,\"height\":700},{\"@type\":\"BreadcrumbList\",\"@id\":\"https:\/\/paracherkaoui.ma\/index.php\/produit\/dodie-biberon-col-etroit-verre-240ml-bleu-lagoon\/#breadcrumb\",\"itemListElement\":[{\"@type\":\"ListItem\",\"position\":1,\"name\":\"Accueil\",\"item\":\"https:\/\/paracherkaoui.ma\/\"},{\"@type\":\"ListItem\",\"position\":2,\"name\":\"Boutique\",\"item\":\"https:\/\/paracherkaoui.ma\/index.php\/boutique\/\"},{\"@type\":\"ListItem\",\"position\":3,\"name\":\"DODIE BIBERON COL ETROIT VERRE 240ML BLEU LAGOON\"}]},{\"@type\":\"WebSite\",\"@id\":\"https:\/\/paracherkaoui.ma\/#website\",\"url\":\"https:\/\/paracherkaoui.ma\/\",\"name\":\"Paracherkaoui.ma\",\"description\":\"Achetez en ligne sur Paracherkaoui.ma\",\"potentialAction\":[{\"@type\":\"SearchAction\",\"target\":{\"@type\":\"EntryPoint\",\"urlTemplate\":\"https:\/\/paracherkaoui.ma\/?s={search_term_string}\"},\"query-input\":{\"@type\":\"PropertyValueSpecification\",\"valueRequired\":true,\"valueName\":\"search_term_string\"}}],\"inLanguage\":\"fr-FR\"}]}<\/script>\r\n<!-- \/ Yoast SEO plugin. -->","yoast_head_json":{"title":"DODIE BIBERON COL ETROIT VERRE 240ML BLEU LAGOON - Paracherkaoui.ma","robots":{"index":"index","follow":"follow","max-snippet":"max-snippet:-1","max-image-preview":"max-image-preview:large","max-video-preview":"max-video-preview:-1"},"canonical":"https:\/\/paracherkaoui.ma\/index.php\/produit\/dodie-biberon-col-etroit-verre-240ml-bleu-lagoon\/","og_locale":"fr_FR","og_type":"article","og_title":"DODIE BIBERON COL ETROIT VERRE 240ML BLEU LAGOON - Paracherkaoui.ma","og_description":"Description: LE BIBERON ORIGINAL DE DODIE ! Biberon en verre 240ml \u00e0 col \u00e9troit. St\u00e9rilisable \u00e0 haute temp\u00e9rature. Biberon de","og_url":"https:\/\/paracherkaoui.ma\/index.php\/produit\/dodie-biberon-col-etroit-verre-240ml-bleu-lagoon\/","og_site_name":"Paracherkaoui.ma","article_modified_time":"2025-12-12T18:09:12+00:00","og_image":[{"width":700,"height":700,"url":"https:\/\/paracherkaoui.ma\/wp-content\/uploads\/2025\/12\/dodie-biberon-col-etroit-verre-240ml-bleu-lagoon.jpg","type":"image\/jpeg"}],"twitter_card":"summary_large_image","schema":{"@context":"https:\/\/schema.org","@graph":[{"@type":"WebPage","@id":"https:\/\/paracherkaoui.ma\/index.php\/produit\/dodie-biberon-col-etroit-verre-240ml-bleu-lagoon\/","url":"https:\/\/paracherkaoui.ma\/index.php\/produit\/dodie-biberon-col-etroit-verre-240ml-bleu-lagoon\/","name":"DODIE BIBERON COL ETROIT VERRE 240ML BLEU LAGOON - Paracherkaoui.ma","isPartOf":{"@id":"https:\/\/paracherkaoui.ma\/#website"},"primaryImageOfPage":{"@id":"https:\/\/paracherkaoui.ma\/index.php\/produit\/dodie-biberon-col-etroit-verre-240ml-bleu-lagoon\/#primaryimage"},"image":{"@id":"https:\/\/paracherkaoui.ma\/index.php\/produit\/dodie-biberon-col-etroit-verre-240ml-bleu-lagoon\/#primaryimage"},"thumbnailUrl":"https:\/\/paracherkaoui.ma\/wp-content\/uploads\/2025\/12\/dodie-biberon-col-etroit-verre-240ml-bleu-lagoon.jpg","datePublished":"2025-12-12T18:09:09+00:00","dateModified":"2025-12-12T18:09:12+00:00","breadcrumb":{"@id":"https:\/\/paracherkaoui.ma\/index.php\/produit\/dodie-biberon-col-etroit-verre-240ml-bleu-lagoon\/#breadcrumb"},"inLanguage":"fr-FR","potentialAction":[{"@type":"ReadAction","target":["https:\/\/paracherkaoui.ma\/index.php\/produit\/dodie-biberon-col-etroit-verre-240ml-bleu-lagoon\/"]}]},{"@type":"ImageObject","inLanguage":"fr-FR","@id":"https:\/\/paracherkaoui.ma\/index.php\/produit\/dodie-biberon-col-etroit-verre-240ml-bleu-lagoon\/#primaryimage","url":"https:\/\/paracherkaoui.ma\/wp-content\/uploads\/2025\/12\/dodie-biberon-col-etroit-verre-240ml-bleu-lagoon.jpg","contentUrl":"https:\/\/paracherkaoui.ma\/wp-content\/uploads\/2025\/12\/dodie-biberon-col-etroit-verre-240ml-bleu-lagoon.jpg","width":700,"height":700},{"@type":"BreadcrumbList","@id":"https:\/\/paracherkaoui.ma\/index.php\/produit\/dodie-biberon-col-etroit-verre-240ml-bleu-lagoon\/#breadcrumb","itemListElement":[{"@type":"ListItem","position":1,"name":"Accueil","item":"https:\/\/paracherkaoui.ma\/"},{"@type":"ListItem","position":2,"name":"Boutique","item":"https:\/\/paracherkaoui.ma\/index.php\/boutique\/"},{"@type":"ListItem","position":3,"name":"DODIE BIBERON COL ETROIT VERRE 240ML BLEU LAGOON"}]},{"@type":"WebSite","@id":"https:\/\/paracherkaoui.ma\/#website","url":"https:\/\/paracherkaoui.ma\/","name":"Paracherkaoui.ma","description":"Achetez en ligne sur Paracherkaoui.ma","potentialAction":[{"@type":"SearchAction","target":{"@type":"EntryPoint","urlTemplate":"https:\/\/paracherkaoui.ma\/?s={search_term_string}"},"query-input":{"@type":"PropertyValueSpecification","valueRequired":true,"valueName":"search_term_string"}}],"inLanguage":"fr-FR"}]}},"_links":{"self":[{"href":"https:\/\/paracherkaoui.ma\/index.php\/wp-json\/wp\/v2\/product\/42589","targetHints":{"allow":["GET"]}}],"collection":[{"href":"https:\/\/paracherkaoui.ma\/index.php\/wp-json\/wp\/v2\/product"}],"about":[{"href":"https:\/\/paracherkaoui.ma\/index.php\/wp-json\/wp\/v2\/types\/product"}],"replies":[{"embeddable":true,"href":"https:\/\/paracherkaoui.ma\/index.php\/wp-json\/wp\/v2\/comments?post=42589"}],"version-history":[{"count":1,"href":"https:\/\/paracherkaoui.ma\/index.php\/wp-json\/wp\/v2\/product\/42589\/revisions"}],"predecessor-version":[{"id":42627,"href":"https:\/\/paracherkaoui.ma\/index.php\/wp-json\/wp\/v2\/product\/42589\/revisions\/42627"}],"wp:featuredmedia":[{"embeddable":true,"href":"https:\/\/paracherkaoui.ma\/index.php\/wp-json\/wp\/v2\/media\/42626"}],"wp:attachment":[{"href":"https:\/\/paracherkaoui.ma\/index.php\/wp-json\/wp\/v2\/media?parent=42589"}],"wp:term":[{"taxonomy":"product_brand","embeddable":true,"href":"https:\/\/paracherkaoui.ma\/index.php\/wp-json\/wp\/v2\/product_brand?post=42589"},{"taxonomy":"product_cat","embeddable":true,"href":"https:\/\/paracherkaoui.ma\/index.php\/wp-json\/wp\/v2\/product_cat?post=42589"},{"taxonomy":"product_tag","embeddable":true,"href":"https:\/\/paracherkaoui.ma\/index.php\/wp-json\/wp\/v2\/product_tag?post=42589"}],"curies":[{"name":"wp","href":"https:\/\/api.w.org\/{rel}","templated":true}]}}