{"id":42521,"date":"2025-12-12T19:09:00","date_gmt":"2025-12-12T18:09:00","guid":{"rendered":"https:\/\/test.ecbeaute.com\/?post_type=product&#038;p=42521"},"modified":"2025-12-12T19:09:07","modified_gmt":"2025-12-12T18:09:07","slug":"dr-browns-distributeur-de-lait-en-poudre-300-ml","status":"publish","type":"product","link":"https:\/\/paracherkaoui.ma\/index.php\/produit\/dr-browns-distributeur-de-lait-en-poudre-300-ml\/","title":{"rendered":"DR BROWNS DISTRIBUTEUR DE LAIT EN POUDRE 300 ML"},"content":{"rendered":"<p>Transportez la formule en poudre et pr\u00e9parez facilement les bouteilles pendant que vous \u00eates en d\u00e9placement gr\u00e2ce au distributeur de formule Dr. Brown&rsquo;s.<br \/>\nLe distributeur de formules Dr. Brown&rsquo;s est id\u00e9al pour les voyages et contient suffisamment de formule en poudre pour pr\u00e9parer trois bouteilles de 9 oz\/270 ml en d\u00e9placement.<br \/>\nLe couvercle s\u00e9curis\u00e9 \u00e0 clipser maintient votre formule soigneusement dos\u00e9e dans chacun des compartiments du distributeur, sans d\u00e9bordement. Lorsque vous \u00eates pr\u00eat \u00e0 pr\u00e9parer une bouteille, placez le bec verseur facile sur le compartiment \u00e0 formule et versez dans la bouteille. Suivez toujours les instructions de la formule pour terminer la pr\u00e9paration. Passe au lave-vaisselle (panier sup\u00e9rieur uniquement). Sans BPA.<br \/>\nId\u00e9al pour les voyages<br \/>\nLe distributeur de formules Dr. Brown&rsquo;s est pratique \u00e0 transporter pour une journ\u00e9e loin de la maison. Le distributeur de formules est compact, l\u00e9ger et contient suffisamment de formule pour pr\u00e9parer trois bouteilles de 9 oz\/270 ml \u00e0 pr\u00e9parer facilement en d\u00e9placement.<br \/>\nPr\u00e9pare facilement jusqu&rsquo;\u00e0 trois bouteilles<br \/>\nLes trois compartiments distributeurs sont pratiques pour stocker la formule pr\u00e9-mesur\u00e9e en toute s\u00e9curit\u00e9, sans d\u00e9bordement. Chaque distributeur contient suffisamment de formule en poudre pour pr\u00e9parer jusqu&rsquo;\u00e0 trois bouteilles de 9 oz\/270 ml en d\u00e9placement.<br \/>\nMaintient la formule en poudre en s\u00e9curit\u00e9<br \/>\nLe distributeur de formules est dot\u00e9 d&rsquo;un couvercle \u00e0 clipser s\u00e9curis\u00e9 qui maintient la formule soigneusement mesur\u00e9e dans chacun des compartiments du distributeur, sans craindre de d\u00e9bordement.<br \/>\nBec verseur facile<br \/>\nLe bec verseur facile vous permet de tourner autour de chaque compartiment du distributeur pour verser facilement la formule en poudre pr\u00e9-mesur\u00e9e dans le flacon. Lorsque vous \u00eates pr\u00eat \u00e0 pr\u00e9parer une bouteille, placez le bec verseur facile sur le compartiment \u00e0 formule et versez dans la bouteille. Suivez toujours les instructions de la formule pour terminer la pr\u00e9paration.<br \/>\nFacile \u00e0 nettoyer<\/p>\n","protected":false},"excerpt":{"rendered":"<p>Transportez la formule en poudre et pr\u00e9parez facilement les bouteilles pendant que vous \u00eates en d\u00e9placement gr\u00e2ce au distributeur de<\/p>\n","protected":false},"featured_media":42574,"comment_status":"open","ping_status":"closed","template":"","meta":[],"product_brand":[740],"product_cat":[739],"product_tag":[],"class_list":{"0":"post-42521","1":"product","2":"type-product","3":"status-publish","4":"has-post-thumbnail","6":"product_brand-dr-browns","7":"product_cat-biberon-et-goupillon","9":"first","10":"instock","11":"sale","12":"shipping-taxable","13":"purchasable","14":"product-type-simple"},"yoast_head":"<!-- This site is optimized with the Yoast SEO plugin v26.6 - https:\/\/yoast.com\/wordpress\/plugins\/seo\/ -->\r\n<title>DR BROWNS DISTRIBUTEUR DE LAIT EN POUDRE 300 ML - Paracherkaoui.ma<\/title>\r\n<meta name=\"robots\" content=\"index, follow, max-snippet:-1, max-image-preview:large, max-video-preview:-1\" \/>\r\n<link rel=\"canonical\" href=\"https:\/\/paracherkaoui.ma\/index.php\/produit\/dr-browns-distributeur-de-lait-en-poudre-300-ml\/\" \/>\r\n<meta property=\"og:locale\" content=\"fr_FR\" \/>\r\n<meta property=\"og:type\" content=\"article\" \/>\r\n<meta property=\"og:title\" content=\"DR BROWNS DISTRIBUTEUR DE LAIT EN POUDRE 300 ML - Paracherkaoui.ma\" \/>\r\n<meta property=\"og:description\" content=\"Transportez la formule en poudre et pr\u00e9parez facilement les bouteilles pendant que vous \u00eates en d\u00e9placement gr\u00e2ce au distributeur de\" \/>\r\n<meta property=\"og:url\" content=\"https:\/\/paracherkaoui.ma\/index.php\/produit\/dr-browns-distributeur-de-lait-en-poudre-300-ml\/\" \/>\r\n<meta property=\"og:site_name\" content=\"Paracherkaoui.ma\" \/>\r\n<meta property=\"article:modified_time\" content=\"2025-12-12T18:09:07+00:00\" \/>\r\n<meta property=\"og:image\" content=\"https:\/\/paracherkaoui.ma\/wp-content\/uploads\/2025\/12\/dr-browns-dr-browns-distributeur-de-lait-en-poudre-300-ml-accessoires.jpg\" \/>\r\n\t<meta property=\"og:image:width\" content=\"700\" \/>\r\n\t<meta property=\"og:image:height\" content=\"700\" \/>\r\n\t<meta property=\"og:image:type\" content=\"image\/jpeg\" \/>\r\n<meta name=\"twitter:card\" content=\"summary_large_image\" \/>\r\n<meta name=\"twitter:label1\" content=\"Dur\u00e9e de lecture estim\u00e9e\" \/>\n\t<meta name=\"twitter:data1\" content=\"2 minutes\" \/>\r\n<script type=\"application\/ld+json\" class=\"yoast-schema-graph\">{\"@context\":\"https:\/\/schema.org\",\"@graph\":[{\"@type\":\"WebPage\",\"@id\":\"https:\/\/paracherkaoui.ma\/index.php\/produit\/dr-browns-distributeur-de-lait-en-poudre-300-ml\/\",\"url\":\"https:\/\/paracherkaoui.ma\/index.php\/produit\/dr-browns-distributeur-de-lait-en-poudre-300-ml\/\",\"name\":\"DR BROWNS DISTRIBUTEUR DE LAIT EN POUDRE 300 ML - Paracherkaoui.ma\",\"isPartOf\":{\"@id\":\"https:\/\/paracherkaoui.ma\/#website\"},\"primaryImageOfPage\":{\"@id\":\"https:\/\/paracherkaoui.ma\/index.php\/produit\/dr-browns-distributeur-de-lait-en-poudre-300-ml\/#primaryimage\"},\"image\":{\"@id\":\"https:\/\/paracherkaoui.ma\/index.php\/produit\/dr-browns-distributeur-de-lait-en-poudre-300-ml\/#primaryimage\"},\"thumbnailUrl\":\"https:\/\/paracherkaoui.ma\/wp-content\/uploads\/2025\/12\/dr-browns-dr-browns-distributeur-de-lait-en-poudre-300-ml-accessoires.jpg\",\"datePublished\":\"2025-12-12T18:09:00+00:00\",\"dateModified\":\"2025-12-12T18:09:07+00:00\",\"breadcrumb\":{\"@id\":\"https:\/\/paracherkaoui.ma\/index.php\/produit\/dr-browns-distributeur-de-lait-en-poudre-300-ml\/#breadcrumb\"},\"inLanguage\":\"fr-FR\",\"potentialAction\":[{\"@type\":\"ReadAction\",\"target\":[\"https:\/\/paracherkaoui.ma\/index.php\/produit\/dr-browns-distributeur-de-lait-en-poudre-300-ml\/\"]}]},{\"@type\":\"ImageObject\",\"inLanguage\":\"fr-FR\",\"@id\":\"https:\/\/paracherkaoui.ma\/index.php\/produit\/dr-browns-distributeur-de-lait-en-poudre-300-ml\/#primaryimage\",\"url\":\"https:\/\/paracherkaoui.ma\/wp-content\/uploads\/2025\/12\/dr-browns-dr-browns-distributeur-de-lait-en-poudre-300-ml-accessoires.jpg\",\"contentUrl\":\"https:\/\/paracherkaoui.ma\/wp-content\/uploads\/2025\/12\/dr-browns-dr-browns-distributeur-de-lait-en-poudre-300-ml-accessoires.jpg\",\"width\":700,\"height\":700},{\"@type\":\"BreadcrumbList\",\"@id\":\"https:\/\/paracherkaoui.ma\/index.php\/produit\/dr-browns-distributeur-de-lait-en-poudre-300-ml\/#breadcrumb\",\"itemListElement\":[{\"@type\":\"ListItem\",\"position\":1,\"name\":\"Accueil\",\"item\":\"https:\/\/paracherkaoui.ma\/\"},{\"@type\":\"ListItem\",\"position\":2,\"name\":\"Boutique\",\"item\":\"https:\/\/paracherkaoui.ma\/index.php\/boutique\/\"},{\"@type\":\"ListItem\",\"position\":3,\"name\":\"DR BROWNS DISTRIBUTEUR DE LAIT EN POUDRE 300 ML\"}]},{\"@type\":\"WebSite\",\"@id\":\"https:\/\/paracherkaoui.ma\/#website\",\"url\":\"https:\/\/paracherkaoui.ma\/\",\"name\":\"Paracherkaoui.ma\",\"description\":\"Achetez en ligne sur Paracherkaoui.ma\",\"potentialAction\":[{\"@type\":\"SearchAction\",\"target\":{\"@type\":\"EntryPoint\",\"urlTemplate\":\"https:\/\/paracherkaoui.ma\/?s={search_term_string}\"},\"query-input\":{\"@type\":\"PropertyValueSpecification\",\"valueRequired\":true,\"valueName\":\"search_term_string\"}}],\"inLanguage\":\"fr-FR\"}]}<\/script>\r\n<!-- \/ Yoast SEO plugin. -->","yoast_head_json":{"title":"DR BROWNS DISTRIBUTEUR DE LAIT EN POUDRE 300 ML - Paracherkaoui.ma","robots":{"index":"index","follow":"follow","max-snippet":"max-snippet:-1","max-image-preview":"max-image-preview:large","max-video-preview":"max-video-preview:-1"},"canonical":"https:\/\/paracherkaoui.ma\/index.php\/produit\/dr-browns-distributeur-de-lait-en-poudre-300-ml\/","og_locale":"fr_FR","og_type":"article","og_title":"DR BROWNS DISTRIBUTEUR DE LAIT EN POUDRE 300 ML - Paracherkaoui.ma","og_description":"Transportez la formule en poudre et pr\u00e9parez facilement les bouteilles pendant que vous \u00eates en d\u00e9placement gr\u00e2ce au distributeur de","og_url":"https:\/\/paracherkaoui.ma\/index.php\/produit\/dr-browns-distributeur-de-lait-en-poudre-300-ml\/","og_site_name":"Paracherkaoui.ma","article_modified_time":"2025-12-12T18:09:07+00:00","og_image":[{"width":700,"height":700,"url":"https:\/\/paracherkaoui.ma\/wp-content\/uploads\/2025\/12\/dr-browns-dr-browns-distributeur-de-lait-en-poudre-300-ml-accessoires.jpg","type":"image\/jpeg"}],"twitter_card":"summary_large_image","twitter_misc":{"Dur\u00e9e de lecture estim\u00e9e":"2 minutes"},"schema":{"@context":"https:\/\/schema.org","@graph":[{"@type":"WebPage","@id":"https:\/\/paracherkaoui.ma\/index.php\/produit\/dr-browns-distributeur-de-lait-en-poudre-300-ml\/","url":"https:\/\/paracherkaoui.ma\/index.php\/produit\/dr-browns-distributeur-de-lait-en-poudre-300-ml\/","name":"DR BROWNS DISTRIBUTEUR DE LAIT EN POUDRE 300 ML - Paracherkaoui.ma","isPartOf":{"@id":"https:\/\/paracherkaoui.ma\/#website"},"primaryImageOfPage":{"@id":"https:\/\/paracherkaoui.ma\/index.php\/produit\/dr-browns-distributeur-de-lait-en-poudre-300-ml\/#primaryimage"},"image":{"@id":"https:\/\/paracherkaoui.ma\/index.php\/produit\/dr-browns-distributeur-de-lait-en-poudre-300-ml\/#primaryimage"},"thumbnailUrl":"https:\/\/paracherkaoui.ma\/wp-content\/uploads\/2025\/12\/dr-browns-dr-browns-distributeur-de-lait-en-poudre-300-ml-accessoires.jpg","datePublished":"2025-12-12T18:09:00+00:00","dateModified":"2025-12-12T18:09:07+00:00","breadcrumb":{"@id":"https:\/\/paracherkaoui.ma\/index.php\/produit\/dr-browns-distributeur-de-lait-en-poudre-300-ml\/#breadcrumb"},"inLanguage":"fr-FR","potentialAction":[{"@type":"ReadAction","target":["https:\/\/paracherkaoui.ma\/index.php\/produit\/dr-browns-distributeur-de-lait-en-poudre-300-ml\/"]}]},{"@type":"ImageObject","inLanguage":"fr-FR","@id":"https:\/\/paracherkaoui.ma\/index.php\/produit\/dr-browns-distributeur-de-lait-en-poudre-300-ml\/#primaryimage","url":"https:\/\/paracherkaoui.ma\/wp-content\/uploads\/2025\/12\/dr-browns-dr-browns-distributeur-de-lait-en-poudre-300-ml-accessoires.jpg","contentUrl":"https:\/\/paracherkaoui.ma\/wp-content\/uploads\/2025\/12\/dr-browns-dr-browns-distributeur-de-lait-en-poudre-300-ml-accessoires.jpg","width":700,"height":700},{"@type":"BreadcrumbList","@id":"https:\/\/paracherkaoui.ma\/index.php\/produit\/dr-browns-distributeur-de-lait-en-poudre-300-ml\/#breadcrumb","itemListElement":[{"@type":"ListItem","position":1,"name":"Accueil","item":"https:\/\/paracherkaoui.ma\/"},{"@type":"ListItem","position":2,"name":"Boutique","item":"https:\/\/paracherkaoui.ma\/index.php\/boutique\/"},{"@type":"ListItem","position":3,"name":"DR BROWNS DISTRIBUTEUR DE LAIT EN POUDRE 300 ML"}]},{"@type":"WebSite","@id":"https:\/\/paracherkaoui.ma\/#website","url":"https:\/\/paracherkaoui.ma\/","name":"Paracherkaoui.ma","description":"Achetez en ligne sur Paracherkaoui.ma","potentialAction":[{"@type":"SearchAction","target":{"@type":"EntryPoint","urlTemplate":"https:\/\/paracherkaoui.ma\/?s={search_term_string}"},"query-input":{"@type":"PropertyValueSpecification","valueRequired":true,"valueName":"search_term_string"}}],"inLanguage":"fr-FR"}]}},"_links":{"self":[{"href":"https:\/\/paracherkaoui.ma\/index.php\/wp-json\/wp\/v2\/product\/42521","targetHints":{"allow":["GET"]}}],"collection":[{"href":"https:\/\/paracherkaoui.ma\/index.php\/wp-json\/wp\/v2\/product"}],"about":[{"href":"https:\/\/paracherkaoui.ma\/index.php\/wp-json\/wp\/v2\/types\/product"}],"replies":[{"embeddable":true,"href":"https:\/\/paracherkaoui.ma\/index.php\/wp-json\/wp\/v2\/comments?post=42521"}],"version-history":[{"count":1,"href":"https:\/\/paracherkaoui.ma\/index.php\/wp-json\/wp\/v2\/product\/42521\/revisions"}],"predecessor-version":[{"id":42575,"href":"https:\/\/paracherkaoui.ma\/index.php\/wp-json\/wp\/v2\/product\/42521\/revisions\/42575"}],"wp:featuredmedia":[{"embeddable":true,"href":"https:\/\/paracherkaoui.ma\/index.php\/wp-json\/wp\/v2\/media\/42574"}],"wp:attachment":[{"href":"https:\/\/paracherkaoui.ma\/index.php\/wp-json\/wp\/v2\/media?parent=42521"}],"wp:term":[{"taxonomy":"product_brand","embeddable":true,"href":"https:\/\/paracherkaoui.ma\/index.php\/wp-json\/wp\/v2\/product_brand?post=42521"},{"taxonomy":"product_cat","embeddable":true,"href":"https:\/\/paracherkaoui.ma\/index.php\/wp-json\/wp\/v2\/product_cat?post=42521"},{"taxonomy":"product_tag","embeddable":true,"href":"https:\/\/paracherkaoui.ma\/index.php\/wp-json\/wp\/v2\/product_tag?post=42521"}],"curies":[{"name":"wp","href":"https:\/\/api.w.org\/{rel}","templated":true}]}}