{"id":42515,"date":"2025-12-12T19:09:00","date_gmt":"2025-12-12T18:09:00","guid":{"rendered":"https:\/\/test.ecbeaute.com\/?post_type=product&#038;p=42515"},"modified":"2025-12-12T19:09:05","modified_gmt":"2025-12-12T18:09:05","slug":"mam-biberon-anti-colique-easy-start-260-ml-2-mois","status":"publish","type":"product","link":"https:\/\/paracherkaoui.ma\/index.php\/produit\/mam-biberon-anti-colique-easy-start-260-ml-2-mois\/","title":{"rendered":"MAM BIBERON ANTI COLIQUE EASY START 260 ML 2 MOIS +"},"content":{"rendered":"<p>L&rsquo;ouverture large du col du biberon Easy Active de MAM facilite le remplissage et le nettoyage du biberon. Un clapet de fermeture et des plaquettes \u00e9tanches garantissent une conservation hygi\u00e9nique et un transport en toute s\u00e9curit\u00e9. Le clapet de fermeture ne garantit pas seulement l&rsquo;\u00e9tanch\u00e9it\u00e9 du biberon mais peut aussi servir de verre doseur. La t\u00e9tine de taille 2M+\u00a0 douce comme la soie sp\u00e9ciale de la marque MAM est incomparablement souple et est tr\u00e8s bien accept\u00e9e par les b\u00e9b\u00e9s. Forme tr\u00e8s plate. Biberon facile \u00e0 saisir et optimal pour une utilisation active Couleurs rayonnantes qui \u00e9veillent la curiosit\u00e9 de b\u00e9b\u00e9 et assurent de la distraction au quotidien de b\u00e9b\u00e9.<\/p>\n","protected":false},"excerpt":{"rendered":"<p>L&rsquo;ouverture large du col du biberon Easy Active de MAM facilite le remplissage et le nettoyage du biberon. Un clapet<\/p>\n","protected":false},"featured_media":42562,"comment_status":"open","ping_status":"closed","template":"","meta":[],"product_brand":[727],"product_cat":[739],"product_tag":[],"class_list":{"0":"post-42515","1":"product","2":"type-product","3":"status-publish","4":"has-post-thumbnail","6":"product_brand-mam","7":"product_cat-biberon-et-goupillon","9":"first","10":"instock","11":"sale","12":"shipping-taxable","13":"purchasable","14":"product-type-simple"},"yoast_head":"<!-- This site is optimized with the Yoast SEO plugin v26.6 - https:\/\/yoast.com\/wordpress\/plugins\/seo\/ -->\r\n<title>MAM BIBERON ANTI COLIQUE EASY START 260 ML 2 MOIS + - Paracherkaoui.ma<\/title>\r\n<meta name=\"robots\" content=\"index, follow, max-snippet:-1, max-image-preview:large, max-video-preview:-1\" \/>\r\n<link rel=\"canonical\" href=\"https:\/\/paracherkaoui.ma\/index.php\/produit\/mam-biberon-anti-colique-easy-start-260-ml-2-mois\/\" \/>\r\n<meta property=\"og:locale\" content=\"fr_FR\" \/>\r\n<meta property=\"og:type\" content=\"article\" \/>\r\n<meta property=\"og:title\" content=\"MAM BIBERON ANTI COLIQUE EASY START 260 ML 2 MOIS + - Paracherkaoui.ma\" \/>\r\n<meta property=\"og:description\" content=\"L&rsquo;ouverture large du col du biberon Easy Active de MAM facilite le remplissage et le nettoyage du biberon. Un clapet\" \/>\r\n<meta property=\"og:url\" content=\"https:\/\/paracherkaoui.ma\/index.php\/produit\/mam-biberon-anti-colique-easy-start-260-ml-2-mois\/\" \/>\r\n<meta property=\"og:site_name\" content=\"Paracherkaoui.ma\" \/>\r\n<meta property=\"article:modified_time\" content=\"2025-12-12T18:09:05+00:00\" \/>\r\n<meta property=\"og:image\" content=\"https:\/\/paracherkaoui.ma\/wp-content\/uploads\/2025\/12\/mam-biberon-anti-colique-easy-start-260-ml-2-mois-.jpg\" \/>\r\n\t<meta property=\"og:image:width\" content=\"700\" \/>\r\n\t<meta property=\"og:image:height\" content=\"700\" \/>\r\n\t<meta property=\"og:image:type\" content=\"image\/jpeg\" \/>\r\n<meta name=\"twitter:card\" content=\"summary_large_image\" \/>\r\n<meta name=\"twitter:label1\" content=\"Dur\u00e9e de lecture estim\u00e9e\" \/>\n\t<meta name=\"twitter:data1\" content=\"1 minute\" \/>\r\n<script type=\"application\/ld+json\" class=\"yoast-schema-graph\">{\"@context\":\"https:\/\/schema.org\",\"@graph\":[{\"@type\":\"WebPage\",\"@id\":\"https:\/\/paracherkaoui.ma\/index.php\/produit\/mam-biberon-anti-colique-easy-start-260-ml-2-mois\/\",\"url\":\"https:\/\/paracherkaoui.ma\/index.php\/produit\/mam-biberon-anti-colique-easy-start-260-ml-2-mois\/\",\"name\":\"MAM BIBERON ANTI COLIQUE EASY START 260 ML 2 MOIS + - Paracherkaoui.ma\",\"isPartOf\":{\"@id\":\"https:\/\/paracherkaoui.ma\/#website\"},\"primaryImageOfPage\":{\"@id\":\"https:\/\/paracherkaoui.ma\/index.php\/produit\/mam-biberon-anti-colique-easy-start-260-ml-2-mois\/#primaryimage\"},\"image\":{\"@id\":\"https:\/\/paracherkaoui.ma\/index.php\/produit\/mam-biberon-anti-colique-easy-start-260-ml-2-mois\/#primaryimage\"},\"thumbnailUrl\":\"https:\/\/paracherkaoui.ma\/wp-content\/uploads\/2025\/12\/mam-biberon-anti-colique-easy-start-260-ml-2-mois-.jpg\",\"datePublished\":\"2025-12-12T18:09:00+00:00\",\"dateModified\":\"2025-12-12T18:09:05+00:00\",\"breadcrumb\":{\"@id\":\"https:\/\/paracherkaoui.ma\/index.php\/produit\/mam-biberon-anti-colique-easy-start-260-ml-2-mois\/#breadcrumb\"},\"inLanguage\":\"fr-FR\",\"potentialAction\":[{\"@type\":\"ReadAction\",\"target\":[\"https:\/\/paracherkaoui.ma\/index.php\/produit\/mam-biberon-anti-colique-easy-start-260-ml-2-mois\/\"]}]},{\"@type\":\"ImageObject\",\"inLanguage\":\"fr-FR\",\"@id\":\"https:\/\/paracherkaoui.ma\/index.php\/produit\/mam-biberon-anti-colique-easy-start-260-ml-2-mois\/#primaryimage\",\"url\":\"https:\/\/paracherkaoui.ma\/wp-content\/uploads\/2025\/12\/mam-biberon-anti-colique-easy-start-260-ml-2-mois-.jpg\",\"contentUrl\":\"https:\/\/paracherkaoui.ma\/wp-content\/uploads\/2025\/12\/mam-biberon-anti-colique-easy-start-260-ml-2-mois-.jpg\",\"width\":700,\"height\":700},{\"@type\":\"BreadcrumbList\",\"@id\":\"https:\/\/paracherkaoui.ma\/index.php\/produit\/mam-biberon-anti-colique-easy-start-260-ml-2-mois\/#breadcrumb\",\"itemListElement\":[{\"@type\":\"ListItem\",\"position\":1,\"name\":\"Accueil\",\"item\":\"https:\/\/paracherkaoui.ma\/\"},{\"@type\":\"ListItem\",\"position\":2,\"name\":\"Boutique\",\"item\":\"https:\/\/paracherkaoui.ma\/index.php\/boutique\/\"},{\"@type\":\"ListItem\",\"position\":3,\"name\":\"MAM BIBERON ANTI COLIQUE EASY START 260 ML 2 MOIS +\"}]},{\"@type\":\"WebSite\",\"@id\":\"https:\/\/paracherkaoui.ma\/#website\",\"url\":\"https:\/\/paracherkaoui.ma\/\",\"name\":\"Paracherkaoui.ma\",\"description\":\"Achetez en ligne sur Paracherkaoui.ma\",\"potentialAction\":[{\"@type\":\"SearchAction\",\"target\":{\"@type\":\"EntryPoint\",\"urlTemplate\":\"https:\/\/paracherkaoui.ma\/?s={search_term_string}\"},\"query-input\":{\"@type\":\"PropertyValueSpecification\",\"valueRequired\":true,\"valueName\":\"search_term_string\"}}],\"inLanguage\":\"fr-FR\"}]}<\/script>\r\n<!-- \/ Yoast SEO plugin. -->","yoast_head_json":{"title":"MAM BIBERON ANTI COLIQUE EASY START 260 ML 2 MOIS + - Paracherkaoui.ma","robots":{"index":"index","follow":"follow","max-snippet":"max-snippet:-1","max-image-preview":"max-image-preview:large","max-video-preview":"max-video-preview:-1"},"canonical":"https:\/\/paracherkaoui.ma\/index.php\/produit\/mam-biberon-anti-colique-easy-start-260-ml-2-mois\/","og_locale":"fr_FR","og_type":"article","og_title":"MAM BIBERON ANTI COLIQUE EASY START 260 ML 2 MOIS + - Paracherkaoui.ma","og_description":"L&rsquo;ouverture large du col du biberon Easy Active de MAM facilite le remplissage et le nettoyage du biberon. Un clapet","og_url":"https:\/\/paracherkaoui.ma\/index.php\/produit\/mam-biberon-anti-colique-easy-start-260-ml-2-mois\/","og_site_name":"Paracherkaoui.ma","article_modified_time":"2025-12-12T18:09:05+00:00","og_image":[{"width":700,"height":700,"url":"https:\/\/paracherkaoui.ma\/wp-content\/uploads\/2025\/12\/mam-biberon-anti-colique-easy-start-260-ml-2-mois-.jpg","type":"image\/jpeg"}],"twitter_card":"summary_large_image","twitter_misc":{"Dur\u00e9e de lecture estim\u00e9e":"1 minute"},"schema":{"@context":"https:\/\/schema.org","@graph":[{"@type":"WebPage","@id":"https:\/\/paracherkaoui.ma\/index.php\/produit\/mam-biberon-anti-colique-easy-start-260-ml-2-mois\/","url":"https:\/\/paracherkaoui.ma\/index.php\/produit\/mam-biberon-anti-colique-easy-start-260-ml-2-mois\/","name":"MAM BIBERON ANTI COLIQUE EASY START 260 ML 2 MOIS + - Paracherkaoui.ma","isPartOf":{"@id":"https:\/\/paracherkaoui.ma\/#website"},"primaryImageOfPage":{"@id":"https:\/\/paracherkaoui.ma\/index.php\/produit\/mam-biberon-anti-colique-easy-start-260-ml-2-mois\/#primaryimage"},"image":{"@id":"https:\/\/paracherkaoui.ma\/index.php\/produit\/mam-biberon-anti-colique-easy-start-260-ml-2-mois\/#primaryimage"},"thumbnailUrl":"https:\/\/paracherkaoui.ma\/wp-content\/uploads\/2025\/12\/mam-biberon-anti-colique-easy-start-260-ml-2-mois-.jpg","datePublished":"2025-12-12T18:09:00+00:00","dateModified":"2025-12-12T18:09:05+00:00","breadcrumb":{"@id":"https:\/\/paracherkaoui.ma\/index.php\/produit\/mam-biberon-anti-colique-easy-start-260-ml-2-mois\/#breadcrumb"},"inLanguage":"fr-FR","potentialAction":[{"@type":"ReadAction","target":["https:\/\/paracherkaoui.ma\/index.php\/produit\/mam-biberon-anti-colique-easy-start-260-ml-2-mois\/"]}]},{"@type":"ImageObject","inLanguage":"fr-FR","@id":"https:\/\/paracherkaoui.ma\/index.php\/produit\/mam-biberon-anti-colique-easy-start-260-ml-2-mois\/#primaryimage","url":"https:\/\/paracherkaoui.ma\/wp-content\/uploads\/2025\/12\/mam-biberon-anti-colique-easy-start-260-ml-2-mois-.jpg","contentUrl":"https:\/\/paracherkaoui.ma\/wp-content\/uploads\/2025\/12\/mam-biberon-anti-colique-easy-start-260-ml-2-mois-.jpg","width":700,"height":700},{"@type":"BreadcrumbList","@id":"https:\/\/paracherkaoui.ma\/index.php\/produit\/mam-biberon-anti-colique-easy-start-260-ml-2-mois\/#breadcrumb","itemListElement":[{"@type":"ListItem","position":1,"name":"Accueil","item":"https:\/\/paracherkaoui.ma\/"},{"@type":"ListItem","position":2,"name":"Boutique","item":"https:\/\/paracherkaoui.ma\/index.php\/boutique\/"},{"@type":"ListItem","position":3,"name":"MAM BIBERON ANTI COLIQUE EASY START 260 ML 2 MOIS +"}]},{"@type":"WebSite","@id":"https:\/\/paracherkaoui.ma\/#website","url":"https:\/\/paracherkaoui.ma\/","name":"Paracherkaoui.ma","description":"Achetez en ligne sur Paracherkaoui.ma","potentialAction":[{"@type":"SearchAction","target":{"@type":"EntryPoint","urlTemplate":"https:\/\/paracherkaoui.ma\/?s={search_term_string}"},"query-input":{"@type":"PropertyValueSpecification","valueRequired":true,"valueName":"search_term_string"}}],"inLanguage":"fr-FR"}]}},"_links":{"self":[{"href":"https:\/\/paracherkaoui.ma\/index.php\/wp-json\/wp\/v2\/product\/42515","targetHints":{"allow":["GET"]}}],"collection":[{"href":"https:\/\/paracherkaoui.ma\/index.php\/wp-json\/wp\/v2\/product"}],"about":[{"href":"https:\/\/paracherkaoui.ma\/index.php\/wp-json\/wp\/v2\/types\/product"}],"replies":[{"embeddable":true,"href":"https:\/\/paracherkaoui.ma\/index.php\/wp-json\/wp\/v2\/comments?post=42515"}],"version-history":[{"count":1,"href":"https:\/\/paracherkaoui.ma\/index.php\/wp-json\/wp\/v2\/product\/42515\/revisions"}],"predecessor-version":[{"id":42563,"href":"https:\/\/paracherkaoui.ma\/index.php\/wp-json\/wp\/v2\/product\/42515\/revisions\/42563"}],"wp:featuredmedia":[{"embeddable":true,"href":"https:\/\/paracherkaoui.ma\/index.php\/wp-json\/wp\/v2\/media\/42562"}],"wp:attachment":[{"href":"https:\/\/paracherkaoui.ma\/index.php\/wp-json\/wp\/v2\/media?parent=42515"}],"wp:term":[{"taxonomy":"product_brand","embeddable":true,"href":"https:\/\/paracherkaoui.ma\/index.php\/wp-json\/wp\/v2\/product_brand?post=42515"},{"taxonomy":"product_cat","embeddable":true,"href":"https:\/\/paracherkaoui.ma\/index.php\/wp-json\/wp\/v2\/product_cat?post=42515"},{"taxonomy":"product_tag","embeddable":true,"href":"https:\/\/paracherkaoui.ma\/index.php\/wp-json\/wp\/v2\/product_tag?post=42515"}],"curies":[{"name":"wp","href":"https:\/\/api.w.org\/{rel}","templated":true}]}}