{"id":42503,"date":"2025-12-12T19:08:59","date_gmt":"2025-12-12T18:08:59","guid":{"rendered":"https:\/\/test.ecbeaute.com\/?post_type=product&#038;p=42503"},"modified":"2025-12-12T19:09:03","modified_gmt":"2025-12-12T18:09:03","slug":"l-check-1-midstream-5-tests-d-ovulation","status":"publish","type":"product","link":"https:\/\/paracherkaoui.ma\/index.php\/produit\/l-check-1-midstream-5-tests-d-ovulation\/","title":{"rendered":"L CHECK 1 MIDSTREAM 5 TESTS D OVULATION"},"content":{"rendered":"<p>Le L-Check 1 Midstream &#8211; 5 Tests d&rsquo;Ovulation est l&rsquo;outil id\u00e9al pour les femmes souhaitant optimiser leurs chances de conception. Ce test d&rsquo;ovulation rapide et fiable d\u00e9tecte l&rsquo;hormone lut\u00e9inisante (LH) pr\u00e9sente dans l&rsquo;urine, indiquant ainsi le moment de l&rsquo;ovulation. L&rsquo;augmentation soudaine de cette hormone, appel\u00e9e pic de LH, se produit 24 \u00e0 48 heures avant l&rsquo;ovulation, le moment o\u00f9 la fertilit\u00e9 est \u00e0 son maximum. Gr\u00e2ce \u00e0 sa pr\u00e9cision, ce test permet de d\u00e9terminer avec exactitude cette fen\u00eatre fertile, augmentant ainsi les probabilit\u00e9s de grossesse.<br \/>\nLe format Midstream de ces tests rend l\u2019utilisation simple et hygi\u00e9nique : il suffit de placer le test directement sous le flux d&rsquo;urine sans n\u00e9cessiter de r\u00e9cipient. En quelques minutes, le r\u00e9sultat appara\u00eet clairement sur la bandelette, facilitant l&rsquo;interpr\u00e9tation. Pratique, rapide et fiable, le L-Check 1 Midstream vous accompagne dans la planification de vos projets familiaux.<br \/>\nQue vous suiviez votre cycle de mani\u00e8re r\u00e9guli\u00e8re ou non, ces tests vous offrent un moyen facile d\u2019identifier votre ovulation. Ils conviennent \u00e9galement aux femmes avec des cycles irr\u00e9guliers, leur permettant d\u2019obtenir des informations pr\u00e9cieuses sur leur fertilit\u00e9.<br \/>\nConseils d\u2019utilisation :<br \/>\nEffectuer le test \u00e0 la m\u00eame heure chaque jour, de pr\u00e9f\u00e9rence entre 10h et 20h.<br \/>\nLimiter la consommation de liquides environ 2 heures avant le test pour \u00e9viter de diluer l\u2019urine.<br \/>\nTenir le test sous le flux d\u2019urine pendant 5 secondes, puis attendre 3 \u00e0 5 minutes pour lire le r\u00e9sultat.<\/p>\n","protected":false},"excerpt":{"rendered":"<p>Le L-Check 1 Midstream &#8211; 5 Tests d&rsquo;Ovulation est l&rsquo;outil id\u00e9al pour les femmes souhaitant optimiser leurs chances de conception.<\/p>\n","protected":false},"featured_media":42539,"comment_status":"open","ping_status":"closed","template":"","meta":[],"product_brand":[736],"product_cat":[732],"product_tag":[],"class_list":{"0":"post-42503","1":"product","2":"type-product","3":"status-publish","4":"has-post-thumbnail","6":"product_brand-l-check-1","7":"product_cat-test-dovulation-et-de-grossesse","9":"first","10":"instock","11":"sale","12":"shipping-taxable","13":"purchasable","14":"product-type-simple"},"yoast_head":"<!-- This site is optimized with the Yoast SEO plugin v26.6 - https:\/\/yoast.com\/wordpress\/plugins\/seo\/ -->\r\n<title>L CHECK 1 MIDSTREAM 5 TESTS D OVULATION - Paracherkaoui.ma<\/title>\r\n<meta name=\"robots\" content=\"index, follow, max-snippet:-1, max-image-preview:large, max-video-preview:-1\" \/>\r\n<link rel=\"canonical\" href=\"https:\/\/paracherkaoui.ma\/index.php\/produit\/l-check-1-midstream-5-tests-d-ovulation\/\" \/>\r\n<meta property=\"og:locale\" content=\"fr_FR\" \/>\r\n<meta property=\"og:type\" content=\"article\" \/>\r\n<meta property=\"og:title\" content=\"L CHECK 1 MIDSTREAM 5 TESTS D OVULATION - Paracherkaoui.ma\" \/>\r\n<meta property=\"og:description\" content=\"Le L-Check 1 Midstream &#8211; 5 Tests d&rsquo;Ovulation est l&rsquo;outil id\u00e9al pour les femmes souhaitant optimiser leurs chances de conception.\" \/>\r\n<meta property=\"og:url\" content=\"https:\/\/paracherkaoui.ma\/index.php\/produit\/l-check-1-midstream-5-tests-d-ovulation\/\" \/>\r\n<meta property=\"og:site_name\" content=\"Paracherkaoui.ma\" \/>\r\n<meta property=\"article:modified_time\" content=\"2025-12-12T18:09:03+00:00\" \/>\r\n<meta property=\"og:image\" content=\"https:\/\/paracherkaoui.ma\/wp-content\/uploads\/2025\/12\/l-check-1-midstream-5-tests-d-ovulation.jpg\" \/>\r\n\t<meta property=\"og:image:width\" content=\"700\" \/>\r\n\t<meta property=\"og:image:height\" content=\"700\" \/>\r\n\t<meta property=\"og:image:type\" content=\"image\/jpeg\" \/>\r\n<meta name=\"twitter:card\" content=\"summary_large_image\" \/>\r\n<meta name=\"twitter:label1\" content=\"Dur\u00e9e de lecture estim\u00e9e\" \/>\n\t<meta name=\"twitter:data1\" content=\"1 minute\" \/>\r\n<script type=\"application\/ld+json\" class=\"yoast-schema-graph\">{\"@context\":\"https:\/\/schema.org\",\"@graph\":[{\"@type\":\"WebPage\",\"@id\":\"https:\/\/paracherkaoui.ma\/index.php\/produit\/l-check-1-midstream-5-tests-d-ovulation\/\",\"url\":\"https:\/\/paracherkaoui.ma\/index.php\/produit\/l-check-1-midstream-5-tests-d-ovulation\/\",\"name\":\"L CHECK 1 MIDSTREAM 5 TESTS D OVULATION - Paracherkaoui.ma\",\"isPartOf\":{\"@id\":\"https:\/\/paracherkaoui.ma\/#website\"},\"primaryImageOfPage\":{\"@id\":\"https:\/\/paracherkaoui.ma\/index.php\/produit\/l-check-1-midstream-5-tests-d-ovulation\/#primaryimage\"},\"image\":{\"@id\":\"https:\/\/paracherkaoui.ma\/index.php\/produit\/l-check-1-midstream-5-tests-d-ovulation\/#primaryimage\"},\"thumbnailUrl\":\"https:\/\/paracherkaoui.ma\/wp-content\/uploads\/2025\/12\/l-check-1-midstream-5-tests-d-ovulation.jpg\",\"datePublished\":\"2025-12-12T18:08:59+00:00\",\"dateModified\":\"2025-12-12T18:09:03+00:00\",\"breadcrumb\":{\"@id\":\"https:\/\/paracherkaoui.ma\/index.php\/produit\/l-check-1-midstream-5-tests-d-ovulation\/#breadcrumb\"},\"inLanguage\":\"fr-FR\",\"potentialAction\":[{\"@type\":\"ReadAction\",\"target\":[\"https:\/\/paracherkaoui.ma\/index.php\/produit\/l-check-1-midstream-5-tests-d-ovulation\/\"]}]},{\"@type\":\"ImageObject\",\"inLanguage\":\"fr-FR\",\"@id\":\"https:\/\/paracherkaoui.ma\/index.php\/produit\/l-check-1-midstream-5-tests-d-ovulation\/#primaryimage\",\"url\":\"https:\/\/paracherkaoui.ma\/wp-content\/uploads\/2025\/12\/l-check-1-midstream-5-tests-d-ovulation.jpg\",\"contentUrl\":\"https:\/\/paracherkaoui.ma\/wp-content\/uploads\/2025\/12\/l-check-1-midstream-5-tests-d-ovulation.jpg\",\"width\":700,\"height\":700},{\"@type\":\"BreadcrumbList\",\"@id\":\"https:\/\/paracherkaoui.ma\/index.php\/produit\/l-check-1-midstream-5-tests-d-ovulation\/#breadcrumb\",\"itemListElement\":[{\"@type\":\"ListItem\",\"position\":1,\"name\":\"Accueil\",\"item\":\"https:\/\/paracherkaoui.ma\/\"},{\"@type\":\"ListItem\",\"position\":2,\"name\":\"Boutique\",\"item\":\"https:\/\/paracherkaoui.ma\/index.php\/boutique\/\"},{\"@type\":\"ListItem\",\"position\":3,\"name\":\"L CHECK 1 MIDSTREAM 5 TESTS D OVULATION\"}]},{\"@type\":\"WebSite\",\"@id\":\"https:\/\/paracherkaoui.ma\/#website\",\"url\":\"https:\/\/paracherkaoui.ma\/\",\"name\":\"Paracherkaoui.ma\",\"description\":\"Achetez en ligne sur Paracherkaoui.ma\",\"potentialAction\":[{\"@type\":\"SearchAction\",\"target\":{\"@type\":\"EntryPoint\",\"urlTemplate\":\"https:\/\/paracherkaoui.ma\/?s={search_term_string}\"},\"query-input\":{\"@type\":\"PropertyValueSpecification\",\"valueRequired\":true,\"valueName\":\"search_term_string\"}}],\"inLanguage\":\"fr-FR\"}]}<\/script>\r\n<!-- \/ Yoast SEO plugin. -->","yoast_head_json":{"title":"L CHECK 1 MIDSTREAM 5 TESTS D OVULATION - Paracherkaoui.ma","robots":{"index":"index","follow":"follow","max-snippet":"max-snippet:-1","max-image-preview":"max-image-preview:large","max-video-preview":"max-video-preview:-1"},"canonical":"https:\/\/paracherkaoui.ma\/index.php\/produit\/l-check-1-midstream-5-tests-d-ovulation\/","og_locale":"fr_FR","og_type":"article","og_title":"L CHECK 1 MIDSTREAM 5 TESTS D OVULATION - Paracherkaoui.ma","og_description":"Le L-Check 1 Midstream &#8211; 5 Tests d&rsquo;Ovulation est l&rsquo;outil id\u00e9al pour les femmes souhaitant optimiser leurs chances de conception.","og_url":"https:\/\/paracherkaoui.ma\/index.php\/produit\/l-check-1-midstream-5-tests-d-ovulation\/","og_site_name":"Paracherkaoui.ma","article_modified_time":"2025-12-12T18:09:03+00:00","og_image":[{"width":700,"height":700,"url":"https:\/\/paracherkaoui.ma\/wp-content\/uploads\/2025\/12\/l-check-1-midstream-5-tests-d-ovulation.jpg","type":"image\/jpeg"}],"twitter_card":"summary_large_image","twitter_misc":{"Dur\u00e9e de lecture estim\u00e9e":"1 minute"},"schema":{"@context":"https:\/\/schema.org","@graph":[{"@type":"WebPage","@id":"https:\/\/paracherkaoui.ma\/index.php\/produit\/l-check-1-midstream-5-tests-d-ovulation\/","url":"https:\/\/paracherkaoui.ma\/index.php\/produit\/l-check-1-midstream-5-tests-d-ovulation\/","name":"L CHECK 1 MIDSTREAM 5 TESTS D OVULATION - Paracherkaoui.ma","isPartOf":{"@id":"https:\/\/paracherkaoui.ma\/#website"},"primaryImageOfPage":{"@id":"https:\/\/paracherkaoui.ma\/index.php\/produit\/l-check-1-midstream-5-tests-d-ovulation\/#primaryimage"},"image":{"@id":"https:\/\/paracherkaoui.ma\/index.php\/produit\/l-check-1-midstream-5-tests-d-ovulation\/#primaryimage"},"thumbnailUrl":"https:\/\/paracherkaoui.ma\/wp-content\/uploads\/2025\/12\/l-check-1-midstream-5-tests-d-ovulation.jpg","datePublished":"2025-12-12T18:08:59+00:00","dateModified":"2025-12-12T18:09:03+00:00","breadcrumb":{"@id":"https:\/\/paracherkaoui.ma\/index.php\/produit\/l-check-1-midstream-5-tests-d-ovulation\/#breadcrumb"},"inLanguage":"fr-FR","potentialAction":[{"@type":"ReadAction","target":["https:\/\/paracherkaoui.ma\/index.php\/produit\/l-check-1-midstream-5-tests-d-ovulation\/"]}]},{"@type":"ImageObject","inLanguage":"fr-FR","@id":"https:\/\/paracherkaoui.ma\/index.php\/produit\/l-check-1-midstream-5-tests-d-ovulation\/#primaryimage","url":"https:\/\/paracherkaoui.ma\/wp-content\/uploads\/2025\/12\/l-check-1-midstream-5-tests-d-ovulation.jpg","contentUrl":"https:\/\/paracherkaoui.ma\/wp-content\/uploads\/2025\/12\/l-check-1-midstream-5-tests-d-ovulation.jpg","width":700,"height":700},{"@type":"BreadcrumbList","@id":"https:\/\/paracherkaoui.ma\/index.php\/produit\/l-check-1-midstream-5-tests-d-ovulation\/#breadcrumb","itemListElement":[{"@type":"ListItem","position":1,"name":"Accueil","item":"https:\/\/paracherkaoui.ma\/"},{"@type":"ListItem","position":2,"name":"Boutique","item":"https:\/\/paracherkaoui.ma\/index.php\/boutique\/"},{"@type":"ListItem","position":3,"name":"L CHECK 1 MIDSTREAM 5 TESTS D OVULATION"}]},{"@type":"WebSite","@id":"https:\/\/paracherkaoui.ma\/#website","url":"https:\/\/paracherkaoui.ma\/","name":"Paracherkaoui.ma","description":"Achetez en ligne sur Paracherkaoui.ma","potentialAction":[{"@type":"SearchAction","target":{"@type":"EntryPoint","urlTemplate":"https:\/\/paracherkaoui.ma\/?s={search_term_string}"},"query-input":{"@type":"PropertyValueSpecification","valueRequired":true,"valueName":"search_term_string"}}],"inLanguage":"fr-FR"}]}},"_links":{"self":[{"href":"https:\/\/paracherkaoui.ma\/index.php\/wp-json\/wp\/v2\/product\/42503","targetHints":{"allow":["GET"]}}],"collection":[{"href":"https:\/\/paracherkaoui.ma\/index.php\/wp-json\/wp\/v2\/product"}],"about":[{"href":"https:\/\/paracherkaoui.ma\/index.php\/wp-json\/wp\/v2\/types\/product"}],"replies":[{"embeddable":true,"href":"https:\/\/paracherkaoui.ma\/index.php\/wp-json\/wp\/v2\/comments?post=42503"}],"version-history":[{"count":1,"href":"https:\/\/paracherkaoui.ma\/index.php\/wp-json\/wp\/v2\/product\/42503\/revisions"}],"predecessor-version":[{"id":42540,"href":"https:\/\/paracherkaoui.ma\/index.php\/wp-json\/wp\/v2\/product\/42503\/revisions\/42540"}],"wp:featuredmedia":[{"embeddable":true,"href":"https:\/\/paracherkaoui.ma\/index.php\/wp-json\/wp\/v2\/media\/42539"}],"wp:attachment":[{"href":"https:\/\/paracherkaoui.ma\/index.php\/wp-json\/wp\/v2\/media?parent=42503"}],"wp:term":[{"taxonomy":"product_brand","embeddable":true,"href":"https:\/\/paracherkaoui.ma\/index.php\/wp-json\/wp\/v2\/product_brand?post=42503"},{"taxonomy":"product_cat","embeddable":true,"href":"https:\/\/paracherkaoui.ma\/index.php\/wp-json\/wp\/v2\/product_cat?post=42503"},{"taxonomy":"product_tag","embeddable":true,"href":"https:\/\/paracherkaoui.ma\/index.php\/wp-json\/wp\/v2\/product_tag?post=42503"}],"curies":[{"name":"wp","href":"https:\/\/api.w.org\/{rel}","templated":true}]}}