{"id":42498,"date":"2025-12-12T19:08:58","date_gmt":"2025-12-12T18:08:58","guid":{"rendered":"https:\/\/test.ecbeaute.com\/?post_type=product&#038;p=42498"},"modified":"2025-12-12T19:09:02","modified_gmt":"2025-12-12T18:09:02","slug":"gilbert-elle-test-de-grossesse-1er-jour-des-regles","status":"publish","type":"product","link":"https:\/\/paracherkaoui.ma\/index.php\/produit\/gilbert-elle-test-de-grossesse-1er-jour-des-regles\/","title":{"rendered":"GILBERT ELLE TEST DE GROSSESSE 1ER JOUR DES REGLES"},"content":{"rendered":"<p>Un test rapide, simple et pr\u00e9cis<br \/>\nLe test de grossesse ElleTest est un dispositif m\u00e9dical marqu\u00e9 CE, garantissant une fiabilit\u00e9 optimale. Il dispose d\u2019une m\u00e8che d\u2019absorption \u00e0 placer sous un jet d\u2019urine, d\u2019un capuchon protecteur et d\u2019une fen\u00eatre de lecture claire :<br \/>\n1 ligne = test n\u00e9gatif<br \/>\n2 lignes = test positif<br \/>\nSa sensibilit\u00e9 de 25 mUI\/mL assure une d\u00e9tection pr\u00e9coce, m\u00eame avant que les sympt\u00f4mes de grossesse ne se manifestent.<br \/>\nConseils d\u2019utilisation du test de grossesse ElleTest<br \/>\nRetirer le capuchon prot\u00e9geant la m\u00e8che d\u2019absorption.<br \/>\nPlacer la m\u00e8che sous le jet d\u2019urine pendant 15 secondes.<br \/>\nReplacer le capuchon et attendre 3 minutes.<br \/>\nLire le r\u00e9sultat sur la fen\u00eatre d\u2019affichage.<br \/>\nPour une pr\u00e9cision optimale, il est recommand\u00e9 d\u2019effectuer le test le matin avec les premi\u00e8res urines, qui contiennent la concentration la plus \u00e9lev\u00e9e de l\u2019hormone hCG.<br \/>\nPr\u00e9cautions d\u2019emploi<br \/>\nUsage unique.<br \/>\nConserver \u00e0 une temp\u00e9rature comprise entre 2 et 30\u00b0C.<br \/>\nTenir hors de port\u00e9e des enfants.<br \/>\nSe laver les mains avant et apr\u00e8s utilisation.<\/p>\n","protected":false},"excerpt":{"rendered":"<p>Un test rapide, simple et pr\u00e9cis Le test de grossesse ElleTest est un dispositif m\u00e9dical marqu\u00e9 CE, garantissant une fiabilit\u00e9<\/p>\n","protected":false},"featured_media":42530,"comment_status":"open","ping_status":"closed","template":"","meta":[],"product_brand":[200],"product_cat":[732],"product_tag":[],"class_list":{"0":"post-42498","1":"product","2":"type-product","3":"status-publish","4":"has-post-thumbnail","6":"product_brand-gilbert","7":"product_cat-test-dovulation-et-de-grossesse","9":"first","10":"instock","11":"sale","12":"shipping-taxable","13":"purchasable","14":"product-type-simple"},"yoast_head":"<!-- This site is optimized with the Yoast SEO plugin v26.6 - https:\/\/yoast.com\/wordpress\/plugins\/seo\/ -->\r\n<title>GILBERT ELLE TEST DE GROSSESSE 1ER JOUR DES REGLES - Paracherkaoui.ma<\/title>\r\n<meta name=\"robots\" content=\"index, follow, max-snippet:-1, max-image-preview:large, max-video-preview:-1\" \/>\r\n<link rel=\"canonical\" href=\"https:\/\/paracherkaoui.ma\/index.php\/produit\/gilbert-elle-test-de-grossesse-1er-jour-des-regles\/\" \/>\r\n<meta property=\"og:locale\" content=\"fr_FR\" \/>\r\n<meta property=\"og:type\" content=\"article\" \/>\r\n<meta property=\"og:title\" content=\"GILBERT ELLE TEST DE GROSSESSE 1ER JOUR DES REGLES - Paracherkaoui.ma\" \/>\r\n<meta property=\"og:description\" content=\"Un test rapide, simple et pr\u00e9cis Le test de grossesse ElleTest est un dispositif m\u00e9dical marqu\u00e9 CE, garantissant une fiabilit\u00e9\" \/>\r\n<meta property=\"og:url\" content=\"https:\/\/paracherkaoui.ma\/index.php\/produit\/gilbert-elle-test-de-grossesse-1er-jour-des-regles\/\" \/>\r\n<meta property=\"og:site_name\" content=\"Paracherkaoui.ma\" \/>\r\n<meta property=\"article:modified_time\" content=\"2025-12-12T18:09:02+00:00\" \/>\r\n<meta property=\"og:image\" content=\"https:\/\/paracherkaoui.ma\/wp-content\/uploads\/2025\/12\/gilbert-gilbert-elle-test-de-grossesse-1er-jour-des-regles-test-dovulation-et-de-grossesse.jpg\" \/>\r\n\t<meta property=\"og:image:width\" content=\"700\" \/>\r\n\t<meta property=\"og:image:height\" content=\"700\" \/>\r\n\t<meta property=\"og:image:type\" content=\"image\/jpeg\" \/>\r\n<meta name=\"twitter:card\" content=\"summary_large_image\" \/>\r\n<meta name=\"twitter:label1\" content=\"Dur\u00e9e de lecture estim\u00e9e\" \/>\n\t<meta name=\"twitter:data1\" content=\"1 minute\" \/>\r\n<script type=\"application\/ld+json\" class=\"yoast-schema-graph\">{\"@context\":\"https:\/\/schema.org\",\"@graph\":[{\"@type\":\"WebPage\",\"@id\":\"https:\/\/paracherkaoui.ma\/index.php\/produit\/gilbert-elle-test-de-grossesse-1er-jour-des-regles\/\",\"url\":\"https:\/\/paracherkaoui.ma\/index.php\/produit\/gilbert-elle-test-de-grossesse-1er-jour-des-regles\/\",\"name\":\"GILBERT ELLE TEST DE GROSSESSE 1ER JOUR DES REGLES - Paracherkaoui.ma\",\"isPartOf\":{\"@id\":\"https:\/\/paracherkaoui.ma\/#website\"},\"primaryImageOfPage\":{\"@id\":\"https:\/\/paracherkaoui.ma\/index.php\/produit\/gilbert-elle-test-de-grossesse-1er-jour-des-regles\/#primaryimage\"},\"image\":{\"@id\":\"https:\/\/paracherkaoui.ma\/index.php\/produit\/gilbert-elle-test-de-grossesse-1er-jour-des-regles\/#primaryimage\"},\"thumbnailUrl\":\"https:\/\/paracherkaoui.ma\/wp-content\/uploads\/2025\/12\/gilbert-gilbert-elle-test-de-grossesse-1er-jour-des-regles-test-dovulation-et-de-grossesse.jpg\",\"datePublished\":\"2025-12-12T18:08:58+00:00\",\"dateModified\":\"2025-12-12T18:09:02+00:00\",\"breadcrumb\":{\"@id\":\"https:\/\/paracherkaoui.ma\/index.php\/produit\/gilbert-elle-test-de-grossesse-1er-jour-des-regles\/#breadcrumb\"},\"inLanguage\":\"fr-FR\",\"potentialAction\":[{\"@type\":\"ReadAction\",\"target\":[\"https:\/\/paracherkaoui.ma\/index.php\/produit\/gilbert-elle-test-de-grossesse-1er-jour-des-regles\/\"]}]},{\"@type\":\"ImageObject\",\"inLanguage\":\"fr-FR\",\"@id\":\"https:\/\/paracherkaoui.ma\/index.php\/produit\/gilbert-elle-test-de-grossesse-1er-jour-des-regles\/#primaryimage\",\"url\":\"https:\/\/paracherkaoui.ma\/wp-content\/uploads\/2025\/12\/gilbert-gilbert-elle-test-de-grossesse-1er-jour-des-regles-test-dovulation-et-de-grossesse.jpg\",\"contentUrl\":\"https:\/\/paracherkaoui.ma\/wp-content\/uploads\/2025\/12\/gilbert-gilbert-elle-test-de-grossesse-1er-jour-des-regles-test-dovulation-et-de-grossesse.jpg\",\"width\":700,\"height\":700},{\"@type\":\"BreadcrumbList\",\"@id\":\"https:\/\/paracherkaoui.ma\/index.php\/produit\/gilbert-elle-test-de-grossesse-1er-jour-des-regles\/#breadcrumb\",\"itemListElement\":[{\"@type\":\"ListItem\",\"position\":1,\"name\":\"Accueil\",\"item\":\"https:\/\/paracherkaoui.ma\/\"},{\"@type\":\"ListItem\",\"position\":2,\"name\":\"Boutique\",\"item\":\"https:\/\/paracherkaoui.ma\/index.php\/boutique\/\"},{\"@type\":\"ListItem\",\"position\":3,\"name\":\"GILBERT ELLE TEST DE GROSSESSE 1ER JOUR DES REGLES\"}]},{\"@type\":\"WebSite\",\"@id\":\"https:\/\/paracherkaoui.ma\/#website\",\"url\":\"https:\/\/paracherkaoui.ma\/\",\"name\":\"Paracherkaoui.ma\",\"description\":\"Achetez en ligne sur Paracherkaoui.ma\",\"potentialAction\":[{\"@type\":\"SearchAction\",\"target\":{\"@type\":\"EntryPoint\",\"urlTemplate\":\"https:\/\/paracherkaoui.ma\/?s={search_term_string}\"},\"query-input\":{\"@type\":\"PropertyValueSpecification\",\"valueRequired\":true,\"valueName\":\"search_term_string\"}}],\"inLanguage\":\"fr-FR\"}]}<\/script>\r\n<!-- \/ Yoast SEO plugin. -->","yoast_head_json":{"title":"GILBERT ELLE TEST DE GROSSESSE 1ER JOUR DES REGLES - Paracherkaoui.ma","robots":{"index":"index","follow":"follow","max-snippet":"max-snippet:-1","max-image-preview":"max-image-preview:large","max-video-preview":"max-video-preview:-1"},"canonical":"https:\/\/paracherkaoui.ma\/index.php\/produit\/gilbert-elle-test-de-grossesse-1er-jour-des-regles\/","og_locale":"fr_FR","og_type":"article","og_title":"GILBERT ELLE TEST DE GROSSESSE 1ER JOUR DES REGLES - Paracherkaoui.ma","og_description":"Un test rapide, simple et pr\u00e9cis Le test de grossesse ElleTest est un dispositif m\u00e9dical marqu\u00e9 CE, garantissant une fiabilit\u00e9","og_url":"https:\/\/paracherkaoui.ma\/index.php\/produit\/gilbert-elle-test-de-grossesse-1er-jour-des-regles\/","og_site_name":"Paracherkaoui.ma","article_modified_time":"2025-12-12T18:09:02+00:00","og_image":[{"width":700,"height":700,"url":"https:\/\/paracherkaoui.ma\/wp-content\/uploads\/2025\/12\/gilbert-gilbert-elle-test-de-grossesse-1er-jour-des-regles-test-dovulation-et-de-grossesse.jpg","type":"image\/jpeg"}],"twitter_card":"summary_large_image","twitter_misc":{"Dur\u00e9e de lecture estim\u00e9e":"1 minute"},"schema":{"@context":"https:\/\/schema.org","@graph":[{"@type":"WebPage","@id":"https:\/\/paracherkaoui.ma\/index.php\/produit\/gilbert-elle-test-de-grossesse-1er-jour-des-regles\/","url":"https:\/\/paracherkaoui.ma\/index.php\/produit\/gilbert-elle-test-de-grossesse-1er-jour-des-regles\/","name":"GILBERT ELLE TEST DE GROSSESSE 1ER JOUR DES REGLES - Paracherkaoui.ma","isPartOf":{"@id":"https:\/\/paracherkaoui.ma\/#website"},"primaryImageOfPage":{"@id":"https:\/\/paracherkaoui.ma\/index.php\/produit\/gilbert-elle-test-de-grossesse-1er-jour-des-regles\/#primaryimage"},"image":{"@id":"https:\/\/paracherkaoui.ma\/index.php\/produit\/gilbert-elle-test-de-grossesse-1er-jour-des-regles\/#primaryimage"},"thumbnailUrl":"https:\/\/paracherkaoui.ma\/wp-content\/uploads\/2025\/12\/gilbert-gilbert-elle-test-de-grossesse-1er-jour-des-regles-test-dovulation-et-de-grossesse.jpg","datePublished":"2025-12-12T18:08:58+00:00","dateModified":"2025-12-12T18:09:02+00:00","breadcrumb":{"@id":"https:\/\/paracherkaoui.ma\/index.php\/produit\/gilbert-elle-test-de-grossesse-1er-jour-des-regles\/#breadcrumb"},"inLanguage":"fr-FR","potentialAction":[{"@type":"ReadAction","target":["https:\/\/paracherkaoui.ma\/index.php\/produit\/gilbert-elle-test-de-grossesse-1er-jour-des-regles\/"]}]},{"@type":"ImageObject","inLanguage":"fr-FR","@id":"https:\/\/paracherkaoui.ma\/index.php\/produit\/gilbert-elle-test-de-grossesse-1er-jour-des-regles\/#primaryimage","url":"https:\/\/paracherkaoui.ma\/wp-content\/uploads\/2025\/12\/gilbert-gilbert-elle-test-de-grossesse-1er-jour-des-regles-test-dovulation-et-de-grossesse.jpg","contentUrl":"https:\/\/paracherkaoui.ma\/wp-content\/uploads\/2025\/12\/gilbert-gilbert-elle-test-de-grossesse-1er-jour-des-regles-test-dovulation-et-de-grossesse.jpg","width":700,"height":700},{"@type":"BreadcrumbList","@id":"https:\/\/paracherkaoui.ma\/index.php\/produit\/gilbert-elle-test-de-grossesse-1er-jour-des-regles\/#breadcrumb","itemListElement":[{"@type":"ListItem","position":1,"name":"Accueil","item":"https:\/\/paracherkaoui.ma\/"},{"@type":"ListItem","position":2,"name":"Boutique","item":"https:\/\/paracherkaoui.ma\/index.php\/boutique\/"},{"@type":"ListItem","position":3,"name":"GILBERT ELLE TEST DE GROSSESSE 1ER JOUR DES REGLES"}]},{"@type":"WebSite","@id":"https:\/\/paracherkaoui.ma\/#website","url":"https:\/\/paracherkaoui.ma\/","name":"Paracherkaoui.ma","description":"Achetez en ligne sur Paracherkaoui.ma","potentialAction":[{"@type":"SearchAction","target":{"@type":"EntryPoint","urlTemplate":"https:\/\/paracherkaoui.ma\/?s={search_term_string}"},"query-input":{"@type":"PropertyValueSpecification","valueRequired":true,"valueName":"search_term_string"}}],"inLanguage":"fr-FR"}]}},"_links":{"self":[{"href":"https:\/\/paracherkaoui.ma\/index.php\/wp-json\/wp\/v2\/product\/42498","targetHints":{"allow":["GET"]}}],"collection":[{"href":"https:\/\/paracherkaoui.ma\/index.php\/wp-json\/wp\/v2\/product"}],"about":[{"href":"https:\/\/paracherkaoui.ma\/index.php\/wp-json\/wp\/v2\/types\/product"}],"replies":[{"embeddable":true,"href":"https:\/\/paracherkaoui.ma\/index.php\/wp-json\/wp\/v2\/comments?post=42498"}],"version-history":[{"count":1,"href":"https:\/\/paracherkaoui.ma\/index.php\/wp-json\/wp\/v2\/product\/42498\/revisions"}],"predecessor-version":[{"id":42531,"href":"https:\/\/paracherkaoui.ma\/index.php\/wp-json\/wp\/v2\/product\/42498\/revisions\/42531"}],"wp:featuredmedia":[{"embeddable":true,"href":"https:\/\/paracherkaoui.ma\/index.php\/wp-json\/wp\/v2\/media\/42530"}],"wp:attachment":[{"href":"https:\/\/paracherkaoui.ma\/index.php\/wp-json\/wp\/v2\/media?parent=42498"}],"wp:term":[{"taxonomy":"product_brand","embeddable":true,"href":"https:\/\/paracherkaoui.ma\/index.php\/wp-json\/wp\/v2\/product_brand?post=42498"},{"taxonomy":"product_cat","embeddable":true,"href":"https:\/\/paracherkaoui.ma\/index.php\/wp-json\/wp\/v2\/product_cat?post=42498"},{"taxonomy":"product_tag","embeddable":true,"href":"https:\/\/paracherkaoui.ma\/index.php\/wp-json\/wp\/v2\/product_tag?post=42498"}],"curies":[{"name":"wp","href":"https:\/\/api.w.org\/{rel}","templated":true}]}}