{"id":42440,"date":"2025-12-12T19:08:51","date_gmt":"2025-12-12T18:08:51","guid":{"rendered":"https:\/\/test.ecbeaute.com\/?post_type=product&#038;p=42440"},"modified":"2025-12-12T19:08:57","modified_gmt":"2025-12-12T18:08:57","slug":"weleda-huile-anticellulite-4","status":"publish","type":"product","link":"https:\/\/paracherkaoui.ma\/index.php\/produit\/weleda-huile-anticellulite-4\/","title":{"rendered":"WELEDA HUILE ANTICELLULITE"},"content":{"rendered":"<p>Un massage avec cette huile stimule la micro-circulation. Sa formule \u00e0 base d&rsquo;extraits de jeunes feuilles de bouleau et de romarin, et de racine de petit houx agit en cas de peau d&rsquo;orange et de capitons et favorise la r\u00e9duction des effets de la cellulite d\u00e9j\u00e0 install\u00e9e.<br \/>\nL&rsquo;huile de Massage Minceur allie, de surcro\u00eet, les propri\u00e9t\u00e9s revitalisantes de l&rsquo;huile de noyaux d&rsquo;abricot, riche en acides gras essentiels, aux vertus hydratantes de l&rsquo;huile de jojoba.<br \/>\nAssoci\u00e9 \u00e0 l&rsquo;huile de germe de bl\u00e9, riche en vitamine E, ce complexe d&rsquo;huiles v\u00e9g\u00e9tales lisse, raffermit la peau. Les huiles essentielles naturelles soutiennent ces effets revitalisants et raffermissants tout en apportant une note parfum\u00e9e fra\u00eeche et l\u00e9g\u00e8re.<br \/>\nEfficacit\u00e9 prouv\u00e9e cliniquement sous contr\u00f4le dermatologique.<br \/>\nPour qui ?<br \/>\n\u2022 En cas de pr\u00e9disposition aux ph\u00e9nom\u00e8nes cellulitiques<br \/>\n\u2022 En compl\u00e9ment d&rsquo;un r\u00e9gime amincissant<br \/>\nPlus produit<br \/>\n\u2022 Favorise la r\u00e9duction des effets de la cellulite<br \/>\n\u2022 Estompe les capitons et l&rsquo;aspect peau d&rsquo;orange<br \/>\n\u2022 Raffermit la peau<br \/>\n\u2022 Laisse la peau souple et lisse<br \/>\nR\u00e9sultat<br \/>\n\u2022 Efficacit\u00e9 test\u00e9e cliniquement sur 20 personnes pendant 4 semaines : en utilisation r\u00e9guli\u00e8re, r\u00e9duction de 2cm en moyenne de tour de cuisse en 14 jours.<br \/>\n\u2022 Les capitons s&rsquo;estompent, l&rsquo;aspect de la peau d&rsquo;orange est visiblement r\u00e9duit<\/p>\n","protected":false},"excerpt":{"rendered":"<p>Un massage avec cette huile stimule la micro-circulation. Sa formule \u00e0 base d&rsquo;extraits de jeunes feuilles de bouleau et de<\/p>\n","protected":false},"featured_media":32012,"comment_status":"open","ping_status":"closed","template":"","meta":[],"product_brand":[313],"product_cat":[731],"product_tag":[],"class_list":{"0":"post-42440","1":"product","2":"type-product","3":"status-publish","4":"has-post-thumbnail","6":"product_brand-weleda","7":"product_cat-soins-vergetures","9":"first","10":"instock","11":"shipping-taxable","12":"purchasable","13":"product-type-simple"},"yoast_head":"<!-- This site is optimized with the Yoast SEO plugin v26.6 - https:\/\/yoast.com\/wordpress\/plugins\/seo\/ -->\r\n<title>WELEDA HUILE ANTICELLULITE - Paracherkaoui.ma<\/title>\r\n<meta name=\"robots\" content=\"index, follow, max-snippet:-1, max-image-preview:large, max-video-preview:-1\" \/>\r\n<link rel=\"canonical\" href=\"https:\/\/paracherkaoui.ma\/index.php\/produit\/weleda-huile-anticellulite-4\/\" \/>\r\n<meta property=\"og:locale\" content=\"fr_FR\" \/>\r\n<meta property=\"og:type\" content=\"article\" \/>\r\n<meta property=\"og:title\" content=\"WELEDA HUILE ANTICELLULITE - Paracherkaoui.ma\" \/>\r\n<meta property=\"og:description\" content=\"Un massage avec cette huile stimule la micro-circulation. Sa formule \u00e0 base d&rsquo;extraits de jeunes feuilles de bouleau et de\" \/>\r\n<meta property=\"og:url\" content=\"https:\/\/paracherkaoui.ma\/index.php\/produit\/weleda-huile-anticellulite-4\/\" \/>\r\n<meta property=\"og:site_name\" content=\"Paracherkaoui.ma\" \/>\r\n<meta property=\"article:modified_time\" content=\"2025-12-12T18:08:57+00:00\" \/>\r\n<meta property=\"og:image\" content=\"https:\/\/paracherkaoui.ma\/wp-content\/uploads\/2025\/12\/weleda-weleda-huile-anticellulite-cellulites-et-vergetures.jpg\" \/>\r\n\t<meta property=\"og:image:width\" content=\"700\" \/>\r\n\t<meta property=\"og:image:height\" content=\"700\" \/>\r\n\t<meta property=\"og:image:type\" content=\"image\/jpeg\" \/>\r\n<meta name=\"twitter:card\" content=\"summary_large_image\" \/>\r\n<meta name=\"twitter:label1\" content=\"Dur\u00e9e de lecture estim\u00e9e\" \/>\n\t<meta name=\"twitter:data1\" content=\"1 minute\" \/>\r\n<script type=\"application\/ld+json\" class=\"yoast-schema-graph\">{\"@context\":\"https:\/\/schema.org\",\"@graph\":[{\"@type\":\"WebPage\",\"@id\":\"https:\/\/paracherkaoui.ma\/index.php\/produit\/weleda-huile-anticellulite-4\/\",\"url\":\"https:\/\/paracherkaoui.ma\/index.php\/produit\/weleda-huile-anticellulite-4\/\",\"name\":\"WELEDA HUILE ANTICELLULITE - Paracherkaoui.ma\",\"isPartOf\":{\"@id\":\"https:\/\/paracherkaoui.ma\/#website\"},\"primaryImageOfPage\":{\"@id\":\"https:\/\/paracherkaoui.ma\/index.php\/produit\/weleda-huile-anticellulite-4\/#primaryimage\"},\"image\":{\"@id\":\"https:\/\/paracherkaoui.ma\/index.php\/produit\/weleda-huile-anticellulite-4\/#primaryimage\"},\"thumbnailUrl\":\"https:\/\/paracherkaoui.ma\/wp-content\/uploads\/2025\/12\/weleda-weleda-huile-anticellulite-cellulites-et-vergetures.jpg\",\"datePublished\":\"2025-12-12T18:08:51+00:00\",\"dateModified\":\"2025-12-12T18:08:57+00:00\",\"breadcrumb\":{\"@id\":\"https:\/\/paracherkaoui.ma\/index.php\/produit\/weleda-huile-anticellulite-4\/#breadcrumb\"},\"inLanguage\":\"fr-FR\",\"potentialAction\":[{\"@type\":\"ReadAction\",\"target\":[\"https:\/\/paracherkaoui.ma\/index.php\/produit\/weleda-huile-anticellulite-4\/\"]}]},{\"@type\":\"ImageObject\",\"inLanguage\":\"fr-FR\",\"@id\":\"https:\/\/paracherkaoui.ma\/index.php\/produit\/weleda-huile-anticellulite-4\/#primaryimage\",\"url\":\"https:\/\/paracherkaoui.ma\/wp-content\/uploads\/2025\/12\/weleda-weleda-huile-anticellulite-cellulites-et-vergetures.jpg\",\"contentUrl\":\"https:\/\/paracherkaoui.ma\/wp-content\/uploads\/2025\/12\/weleda-weleda-huile-anticellulite-cellulites-et-vergetures.jpg\",\"width\":700,\"height\":700},{\"@type\":\"BreadcrumbList\",\"@id\":\"https:\/\/paracherkaoui.ma\/index.php\/produit\/weleda-huile-anticellulite-4\/#breadcrumb\",\"itemListElement\":[{\"@type\":\"ListItem\",\"position\":1,\"name\":\"Accueil\",\"item\":\"https:\/\/paracherkaoui.ma\/\"},{\"@type\":\"ListItem\",\"position\":2,\"name\":\"Boutique\",\"item\":\"https:\/\/paracherkaoui.ma\/index.php\/boutique\/\"},{\"@type\":\"ListItem\",\"position\":3,\"name\":\"WELEDA HUILE ANTICELLULITE\"}]},{\"@type\":\"WebSite\",\"@id\":\"https:\/\/paracherkaoui.ma\/#website\",\"url\":\"https:\/\/paracherkaoui.ma\/\",\"name\":\"Paracherkaoui.ma\",\"description\":\"Achetez en ligne sur Paracherkaoui.ma\",\"potentialAction\":[{\"@type\":\"SearchAction\",\"target\":{\"@type\":\"EntryPoint\",\"urlTemplate\":\"https:\/\/paracherkaoui.ma\/?s={search_term_string}\"},\"query-input\":{\"@type\":\"PropertyValueSpecification\",\"valueRequired\":true,\"valueName\":\"search_term_string\"}}],\"inLanguage\":\"fr-FR\"}]}<\/script>\r\n<!-- \/ Yoast SEO plugin. -->","yoast_head_json":{"title":"WELEDA HUILE ANTICELLULITE - Paracherkaoui.ma","robots":{"index":"index","follow":"follow","max-snippet":"max-snippet:-1","max-image-preview":"max-image-preview:large","max-video-preview":"max-video-preview:-1"},"canonical":"https:\/\/paracherkaoui.ma\/index.php\/produit\/weleda-huile-anticellulite-4\/","og_locale":"fr_FR","og_type":"article","og_title":"WELEDA HUILE ANTICELLULITE - Paracherkaoui.ma","og_description":"Un massage avec cette huile stimule la micro-circulation. Sa formule \u00e0 base d&rsquo;extraits de jeunes feuilles de bouleau et de","og_url":"https:\/\/paracherkaoui.ma\/index.php\/produit\/weleda-huile-anticellulite-4\/","og_site_name":"Paracherkaoui.ma","article_modified_time":"2025-12-12T18:08:57+00:00","og_image":[{"width":700,"height":700,"url":"https:\/\/paracherkaoui.ma\/wp-content\/uploads\/2025\/12\/weleda-weleda-huile-anticellulite-cellulites-et-vergetures.jpg","type":"image\/jpeg"}],"twitter_card":"summary_large_image","twitter_misc":{"Dur\u00e9e de lecture estim\u00e9e":"1 minute"},"schema":{"@context":"https:\/\/schema.org","@graph":[{"@type":"WebPage","@id":"https:\/\/paracherkaoui.ma\/index.php\/produit\/weleda-huile-anticellulite-4\/","url":"https:\/\/paracherkaoui.ma\/index.php\/produit\/weleda-huile-anticellulite-4\/","name":"WELEDA HUILE ANTICELLULITE - Paracherkaoui.ma","isPartOf":{"@id":"https:\/\/paracherkaoui.ma\/#website"},"primaryImageOfPage":{"@id":"https:\/\/paracherkaoui.ma\/index.php\/produit\/weleda-huile-anticellulite-4\/#primaryimage"},"image":{"@id":"https:\/\/paracherkaoui.ma\/index.php\/produit\/weleda-huile-anticellulite-4\/#primaryimage"},"thumbnailUrl":"https:\/\/paracherkaoui.ma\/wp-content\/uploads\/2025\/12\/weleda-weleda-huile-anticellulite-cellulites-et-vergetures.jpg","datePublished":"2025-12-12T18:08:51+00:00","dateModified":"2025-12-12T18:08:57+00:00","breadcrumb":{"@id":"https:\/\/paracherkaoui.ma\/index.php\/produit\/weleda-huile-anticellulite-4\/#breadcrumb"},"inLanguage":"fr-FR","potentialAction":[{"@type":"ReadAction","target":["https:\/\/paracherkaoui.ma\/index.php\/produit\/weleda-huile-anticellulite-4\/"]}]},{"@type":"ImageObject","inLanguage":"fr-FR","@id":"https:\/\/paracherkaoui.ma\/index.php\/produit\/weleda-huile-anticellulite-4\/#primaryimage","url":"https:\/\/paracherkaoui.ma\/wp-content\/uploads\/2025\/12\/weleda-weleda-huile-anticellulite-cellulites-et-vergetures.jpg","contentUrl":"https:\/\/paracherkaoui.ma\/wp-content\/uploads\/2025\/12\/weleda-weleda-huile-anticellulite-cellulites-et-vergetures.jpg","width":700,"height":700},{"@type":"BreadcrumbList","@id":"https:\/\/paracherkaoui.ma\/index.php\/produit\/weleda-huile-anticellulite-4\/#breadcrumb","itemListElement":[{"@type":"ListItem","position":1,"name":"Accueil","item":"https:\/\/paracherkaoui.ma\/"},{"@type":"ListItem","position":2,"name":"Boutique","item":"https:\/\/paracherkaoui.ma\/index.php\/boutique\/"},{"@type":"ListItem","position":3,"name":"WELEDA HUILE ANTICELLULITE"}]},{"@type":"WebSite","@id":"https:\/\/paracherkaoui.ma\/#website","url":"https:\/\/paracherkaoui.ma\/","name":"Paracherkaoui.ma","description":"Achetez en ligne sur Paracherkaoui.ma","potentialAction":[{"@type":"SearchAction","target":{"@type":"EntryPoint","urlTemplate":"https:\/\/paracherkaoui.ma\/?s={search_term_string}"},"query-input":{"@type":"PropertyValueSpecification","valueRequired":true,"valueName":"search_term_string"}}],"inLanguage":"fr-FR"}]}},"_links":{"self":[{"href":"https:\/\/paracherkaoui.ma\/index.php\/wp-json\/wp\/v2\/product\/42440","targetHints":{"allow":["GET"]}}],"collection":[{"href":"https:\/\/paracherkaoui.ma\/index.php\/wp-json\/wp\/v2\/product"}],"about":[{"href":"https:\/\/paracherkaoui.ma\/index.php\/wp-json\/wp\/v2\/types\/product"}],"replies":[{"embeddable":true,"href":"https:\/\/paracherkaoui.ma\/index.php\/wp-json\/wp\/v2\/comments?post=42440"}],"version-history":[{"count":1,"href":"https:\/\/paracherkaoui.ma\/index.php\/wp-json\/wp\/v2\/product\/42440\/revisions"}],"predecessor-version":[{"id":42489,"href":"https:\/\/paracherkaoui.ma\/index.php\/wp-json\/wp\/v2\/product\/42440\/revisions\/42489"}],"wp:featuredmedia":[{"embeddable":true,"href":"https:\/\/paracherkaoui.ma\/index.php\/wp-json\/wp\/v2\/media\/32012"}],"wp:attachment":[{"href":"https:\/\/paracherkaoui.ma\/index.php\/wp-json\/wp\/v2\/media?parent=42440"}],"wp:term":[{"taxonomy":"product_brand","embeddable":true,"href":"https:\/\/paracherkaoui.ma\/index.php\/wp-json\/wp\/v2\/product_brand?post=42440"},{"taxonomy":"product_cat","embeddable":true,"href":"https:\/\/paracherkaoui.ma\/index.php\/wp-json\/wp\/v2\/product_cat?post=42440"},{"taxonomy":"product_tag","embeddable":true,"href":"https:\/\/paracherkaoui.ma\/index.php\/wp-json\/wp\/v2\/product_tag?post=42440"}],"curies":[{"name":"wp","href":"https:\/\/api.w.org\/{rel}","templated":true}]}}