{"id":42429,"date":"2025-12-12T19:08:49","date_gmt":"2025-12-12T18:08:49","guid":{"rendered":"https:\/\/test.ecbeaute.com\/?post_type=product&#038;p=42429"},"modified":"2025-12-12T19:08:55","modified_gmt":"2025-12-12T18:08:55","slug":"somatoline-prevention-vergetures-creme-assouplissante","status":"publish","type":"product","link":"https:\/\/paracherkaoui.ma\/index.php\/produit\/somatoline-prevention-vergetures-creme-assouplissante\/","title":{"rendered":"SOMATOLINE PREVENTION VERGETURES CREME ASSOUPLISSANTE"},"content":{"rendered":"<p>Un soin \u00e0 l&rsquo;action assouplissante avec 86% d&rsquo;ingr\u00e9dients d&rsquo;origine naturelle, sp\u00e9cifiquement formul\u00e9 pour pr\u00e9venir l&rsquo;apparition des vergetures caus\u00e9es par la pubert\u00e9, les changements de poids et la grossesse. Sa formule est enrichie en Vitamine E, huile de Jojoba, Extrait de Sophora Japonica et de Spiruline qui:<br \/>\n\u2022 ont une action antioxydante et protectrice sur l&rsquo;\u00e9lastine et les tissus cutan\u00e9s<br \/>\n\u2022 ont une action r\u00e9paratrice, stimulant le processus de synth\u00e8se des fibres d&rsquo;\u00e9lastine<br \/>\n\u2022 am\u00e9liorent l&rsquo;\u00e9lasticit\u00e9 et la fermet\u00e9 de la peau<br \/>\n\u2022 nourrissent la peau.<\/p>\n","protected":false},"excerpt":{"rendered":"<p>Un soin \u00e0 l&rsquo;action assouplissante avec 86% d&rsquo;ingr\u00e9dients d&rsquo;origine naturelle, sp\u00e9cifiquement formul\u00e9 pour pr\u00e9venir l&rsquo;apparition des vergetures caus\u00e9es par la<\/p>\n","protected":false},"featured_media":42470,"comment_status":"open","ping_status":"closed","template":"","meta":[],"product_brand":[589],"product_cat":[731],"product_tag":[],"class_list":{"0":"post-42429","1":"product","2":"type-product","3":"status-publish","4":"has-post-thumbnail","6":"product_brand-somatoline","7":"product_cat-soins-vergetures","9":"first","10":"instock","11":"sale","12":"shipping-taxable","13":"purchasable","14":"product-type-simple"},"yoast_head":"<!-- This site is optimized with the Yoast SEO plugin v26.6 - https:\/\/yoast.com\/wordpress\/plugins\/seo\/ -->\r\n<title>SOMATOLINE PREVENTION VERGETURES CREME ASSOUPLISSANTE - Paracherkaoui.ma<\/title>\r\n<meta name=\"robots\" content=\"index, follow, max-snippet:-1, max-image-preview:large, max-video-preview:-1\" \/>\r\n<link rel=\"canonical\" href=\"https:\/\/paracherkaoui.ma\/index.php\/produit\/somatoline-prevention-vergetures-creme-assouplissante\/\" \/>\r\n<meta property=\"og:locale\" content=\"fr_FR\" \/>\r\n<meta property=\"og:type\" content=\"article\" \/>\r\n<meta property=\"og:title\" content=\"SOMATOLINE PREVENTION VERGETURES CREME ASSOUPLISSANTE - Paracherkaoui.ma\" \/>\r\n<meta property=\"og:description\" content=\"Un soin \u00e0 l&rsquo;action assouplissante avec 86% d&rsquo;ingr\u00e9dients d&rsquo;origine naturelle, sp\u00e9cifiquement formul\u00e9 pour pr\u00e9venir l&rsquo;apparition des vergetures caus\u00e9es par la\" \/>\r\n<meta property=\"og:url\" content=\"https:\/\/paracherkaoui.ma\/index.php\/produit\/somatoline-prevention-vergetures-creme-assouplissante\/\" \/>\r\n<meta property=\"og:site_name\" content=\"Paracherkaoui.ma\" \/>\r\n<meta property=\"article:modified_time\" content=\"2025-12-12T18:08:55+00:00\" \/>\r\n<meta property=\"og:image\" content=\"https:\/\/paracherkaoui.ma\/wp-content\/uploads\/2025\/12\/somatoline-somatoline-prevention-vergetures-creme-assouplissante-soin-vergetures.jpg\" \/>\r\n\t<meta property=\"og:image:width\" content=\"700\" \/>\r\n\t<meta property=\"og:image:height\" content=\"700\" \/>\r\n\t<meta property=\"og:image:type\" content=\"image\/jpeg\" \/>\r\n<meta name=\"twitter:card\" content=\"summary_large_image\" \/>\r\n<script type=\"application\/ld+json\" class=\"yoast-schema-graph\">{\"@context\":\"https:\/\/schema.org\",\"@graph\":[{\"@type\":\"WebPage\",\"@id\":\"https:\/\/paracherkaoui.ma\/index.php\/produit\/somatoline-prevention-vergetures-creme-assouplissante\/\",\"url\":\"https:\/\/paracherkaoui.ma\/index.php\/produit\/somatoline-prevention-vergetures-creme-assouplissante\/\",\"name\":\"SOMATOLINE PREVENTION VERGETURES CREME ASSOUPLISSANTE - Paracherkaoui.ma\",\"isPartOf\":{\"@id\":\"https:\/\/paracherkaoui.ma\/#website\"},\"primaryImageOfPage\":{\"@id\":\"https:\/\/paracherkaoui.ma\/index.php\/produit\/somatoline-prevention-vergetures-creme-assouplissante\/#primaryimage\"},\"image\":{\"@id\":\"https:\/\/paracherkaoui.ma\/index.php\/produit\/somatoline-prevention-vergetures-creme-assouplissante\/#primaryimage\"},\"thumbnailUrl\":\"https:\/\/paracherkaoui.ma\/wp-content\/uploads\/2025\/12\/somatoline-somatoline-prevention-vergetures-creme-assouplissante-soin-vergetures.jpg\",\"datePublished\":\"2025-12-12T18:08:49+00:00\",\"dateModified\":\"2025-12-12T18:08:55+00:00\",\"breadcrumb\":{\"@id\":\"https:\/\/paracherkaoui.ma\/index.php\/produit\/somatoline-prevention-vergetures-creme-assouplissante\/#breadcrumb\"},\"inLanguage\":\"fr-FR\",\"potentialAction\":[{\"@type\":\"ReadAction\",\"target\":[\"https:\/\/paracherkaoui.ma\/index.php\/produit\/somatoline-prevention-vergetures-creme-assouplissante\/\"]}]},{\"@type\":\"ImageObject\",\"inLanguage\":\"fr-FR\",\"@id\":\"https:\/\/paracherkaoui.ma\/index.php\/produit\/somatoline-prevention-vergetures-creme-assouplissante\/#primaryimage\",\"url\":\"https:\/\/paracherkaoui.ma\/wp-content\/uploads\/2025\/12\/somatoline-somatoline-prevention-vergetures-creme-assouplissante-soin-vergetures.jpg\",\"contentUrl\":\"https:\/\/paracherkaoui.ma\/wp-content\/uploads\/2025\/12\/somatoline-somatoline-prevention-vergetures-creme-assouplissante-soin-vergetures.jpg\",\"width\":700,\"height\":700},{\"@type\":\"BreadcrumbList\",\"@id\":\"https:\/\/paracherkaoui.ma\/index.php\/produit\/somatoline-prevention-vergetures-creme-assouplissante\/#breadcrumb\",\"itemListElement\":[{\"@type\":\"ListItem\",\"position\":1,\"name\":\"Accueil\",\"item\":\"https:\/\/paracherkaoui.ma\/\"},{\"@type\":\"ListItem\",\"position\":2,\"name\":\"Boutique\",\"item\":\"https:\/\/paracherkaoui.ma\/index.php\/boutique\/\"},{\"@type\":\"ListItem\",\"position\":3,\"name\":\"SOMATOLINE PREVENTION VERGETURES CREME ASSOUPLISSANTE\"}]},{\"@type\":\"WebSite\",\"@id\":\"https:\/\/paracherkaoui.ma\/#website\",\"url\":\"https:\/\/paracherkaoui.ma\/\",\"name\":\"Paracherkaoui.ma\",\"description\":\"Achetez en ligne sur Paracherkaoui.ma\",\"potentialAction\":[{\"@type\":\"SearchAction\",\"target\":{\"@type\":\"EntryPoint\",\"urlTemplate\":\"https:\/\/paracherkaoui.ma\/?s={search_term_string}\"},\"query-input\":{\"@type\":\"PropertyValueSpecification\",\"valueRequired\":true,\"valueName\":\"search_term_string\"}}],\"inLanguage\":\"fr-FR\"}]}<\/script>\r\n<!-- \/ Yoast SEO plugin. -->","yoast_head_json":{"title":"SOMATOLINE PREVENTION VERGETURES CREME ASSOUPLISSANTE - Paracherkaoui.ma","robots":{"index":"index","follow":"follow","max-snippet":"max-snippet:-1","max-image-preview":"max-image-preview:large","max-video-preview":"max-video-preview:-1"},"canonical":"https:\/\/paracherkaoui.ma\/index.php\/produit\/somatoline-prevention-vergetures-creme-assouplissante\/","og_locale":"fr_FR","og_type":"article","og_title":"SOMATOLINE PREVENTION VERGETURES CREME ASSOUPLISSANTE - Paracherkaoui.ma","og_description":"Un soin \u00e0 l&rsquo;action assouplissante avec 86% d&rsquo;ingr\u00e9dients d&rsquo;origine naturelle, sp\u00e9cifiquement formul\u00e9 pour pr\u00e9venir l&rsquo;apparition des vergetures caus\u00e9es par la","og_url":"https:\/\/paracherkaoui.ma\/index.php\/produit\/somatoline-prevention-vergetures-creme-assouplissante\/","og_site_name":"Paracherkaoui.ma","article_modified_time":"2025-12-12T18:08:55+00:00","og_image":[{"width":700,"height":700,"url":"https:\/\/paracherkaoui.ma\/wp-content\/uploads\/2025\/12\/somatoline-somatoline-prevention-vergetures-creme-assouplissante-soin-vergetures.jpg","type":"image\/jpeg"}],"twitter_card":"summary_large_image","schema":{"@context":"https:\/\/schema.org","@graph":[{"@type":"WebPage","@id":"https:\/\/paracherkaoui.ma\/index.php\/produit\/somatoline-prevention-vergetures-creme-assouplissante\/","url":"https:\/\/paracherkaoui.ma\/index.php\/produit\/somatoline-prevention-vergetures-creme-assouplissante\/","name":"SOMATOLINE PREVENTION VERGETURES CREME ASSOUPLISSANTE - Paracherkaoui.ma","isPartOf":{"@id":"https:\/\/paracherkaoui.ma\/#website"},"primaryImageOfPage":{"@id":"https:\/\/paracherkaoui.ma\/index.php\/produit\/somatoline-prevention-vergetures-creme-assouplissante\/#primaryimage"},"image":{"@id":"https:\/\/paracherkaoui.ma\/index.php\/produit\/somatoline-prevention-vergetures-creme-assouplissante\/#primaryimage"},"thumbnailUrl":"https:\/\/paracherkaoui.ma\/wp-content\/uploads\/2025\/12\/somatoline-somatoline-prevention-vergetures-creme-assouplissante-soin-vergetures.jpg","datePublished":"2025-12-12T18:08:49+00:00","dateModified":"2025-12-12T18:08:55+00:00","breadcrumb":{"@id":"https:\/\/paracherkaoui.ma\/index.php\/produit\/somatoline-prevention-vergetures-creme-assouplissante\/#breadcrumb"},"inLanguage":"fr-FR","potentialAction":[{"@type":"ReadAction","target":["https:\/\/paracherkaoui.ma\/index.php\/produit\/somatoline-prevention-vergetures-creme-assouplissante\/"]}]},{"@type":"ImageObject","inLanguage":"fr-FR","@id":"https:\/\/paracherkaoui.ma\/index.php\/produit\/somatoline-prevention-vergetures-creme-assouplissante\/#primaryimage","url":"https:\/\/paracherkaoui.ma\/wp-content\/uploads\/2025\/12\/somatoline-somatoline-prevention-vergetures-creme-assouplissante-soin-vergetures.jpg","contentUrl":"https:\/\/paracherkaoui.ma\/wp-content\/uploads\/2025\/12\/somatoline-somatoline-prevention-vergetures-creme-assouplissante-soin-vergetures.jpg","width":700,"height":700},{"@type":"BreadcrumbList","@id":"https:\/\/paracherkaoui.ma\/index.php\/produit\/somatoline-prevention-vergetures-creme-assouplissante\/#breadcrumb","itemListElement":[{"@type":"ListItem","position":1,"name":"Accueil","item":"https:\/\/paracherkaoui.ma\/"},{"@type":"ListItem","position":2,"name":"Boutique","item":"https:\/\/paracherkaoui.ma\/index.php\/boutique\/"},{"@type":"ListItem","position":3,"name":"SOMATOLINE PREVENTION VERGETURES CREME ASSOUPLISSANTE"}]},{"@type":"WebSite","@id":"https:\/\/paracherkaoui.ma\/#website","url":"https:\/\/paracherkaoui.ma\/","name":"Paracherkaoui.ma","description":"Achetez en ligne sur Paracherkaoui.ma","potentialAction":[{"@type":"SearchAction","target":{"@type":"EntryPoint","urlTemplate":"https:\/\/paracherkaoui.ma\/?s={search_term_string}"},"query-input":{"@type":"PropertyValueSpecification","valueRequired":true,"valueName":"search_term_string"}}],"inLanguage":"fr-FR"}]}},"_links":{"self":[{"href":"https:\/\/paracherkaoui.ma\/index.php\/wp-json\/wp\/v2\/product\/42429","targetHints":{"allow":["GET"]}}],"collection":[{"href":"https:\/\/paracherkaoui.ma\/index.php\/wp-json\/wp\/v2\/product"}],"about":[{"href":"https:\/\/paracherkaoui.ma\/index.php\/wp-json\/wp\/v2\/types\/product"}],"replies":[{"embeddable":true,"href":"https:\/\/paracherkaoui.ma\/index.php\/wp-json\/wp\/v2\/comments?post=42429"}],"version-history":[{"count":1,"href":"https:\/\/paracherkaoui.ma\/index.php\/wp-json\/wp\/v2\/product\/42429\/revisions"}],"predecessor-version":[{"id":42471,"href":"https:\/\/paracherkaoui.ma\/index.php\/wp-json\/wp\/v2\/product\/42429\/revisions\/42471"}],"wp:featuredmedia":[{"embeddable":true,"href":"https:\/\/paracherkaoui.ma\/index.php\/wp-json\/wp\/v2\/media\/42470"}],"wp:attachment":[{"href":"https:\/\/paracherkaoui.ma\/index.php\/wp-json\/wp\/v2\/media?parent=42429"}],"wp:term":[{"taxonomy":"product_brand","embeddable":true,"href":"https:\/\/paracherkaoui.ma\/index.php\/wp-json\/wp\/v2\/product_brand?post=42429"},{"taxonomy":"product_cat","embeddable":true,"href":"https:\/\/paracherkaoui.ma\/index.php\/wp-json\/wp\/v2\/product_cat?post=42429"},{"taxonomy":"product_tag","embeddable":true,"href":"https:\/\/paracherkaoui.ma\/index.php\/wp-json\/wp\/v2\/product_tag?post=42429"}],"curies":[{"name":"wp","href":"https:\/\/api.w.org\/{rel}","templated":true}]}}