{"id":42426,"date":"2025-12-12T19:08:49","date_gmt":"2025-12-12T18:08:49","guid":{"rendered":"https:\/\/test.ecbeaute.com\/?post_type=product&#038;p=42426"},"modified":"2025-12-12T19:08:55","modified_gmt":"2025-12-12T18:08:55","slug":"md-repair-v-creme-vergetures-200ml","status":"publish","type":"product","link":"https:\/\/paracherkaoui.ma\/index.php\/produit\/md-repair-v-creme-vergetures-200ml\/","title":{"rendered":"M&#038;D Repair V Creme Vergetures 200Ml"},"content":{"rendered":"<p>Description<br \/>\nCr\u00e8me \u00e0 la texture cors\u00e9e \u00e0 haut pouvoir \u00e9lastifiant \u00e0 base de beurre de karit\u00e9 et d\u2019huile d\u2019avocat, qui nourrit en profondeur la peau.\u00a0Ce produit, gr\u00e2ce \u00e0 la pr\u00e9sence de collag\u00e8ne marin et d\u2019\u00e9lastine marine, est une aide valable pour pr\u00e9venir la perte de tonicit\u00e9 de la peau et la formation de nouvelles vergetures, gardant la peau naturellement \u00e9lastique et hydrat\u00e9e.<br \/>\nConseils d`utilisation<br \/>\nAppliquer sur les zonnes toucher plusieurs fois par jour<\/p>\n","protected":false},"excerpt":{"rendered":"<p>Description Cr\u00e8me \u00e0 la texture cors\u00e9e \u00e0 haut pouvoir \u00e9lastifiant \u00e0 base de beurre de karit\u00e9 et d\u2019huile d\u2019avocat, qui<\/p>\n","protected":false},"featured_media":42465,"comment_status":"open","ping_status":"closed","template":"","meta":[],"product_brand":[209],"product_cat":[731],"product_tag":[],"class_list":{"0":"post-42426","1":"product","2":"type-product","3":"status-publish","4":"has-post-thumbnail","6":"product_brand-md-pharmacy","7":"product_cat-soins-vergetures","9":"first","10":"instock","11":"sale","12":"shipping-taxable","13":"purchasable","14":"product-type-simple"},"yoast_head":"<!-- This site is optimized with the Yoast SEO plugin v26.6 - https:\/\/yoast.com\/wordpress\/plugins\/seo\/ -->\r\n<title>M&amp;D Repair V Creme Vergetures 200Ml - Paracherkaoui.ma<\/title>\r\n<meta name=\"robots\" content=\"index, follow, max-snippet:-1, max-image-preview:large, max-video-preview:-1\" \/>\r\n<link rel=\"canonical\" href=\"https:\/\/paracherkaoui.ma\/index.php\/produit\/md-repair-v-creme-vergetures-200ml\/\" \/>\r\n<meta property=\"og:locale\" content=\"fr_FR\" \/>\r\n<meta property=\"og:type\" content=\"article\" \/>\r\n<meta property=\"og:title\" content=\"M&amp;D Repair V Creme Vergetures 200Ml - Paracherkaoui.ma\" \/>\r\n<meta property=\"og:description\" content=\"Description Cr\u00e8me \u00e0 la texture cors\u00e9e \u00e0 haut pouvoir \u00e9lastifiant \u00e0 base de beurre de karit\u00e9 et d\u2019huile d\u2019avocat, qui\" \/>\r\n<meta property=\"og:url\" content=\"https:\/\/paracherkaoui.ma\/index.php\/produit\/md-repair-v-creme-vergetures-200ml\/\" \/>\r\n<meta property=\"og:site_name\" content=\"Paracherkaoui.ma\" \/>\r\n<meta property=\"article:modified_time\" content=\"2025-12-12T18:08:55+00:00\" \/>\r\n<meta property=\"og:image\" content=\"https:\/\/paracherkaoui.ma\/wp-content\/uploads\/2025\/12\/md-pharmacy-md-repair-v-creme-vergetures-200ml-soins-vergetures.jpg\" \/>\r\n\t<meta property=\"og:image:width\" content=\"700\" \/>\r\n\t<meta property=\"og:image:height\" content=\"700\" \/>\r\n\t<meta property=\"og:image:type\" content=\"image\/jpeg\" \/>\r\n<meta name=\"twitter:card\" content=\"summary_large_image\" \/>\r\n<script type=\"application\/ld+json\" class=\"yoast-schema-graph\">{\"@context\":\"https:\/\/schema.org\",\"@graph\":[{\"@type\":\"WebPage\",\"@id\":\"https:\/\/paracherkaoui.ma\/index.php\/produit\/md-repair-v-creme-vergetures-200ml\/\",\"url\":\"https:\/\/paracherkaoui.ma\/index.php\/produit\/md-repair-v-creme-vergetures-200ml\/\",\"name\":\"M&D Repair V Creme Vergetures 200Ml - Paracherkaoui.ma\",\"isPartOf\":{\"@id\":\"https:\/\/paracherkaoui.ma\/#website\"},\"primaryImageOfPage\":{\"@id\":\"https:\/\/paracherkaoui.ma\/index.php\/produit\/md-repair-v-creme-vergetures-200ml\/#primaryimage\"},\"image\":{\"@id\":\"https:\/\/paracherkaoui.ma\/index.php\/produit\/md-repair-v-creme-vergetures-200ml\/#primaryimage\"},\"thumbnailUrl\":\"https:\/\/paracherkaoui.ma\/wp-content\/uploads\/2025\/12\/md-pharmacy-md-repair-v-creme-vergetures-200ml-soins-vergetures.jpg\",\"datePublished\":\"2025-12-12T18:08:49+00:00\",\"dateModified\":\"2025-12-12T18:08:55+00:00\",\"breadcrumb\":{\"@id\":\"https:\/\/paracherkaoui.ma\/index.php\/produit\/md-repair-v-creme-vergetures-200ml\/#breadcrumb\"},\"inLanguage\":\"fr-FR\",\"potentialAction\":[{\"@type\":\"ReadAction\",\"target\":[\"https:\/\/paracherkaoui.ma\/index.php\/produit\/md-repair-v-creme-vergetures-200ml\/\"]}]},{\"@type\":\"ImageObject\",\"inLanguage\":\"fr-FR\",\"@id\":\"https:\/\/paracherkaoui.ma\/index.php\/produit\/md-repair-v-creme-vergetures-200ml\/#primaryimage\",\"url\":\"https:\/\/paracherkaoui.ma\/wp-content\/uploads\/2025\/12\/md-pharmacy-md-repair-v-creme-vergetures-200ml-soins-vergetures.jpg\",\"contentUrl\":\"https:\/\/paracherkaoui.ma\/wp-content\/uploads\/2025\/12\/md-pharmacy-md-repair-v-creme-vergetures-200ml-soins-vergetures.jpg\",\"width\":700,\"height\":700},{\"@type\":\"BreadcrumbList\",\"@id\":\"https:\/\/paracherkaoui.ma\/index.php\/produit\/md-repair-v-creme-vergetures-200ml\/#breadcrumb\",\"itemListElement\":[{\"@type\":\"ListItem\",\"position\":1,\"name\":\"Accueil\",\"item\":\"https:\/\/paracherkaoui.ma\/\"},{\"@type\":\"ListItem\",\"position\":2,\"name\":\"Boutique\",\"item\":\"https:\/\/paracherkaoui.ma\/index.php\/boutique\/\"},{\"@type\":\"ListItem\",\"position\":3,\"name\":\"M&#038;D Repair V Creme Vergetures 200Ml\"}]},{\"@type\":\"WebSite\",\"@id\":\"https:\/\/paracherkaoui.ma\/#website\",\"url\":\"https:\/\/paracherkaoui.ma\/\",\"name\":\"Paracherkaoui.ma\",\"description\":\"Achetez en ligne sur Paracherkaoui.ma\",\"potentialAction\":[{\"@type\":\"SearchAction\",\"target\":{\"@type\":\"EntryPoint\",\"urlTemplate\":\"https:\/\/paracherkaoui.ma\/?s={search_term_string}\"},\"query-input\":{\"@type\":\"PropertyValueSpecification\",\"valueRequired\":true,\"valueName\":\"search_term_string\"}}],\"inLanguage\":\"fr-FR\"}]}<\/script>\r\n<!-- \/ Yoast SEO plugin. -->","yoast_head_json":{"title":"M&D Repair V Creme Vergetures 200Ml - Paracherkaoui.ma","robots":{"index":"index","follow":"follow","max-snippet":"max-snippet:-1","max-image-preview":"max-image-preview:large","max-video-preview":"max-video-preview:-1"},"canonical":"https:\/\/paracherkaoui.ma\/index.php\/produit\/md-repair-v-creme-vergetures-200ml\/","og_locale":"fr_FR","og_type":"article","og_title":"M&D Repair V Creme Vergetures 200Ml - Paracherkaoui.ma","og_description":"Description Cr\u00e8me \u00e0 la texture cors\u00e9e \u00e0 haut pouvoir \u00e9lastifiant \u00e0 base de beurre de karit\u00e9 et d\u2019huile d\u2019avocat, qui","og_url":"https:\/\/paracherkaoui.ma\/index.php\/produit\/md-repair-v-creme-vergetures-200ml\/","og_site_name":"Paracherkaoui.ma","article_modified_time":"2025-12-12T18:08:55+00:00","og_image":[{"width":700,"height":700,"url":"https:\/\/paracherkaoui.ma\/wp-content\/uploads\/2025\/12\/md-pharmacy-md-repair-v-creme-vergetures-200ml-soins-vergetures.jpg","type":"image\/jpeg"}],"twitter_card":"summary_large_image","schema":{"@context":"https:\/\/schema.org","@graph":[{"@type":"WebPage","@id":"https:\/\/paracherkaoui.ma\/index.php\/produit\/md-repair-v-creme-vergetures-200ml\/","url":"https:\/\/paracherkaoui.ma\/index.php\/produit\/md-repair-v-creme-vergetures-200ml\/","name":"M&D Repair V Creme Vergetures 200Ml - Paracherkaoui.ma","isPartOf":{"@id":"https:\/\/paracherkaoui.ma\/#website"},"primaryImageOfPage":{"@id":"https:\/\/paracherkaoui.ma\/index.php\/produit\/md-repair-v-creme-vergetures-200ml\/#primaryimage"},"image":{"@id":"https:\/\/paracherkaoui.ma\/index.php\/produit\/md-repair-v-creme-vergetures-200ml\/#primaryimage"},"thumbnailUrl":"https:\/\/paracherkaoui.ma\/wp-content\/uploads\/2025\/12\/md-pharmacy-md-repair-v-creme-vergetures-200ml-soins-vergetures.jpg","datePublished":"2025-12-12T18:08:49+00:00","dateModified":"2025-12-12T18:08:55+00:00","breadcrumb":{"@id":"https:\/\/paracherkaoui.ma\/index.php\/produit\/md-repair-v-creme-vergetures-200ml\/#breadcrumb"},"inLanguage":"fr-FR","potentialAction":[{"@type":"ReadAction","target":["https:\/\/paracherkaoui.ma\/index.php\/produit\/md-repair-v-creme-vergetures-200ml\/"]}]},{"@type":"ImageObject","inLanguage":"fr-FR","@id":"https:\/\/paracherkaoui.ma\/index.php\/produit\/md-repair-v-creme-vergetures-200ml\/#primaryimage","url":"https:\/\/paracherkaoui.ma\/wp-content\/uploads\/2025\/12\/md-pharmacy-md-repair-v-creme-vergetures-200ml-soins-vergetures.jpg","contentUrl":"https:\/\/paracherkaoui.ma\/wp-content\/uploads\/2025\/12\/md-pharmacy-md-repair-v-creme-vergetures-200ml-soins-vergetures.jpg","width":700,"height":700},{"@type":"BreadcrumbList","@id":"https:\/\/paracherkaoui.ma\/index.php\/produit\/md-repair-v-creme-vergetures-200ml\/#breadcrumb","itemListElement":[{"@type":"ListItem","position":1,"name":"Accueil","item":"https:\/\/paracherkaoui.ma\/"},{"@type":"ListItem","position":2,"name":"Boutique","item":"https:\/\/paracherkaoui.ma\/index.php\/boutique\/"},{"@type":"ListItem","position":3,"name":"M&#038;D Repair V Creme Vergetures 200Ml"}]},{"@type":"WebSite","@id":"https:\/\/paracherkaoui.ma\/#website","url":"https:\/\/paracherkaoui.ma\/","name":"Paracherkaoui.ma","description":"Achetez en ligne sur Paracherkaoui.ma","potentialAction":[{"@type":"SearchAction","target":{"@type":"EntryPoint","urlTemplate":"https:\/\/paracherkaoui.ma\/?s={search_term_string}"},"query-input":{"@type":"PropertyValueSpecification","valueRequired":true,"valueName":"search_term_string"}}],"inLanguage":"fr-FR"}]}},"_links":{"self":[{"href":"https:\/\/paracherkaoui.ma\/index.php\/wp-json\/wp\/v2\/product\/42426","targetHints":{"allow":["GET"]}}],"collection":[{"href":"https:\/\/paracherkaoui.ma\/index.php\/wp-json\/wp\/v2\/product"}],"about":[{"href":"https:\/\/paracherkaoui.ma\/index.php\/wp-json\/wp\/v2\/types\/product"}],"replies":[{"embeddable":true,"href":"https:\/\/paracherkaoui.ma\/index.php\/wp-json\/wp\/v2\/comments?post=42426"}],"version-history":[{"count":1,"href":"https:\/\/paracherkaoui.ma\/index.php\/wp-json\/wp\/v2\/product\/42426\/revisions"}],"predecessor-version":[{"id":42466,"href":"https:\/\/paracherkaoui.ma\/index.php\/wp-json\/wp\/v2\/product\/42426\/revisions\/42466"}],"wp:featuredmedia":[{"embeddable":true,"href":"https:\/\/paracherkaoui.ma\/index.php\/wp-json\/wp\/v2\/media\/42465"}],"wp:attachment":[{"href":"https:\/\/paracherkaoui.ma\/index.php\/wp-json\/wp\/v2\/media?parent=42426"}],"wp:term":[{"taxonomy":"product_brand","embeddable":true,"href":"https:\/\/paracherkaoui.ma\/index.php\/wp-json\/wp\/v2\/product_brand?post=42426"},{"taxonomy":"product_cat","embeddable":true,"href":"https:\/\/paracherkaoui.ma\/index.php\/wp-json\/wp\/v2\/product_cat?post=42426"},{"taxonomy":"product_tag","embeddable":true,"href":"https:\/\/paracherkaoui.ma\/index.php\/wp-json\/wp\/v2\/product_tag?post=42426"}],"curies":[{"name":"wp","href":"https:\/\/api.w.org\/{rel}","templated":true}]}}