{"id":42373,"date":"2025-12-12T19:08:33","date_gmt":"2025-12-12T18:08:33","guid":{"rendered":"https:\/\/test.ecbeaute.com\/?post_type=product&#038;p=42373"},"modified":"2025-12-12T19:08:38","modified_gmt":"2025-12-12T18:08:38","slug":"lansinoh-hpa-creme-pour-les-mamelons-10ml","status":"publish","type":"product","link":"https:\/\/paracherkaoui.ma\/index.php\/produit\/lansinoh-hpa-creme-pour-les-mamelons-10ml\/","title":{"rendered":"LANSINOH HPA CREME POUR LES MAMELONS 10ML"},"content":{"rendered":"<p>La cr\u00e8me Lanoline HPA\u00ae pour les mamelons sensibles ou irrit\u00e9s aide \u00e0 apaiser et prot\u00e9ger<br \/>\nLanoline 100% naturelle<br \/>\nIl est cliniquement prouv\u00e9 que la Lanoline HPA\u00ae de Lansinoh\u00ae aide \u00e0 apaiser et prot\u00e9ger les mamelons douloureux ou irrit\u00e9s. Les mamans peuvent utiliser en toute confiance la cr\u00e8me Lanoline HPA\u00ae ultra pure pour b\u00e9n\u00e9ficier d\u2019une exp\u00e9rience d\u2019allaitement confortable.<br \/>\nEn parall\u00e8le, elles identifieront les causes des mamelons douloureux afin de prendre les mesures ad\u00e9quates pour y rem\u00e9dier avec l\u2019aide d\u2019un sp\u00e9cialiste de l\u2019allaitement.<br \/>\nCaract\u00e9ristiques du produit:<br \/>\nLa lanoline la plus pure au monde<br \/>\nN\u2019a pas besoin d\u2019\u00eatre enlev\u00e9e avant la t\u00e9t\u00e9e<br \/>\nUne cr\u00e8me 100% naturelle \u2013 uniquement de la lanoline et rien d\u2019autre<br \/>\nHypoallerg\u00e9nique<br \/>\nNeutre \u2013 pas de couleur, d\u2019odeur ou de go\u00fbt<br \/>\nUne cr\u00e8me s\u00fbre pour b\u00e9b\u00e9 &#038; apaisante pour maman \u00e9galement<br \/>\nPlus d&rsquo;informations sur le produit:<br \/>\nDisponible en tube de 10ml<br \/>\nLes mamans l\u2019appellent une \u00ab\u00a0cr\u00e8me miracle\u00a0\u00bb\u2026 La lanoline vient de la laine du mouton et c\u2019est le proc\u00e9d\u00e9 unique de purification de cette lanoline qui rend notre cr\u00e8me lanoline HPA\u00ae la plus pure au monde.<\/p>\n","protected":false},"excerpt":{"rendered":"<p>La cr\u00e8me Lanoline HPA\u00ae pour les mamelons sensibles ou irrit\u00e9s aide \u00e0 apaiser et prot\u00e9ger Lanoline 100% naturelle Il est<\/p>\n","protected":false},"featured_media":42410,"comment_status":"open","ping_status":"closed","template":"","meta":[],"product_brand":[537],"product_cat":[722],"product_tag":[],"class_list":{"0":"post-42373","1":"product","2":"type-product","3":"status-publish","4":"has-post-thumbnail","6":"product_brand-lansinoh","7":"product_cat-coussinets-dallaitement-et-soins","9":"first","10":"instock","11":"sale","12":"shipping-taxable","13":"purchasable","14":"product-type-simple"},"yoast_head":"<!-- This site is optimized with the Yoast SEO plugin v26.6 - https:\/\/yoast.com\/wordpress\/plugins\/seo\/ -->\r\n<title>LANSINOH HPA CREME POUR LES MAMELONS 10ML - Paracherkaoui.ma<\/title>\r\n<meta name=\"robots\" content=\"index, follow, max-snippet:-1, max-image-preview:large, max-video-preview:-1\" \/>\r\n<link rel=\"canonical\" href=\"https:\/\/paracherkaoui.ma\/index.php\/produit\/lansinoh-hpa-creme-pour-les-mamelons-10ml\/\" \/>\r\n<meta property=\"og:locale\" content=\"fr_FR\" \/>\r\n<meta property=\"og:type\" content=\"article\" \/>\r\n<meta property=\"og:title\" content=\"LANSINOH HPA CREME POUR LES MAMELONS 10ML - Paracherkaoui.ma\" \/>\r\n<meta property=\"og:description\" content=\"La cr\u00e8me Lanoline HPA\u00ae pour les mamelons sensibles ou irrit\u00e9s aide \u00e0 apaiser et prot\u00e9ger Lanoline 100% naturelle Il est\" \/>\r\n<meta property=\"og:url\" content=\"https:\/\/paracherkaoui.ma\/index.php\/produit\/lansinoh-hpa-creme-pour-les-mamelons-10ml\/\" \/>\r\n<meta property=\"og:site_name\" content=\"Paracherkaoui.ma\" \/>\r\n<meta property=\"article:modified_time\" content=\"2025-12-12T18:08:38+00:00\" \/>\r\n<meta property=\"og:image\" content=\"https:\/\/paracherkaoui.ma\/wp-content\/uploads\/2025\/12\/lansinoh-lansinoh-hpa-creme-pour-les-mamelons-10ml-tire-lait-et-accessoires.jpg\" \/>\r\n\t<meta property=\"og:image:width\" content=\"700\" \/>\r\n\t<meta property=\"og:image:height\" content=\"700\" \/>\r\n\t<meta property=\"og:image:type\" content=\"image\/jpeg\" \/>\r\n<meta name=\"twitter:card\" content=\"summary_large_image\" \/>\r\n<meta name=\"twitter:label1\" content=\"Dur\u00e9e de lecture estim\u00e9e\" \/>\n\t<meta name=\"twitter:data1\" content=\"1 minute\" \/>\r\n<script type=\"application\/ld+json\" class=\"yoast-schema-graph\">{\"@context\":\"https:\/\/schema.org\",\"@graph\":[{\"@type\":\"WebPage\",\"@id\":\"https:\/\/paracherkaoui.ma\/index.php\/produit\/lansinoh-hpa-creme-pour-les-mamelons-10ml\/\",\"url\":\"https:\/\/paracherkaoui.ma\/index.php\/produit\/lansinoh-hpa-creme-pour-les-mamelons-10ml\/\",\"name\":\"LANSINOH HPA CREME POUR LES MAMELONS 10ML - Paracherkaoui.ma\",\"isPartOf\":{\"@id\":\"https:\/\/paracherkaoui.ma\/#website\"},\"primaryImageOfPage\":{\"@id\":\"https:\/\/paracherkaoui.ma\/index.php\/produit\/lansinoh-hpa-creme-pour-les-mamelons-10ml\/#primaryimage\"},\"image\":{\"@id\":\"https:\/\/paracherkaoui.ma\/index.php\/produit\/lansinoh-hpa-creme-pour-les-mamelons-10ml\/#primaryimage\"},\"thumbnailUrl\":\"https:\/\/paracherkaoui.ma\/wp-content\/uploads\/2025\/12\/lansinoh-lansinoh-hpa-creme-pour-les-mamelons-10ml-tire-lait-et-accessoires.jpg\",\"datePublished\":\"2025-12-12T18:08:33+00:00\",\"dateModified\":\"2025-12-12T18:08:38+00:00\",\"breadcrumb\":{\"@id\":\"https:\/\/paracherkaoui.ma\/index.php\/produit\/lansinoh-hpa-creme-pour-les-mamelons-10ml\/#breadcrumb\"},\"inLanguage\":\"fr-FR\",\"potentialAction\":[{\"@type\":\"ReadAction\",\"target\":[\"https:\/\/paracherkaoui.ma\/index.php\/produit\/lansinoh-hpa-creme-pour-les-mamelons-10ml\/\"]}]},{\"@type\":\"ImageObject\",\"inLanguage\":\"fr-FR\",\"@id\":\"https:\/\/paracherkaoui.ma\/index.php\/produit\/lansinoh-hpa-creme-pour-les-mamelons-10ml\/#primaryimage\",\"url\":\"https:\/\/paracherkaoui.ma\/wp-content\/uploads\/2025\/12\/lansinoh-lansinoh-hpa-creme-pour-les-mamelons-10ml-tire-lait-et-accessoires.jpg\",\"contentUrl\":\"https:\/\/paracherkaoui.ma\/wp-content\/uploads\/2025\/12\/lansinoh-lansinoh-hpa-creme-pour-les-mamelons-10ml-tire-lait-et-accessoires.jpg\",\"width\":700,\"height\":700},{\"@type\":\"BreadcrumbList\",\"@id\":\"https:\/\/paracherkaoui.ma\/index.php\/produit\/lansinoh-hpa-creme-pour-les-mamelons-10ml\/#breadcrumb\",\"itemListElement\":[{\"@type\":\"ListItem\",\"position\":1,\"name\":\"Accueil\",\"item\":\"https:\/\/paracherkaoui.ma\/\"},{\"@type\":\"ListItem\",\"position\":2,\"name\":\"Boutique\",\"item\":\"https:\/\/paracherkaoui.ma\/index.php\/boutique\/\"},{\"@type\":\"ListItem\",\"position\":3,\"name\":\"LANSINOH HPA CREME POUR LES MAMELONS 10ML\"}]},{\"@type\":\"WebSite\",\"@id\":\"https:\/\/paracherkaoui.ma\/#website\",\"url\":\"https:\/\/paracherkaoui.ma\/\",\"name\":\"Paracherkaoui.ma\",\"description\":\"Achetez en ligne sur Paracherkaoui.ma\",\"potentialAction\":[{\"@type\":\"SearchAction\",\"target\":{\"@type\":\"EntryPoint\",\"urlTemplate\":\"https:\/\/paracherkaoui.ma\/?s={search_term_string}\"},\"query-input\":{\"@type\":\"PropertyValueSpecification\",\"valueRequired\":true,\"valueName\":\"search_term_string\"}}],\"inLanguage\":\"fr-FR\"}]}<\/script>\r\n<!-- \/ Yoast SEO plugin. -->","yoast_head_json":{"title":"LANSINOH HPA CREME POUR LES MAMELONS 10ML - Paracherkaoui.ma","robots":{"index":"index","follow":"follow","max-snippet":"max-snippet:-1","max-image-preview":"max-image-preview:large","max-video-preview":"max-video-preview:-1"},"canonical":"https:\/\/paracherkaoui.ma\/index.php\/produit\/lansinoh-hpa-creme-pour-les-mamelons-10ml\/","og_locale":"fr_FR","og_type":"article","og_title":"LANSINOH HPA CREME POUR LES MAMELONS 10ML - Paracherkaoui.ma","og_description":"La cr\u00e8me Lanoline HPA\u00ae pour les mamelons sensibles ou irrit\u00e9s aide \u00e0 apaiser et prot\u00e9ger Lanoline 100% naturelle Il est","og_url":"https:\/\/paracherkaoui.ma\/index.php\/produit\/lansinoh-hpa-creme-pour-les-mamelons-10ml\/","og_site_name":"Paracherkaoui.ma","article_modified_time":"2025-12-12T18:08:38+00:00","og_image":[{"width":700,"height":700,"url":"https:\/\/paracherkaoui.ma\/wp-content\/uploads\/2025\/12\/lansinoh-lansinoh-hpa-creme-pour-les-mamelons-10ml-tire-lait-et-accessoires.jpg","type":"image\/jpeg"}],"twitter_card":"summary_large_image","twitter_misc":{"Dur\u00e9e de lecture estim\u00e9e":"1 minute"},"schema":{"@context":"https:\/\/schema.org","@graph":[{"@type":"WebPage","@id":"https:\/\/paracherkaoui.ma\/index.php\/produit\/lansinoh-hpa-creme-pour-les-mamelons-10ml\/","url":"https:\/\/paracherkaoui.ma\/index.php\/produit\/lansinoh-hpa-creme-pour-les-mamelons-10ml\/","name":"LANSINOH HPA CREME POUR LES MAMELONS 10ML - Paracherkaoui.ma","isPartOf":{"@id":"https:\/\/paracherkaoui.ma\/#website"},"primaryImageOfPage":{"@id":"https:\/\/paracherkaoui.ma\/index.php\/produit\/lansinoh-hpa-creme-pour-les-mamelons-10ml\/#primaryimage"},"image":{"@id":"https:\/\/paracherkaoui.ma\/index.php\/produit\/lansinoh-hpa-creme-pour-les-mamelons-10ml\/#primaryimage"},"thumbnailUrl":"https:\/\/paracherkaoui.ma\/wp-content\/uploads\/2025\/12\/lansinoh-lansinoh-hpa-creme-pour-les-mamelons-10ml-tire-lait-et-accessoires.jpg","datePublished":"2025-12-12T18:08:33+00:00","dateModified":"2025-12-12T18:08:38+00:00","breadcrumb":{"@id":"https:\/\/paracherkaoui.ma\/index.php\/produit\/lansinoh-hpa-creme-pour-les-mamelons-10ml\/#breadcrumb"},"inLanguage":"fr-FR","potentialAction":[{"@type":"ReadAction","target":["https:\/\/paracherkaoui.ma\/index.php\/produit\/lansinoh-hpa-creme-pour-les-mamelons-10ml\/"]}]},{"@type":"ImageObject","inLanguage":"fr-FR","@id":"https:\/\/paracherkaoui.ma\/index.php\/produit\/lansinoh-hpa-creme-pour-les-mamelons-10ml\/#primaryimage","url":"https:\/\/paracherkaoui.ma\/wp-content\/uploads\/2025\/12\/lansinoh-lansinoh-hpa-creme-pour-les-mamelons-10ml-tire-lait-et-accessoires.jpg","contentUrl":"https:\/\/paracherkaoui.ma\/wp-content\/uploads\/2025\/12\/lansinoh-lansinoh-hpa-creme-pour-les-mamelons-10ml-tire-lait-et-accessoires.jpg","width":700,"height":700},{"@type":"BreadcrumbList","@id":"https:\/\/paracherkaoui.ma\/index.php\/produit\/lansinoh-hpa-creme-pour-les-mamelons-10ml\/#breadcrumb","itemListElement":[{"@type":"ListItem","position":1,"name":"Accueil","item":"https:\/\/paracherkaoui.ma\/"},{"@type":"ListItem","position":2,"name":"Boutique","item":"https:\/\/paracherkaoui.ma\/index.php\/boutique\/"},{"@type":"ListItem","position":3,"name":"LANSINOH HPA CREME POUR LES MAMELONS 10ML"}]},{"@type":"WebSite","@id":"https:\/\/paracherkaoui.ma\/#website","url":"https:\/\/paracherkaoui.ma\/","name":"Paracherkaoui.ma","description":"Achetez en ligne sur Paracherkaoui.ma","potentialAction":[{"@type":"SearchAction","target":{"@type":"EntryPoint","urlTemplate":"https:\/\/paracherkaoui.ma\/?s={search_term_string}"},"query-input":{"@type":"PropertyValueSpecification","valueRequired":true,"valueName":"search_term_string"}}],"inLanguage":"fr-FR"}]}},"_links":{"self":[{"href":"https:\/\/paracherkaoui.ma\/index.php\/wp-json\/wp\/v2\/product\/42373","targetHints":{"allow":["GET"]}}],"collection":[{"href":"https:\/\/paracherkaoui.ma\/index.php\/wp-json\/wp\/v2\/product"}],"about":[{"href":"https:\/\/paracherkaoui.ma\/index.php\/wp-json\/wp\/v2\/types\/product"}],"replies":[{"embeddable":true,"href":"https:\/\/paracherkaoui.ma\/index.php\/wp-json\/wp\/v2\/comments?post=42373"}],"version-history":[{"count":1,"href":"https:\/\/paracherkaoui.ma\/index.php\/wp-json\/wp\/v2\/product\/42373\/revisions"}],"predecessor-version":[{"id":42411,"href":"https:\/\/paracherkaoui.ma\/index.php\/wp-json\/wp\/v2\/product\/42373\/revisions\/42411"}],"wp:featuredmedia":[{"embeddable":true,"href":"https:\/\/paracherkaoui.ma\/index.php\/wp-json\/wp\/v2\/media\/42410"}],"wp:attachment":[{"href":"https:\/\/paracherkaoui.ma\/index.php\/wp-json\/wp\/v2\/media?parent=42373"}],"wp:term":[{"taxonomy":"product_brand","embeddable":true,"href":"https:\/\/paracherkaoui.ma\/index.php\/wp-json\/wp\/v2\/product_brand?post=42373"},{"taxonomy":"product_cat","embeddable":true,"href":"https:\/\/paracherkaoui.ma\/index.php\/wp-json\/wp\/v2\/product_cat?post=42373"},{"taxonomy":"product_tag","embeddable":true,"href":"https:\/\/paracherkaoui.ma\/index.php\/wp-json\/wp\/v2\/product_tag?post=42373"}],"curies":[{"name":"wp","href":"https:\/\/api.w.org\/{rel}","templated":true}]}}