{"id":42372,"date":"2025-12-12T19:08:33","date_gmt":"2025-12-12T18:08:33","guid":{"rendered":"https:\/\/test.ecbeaute.com\/?post_type=product&#038;p=42372"},"modified":"2025-12-12T19:08:38","modified_gmt":"2025-12-12T18:08:38","slug":"mam-bouts-de-sein-taille-2","status":"publish","type":"product","link":"https:\/\/paracherkaoui.ma\/index.php\/produit\/mam-bouts-de-sein-taille-2\/","title":{"rendered":"MAM Bouts de sein, taille 2"},"content":{"rendered":"<p>Les bouts de seins MAM sont une aide passag\u00e8re \u00e0 l\u2019allaitement. Ils permettent aux b\u00e9b\u00e9s de boire en toute tranquillit\u00e9, car la sensation leur est tr\u00e8s famili\u00e8re gr\u00e2ce \u00e0 une surface douce comme la soie et une forme naturelle.<br \/>\nUne protection douce pour les mamelons douloureux.<br \/>\nSilicone SkinSoftTM pour une sensation naturelle.<br \/>\nUne forme unique pour un contact maximal avec la peau.<br \/>\nLot de deux pi\u00e8ces.<br \/>\nFournis dans une bo\u00eete de conservation et de st\u00e9rilisation.<\/p>\n","protected":false},"excerpt":{"rendered":"<p>Les bouts de seins MAM sont une aide passag\u00e8re \u00e0 l\u2019allaitement. Ils permettent aux b\u00e9b\u00e9s de boire en toute tranquillit\u00e9,<\/p>\n","protected":false},"featured_media":42408,"comment_status":"open","ping_status":"closed","template":"","meta":[],"product_brand":[727],"product_cat":[722],"product_tag":[],"class_list":{"0":"post-42372","1":"product","2":"type-product","3":"status-publish","4":"has-post-thumbnail","6":"product_brand-mam","7":"product_cat-coussinets-dallaitement-et-soins","9":"first","10":"instock","11":"sale","12":"shipping-taxable","13":"purchasable","14":"product-type-simple"},"yoast_head":"<!-- This site is optimized with the Yoast SEO plugin v26.6 - https:\/\/yoast.com\/wordpress\/plugins\/seo\/ -->\r\n<title>MAM Bouts de sein, taille 2 - Paracherkaoui.ma<\/title>\r\n<meta name=\"robots\" content=\"index, follow, max-snippet:-1, max-image-preview:large, max-video-preview:-1\" \/>\r\n<link rel=\"canonical\" href=\"https:\/\/paracherkaoui.ma\/index.php\/produit\/mam-bouts-de-sein-taille-2\/\" \/>\r\n<meta property=\"og:locale\" content=\"fr_FR\" \/>\r\n<meta property=\"og:type\" content=\"article\" \/>\r\n<meta property=\"og:title\" content=\"MAM Bouts de sein, taille 2 - Paracherkaoui.ma\" \/>\r\n<meta property=\"og:description\" content=\"Les bouts de seins MAM sont une aide passag\u00e8re \u00e0 l\u2019allaitement. Ils permettent aux b\u00e9b\u00e9s de boire en toute tranquillit\u00e9,\" \/>\r\n<meta property=\"og:url\" content=\"https:\/\/paracherkaoui.ma\/index.php\/produit\/mam-bouts-de-sein-taille-2\/\" \/>\r\n<meta property=\"og:site_name\" content=\"Paracherkaoui.ma\" \/>\r\n<meta property=\"article:modified_time\" content=\"2025-12-12T18:08:38+00:00\" \/>\r\n<meta property=\"og:image\" content=\"https:\/\/paracherkaoui.ma\/wp-content\/uploads\/2025\/12\/mam-mam-bouts-de-sein-taille-2-bebe-maman.jpg\" \/>\r\n\t<meta property=\"og:image:width\" content=\"700\" \/>\r\n\t<meta property=\"og:image:height\" content=\"700\" \/>\r\n\t<meta property=\"og:image:type\" content=\"image\/jpeg\" \/>\r\n<meta name=\"twitter:card\" content=\"summary_large_image\" \/>\r\n<script type=\"application\/ld+json\" class=\"yoast-schema-graph\">{\"@context\":\"https:\/\/schema.org\",\"@graph\":[{\"@type\":\"WebPage\",\"@id\":\"https:\/\/paracherkaoui.ma\/index.php\/produit\/mam-bouts-de-sein-taille-2\/\",\"url\":\"https:\/\/paracherkaoui.ma\/index.php\/produit\/mam-bouts-de-sein-taille-2\/\",\"name\":\"MAM Bouts de sein, taille 2 - Paracherkaoui.ma\",\"isPartOf\":{\"@id\":\"https:\/\/paracherkaoui.ma\/#website\"},\"primaryImageOfPage\":{\"@id\":\"https:\/\/paracherkaoui.ma\/index.php\/produit\/mam-bouts-de-sein-taille-2\/#primaryimage\"},\"image\":{\"@id\":\"https:\/\/paracherkaoui.ma\/index.php\/produit\/mam-bouts-de-sein-taille-2\/#primaryimage\"},\"thumbnailUrl\":\"https:\/\/paracherkaoui.ma\/wp-content\/uploads\/2025\/12\/mam-mam-bouts-de-sein-taille-2-bebe-maman.jpg\",\"datePublished\":\"2025-12-12T18:08:33+00:00\",\"dateModified\":\"2025-12-12T18:08:38+00:00\",\"breadcrumb\":{\"@id\":\"https:\/\/paracherkaoui.ma\/index.php\/produit\/mam-bouts-de-sein-taille-2\/#breadcrumb\"},\"inLanguage\":\"fr-FR\",\"potentialAction\":[{\"@type\":\"ReadAction\",\"target\":[\"https:\/\/paracherkaoui.ma\/index.php\/produit\/mam-bouts-de-sein-taille-2\/\"]}]},{\"@type\":\"ImageObject\",\"inLanguage\":\"fr-FR\",\"@id\":\"https:\/\/paracherkaoui.ma\/index.php\/produit\/mam-bouts-de-sein-taille-2\/#primaryimage\",\"url\":\"https:\/\/paracherkaoui.ma\/wp-content\/uploads\/2025\/12\/mam-mam-bouts-de-sein-taille-2-bebe-maman.jpg\",\"contentUrl\":\"https:\/\/paracherkaoui.ma\/wp-content\/uploads\/2025\/12\/mam-mam-bouts-de-sein-taille-2-bebe-maman.jpg\",\"width\":700,\"height\":700},{\"@type\":\"BreadcrumbList\",\"@id\":\"https:\/\/paracherkaoui.ma\/index.php\/produit\/mam-bouts-de-sein-taille-2\/#breadcrumb\",\"itemListElement\":[{\"@type\":\"ListItem\",\"position\":1,\"name\":\"Accueil\",\"item\":\"https:\/\/paracherkaoui.ma\/\"},{\"@type\":\"ListItem\",\"position\":2,\"name\":\"Boutique\",\"item\":\"https:\/\/paracherkaoui.ma\/index.php\/boutique\/\"},{\"@type\":\"ListItem\",\"position\":3,\"name\":\"MAM Bouts de sein, taille 2\"}]},{\"@type\":\"WebSite\",\"@id\":\"https:\/\/paracherkaoui.ma\/#website\",\"url\":\"https:\/\/paracherkaoui.ma\/\",\"name\":\"Paracherkaoui.ma\",\"description\":\"Achetez en ligne sur Paracherkaoui.ma\",\"potentialAction\":[{\"@type\":\"SearchAction\",\"target\":{\"@type\":\"EntryPoint\",\"urlTemplate\":\"https:\/\/paracherkaoui.ma\/?s={search_term_string}\"},\"query-input\":{\"@type\":\"PropertyValueSpecification\",\"valueRequired\":true,\"valueName\":\"search_term_string\"}}],\"inLanguage\":\"fr-FR\"}]}<\/script>\r\n<!-- \/ Yoast SEO plugin. -->","yoast_head_json":{"title":"MAM Bouts de sein, taille 2 - Paracherkaoui.ma","robots":{"index":"index","follow":"follow","max-snippet":"max-snippet:-1","max-image-preview":"max-image-preview:large","max-video-preview":"max-video-preview:-1"},"canonical":"https:\/\/paracherkaoui.ma\/index.php\/produit\/mam-bouts-de-sein-taille-2\/","og_locale":"fr_FR","og_type":"article","og_title":"MAM Bouts de sein, taille 2 - Paracherkaoui.ma","og_description":"Les bouts de seins MAM sont une aide passag\u00e8re \u00e0 l\u2019allaitement. Ils permettent aux b\u00e9b\u00e9s de boire en toute tranquillit\u00e9,","og_url":"https:\/\/paracherkaoui.ma\/index.php\/produit\/mam-bouts-de-sein-taille-2\/","og_site_name":"Paracherkaoui.ma","article_modified_time":"2025-12-12T18:08:38+00:00","og_image":[{"width":700,"height":700,"url":"https:\/\/paracherkaoui.ma\/wp-content\/uploads\/2025\/12\/mam-mam-bouts-de-sein-taille-2-bebe-maman.jpg","type":"image\/jpeg"}],"twitter_card":"summary_large_image","schema":{"@context":"https:\/\/schema.org","@graph":[{"@type":"WebPage","@id":"https:\/\/paracherkaoui.ma\/index.php\/produit\/mam-bouts-de-sein-taille-2\/","url":"https:\/\/paracherkaoui.ma\/index.php\/produit\/mam-bouts-de-sein-taille-2\/","name":"MAM Bouts de sein, taille 2 - Paracherkaoui.ma","isPartOf":{"@id":"https:\/\/paracherkaoui.ma\/#website"},"primaryImageOfPage":{"@id":"https:\/\/paracherkaoui.ma\/index.php\/produit\/mam-bouts-de-sein-taille-2\/#primaryimage"},"image":{"@id":"https:\/\/paracherkaoui.ma\/index.php\/produit\/mam-bouts-de-sein-taille-2\/#primaryimage"},"thumbnailUrl":"https:\/\/paracherkaoui.ma\/wp-content\/uploads\/2025\/12\/mam-mam-bouts-de-sein-taille-2-bebe-maman.jpg","datePublished":"2025-12-12T18:08:33+00:00","dateModified":"2025-12-12T18:08:38+00:00","breadcrumb":{"@id":"https:\/\/paracherkaoui.ma\/index.php\/produit\/mam-bouts-de-sein-taille-2\/#breadcrumb"},"inLanguage":"fr-FR","potentialAction":[{"@type":"ReadAction","target":["https:\/\/paracherkaoui.ma\/index.php\/produit\/mam-bouts-de-sein-taille-2\/"]}]},{"@type":"ImageObject","inLanguage":"fr-FR","@id":"https:\/\/paracherkaoui.ma\/index.php\/produit\/mam-bouts-de-sein-taille-2\/#primaryimage","url":"https:\/\/paracherkaoui.ma\/wp-content\/uploads\/2025\/12\/mam-mam-bouts-de-sein-taille-2-bebe-maman.jpg","contentUrl":"https:\/\/paracherkaoui.ma\/wp-content\/uploads\/2025\/12\/mam-mam-bouts-de-sein-taille-2-bebe-maman.jpg","width":700,"height":700},{"@type":"BreadcrumbList","@id":"https:\/\/paracherkaoui.ma\/index.php\/produit\/mam-bouts-de-sein-taille-2\/#breadcrumb","itemListElement":[{"@type":"ListItem","position":1,"name":"Accueil","item":"https:\/\/paracherkaoui.ma\/"},{"@type":"ListItem","position":2,"name":"Boutique","item":"https:\/\/paracherkaoui.ma\/index.php\/boutique\/"},{"@type":"ListItem","position":3,"name":"MAM Bouts de sein, taille 2"}]},{"@type":"WebSite","@id":"https:\/\/paracherkaoui.ma\/#website","url":"https:\/\/paracherkaoui.ma\/","name":"Paracherkaoui.ma","description":"Achetez en ligne sur Paracherkaoui.ma","potentialAction":[{"@type":"SearchAction","target":{"@type":"EntryPoint","urlTemplate":"https:\/\/paracherkaoui.ma\/?s={search_term_string}"},"query-input":{"@type":"PropertyValueSpecification","valueRequired":true,"valueName":"search_term_string"}}],"inLanguage":"fr-FR"}]}},"_links":{"self":[{"href":"https:\/\/paracherkaoui.ma\/index.php\/wp-json\/wp\/v2\/product\/42372","targetHints":{"allow":["GET"]}}],"collection":[{"href":"https:\/\/paracherkaoui.ma\/index.php\/wp-json\/wp\/v2\/product"}],"about":[{"href":"https:\/\/paracherkaoui.ma\/index.php\/wp-json\/wp\/v2\/types\/product"}],"replies":[{"embeddable":true,"href":"https:\/\/paracherkaoui.ma\/index.php\/wp-json\/wp\/v2\/comments?post=42372"}],"version-history":[{"count":1,"href":"https:\/\/paracherkaoui.ma\/index.php\/wp-json\/wp\/v2\/product\/42372\/revisions"}],"predecessor-version":[{"id":42409,"href":"https:\/\/paracherkaoui.ma\/index.php\/wp-json\/wp\/v2\/product\/42372\/revisions\/42409"}],"wp:featuredmedia":[{"embeddable":true,"href":"https:\/\/paracherkaoui.ma\/index.php\/wp-json\/wp\/v2\/media\/42408"}],"wp:attachment":[{"href":"https:\/\/paracherkaoui.ma\/index.php\/wp-json\/wp\/v2\/media?parent=42372"}],"wp:term":[{"taxonomy":"product_brand","embeddable":true,"href":"https:\/\/paracherkaoui.ma\/index.php\/wp-json\/wp\/v2\/product_brand?post=42372"},{"taxonomy":"product_cat","embeddable":true,"href":"https:\/\/paracherkaoui.ma\/index.php\/wp-json\/wp\/v2\/product_cat?post=42372"},{"taxonomy":"product_tag","embeddable":true,"href":"https:\/\/paracherkaoui.ma\/index.php\/wp-json\/wp\/v2\/product_tag?post=42372"}],"curies":[{"name":"wp","href":"https:\/\/api.w.org\/{rel}","templated":true}]}}