{"id":42369,"date":"2025-12-12T19:08:33","date_gmt":"2025-12-12T18:08:33","guid":{"rendered":"https:\/\/test.ecbeaute.com\/?post_type=product&#038;p=42369"},"modified":"2025-12-12T19:08:37","modified_gmt":"2025-12-12T18:08:37","slug":"medela-coussin-dallaitement-gris","status":"publish","type":"product","link":"https:\/\/paracherkaoui.ma\/index.php\/produit\/medela-coussin-dallaitement-gris\/","title":{"rendered":"Medela : coussin d&rsquo;allaitement gris"},"content":{"rendered":"<p>Un accessoire confortable pour le quotidien de chaque jeune maman : Le coussin de grossesse et d&rsquo;allaitement medela est enfin disponible. Le coussin est utilisable de la grossesse \u00e0 la naissance et sert \u00e0 allaiter, dormir et soutenir &#8211; ou tout simplement pour se d\u00e9tendre Le garnissage l\u00e9ger en micro-perles de PES garantit un repos paisible de Maman sans perturbation. Le coussin reste ajustable et confortable \u00e0 tout moment. Des composants de haute qualit\u00e9 faciles d&rsquo;entretien : Housse amovible en 100% coton. Le coussin et la housse sont tous deux lavables en machine. Caract\u00e9ristiques : Housse de coussin : 100% coton Insert de coussin : 100 % PP Mati\u00e8re garnissage : micro-perles PES<\/p>\n","protected":false},"excerpt":{"rendered":"<p>Un accessoire confortable pour le quotidien de chaque jeune maman : Le coussin de grossesse et d&rsquo;allaitement medela est enfin<\/p>\n","protected":false},"featured_media":42403,"comment_status":"open","ping_status":"closed","template":"","meta":[],"product_brand":[724],"product_cat":[722],"product_tag":[],"class_list":{"0":"post-42369","1":"product","2":"type-product","3":"status-publish","4":"has-post-thumbnail","6":"product_brand-medela","7":"product_cat-coussinets-dallaitement-et-soins","9":"first","10":"instock","11":"sale","12":"shipping-taxable","13":"purchasable","14":"product-type-simple"},"yoast_head":"<!-- This site is optimized with the Yoast SEO plugin v26.6 - https:\/\/yoast.com\/wordpress\/plugins\/seo\/ -->\r\n<title>Medela : coussin d&#039;allaitement gris - Paracherkaoui.ma<\/title>\r\n<meta name=\"robots\" content=\"index, follow, max-snippet:-1, max-image-preview:large, max-video-preview:-1\" \/>\r\n<link rel=\"canonical\" href=\"https:\/\/paracherkaoui.ma\/index.php\/produit\/medela-coussin-dallaitement-gris\/\" \/>\r\n<meta property=\"og:locale\" content=\"fr_FR\" \/>\r\n<meta property=\"og:type\" content=\"article\" \/>\r\n<meta property=\"og:title\" content=\"Medela : coussin d&#039;allaitement gris - Paracherkaoui.ma\" \/>\r\n<meta property=\"og:description\" content=\"Un accessoire confortable pour le quotidien de chaque jeune maman : Le coussin de grossesse et d&rsquo;allaitement medela est enfin\" \/>\r\n<meta property=\"og:url\" content=\"https:\/\/paracherkaoui.ma\/index.php\/produit\/medela-coussin-dallaitement-gris\/\" \/>\r\n<meta property=\"og:site_name\" content=\"Paracherkaoui.ma\" \/>\r\n<meta property=\"article:modified_time\" content=\"2025-12-12T18:08:37+00:00\" \/>\r\n<meta property=\"og:image\" content=\"https:\/\/paracherkaoui.ma\/wp-content\/uploads\/2025\/12\/medela-medela-coussin-dallaitement-gris-bebe-maman.jpg\" \/>\r\n\t<meta property=\"og:image:width\" content=\"700\" \/>\r\n\t<meta property=\"og:image:height\" content=\"700\" \/>\r\n\t<meta property=\"og:image:type\" content=\"image\/jpeg\" \/>\r\n<meta name=\"twitter:card\" content=\"summary_large_image\" \/>\r\n<meta name=\"twitter:label1\" content=\"Dur\u00e9e de lecture estim\u00e9e\" \/>\n\t<meta name=\"twitter:data1\" content=\"1 minute\" \/>\r\n<script type=\"application\/ld+json\" class=\"yoast-schema-graph\">{\"@context\":\"https:\/\/schema.org\",\"@graph\":[{\"@type\":\"WebPage\",\"@id\":\"https:\/\/paracherkaoui.ma\/index.php\/produit\/medela-coussin-dallaitement-gris\/\",\"url\":\"https:\/\/paracherkaoui.ma\/index.php\/produit\/medela-coussin-dallaitement-gris\/\",\"name\":\"Medela : coussin d'allaitement gris - Paracherkaoui.ma\",\"isPartOf\":{\"@id\":\"https:\/\/paracherkaoui.ma\/#website\"},\"primaryImageOfPage\":{\"@id\":\"https:\/\/paracherkaoui.ma\/index.php\/produit\/medela-coussin-dallaitement-gris\/#primaryimage\"},\"image\":{\"@id\":\"https:\/\/paracherkaoui.ma\/index.php\/produit\/medela-coussin-dallaitement-gris\/#primaryimage\"},\"thumbnailUrl\":\"https:\/\/paracherkaoui.ma\/wp-content\/uploads\/2025\/12\/medela-medela-coussin-dallaitement-gris-bebe-maman.jpg\",\"datePublished\":\"2025-12-12T18:08:33+00:00\",\"dateModified\":\"2025-12-12T18:08:37+00:00\",\"breadcrumb\":{\"@id\":\"https:\/\/paracherkaoui.ma\/index.php\/produit\/medela-coussin-dallaitement-gris\/#breadcrumb\"},\"inLanguage\":\"fr-FR\",\"potentialAction\":[{\"@type\":\"ReadAction\",\"target\":[\"https:\/\/paracherkaoui.ma\/index.php\/produit\/medela-coussin-dallaitement-gris\/\"]}]},{\"@type\":\"ImageObject\",\"inLanguage\":\"fr-FR\",\"@id\":\"https:\/\/paracherkaoui.ma\/index.php\/produit\/medela-coussin-dallaitement-gris\/#primaryimage\",\"url\":\"https:\/\/paracherkaoui.ma\/wp-content\/uploads\/2025\/12\/medela-medela-coussin-dallaitement-gris-bebe-maman.jpg\",\"contentUrl\":\"https:\/\/paracherkaoui.ma\/wp-content\/uploads\/2025\/12\/medela-medela-coussin-dallaitement-gris-bebe-maman.jpg\",\"width\":700,\"height\":700},{\"@type\":\"BreadcrumbList\",\"@id\":\"https:\/\/paracherkaoui.ma\/index.php\/produit\/medela-coussin-dallaitement-gris\/#breadcrumb\",\"itemListElement\":[{\"@type\":\"ListItem\",\"position\":1,\"name\":\"Accueil\",\"item\":\"https:\/\/paracherkaoui.ma\/\"},{\"@type\":\"ListItem\",\"position\":2,\"name\":\"Boutique\",\"item\":\"https:\/\/paracherkaoui.ma\/index.php\/boutique\/\"},{\"@type\":\"ListItem\",\"position\":3,\"name\":\"Medela : coussin d&rsquo;allaitement gris\"}]},{\"@type\":\"WebSite\",\"@id\":\"https:\/\/paracherkaoui.ma\/#website\",\"url\":\"https:\/\/paracherkaoui.ma\/\",\"name\":\"Paracherkaoui.ma\",\"description\":\"Achetez en ligne sur Paracherkaoui.ma\",\"potentialAction\":[{\"@type\":\"SearchAction\",\"target\":{\"@type\":\"EntryPoint\",\"urlTemplate\":\"https:\/\/paracherkaoui.ma\/?s={search_term_string}\"},\"query-input\":{\"@type\":\"PropertyValueSpecification\",\"valueRequired\":true,\"valueName\":\"search_term_string\"}}],\"inLanguage\":\"fr-FR\"}]}<\/script>\r\n<!-- \/ Yoast SEO plugin. -->","yoast_head_json":{"title":"Medela : coussin d'allaitement gris - Paracherkaoui.ma","robots":{"index":"index","follow":"follow","max-snippet":"max-snippet:-1","max-image-preview":"max-image-preview:large","max-video-preview":"max-video-preview:-1"},"canonical":"https:\/\/paracherkaoui.ma\/index.php\/produit\/medela-coussin-dallaitement-gris\/","og_locale":"fr_FR","og_type":"article","og_title":"Medela : coussin d'allaitement gris - Paracherkaoui.ma","og_description":"Un accessoire confortable pour le quotidien de chaque jeune maman : Le coussin de grossesse et d&rsquo;allaitement medela est enfin","og_url":"https:\/\/paracherkaoui.ma\/index.php\/produit\/medela-coussin-dallaitement-gris\/","og_site_name":"Paracherkaoui.ma","article_modified_time":"2025-12-12T18:08:37+00:00","og_image":[{"width":700,"height":700,"url":"https:\/\/paracherkaoui.ma\/wp-content\/uploads\/2025\/12\/medela-medela-coussin-dallaitement-gris-bebe-maman.jpg","type":"image\/jpeg"}],"twitter_card":"summary_large_image","twitter_misc":{"Dur\u00e9e de lecture estim\u00e9e":"1 minute"},"schema":{"@context":"https:\/\/schema.org","@graph":[{"@type":"WebPage","@id":"https:\/\/paracherkaoui.ma\/index.php\/produit\/medela-coussin-dallaitement-gris\/","url":"https:\/\/paracherkaoui.ma\/index.php\/produit\/medela-coussin-dallaitement-gris\/","name":"Medela : coussin d'allaitement gris - Paracherkaoui.ma","isPartOf":{"@id":"https:\/\/paracherkaoui.ma\/#website"},"primaryImageOfPage":{"@id":"https:\/\/paracherkaoui.ma\/index.php\/produit\/medela-coussin-dallaitement-gris\/#primaryimage"},"image":{"@id":"https:\/\/paracherkaoui.ma\/index.php\/produit\/medela-coussin-dallaitement-gris\/#primaryimage"},"thumbnailUrl":"https:\/\/paracherkaoui.ma\/wp-content\/uploads\/2025\/12\/medela-medela-coussin-dallaitement-gris-bebe-maman.jpg","datePublished":"2025-12-12T18:08:33+00:00","dateModified":"2025-12-12T18:08:37+00:00","breadcrumb":{"@id":"https:\/\/paracherkaoui.ma\/index.php\/produit\/medela-coussin-dallaitement-gris\/#breadcrumb"},"inLanguage":"fr-FR","potentialAction":[{"@type":"ReadAction","target":["https:\/\/paracherkaoui.ma\/index.php\/produit\/medela-coussin-dallaitement-gris\/"]}]},{"@type":"ImageObject","inLanguage":"fr-FR","@id":"https:\/\/paracherkaoui.ma\/index.php\/produit\/medela-coussin-dallaitement-gris\/#primaryimage","url":"https:\/\/paracherkaoui.ma\/wp-content\/uploads\/2025\/12\/medela-medela-coussin-dallaitement-gris-bebe-maman.jpg","contentUrl":"https:\/\/paracherkaoui.ma\/wp-content\/uploads\/2025\/12\/medela-medela-coussin-dallaitement-gris-bebe-maman.jpg","width":700,"height":700},{"@type":"BreadcrumbList","@id":"https:\/\/paracherkaoui.ma\/index.php\/produit\/medela-coussin-dallaitement-gris\/#breadcrumb","itemListElement":[{"@type":"ListItem","position":1,"name":"Accueil","item":"https:\/\/paracherkaoui.ma\/"},{"@type":"ListItem","position":2,"name":"Boutique","item":"https:\/\/paracherkaoui.ma\/index.php\/boutique\/"},{"@type":"ListItem","position":3,"name":"Medela : coussin d&rsquo;allaitement gris"}]},{"@type":"WebSite","@id":"https:\/\/paracherkaoui.ma\/#website","url":"https:\/\/paracherkaoui.ma\/","name":"Paracherkaoui.ma","description":"Achetez en ligne sur Paracherkaoui.ma","potentialAction":[{"@type":"SearchAction","target":{"@type":"EntryPoint","urlTemplate":"https:\/\/paracherkaoui.ma\/?s={search_term_string}"},"query-input":{"@type":"PropertyValueSpecification","valueRequired":true,"valueName":"search_term_string"}}],"inLanguage":"fr-FR"}]}},"_links":{"self":[{"href":"https:\/\/paracherkaoui.ma\/index.php\/wp-json\/wp\/v2\/product\/42369","targetHints":{"allow":["GET"]}}],"collection":[{"href":"https:\/\/paracherkaoui.ma\/index.php\/wp-json\/wp\/v2\/product"}],"about":[{"href":"https:\/\/paracherkaoui.ma\/index.php\/wp-json\/wp\/v2\/types\/product"}],"replies":[{"embeddable":true,"href":"https:\/\/paracherkaoui.ma\/index.php\/wp-json\/wp\/v2\/comments?post=42369"}],"version-history":[{"count":1,"href":"https:\/\/paracherkaoui.ma\/index.php\/wp-json\/wp\/v2\/product\/42369\/revisions"}],"predecessor-version":[{"id":42404,"href":"https:\/\/paracherkaoui.ma\/index.php\/wp-json\/wp\/v2\/product\/42369\/revisions\/42404"}],"wp:featuredmedia":[{"embeddable":true,"href":"https:\/\/paracherkaoui.ma\/index.php\/wp-json\/wp\/v2\/media\/42403"}],"wp:attachment":[{"href":"https:\/\/paracherkaoui.ma\/index.php\/wp-json\/wp\/v2\/media?parent=42369"}],"wp:term":[{"taxonomy":"product_brand","embeddable":true,"href":"https:\/\/paracherkaoui.ma\/index.php\/wp-json\/wp\/v2\/product_brand?post=42369"},{"taxonomy":"product_cat","embeddable":true,"href":"https:\/\/paracherkaoui.ma\/index.php\/wp-json\/wp\/v2\/product_cat?post=42369"},{"taxonomy":"product_tag","embeddable":true,"href":"https:\/\/paracherkaoui.ma\/index.php\/wp-json\/wp\/v2\/product_tag?post=42369"}],"curies":[{"name":"wp","href":"https:\/\/api.w.org\/{rel}","templated":true}]}}