{"id":42357,"date":"2025-12-12T19:08:32","date_gmt":"2025-12-12T18:08:32","guid":{"rendered":"https:\/\/test.ecbeaute.com\/?post_type=product&#038;p=42357"},"modified":"2025-12-12T19:08:34","modified_gmt":"2025-12-12T18:08:34","slug":"lansinoh-coussinets-dallaitement-lavables-couleurs-x8","status":"publish","type":"product","link":"https:\/\/paracherkaoui.ma\/index.php\/produit\/lansinoh-coussinets-dallaitement-lavables-couleurs-x8\/","title":{"rendered":"LANSINOH COUSSINETS D&rsquo;ALLAITEMENT LAVABLES COULEURS x8"},"content":{"rendered":"<p>4 coussinets noirs et 4 coussinets chair pour encore plus de discr\u00e9tion ! Les coussinets d&rsquo;allaitement lavables Lansinoh se distinguent par leur capacit\u00e9 d&rsquo;absorption sup\u00e9rieure : ils sont jusqu&rsquo;\u00e0 9 fois plus absorbants que les produits de marques comparables.<br \/>\nCette performance est atteinte gr\u00e2ce \u00e0 l&rsquo;utilisation d&rsquo;une technologie alliant 3 couches ultra performantes :<br \/>\n\u2022 Un voile ext\u00e9rieur imperm\u00e9able qui permet une protection fiable contre les fuites<br \/>\n\u2022 Un noyau ultra-absorbant compos\u00e9 de fibres naturelles de bambou qui dirige rapidement le liquide vers l&rsquo;int\u00e9rieur et assure une agr\u00e9able sensation de sec<br \/>\n\u2022 Un voile int\u00e9rieur ultra-doux au contact de la peau qui permet au liquide d&rsquo;\u00eatre d\u00e9livr\u00e9 rapidement<br \/>\nUltra-doux et \u00e0 peine perceptibles : les coussinets d&rsquo;allaitement lavables Lansinoh se nichent naturellement contre la peau gr\u00e2ce \u00e0 leur forme ergonomique et convinnent particuli\u00e8rement aux maamelons sensibles. Leur support s\u00e9curis\u00e9 assure un maintien s\u00e9curis\u00e9 en toute discr\u00e9tion.<br \/>\nPratiques : les coussinets d&rsquo;allaitement lavables Lansinoh peuvent \u00eatre lav\u00e9s \u00e0 la machine \u00e0 laver et ne se d\u00e9forment pas. Un filet de lavage est fourni dans l&#8217;emballage pour plus de praticit\u00e9 et pr\u00e9server les coussinets lors du passage en machine. Avec ces coussinets d&rsquo;allaitement, vous pr\u00e9servez l&rsquo;environnement et votre porte-monnaie.<\/p>\n","protected":false},"excerpt":{"rendered":"<p>4 coussinets noirs et 4 coussinets chair pour encore plus de discr\u00e9tion ! Les coussinets d&rsquo;allaitement lavables Lansinoh se distinguent<\/p>\n","protected":false},"featured_media":42379,"comment_status":"open","ping_status":"closed","template":"","meta":[],"product_brand":[537],"product_cat":[722],"product_tag":[],"class_list":{"0":"post-42357","1":"product","2":"type-product","3":"status-publish","4":"has-post-thumbnail","6":"product_brand-lansinoh","7":"product_cat-coussinets-dallaitement-et-soins","9":"first","10":"instock","11":"sale","12":"shipping-taxable","13":"purchasable","14":"product-type-simple"},"yoast_head":"<!-- This site is optimized with the Yoast SEO plugin v26.6 - https:\/\/yoast.com\/wordpress\/plugins\/seo\/ -->\r\n<title>LANSINOH COUSSINETS D&#039;ALLAITEMENT LAVABLES COULEURS x8 - Paracherkaoui.ma<\/title>\r\n<meta name=\"robots\" content=\"index, follow, max-snippet:-1, max-image-preview:large, max-video-preview:-1\" \/>\r\n<link rel=\"canonical\" href=\"https:\/\/paracherkaoui.ma\/index.php\/produit\/lansinoh-coussinets-dallaitement-lavables-couleurs-x8\/\" \/>\r\n<meta property=\"og:locale\" content=\"fr_FR\" \/>\r\n<meta property=\"og:type\" content=\"article\" \/>\r\n<meta property=\"og:title\" content=\"LANSINOH COUSSINETS D&#039;ALLAITEMENT LAVABLES COULEURS x8 - Paracherkaoui.ma\" \/>\r\n<meta property=\"og:description\" content=\"4 coussinets noirs et 4 coussinets chair pour encore plus de discr\u00e9tion ! Les coussinets d&rsquo;allaitement lavables Lansinoh se distinguent\" \/>\r\n<meta property=\"og:url\" content=\"https:\/\/paracherkaoui.ma\/index.php\/produit\/lansinoh-coussinets-dallaitement-lavables-couleurs-x8\/\" \/>\r\n<meta property=\"og:site_name\" content=\"Paracherkaoui.ma\" \/>\r\n<meta property=\"article:modified_time\" content=\"2025-12-12T18:08:34+00:00\" \/>\r\n<meta property=\"og:image\" content=\"https:\/\/paracherkaoui.ma\/wp-content\/uploads\/2025\/12\/lansinoh-lansinoh-coussinets-dallaitement-lavables-couleurs-x8-coussinets-et-soin.jpg\" \/>\r\n\t<meta property=\"og:image:width\" content=\"700\" \/>\r\n\t<meta property=\"og:image:height\" content=\"700\" \/>\r\n\t<meta property=\"og:image:type\" content=\"image\/jpeg\" \/>\r\n<meta name=\"twitter:card\" content=\"summary_large_image\" \/>\r\n<meta name=\"twitter:label1\" content=\"Dur\u00e9e de lecture estim\u00e9e\" \/>\n\t<meta name=\"twitter:data1\" content=\"1 minute\" \/>\r\n<script type=\"application\/ld+json\" class=\"yoast-schema-graph\">{\"@context\":\"https:\/\/schema.org\",\"@graph\":[{\"@type\":\"WebPage\",\"@id\":\"https:\/\/paracherkaoui.ma\/index.php\/produit\/lansinoh-coussinets-dallaitement-lavables-couleurs-x8\/\",\"url\":\"https:\/\/paracherkaoui.ma\/index.php\/produit\/lansinoh-coussinets-dallaitement-lavables-couleurs-x8\/\",\"name\":\"LANSINOH COUSSINETS D'ALLAITEMENT LAVABLES COULEURS x8 - Paracherkaoui.ma\",\"isPartOf\":{\"@id\":\"https:\/\/paracherkaoui.ma\/#website\"},\"primaryImageOfPage\":{\"@id\":\"https:\/\/paracherkaoui.ma\/index.php\/produit\/lansinoh-coussinets-dallaitement-lavables-couleurs-x8\/#primaryimage\"},\"image\":{\"@id\":\"https:\/\/paracherkaoui.ma\/index.php\/produit\/lansinoh-coussinets-dallaitement-lavables-couleurs-x8\/#primaryimage\"},\"thumbnailUrl\":\"https:\/\/paracherkaoui.ma\/wp-content\/uploads\/2025\/12\/lansinoh-lansinoh-coussinets-dallaitement-lavables-couleurs-x8-coussinets-et-soin.jpg\",\"datePublished\":\"2025-12-12T18:08:32+00:00\",\"dateModified\":\"2025-12-12T18:08:34+00:00\",\"breadcrumb\":{\"@id\":\"https:\/\/paracherkaoui.ma\/index.php\/produit\/lansinoh-coussinets-dallaitement-lavables-couleurs-x8\/#breadcrumb\"},\"inLanguage\":\"fr-FR\",\"potentialAction\":[{\"@type\":\"ReadAction\",\"target\":[\"https:\/\/paracherkaoui.ma\/index.php\/produit\/lansinoh-coussinets-dallaitement-lavables-couleurs-x8\/\"]}]},{\"@type\":\"ImageObject\",\"inLanguage\":\"fr-FR\",\"@id\":\"https:\/\/paracherkaoui.ma\/index.php\/produit\/lansinoh-coussinets-dallaitement-lavables-couleurs-x8\/#primaryimage\",\"url\":\"https:\/\/paracherkaoui.ma\/wp-content\/uploads\/2025\/12\/lansinoh-lansinoh-coussinets-dallaitement-lavables-couleurs-x8-coussinets-et-soin.jpg\",\"contentUrl\":\"https:\/\/paracherkaoui.ma\/wp-content\/uploads\/2025\/12\/lansinoh-lansinoh-coussinets-dallaitement-lavables-couleurs-x8-coussinets-et-soin.jpg\",\"width\":700,\"height\":700},{\"@type\":\"BreadcrumbList\",\"@id\":\"https:\/\/paracherkaoui.ma\/index.php\/produit\/lansinoh-coussinets-dallaitement-lavables-couleurs-x8\/#breadcrumb\",\"itemListElement\":[{\"@type\":\"ListItem\",\"position\":1,\"name\":\"Accueil\",\"item\":\"https:\/\/paracherkaoui.ma\/\"},{\"@type\":\"ListItem\",\"position\":2,\"name\":\"Boutique\",\"item\":\"https:\/\/paracherkaoui.ma\/index.php\/boutique\/\"},{\"@type\":\"ListItem\",\"position\":3,\"name\":\"LANSINOH COUSSINETS D&rsquo;ALLAITEMENT LAVABLES COULEURS x8\"}]},{\"@type\":\"WebSite\",\"@id\":\"https:\/\/paracherkaoui.ma\/#website\",\"url\":\"https:\/\/paracherkaoui.ma\/\",\"name\":\"Paracherkaoui.ma\",\"description\":\"Achetez en ligne sur Paracherkaoui.ma\",\"potentialAction\":[{\"@type\":\"SearchAction\",\"target\":{\"@type\":\"EntryPoint\",\"urlTemplate\":\"https:\/\/paracherkaoui.ma\/?s={search_term_string}\"},\"query-input\":{\"@type\":\"PropertyValueSpecification\",\"valueRequired\":true,\"valueName\":\"search_term_string\"}}],\"inLanguage\":\"fr-FR\"}]}<\/script>\r\n<!-- \/ Yoast SEO plugin. -->","yoast_head_json":{"title":"LANSINOH COUSSINETS D'ALLAITEMENT LAVABLES COULEURS x8 - Paracherkaoui.ma","robots":{"index":"index","follow":"follow","max-snippet":"max-snippet:-1","max-image-preview":"max-image-preview:large","max-video-preview":"max-video-preview:-1"},"canonical":"https:\/\/paracherkaoui.ma\/index.php\/produit\/lansinoh-coussinets-dallaitement-lavables-couleurs-x8\/","og_locale":"fr_FR","og_type":"article","og_title":"LANSINOH COUSSINETS D'ALLAITEMENT LAVABLES COULEURS x8 - Paracherkaoui.ma","og_description":"4 coussinets noirs et 4 coussinets chair pour encore plus de discr\u00e9tion ! Les coussinets d&rsquo;allaitement lavables Lansinoh se distinguent","og_url":"https:\/\/paracherkaoui.ma\/index.php\/produit\/lansinoh-coussinets-dallaitement-lavables-couleurs-x8\/","og_site_name":"Paracherkaoui.ma","article_modified_time":"2025-12-12T18:08:34+00:00","og_image":[{"width":700,"height":700,"url":"https:\/\/paracherkaoui.ma\/wp-content\/uploads\/2025\/12\/lansinoh-lansinoh-coussinets-dallaitement-lavables-couleurs-x8-coussinets-et-soin.jpg","type":"image\/jpeg"}],"twitter_card":"summary_large_image","twitter_misc":{"Dur\u00e9e de lecture estim\u00e9e":"1 minute"},"schema":{"@context":"https:\/\/schema.org","@graph":[{"@type":"WebPage","@id":"https:\/\/paracherkaoui.ma\/index.php\/produit\/lansinoh-coussinets-dallaitement-lavables-couleurs-x8\/","url":"https:\/\/paracherkaoui.ma\/index.php\/produit\/lansinoh-coussinets-dallaitement-lavables-couleurs-x8\/","name":"LANSINOH COUSSINETS D'ALLAITEMENT LAVABLES COULEURS x8 - Paracherkaoui.ma","isPartOf":{"@id":"https:\/\/paracherkaoui.ma\/#website"},"primaryImageOfPage":{"@id":"https:\/\/paracherkaoui.ma\/index.php\/produit\/lansinoh-coussinets-dallaitement-lavables-couleurs-x8\/#primaryimage"},"image":{"@id":"https:\/\/paracherkaoui.ma\/index.php\/produit\/lansinoh-coussinets-dallaitement-lavables-couleurs-x8\/#primaryimage"},"thumbnailUrl":"https:\/\/paracherkaoui.ma\/wp-content\/uploads\/2025\/12\/lansinoh-lansinoh-coussinets-dallaitement-lavables-couleurs-x8-coussinets-et-soin.jpg","datePublished":"2025-12-12T18:08:32+00:00","dateModified":"2025-12-12T18:08:34+00:00","breadcrumb":{"@id":"https:\/\/paracherkaoui.ma\/index.php\/produit\/lansinoh-coussinets-dallaitement-lavables-couleurs-x8\/#breadcrumb"},"inLanguage":"fr-FR","potentialAction":[{"@type":"ReadAction","target":["https:\/\/paracherkaoui.ma\/index.php\/produit\/lansinoh-coussinets-dallaitement-lavables-couleurs-x8\/"]}]},{"@type":"ImageObject","inLanguage":"fr-FR","@id":"https:\/\/paracherkaoui.ma\/index.php\/produit\/lansinoh-coussinets-dallaitement-lavables-couleurs-x8\/#primaryimage","url":"https:\/\/paracherkaoui.ma\/wp-content\/uploads\/2025\/12\/lansinoh-lansinoh-coussinets-dallaitement-lavables-couleurs-x8-coussinets-et-soin.jpg","contentUrl":"https:\/\/paracherkaoui.ma\/wp-content\/uploads\/2025\/12\/lansinoh-lansinoh-coussinets-dallaitement-lavables-couleurs-x8-coussinets-et-soin.jpg","width":700,"height":700},{"@type":"BreadcrumbList","@id":"https:\/\/paracherkaoui.ma\/index.php\/produit\/lansinoh-coussinets-dallaitement-lavables-couleurs-x8\/#breadcrumb","itemListElement":[{"@type":"ListItem","position":1,"name":"Accueil","item":"https:\/\/paracherkaoui.ma\/"},{"@type":"ListItem","position":2,"name":"Boutique","item":"https:\/\/paracherkaoui.ma\/index.php\/boutique\/"},{"@type":"ListItem","position":3,"name":"LANSINOH COUSSINETS D&rsquo;ALLAITEMENT LAVABLES COULEURS x8"}]},{"@type":"WebSite","@id":"https:\/\/paracherkaoui.ma\/#website","url":"https:\/\/paracherkaoui.ma\/","name":"Paracherkaoui.ma","description":"Achetez en ligne sur Paracherkaoui.ma","potentialAction":[{"@type":"SearchAction","target":{"@type":"EntryPoint","urlTemplate":"https:\/\/paracherkaoui.ma\/?s={search_term_string}"},"query-input":{"@type":"PropertyValueSpecification","valueRequired":true,"valueName":"search_term_string"}}],"inLanguage":"fr-FR"}]}},"_links":{"self":[{"href":"https:\/\/paracherkaoui.ma\/index.php\/wp-json\/wp\/v2\/product\/42357","targetHints":{"allow":["GET"]}}],"collection":[{"href":"https:\/\/paracherkaoui.ma\/index.php\/wp-json\/wp\/v2\/product"}],"about":[{"href":"https:\/\/paracherkaoui.ma\/index.php\/wp-json\/wp\/v2\/types\/product"}],"replies":[{"embeddable":true,"href":"https:\/\/paracherkaoui.ma\/index.php\/wp-json\/wp\/v2\/comments?post=42357"}],"version-history":[{"count":1,"href":"https:\/\/paracherkaoui.ma\/index.php\/wp-json\/wp\/v2\/product\/42357\/revisions"}],"predecessor-version":[{"id":42380,"href":"https:\/\/paracherkaoui.ma\/index.php\/wp-json\/wp\/v2\/product\/42357\/revisions\/42380"}],"wp:featuredmedia":[{"embeddable":true,"href":"https:\/\/paracherkaoui.ma\/index.php\/wp-json\/wp\/v2\/media\/42379"}],"wp:attachment":[{"href":"https:\/\/paracherkaoui.ma\/index.php\/wp-json\/wp\/v2\/media?parent=42357"}],"wp:term":[{"taxonomy":"product_brand","embeddable":true,"href":"https:\/\/paracherkaoui.ma\/index.php\/wp-json\/wp\/v2\/product_brand?post=42357"},{"taxonomy":"product_cat","embeddable":true,"href":"https:\/\/paracherkaoui.ma\/index.php\/wp-json\/wp\/v2\/product_cat?post=42357"},{"taxonomy":"product_tag","embeddable":true,"href":"https:\/\/paracherkaoui.ma\/index.php\/wp-json\/wp\/v2\/product_tag?post=42357"}],"curies":[{"name":"wp","href":"https:\/\/api.w.org\/{rel}","templated":true}]}}