{"id":42291,"date":"2025-12-12T19:08:24","date_gmt":"2025-12-12T18:08:24","guid":{"rendered":"https:\/\/test.ecbeaute.com\/?post_type=product&#038;p=42291"},"modified":"2025-12-12T19:08:30","modified_gmt":"2025-12-12T18:08:30","slug":"lansinoh-coussinets-dallaitement-jetables-24-pieces","status":"publish","type":"product","link":"https:\/\/paracherkaoui.ma\/index.php\/produit\/lansinoh-coussinets-dallaitement-jetables-24-pieces\/","title":{"rendered":"LANSINOH COUSSINETS D&rsquo;ALLAITEMENT JETABLES 24 PIECES"},"content":{"rendered":"<p>Coussinets d\u2019allaitement jetables Blue Lock Lansinoh x 24 pi\u00e8ces<br \/>\nCoussinets ultra-absorbants gr\u00e2ce \u00e0 la technologie Blue Lock qui peut absorber jusqu\u2019\u00e0 20 fois le volume du coussinet<br \/>\nUltra minces pour une discr\u00e9tion parfaite<br \/>\nSurface respirante avec une grande douceur pour un confort optimal tout en s\u2019assurant que vos v\u00eatements restent secs<br \/>\n2 bandes adh\u00e9sives pour maintenir les coussinets en place<br \/>\nEmball\u00e9s individuellement pour plus d\u2019hygi\u00e8ne et de praticit\u00e9<br \/>\nConviennent \u00e0 toutes les tailles de poitrine, sans BPA ni BPS<\/p>\n","protected":false},"excerpt":{"rendered":"<p>Coussinets d\u2019allaitement jetables Blue Lock Lansinoh x 24 pi\u00e8ces Coussinets ultra-absorbants gr\u00e2ce \u00e0 la technologie Blue Lock qui peut absorber<\/p>\n","protected":false},"featured_media":42343,"comment_status":"open","ping_status":"closed","template":"","meta":[],"product_brand":[537],"product_cat":[722],"product_tag":[],"class_list":{"0":"post-42291","1":"product","2":"type-product","3":"status-publish","4":"has-post-thumbnail","6":"product_brand-lansinoh","7":"product_cat-coussinets-dallaitement-et-soins","9":"first","10":"instock","11":"sale","12":"shipping-taxable","13":"purchasable","14":"product-type-simple"},"yoast_head":"<!-- This site is optimized with the Yoast SEO plugin v26.6 - https:\/\/yoast.com\/wordpress\/plugins\/seo\/ -->\r\n<title>LANSINOH COUSSINETS D&#039;ALLAITEMENT JETABLES 24 PIECES - Paracherkaoui.ma<\/title>\r\n<meta name=\"robots\" content=\"index, follow, max-snippet:-1, max-image-preview:large, max-video-preview:-1\" \/>\r\n<link rel=\"canonical\" href=\"https:\/\/paracherkaoui.ma\/index.php\/produit\/lansinoh-coussinets-dallaitement-jetables-24-pieces\/\" \/>\r\n<meta property=\"og:locale\" content=\"fr_FR\" \/>\r\n<meta property=\"og:type\" content=\"article\" \/>\r\n<meta property=\"og:title\" content=\"LANSINOH COUSSINETS D&#039;ALLAITEMENT JETABLES 24 PIECES - Paracherkaoui.ma\" \/>\r\n<meta property=\"og:description\" content=\"Coussinets d\u2019allaitement jetables Blue Lock Lansinoh x 24 pi\u00e8ces Coussinets ultra-absorbants gr\u00e2ce \u00e0 la technologie Blue Lock qui peut absorber\" \/>\r\n<meta property=\"og:url\" content=\"https:\/\/paracherkaoui.ma\/index.php\/produit\/lansinoh-coussinets-dallaitement-jetables-24-pieces\/\" \/>\r\n<meta property=\"og:site_name\" content=\"Paracherkaoui.ma\" \/>\r\n<meta property=\"article:modified_time\" content=\"2025-12-12T18:08:30+00:00\" \/>\r\n<meta property=\"og:image\" content=\"https:\/\/paracherkaoui.ma\/wp-content\/uploads\/2025\/12\/lansinoh-coussinets-d-allaitement-jetables-24-pieces.jpg\" \/>\r\n\t<meta property=\"og:image:width\" content=\"700\" \/>\r\n\t<meta property=\"og:image:height\" content=\"700\" \/>\r\n\t<meta property=\"og:image:type\" content=\"image\/jpeg\" \/>\r\n<meta name=\"twitter:card\" content=\"summary_large_image\" \/>\r\n<script type=\"application\/ld+json\" class=\"yoast-schema-graph\">{\"@context\":\"https:\/\/schema.org\",\"@graph\":[{\"@type\":\"WebPage\",\"@id\":\"https:\/\/paracherkaoui.ma\/index.php\/produit\/lansinoh-coussinets-dallaitement-jetables-24-pieces\/\",\"url\":\"https:\/\/paracherkaoui.ma\/index.php\/produit\/lansinoh-coussinets-dallaitement-jetables-24-pieces\/\",\"name\":\"LANSINOH COUSSINETS D'ALLAITEMENT JETABLES 24 PIECES - Paracherkaoui.ma\",\"isPartOf\":{\"@id\":\"https:\/\/paracherkaoui.ma\/#website\"},\"primaryImageOfPage\":{\"@id\":\"https:\/\/paracherkaoui.ma\/index.php\/produit\/lansinoh-coussinets-dallaitement-jetables-24-pieces\/#primaryimage\"},\"image\":{\"@id\":\"https:\/\/paracherkaoui.ma\/index.php\/produit\/lansinoh-coussinets-dallaitement-jetables-24-pieces\/#primaryimage\"},\"thumbnailUrl\":\"https:\/\/paracherkaoui.ma\/wp-content\/uploads\/2025\/12\/lansinoh-coussinets-d-allaitement-jetables-24-pieces.jpg\",\"datePublished\":\"2025-12-12T18:08:24+00:00\",\"dateModified\":\"2025-12-12T18:08:30+00:00\",\"breadcrumb\":{\"@id\":\"https:\/\/paracherkaoui.ma\/index.php\/produit\/lansinoh-coussinets-dallaitement-jetables-24-pieces\/#breadcrumb\"},\"inLanguage\":\"fr-FR\",\"potentialAction\":[{\"@type\":\"ReadAction\",\"target\":[\"https:\/\/paracherkaoui.ma\/index.php\/produit\/lansinoh-coussinets-dallaitement-jetables-24-pieces\/\"]}]},{\"@type\":\"ImageObject\",\"inLanguage\":\"fr-FR\",\"@id\":\"https:\/\/paracherkaoui.ma\/index.php\/produit\/lansinoh-coussinets-dallaitement-jetables-24-pieces\/#primaryimage\",\"url\":\"https:\/\/paracherkaoui.ma\/wp-content\/uploads\/2025\/12\/lansinoh-coussinets-d-allaitement-jetables-24-pieces.jpg\",\"contentUrl\":\"https:\/\/paracherkaoui.ma\/wp-content\/uploads\/2025\/12\/lansinoh-coussinets-d-allaitement-jetables-24-pieces.jpg\",\"width\":700,\"height\":700},{\"@type\":\"BreadcrumbList\",\"@id\":\"https:\/\/paracherkaoui.ma\/index.php\/produit\/lansinoh-coussinets-dallaitement-jetables-24-pieces\/#breadcrumb\",\"itemListElement\":[{\"@type\":\"ListItem\",\"position\":1,\"name\":\"Accueil\",\"item\":\"https:\/\/paracherkaoui.ma\/\"},{\"@type\":\"ListItem\",\"position\":2,\"name\":\"Boutique\",\"item\":\"https:\/\/paracherkaoui.ma\/index.php\/boutique\/\"},{\"@type\":\"ListItem\",\"position\":3,\"name\":\"LANSINOH COUSSINETS D&rsquo;ALLAITEMENT JETABLES 24 PIECES\"}]},{\"@type\":\"WebSite\",\"@id\":\"https:\/\/paracherkaoui.ma\/#website\",\"url\":\"https:\/\/paracherkaoui.ma\/\",\"name\":\"Paracherkaoui.ma\",\"description\":\"Achetez en ligne sur Paracherkaoui.ma\",\"potentialAction\":[{\"@type\":\"SearchAction\",\"target\":{\"@type\":\"EntryPoint\",\"urlTemplate\":\"https:\/\/paracherkaoui.ma\/?s={search_term_string}\"},\"query-input\":{\"@type\":\"PropertyValueSpecification\",\"valueRequired\":true,\"valueName\":\"search_term_string\"}}],\"inLanguage\":\"fr-FR\"}]}<\/script>\r\n<!-- \/ Yoast SEO plugin. -->","yoast_head_json":{"title":"LANSINOH COUSSINETS D'ALLAITEMENT JETABLES 24 PIECES - Paracherkaoui.ma","robots":{"index":"index","follow":"follow","max-snippet":"max-snippet:-1","max-image-preview":"max-image-preview:large","max-video-preview":"max-video-preview:-1"},"canonical":"https:\/\/paracherkaoui.ma\/index.php\/produit\/lansinoh-coussinets-dallaitement-jetables-24-pieces\/","og_locale":"fr_FR","og_type":"article","og_title":"LANSINOH COUSSINETS D'ALLAITEMENT JETABLES 24 PIECES - Paracherkaoui.ma","og_description":"Coussinets d\u2019allaitement jetables Blue Lock Lansinoh x 24 pi\u00e8ces Coussinets ultra-absorbants gr\u00e2ce \u00e0 la technologie Blue Lock qui peut absorber","og_url":"https:\/\/paracherkaoui.ma\/index.php\/produit\/lansinoh-coussinets-dallaitement-jetables-24-pieces\/","og_site_name":"Paracherkaoui.ma","article_modified_time":"2025-12-12T18:08:30+00:00","og_image":[{"width":700,"height":700,"url":"https:\/\/paracherkaoui.ma\/wp-content\/uploads\/2025\/12\/lansinoh-coussinets-d-allaitement-jetables-24-pieces.jpg","type":"image\/jpeg"}],"twitter_card":"summary_large_image","schema":{"@context":"https:\/\/schema.org","@graph":[{"@type":"WebPage","@id":"https:\/\/paracherkaoui.ma\/index.php\/produit\/lansinoh-coussinets-dallaitement-jetables-24-pieces\/","url":"https:\/\/paracherkaoui.ma\/index.php\/produit\/lansinoh-coussinets-dallaitement-jetables-24-pieces\/","name":"LANSINOH COUSSINETS D'ALLAITEMENT JETABLES 24 PIECES - Paracherkaoui.ma","isPartOf":{"@id":"https:\/\/paracherkaoui.ma\/#website"},"primaryImageOfPage":{"@id":"https:\/\/paracherkaoui.ma\/index.php\/produit\/lansinoh-coussinets-dallaitement-jetables-24-pieces\/#primaryimage"},"image":{"@id":"https:\/\/paracherkaoui.ma\/index.php\/produit\/lansinoh-coussinets-dallaitement-jetables-24-pieces\/#primaryimage"},"thumbnailUrl":"https:\/\/paracherkaoui.ma\/wp-content\/uploads\/2025\/12\/lansinoh-coussinets-d-allaitement-jetables-24-pieces.jpg","datePublished":"2025-12-12T18:08:24+00:00","dateModified":"2025-12-12T18:08:30+00:00","breadcrumb":{"@id":"https:\/\/paracherkaoui.ma\/index.php\/produit\/lansinoh-coussinets-dallaitement-jetables-24-pieces\/#breadcrumb"},"inLanguage":"fr-FR","potentialAction":[{"@type":"ReadAction","target":["https:\/\/paracherkaoui.ma\/index.php\/produit\/lansinoh-coussinets-dallaitement-jetables-24-pieces\/"]}]},{"@type":"ImageObject","inLanguage":"fr-FR","@id":"https:\/\/paracherkaoui.ma\/index.php\/produit\/lansinoh-coussinets-dallaitement-jetables-24-pieces\/#primaryimage","url":"https:\/\/paracherkaoui.ma\/wp-content\/uploads\/2025\/12\/lansinoh-coussinets-d-allaitement-jetables-24-pieces.jpg","contentUrl":"https:\/\/paracherkaoui.ma\/wp-content\/uploads\/2025\/12\/lansinoh-coussinets-d-allaitement-jetables-24-pieces.jpg","width":700,"height":700},{"@type":"BreadcrumbList","@id":"https:\/\/paracherkaoui.ma\/index.php\/produit\/lansinoh-coussinets-dallaitement-jetables-24-pieces\/#breadcrumb","itemListElement":[{"@type":"ListItem","position":1,"name":"Accueil","item":"https:\/\/paracherkaoui.ma\/"},{"@type":"ListItem","position":2,"name":"Boutique","item":"https:\/\/paracherkaoui.ma\/index.php\/boutique\/"},{"@type":"ListItem","position":3,"name":"LANSINOH COUSSINETS D&rsquo;ALLAITEMENT JETABLES 24 PIECES"}]},{"@type":"WebSite","@id":"https:\/\/paracherkaoui.ma\/#website","url":"https:\/\/paracherkaoui.ma\/","name":"Paracherkaoui.ma","description":"Achetez en ligne sur Paracherkaoui.ma","potentialAction":[{"@type":"SearchAction","target":{"@type":"EntryPoint","urlTemplate":"https:\/\/paracherkaoui.ma\/?s={search_term_string}"},"query-input":{"@type":"PropertyValueSpecification","valueRequired":true,"valueName":"search_term_string"}}],"inLanguage":"fr-FR"}]}},"_links":{"self":[{"href":"https:\/\/paracherkaoui.ma\/index.php\/wp-json\/wp\/v2\/product\/42291","targetHints":{"allow":["GET"]}}],"collection":[{"href":"https:\/\/paracherkaoui.ma\/index.php\/wp-json\/wp\/v2\/product"}],"about":[{"href":"https:\/\/paracherkaoui.ma\/index.php\/wp-json\/wp\/v2\/types\/product"}],"replies":[{"embeddable":true,"href":"https:\/\/paracherkaoui.ma\/index.php\/wp-json\/wp\/v2\/comments?post=42291"}],"version-history":[{"count":1,"href":"https:\/\/paracherkaoui.ma\/index.php\/wp-json\/wp\/v2\/product\/42291\/revisions"}],"predecessor-version":[{"id":42344,"href":"https:\/\/paracherkaoui.ma\/index.php\/wp-json\/wp\/v2\/product\/42291\/revisions\/42344"}],"wp:featuredmedia":[{"embeddable":true,"href":"https:\/\/paracherkaoui.ma\/index.php\/wp-json\/wp\/v2\/media\/42343"}],"wp:attachment":[{"href":"https:\/\/paracherkaoui.ma\/index.php\/wp-json\/wp\/v2\/media?parent=42291"}],"wp:term":[{"taxonomy":"product_brand","embeddable":true,"href":"https:\/\/paracherkaoui.ma\/index.php\/wp-json\/wp\/v2\/product_brand?post=42291"},{"taxonomy":"product_cat","embeddable":true,"href":"https:\/\/paracherkaoui.ma\/index.php\/wp-json\/wp\/v2\/product_cat?post=42291"},{"taxonomy":"product_tag","embeddable":true,"href":"https:\/\/paracherkaoui.ma\/index.php\/wp-json\/wp\/v2\/product_tag?post=42291"}],"curies":[{"name":"wp","href":"https:\/\/api.w.org\/{rel}","templated":true}]}}