{"id":42285,"date":"2025-12-12T19:08:24","date_gmt":"2025-12-12T18:08:24","guid":{"rendered":"https:\/\/test.ecbeaute.com\/?post_type=product&#038;p=42285"},"modified":"2025-12-12T19:08:28","modified_gmt":"2025-12-12T18:08:28","slug":"abena-slip-de-maintien-pack-de-3-taille-unique-blanc","status":"publish","type":"product","link":"https:\/\/paracherkaoui.ma\/index.php\/produit\/abena-slip-de-maintien-pack-de-3-taille-unique-blanc\/","title":{"rendered":"ABENA SLIP DE MAINTIEN PACK DE 3 TAILLE UNIQUE BLANC"},"content":{"rendered":"<p>Fabriqu\u00e9s dans un tissu doux, a\u00e9r\u00e9 et ultra-extensible, ces slips sont \u00e0 la fois l\u00e9gers et solides. Ils maintiennent efficacement les protections en place sans cr\u00e9er de sensation d\u2019inconfort, d\u2019irritation ou de compression excessive. Leur taille unique s\u2019adapte \u00e0 toutes les morphologies, m\u00eame lorsque le corps change apr\u00e8s l&rsquo;accouchement.<br \/>\nLavables jusqu&rsquo;\u00e0 plusieurs fois (selon l\u2019usage), ces slips r\u00e9utilisables sont \u00e9galement hygi\u00e9niques et \u00e9conomiques. Discrets sous les v\u00eatements et agr\u00e9ables \u00e0 porter, ils assurent aux jeunes mamans une libert\u00e9 de mouvement totale tout en gardant un excellent maintien.<br \/>\nQue ce soit \u00e0 la maternit\u00e9 ou \u00e0 la maison, les Slips de Maintien ABENA sont un indispensable de la valise de maternit\u00e9. Offrez-vous le confort et la s\u00e9r\u00e9nit\u00e9 que vous m\u00e9ritez durant cette p\u00e9riode unique de votre vie.<br \/>\nConseils d&rsquo;utilisation :<br \/>\nUtilisez le slip d\u00e8s les premi\u00e8res heures apr\u00e8s l&rsquo;accouchement avec une protection adapt\u00e9e.<br \/>\nGlissez la protection hygi\u00e9nique \u00e0 l\u2019int\u00e9rieur du slip, au centre.<br \/>\nChangez r\u00e9guli\u00e8rement le slip si n\u00e9cessaire, notamment en cas de fuites.<br \/>\nLavable \u00e0 la main ou en machine \u00e0 60\u00b0C (selon les recommandations du fabricant).<br \/>\nPeut \u00eatre utilis\u00e9 aussi en cas d\u2019interventions gyn\u00e9cologiques ou de fuites urinaires.<\/p>\n","protected":false},"excerpt":{"rendered":"<p>Fabriqu\u00e9s dans un tissu doux, a\u00e9r\u00e9 et ultra-extensible, ces slips sont \u00e0 la fois l\u00e9gers et solides. Ils maintiennent efficacement<\/p>\n","protected":false},"featured_media":42332,"comment_status":"open","ping_status":"closed","template":"","meta":[],"product_brand":[720],"product_cat":[719],"product_tag":[],"class_list":{"0":"post-42285","1":"product","2":"type-product","3":"status-publish","4":"has-post-thumbnail","6":"product_brand-abena","7":"product_cat-couches-et-slips-maternite","9":"first","10":"instock","11":"sale","12":"shipping-taxable","13":"purchasable","14":"product-type-simple"},"yoast_head":"<!-- This site is optimized with the Yoast SEO plugin v26.6 - https:\/\/yoast.com\/wordpress\/plugins\/seo\/ -->\r\n<title>ABENA SLIP DE MAINTIEN PACK DE 3 TAILLE UNIQUE BLANC - Paracherkaoui.ma<\/title>\r\n<meta name=\"robots\" content=\"index, follow, max-snippet:-1, max-image-preview:large, max-video-preview:-1\" \/>\r\n<link rel=\"canonical\" href=\"https:\/\/paracherkaoui.ma\/index.php\/produit\/abena-slip-de-maintien-pack-de-3-taille-unique-blanc\/\" \/>\r\n<meta property=\"og:locale\" content=\"fr_FR\" \/>\r\n<meta property=\"og:type\" content=\"article\" \/>\r\n<meta property=\"og:title\" content=\"ABENA SLIP DE MAINTIEN PACK DE 3 TAILLE UNIQUE BLANC - Paracherkaoui.ma\" \/>\r\n<meta property=\"og:description\" content=\"Fabriqu\u00e9s dans un tissu doux, a\u00e9r\u00e9 et ultra-extensible, ces slips sont \u00e0 la fois l\u00e9gers et solides. Ils maintiennent efficacement\" \/>\r\n<meta property=\"og:url\" content=\"https:\/\/paracherkaoui.ma\/index.php\/produit\/abena-slip-de-maintien-pack-de-3-taille-unique-blanc\/\" \/>\r\n<meta property=\"og:site_name\" content=\"Paracherkaoui.ma\" \/>\r\n<meta property=\"article:modified_time\" content=\"2025-12-12T18:08:28+00:00\" \/>\r\n<meta property=\"og:image\" content=\"https:\/\/paracherkaoui.ma\/wp-content\/uploads\/2025\/12\/abena-abena-slip-de-maintien-pack-de-3-taille-unique-blanc-couches-et-slips-maternite.jpg\" \/>\r\n\t<meta property=\"og:image:width\" content=\"700\" \/>\r\n\t<meta property=\"og:image:height\" content=\"700\" \/>\r\n\t<meta property=\"og:image:type\" content=\"image\/jpeg\" \/>\r\n<meta name=\"twitter:card\" content=\"summary_large_image\" \/>\r\n<meta name=\"twitter:label1\" content=\"Dur\u00e9e de lecture estim\u00e9e\" \/>\n\t<meta name=\"twitter:data1\" content=\"1 minute\" \/>\r\n<script type=\"application\/ld+json\" class=\"yoast-schema-graph\">{\"@context\":\"https:\/\/schema.org\",\"@graph\":[{\"@type\":\"WebPage\",\"@id\":\"https:\/\/paracherkaoui.ma\/index.php\/produit\/abena-slip-de-maintien-pack-de-3-taille-unique-blanc\/\",\"url\":\"https:\/\/paracherkaoui.ma\/index.php\/produit\/abena-slip-de-maintien-pack-de-3-taille-unique-blanc\/\",\"name\":\"ABENA SLIP DE MAINTIEN PACK DE 3 TAILLE UNIQUE BLANC - Paracherkaoui.ma\",\"isPartOf\":{\"@id\":\"https:\/\/paracherkaoui.ma\/#website\"},\"primaryImageOfPage\":{\"@id\":\"https:\/\/paracherkaoui.ma\/index.php\/produit\/abena-slip-de-maintien-pack-de-3-taille-unique-blanc\/#primaryimage\"},\"image\":{\"@id\":\"https:\/\/paracherkaoui.ma\/index.php\/produit\/abena-slip-de-maintien-pack-de-3-taille-unique-blanc\/#primaryimage\"},\"thumbnailUrl\":\"https:\/\/paracherkaoui.ma\/wp-content\/uploads\/2025\/12\/abena-abena-slip-de-maintien-pack-de-3-taille-unique-blanc-couches-et-slips-maternite.jpg\",\"datePublished\":\"2025-12-12T18:08:24+00:00\",\"dateModified\":\"2025-12-12T18:08:28+00:00\",\"breadcrumb\":{\"@id\":\"https:\/\/paracherkaoui.ma\/index.php\/produit\/abena-slip-de-maintien-pack-de-3-taille-unique-blanc\/#breadcrumb\"},\"inLanguage\":\"fr-FR\",\"potentialAction\":[{\"@type\":\"ReadAction\",\"target\":[\"https:\/\/paracherkaoui.ma\/index.php\/produit\/abena-slip-de-maintien-pack-de-3-taille-unique-blanc\/\"]}]},{\"@type\":\"ImageObject\",\"inLanguage\":\"fr-FR\",\"@id\":\"https:\/\/paracherkaoui.ma\/index.php\/produit\/abena-slip-de-maintien-pack-de-3-taille-unique-blanc\/#primaryimage\",\"url\":\"https:\/\/paracherkaoui.ma\/wp-content\/uploads\/2025\/12\/abena-abena-slip-de-maintien-pack-de-3-taille-unique-blanc-couches-et-slips-maternite.jpg\",\"contentUrl\":\"https:\/\/paracherkaoui.ma\/wp-content\/uploads\/2025\/12\/abena-abena-slip-de-maintien-pack-de-3-taille-unique-blanc-couches-et-slips-maternite.jpg\",\"width\":700,\"height\":700},{\"@type\":\"BreadcrumbList\",\"@id\":\"https:\/\/paracherkaoui.ma\/index.php\/produit\/abena-slip-de-maintien-pack-de-3-taille-unique-blanc\/#breadcrumb\",\"itemListElement\":[{\"@type\":\"ListItem\",\"position\":1,\"name\":\"Accueil\",\"item\":\"https:\/\/paracherkaoui.ma\/\"},{\"@type\":\"ListItem\",\"position\":2,\"name\":\"Boutique\",\"item\":\"https:\/\/paracherkaoui.ma\/index.php\/boutique\/\"},{\"@type\":\"ListItem\",\"position\":3,\"name\":\"ABENA SLIP DE MAINTIEN PACK DE 3 TAILLE UNIQUE BLANC\"}]},{\"@type\":\"WebSite\",\"@id\":\"https:\/\/paracherkaoui.ma\/#website\",\"url\":\"https:\/\/paracherkaoui.ma\/\",\"name\":\"Paracherkaoui.ma\",\"description\":\"Achetez en ligne sur Paracherkaoui.ma\",\"potentialAction\":[{\"@type\":\"SearchAction\",\"target\":{\"@type\":\"EntryPoint\",\"urlTemplate\":\"https:\/\/paracherkaoui.ma\/?s={search_term_string}\"},\"query-input\":{\"@type\":\"PropertyValueSpecification\",\"valueRequired\":true,\"valueName\":\"search_term_string\"}}],\"inLanguage\":\"fr-FR\"}]}<\/script>\r\n<!-- \/ Yoast SEO plugin. -->","yoast_head_json":{"title":"ABENA SLIP DE MAINTIEN PACK DE 3 TAILLE UNIQUE BLANC - Paracherkaoui.ma","robots":{"index":"index","follow":"follow","max-snippet":"max-snippet:-1","max-image-preview":"max-image-preview:large","max-video-preview":"max-video-preview:-1"},"canonical":"https:\/\/paracherkaoui.ma\/index.php\/produit\/abena-slip-de-maintien-pack-de-3-taille-unique-blanc\/","og_locale":"fr_FR","og_type":"article","og_title":"ABENA SLIP DE MAINTIEN PACK DE 3 TAILLE UNIQUE BLANC - Paracherkaoui.ma","og_description":"Fabriqu\u00e9s dans un tissu doux, a\u00e9r\u00e9 et ultra-extensible, ces slips sont \u00e0 la fois l\u00e9gers et solides. Ils maintiennent efficacement","og_url":"https:\/\/paracherkaoui.ma\/index.php\/produit\/abena-slip-de-maintien-pack-de-3-taille-unique-blanc\/","og_site_name":"Paracherkaoui.ma","article_modified_time":"2025-12-12T18:08:28+00:00","og_image":[{"width":700,"height":700,"url":"https:\/\/paracherkaoui.ma\/wp-content\/uploads\/2025\/12\/abena-abena-slip-de-maintien-pack-de-3-taille-unique-blanc-couches-et-slips-maternite.jpg","type":"image\/jpeg"}],"twitter_card":"summary_large_image","twitter_misc":{"Dur\u00e9e de lecture estim\u00e9e":"1 minute"},"schema":{"@context":"https:\/\/schema.org","@graph":[{"@type":"WebPage","@id":"https:\/\/paracherkaoui.ma\/index.php\/produit\/abena-slip-de-maintien-pack-de-3-taille-unique-blanc\/","url":"https:\/\/paracherkaoui.ma\/index.php\/produit\/abena-slip-de-maintien-pack-de-3-taille-unique-blanc\/","name":"ABENA SLIP DE MAINTIEN PACK DE 3 TAILLE UNIQUE BLANC - Paracherkaoui.ma","isPartOf":{"@id":"https:\/\/paracherkaoui.ma\/#website"},"primaryImageOfPage":{"@id":"https:\/\/paracherkaoui.ma\/index.php\/produit\/abena-slip-de-maintien-pack-de-3-taille-unique-blanc\/#primaryimage"},"image":{"@id":"https:\/\/paracherkaoui.ma\/index.php\/produit\/abena-slip-de-maintien-pack-de-3-taille-unique-blanc\/#primaryimage"},"thumbnailUrl":"https:\/\/paracherkaoui.ma\/wp-content\/uploads\/2025\/12\/abena-abena-slip-de-maintien-pack-de-3-taille-unique-blanc-couches-et-slips-maternite.jpg","datePublished":"2025-12-12T18:08:24+00:00","dateModified":"2025-12-12T18:08:28+00:00","breadcrumb":{"@id":"https:\/\/paracherkaoui.ma\/index.php\/produit\/abena-slip-de-maintien-pack-de-3-taille-unique-blanc\/#breadcrumb"},"inLanguage":"fr-FR","potentialAction":[{"@type":"ReadAction","target":["https:\/\/paracherkaoui.ma\/index.php\/produit\/abena-slip-de-maintien-pack-de-3-taille-unique-blanc\/"]}]},{"@type":"ImageObject","inLanguage":"fr-FR","@id":"https:\/\/paracherkaoui.ma\/index.php\/produit\/abena-slip-de-maintien-pack-de-3-taille-unique-blanc\/#primaryimage","url":"https:\/\/paracherkaoui.ma\/wp-content\/uploads\/2025\/12\/abena-abena-slip-de-maintien-pack-de-3-taille-unique-blanc-couches-et-slips-maternite.jpg","contentUrl":"https:\/\/paracherkaoui.ma\/wp-content\/uploads\/2025\/12\/abena-abena-slip-de-maintien-pack-de-3-taille-unique-blanc-couches-et-slips-maternite.jpg","width":700,"height":700},{"@type":"BreadcrumbList","@id":"https:\/\/paracherkaoui.ma\/index.php\/produit\/abena-slip-de-maintien-pack-de-3-taille-unique-blanc\/#breadcrumb","itemListElement":[{"@type":"ListItem","position":1,"name":"Accueil","item":"https:\/\/paracherkaoui.ma\/"},{"@type":"ListItem","position":2,"name":"Boutique","item":"https:\/\/paracherkaoui.ma\/index.php\/boutique\/"},{"@type":"ListItem","position":3,"name":"ABENA SLIP DE MAINTIEN PACK DE 3 TAILLE UNIQUE BLANC"}]},{"@type":"WebSite","@id":"https:\/\/paracherkaoui.ma\/#website","url":"https:\/\/paracherkaoui.ma\/","name":"Paracherkaoui.ma","description":"Achetez en ligne sur Paracherkaoui.ma","potentialAction":[{"@type":"SearchAction","target":{"@type":"EntryPoint","urlTemplate":"https:\/\/paracherkaoui.ma\/?s={search_term_string}"},"query-input":{"@type":"PropertyValueSpecification","valueRequired":true,"valueName":"search_term_string"}}],"inLanguage":"fr-FR"}]}},"_links":{"self":[{"href":"https:\/\/paracherkaoui.ma\/index.php\/wp-json\/wp\/v2\/product\/42285","targetHints":{"allow":["GET"]}}],"collection":[{"href":"https:\/\/paracherkaoui.ma\/index.php\/wp-json\/wp\/v2\/product"}],"about":[{"href":"https:\/\/paracherkaoui.ma\/index.php\/wp-json\/wp\/v2\/types\/product"}],"replies":[{"embeddable":true,"href":"https:\/\/paracherkaoui.ma\/index.php\/wp-json\/wp\/v2\/comments?post=42285"}],"version-history":[{"count":1,"href":"https:\/\/paracherkaoui.ma\/index.php\/wp-json\/wp\/v2\/product\/42285\/revisions"}],"predecessor-version":[{"id":42333,"href":"https:\/\/paracherkaoui.ma\/index.php\/wp-json\/wp\/v2\/product\/42285\/revisions\/42333"}],"wp:featuredmedia":[{"embeddable":true,"href":"https:\/\/paracherkaoui.ma\/index.php\/wp-json\/wp\/v2\/media\/42332"}],"wp:attachment":[{"href":"https:\/\/paracherkaoui.ma\/index.php\/wp-json\/wp\/v2\/media?parent=42285"}],"wp:term":[{"taxonomy":"product_brand","embeddable":true,"href":"https:\/\/paracherkaoui.ma\/index.php\/wp-json\/wp\/v2\/product_brand?post=42285"},{"taxonomy":"product_cat","embeddable":true,"href":"https:\/\/paracherkaoui.ma\/index.php\/wp-json\/wp\/v2\/product_cat?post=42285"},{"taxonomy":"product_tag","embeddable":true,"href":"https:\/\/paracherkaoui.ma\/index.php\/wp-json\/wp\/v2\/product_tag?post=42285"}],"curies":[{"name":"wp","href":"https:\/\/api.w.org\/{rel}","templated":true}]}}