{"id":42280,"date":"2025-12-12T19:08:24","date_gmt":"2025-12-12T18:08:24","guid":{"rendered":"https:\/\/test.ecbeaute.com\/?post_type=product&#038;p=42280"},"modified":"2025-12-12T19:08:28","modified_gmt":"2025-12-12T18:08:28","slug":"vitabiotics-pregnacare-allaitement-84-comprimes","status":"publish","type":"product","link":"https:\/\/paracherkaoui.ma\/index.php\/produit\/vitabiotics-pregnacare-allaitement-84-comprimes\/","title":{"rendered":"VITABIOTICS PREGNACARE ALLAITEMENT 84 COMPRIMES"},"content":{"rendered":"<p>Pregnacare Allaitement est un produit tout-en-un, formul\u00e9 exclusivement avec des ingr\u00e9dients sp\u00e9cifiques pour la p\u00e9riode postnatale. Certains nutriments peuvent jouer un r\u00f4le important durant la lactation et la production de lait pour votre enfant<br \/>\nPourquoi prendre Pregnacare\u00ae Allaitement?<br \/>\n\u2022 Cette formule est id\u00e9ale pour les m\u00e8res apr\u00e8s l\u2019accouchement et fait partie de la gamme compl\u00e8te Pregnacare\u00ae, de la conception \u00e0 l\u2019allaitement.<br \/>\n\u2022 Pregnacare\u00ae Allaitement est une formule compl\u00e8te de micronutriments, dos\u00e9s avec soins, assurant une production laiteuse saine gr\u00e2ce \u00e0 ses nutriments sp\u00e9cifiques tels que le calcium et les vitamines D3 et K.<br \/>\n\u2022 Pregnacare\u00ae Allaitement peut aussi \u00eatre utilis\u00e9 comme un suppl\u00e9ment postnatal g\u00e9n\u00e9ral dans les 6 \u00e0 9 mois suivant la naissance m\u00eame si vous n\u2019allaitez pas. Ce suppl\u00e9ment aidera \u00e0 recharger les r\u00e9serves en nutriments et \u00e0 soutenir le corps apr\u00e8s l\u2019accouchement.<br \/>\n\u2022 Pour les m\u00e8res qui ne consomment pas de produits laitiers, cette formule contient \u00e9galement du calcium pour maintenir des os en sant\u00e9.<br \/>\n\u2022 Les recommandations en apport nutritionnel sont plus importantes en p\u00e9riode de lactation. Pregnacare\u00ae Allaitement contient les doses pr\u00e9conis\u00e9es de 10mcg de vitamine D3, de 700mg de calcium et de 300mg de DHA, les niveaux recommand\u00e9s pour la lactation.<br \/>\nUn support incomparable sans dosage excessif<br \/>\nPregnacare\u00ae Allaitement a \u00e9t\u00e9 sp\u00e9cialement formul\u00e9 par des experts pour fournir un dosage \u00e9quilibr\u00e9 de vitamines et de min\u00e9raux. Le dosage de chaque ingr\u00e9dient est conforme aux recherches effectu\u00e9es quant aux niveaux de nutriments recommand\u00e9s durant la grossesse et l\u2019allaitement.<br \/>\nPregnacare\u00ae Allaitement fournit\u2026<br \/>\n\u2022 700mg de calcium, du magn\u00e9sium et de la vitamine D3, qui sont importants pour un sain d\u00e9veloppement des os.<br \/>\n\u2022 Du fer et le complexe B pour aider \u00e0 soutenir la formation de sang nouveau suite \u00e0 l\u2019accouchement et pour fournir de l\u2019\u00e9nergie \u00e0 la nouvelle maman.<br \/>\n\u2022 Des micronutriments sp\u00e9cifiques pour aider \u00e0 assurer un bon apport nutritionnel \u00e0 la maman qui allaite.<br \/>\nChaque capsule fournit 300mg de DHA, le niveau recommand\u00e9 pour les m\u00e8res durant la lactation.<br \/>\n\u2022 Le DHA (acide docosahexa\u00e9no\u00efque) fourni par le lait maternel joue un r\u00f4le essentiel dans le d\u00e9veloppement du cerveau et des yeux chez le b\u00e9b\u00e9. Les nourrissons ont de la difficult\u00e9 \u00e0 synth\u00e9tiser les acides gras, lesquelles doivent donc \u00eatre fournies par des sources ext\u00e9rieures telles que le lait maternel.<br \/>\n\u2022 Pendant la p\u00e9riode d\u2019allaitement, le nourrisson a encore besoin de DHA puisque 15% de la croissance c\u00e9r\u00e9brale se fait apr\u00e8s la naissance. Le DHA est n\u00e9cessaire pour une fonction c\u00e9r\u00e9brale optimale et pour les capacit\u00e9s d\u2019apprentissage et de m\u00e9moire en \u00e2ge plus avanc\u00e9.<br \/>\n\u2022 Contient l\u2019huile de poisson la plus pure de qualit\u00e9 pharmaceutique, produite en Norv\u00e8ge.<\/p>\n","protected":false},"excerpt":{"rendered":"<p>Pregnacare Allaitement est un produit tout-en-un, formul\u00e9 exclusivement avec des ingr\u00e9dients sp\u00e9cifiques pour la p\u00e9riode postnatale. Certains nutriments peuvent jouer<\/p>\n","protected":false},"featured_media":42322,"comment_status":"open","ping_status":"closed","template":"","meta":[],"product_brand":[713],"product_cat":[712],"product_tag":[],"class_list":{"0":"post-42280","1":"product","2":"type-product","3":"status-publish","4":"has-post-thumbnail","6":"product_brand-vitabiotics","7":"product_cat-complements-alimentaires-grossesse","9":"first","10":"instock","11":"sale","12":"shipping-taxable","13":"purchasable","14":"product-type-simple"},"yoast_head":"<!-- This site is optimized with the Yoast SEO plugin v26.6 - https:\/\/yoast.com\/wordpress\/plugins\/seo\/ -->\r\n<title>VITABIOTICS PREGNACARE ALLAITEMENT 84 COMPRIMES - Paracherkaoui.ma<\/title>\r\n<meta name=\"robots\" content=\"index, follow, max-snippet:-1, max-image-preview:large, max-video-preview:-1\" \/>\r\n<link rel=\"canonical\" href=\"https:\/\/paracherkaoui.ma\/index.php\/produit\/vitabiotics-pregnacare-allaitement-84-comprimes\/\" \/>\r\n<meta property=\"og:locale\" content=\"fr_FR\" \/>\r\n<meta property=\"og:type\" content=\"article\" \/>\r\n<meta property=\"og:title\" content=\"VITABIOTICS PREGNACARE ALLAITEMENT 84 COMPRIMES - Paracherkaoui.ma\" \/>\r\n<meta property=\"og:description\" content=\"Pregnacare Allaitement est un produit tout-en-un, formul\u00e9 exclusivement avec des ingr\u00e9dients sp\u00e9cifiques pour la p\u00e9riode postnatale. Certains nutriments peuvent jouer\" \/>\r\n<meta property=\"og:url\" content=\"https:\/\/paracherkaoui.ma\/index.php\/produit\/vitabiotics-pregnacare-allaitement-84-comprimes\/\" \/>\r\n<meta property=\"og:site_name\" content=\"Paracherkaoui.ma\" \/>\r\n<meta property=\"article:modified_time\" content=\"2025-12-12T18:08:28+00:00\" \/>\r\n<meta property=\"og:image\" content=\"https:\/\/paracherkaoui.ma\/wp-content\/uploads\/2025\/12\/vitabiotics-vitabiotics-pregnacare-allaitement-84-comprimes-complements-alimentaires-grossesse.jpg\" \/>\r\n\t<meta property=\"og:image:width\" content=\"700\" \/>\r\n\t<meta property=\"og:image:height\" content=\"700\" \/>\r\n\t<meta property=\"og:image:type\" content=\"image\/jpeg\" \/>\r\n<meta name=\"twitter:card\" content=\"summary_large_image\" \/>\r\n<meta name=\"twitter:label1\" content=\"Dur\u00e9e de lecture estim\u00e9e\" \/>\n\t<meta name=\"twitter:data1\" content=\"2 minutes\" \/>\r\n<script type=\"application\/ld+json\" class=\"yoast-schema-graph\">{\"@context\":\"https:\/\/schema.org\",\"@graph\":[{\"@type\":\"WebPage\",\"@id\":\"https:\/\/paracherkaoui.ma\/index.php\/produit\/vitabiotics-pregnacare-allaitement-84-comprimes\/\",\"url\":\"https:\/\/paracherkaoui.ma\/index.php\/produit\/vitabiotics-pregnacare-allaitement-84-comprimes\/\",\"name\":\"VITABIOTICS PREGNACARE ALLAITEMENT 84 COMPRIMES - Paracherkaoui.ma\",\"isPartOf\":{\"@id\":\"https:\/\/paracherkaoui.ma\/#website\"},\"primaryImageOfPage\":{\"@id\":\"https:\/\/paracherkaoui.ma\/index.php\/produit\/vitabiotics-pregnacare-allaitement-84-comprimes\/#primaryimage\"},\"image\":{\"@id\":\"https:\/\/paracherkaoui.ma\/index.php\/produit\/vitabiotics-pregnacare-allaitement-84-comprimes\/#primaryimage\"},\"thumbnailUrl\":\"https:\/\/paracherkaoui.ma\/wp-content\/uploads\/2025\/12\/vitabiotics-vitabiotics-pregnacare-allaitement-84-comprimes-complements-alimentaires-grossesse.jpg\",\"datePublished\":\"2025-12-12T18:08:24+00:00\",\"dateModified\":\"2025-12-12T18:08:28+00:00\",\"breadcrumb\":{\"@id\":\"https:\/\/paracherkaoui.ma\/index.php\/produit\/vitabiotics-pregnacare-allaitement-84-comprimes\/#breadcrumb\"},\"inLanguage\":\"fr-FR\",\"potentialAction\":[{\"@type\":\"ReadAction\",\"target\":[\"https:\/\/paracherkaoui.ma\/index.php\/produit\/vitabiotics-pregnacare-allaitement-84-comprimes\/\"]}]},{\"@type\":\"ImageObject\",\"inLanguage\":\"fr-FR\",\"@id\":\"https:\/\/paracherkaoui.ma\/index.php\/produit\/vitabiotics-pregnacare-allaitement-84-comprimes\/#primaryimage\",\"url\":\"https:\/\/paracherkaoui.ma\/wp-content\/uploads\/2025\/12\/vitabiotics-vitabiotics-pregnacare-allaitement-84-comprimes-complements-alimentaires-grossesse.jpg\",\"contentUrl\":\"https:\/\/paracherkaoui.ma\/wp-content\/uploads\/2025\/12\/vitabiotics-vitabiotics-pregnacare-allaitement-84-comprimes-complements-alimentaires-grossesse.jpg\",\"width\":700,\"height\":700},{\"@type\":\"BreadcrumbList\",\"@id\":\"https:\/\/paracherkaoui.ma\/index.php\/produit\/vitabiotics-pregnacare-allaitement-84-comprimes\/#breadcrumb\",\"itemListElement\":[{\"@type\":\"ListItem\",\"position\":1,\"name\":\"Accueil\",\"item\":\"https:\/\/paracherkaoui.ma\/\"},{\"@type\":\"ListItem\",\"position\":2,\"name\":\"Boutique\",\"item\":\"https:\/\/paracherkaoui.ma\/index.php\/boutique\/\"},{\"@type\":\"ListItem\",\"position\":3,\"name\":\"VITABIOTICS PREGNACARE ALLAITEMENT 84 COMPRIMES\"}]},{\"@type\":\"WebSite\",\"@id\":\"https:\/\/paracherkaoui.ma\/#website\",\"url\":\"https:\/\/paracherkaoui.ma\/\",\"name\":\"Paracherkaoui.ma\",\"description\":\"Achetez en ligne sur Paracherkaoui.ma\",\"potentialAction\":[{\"@type\":\"SearchAction\",\"target\":{\"@type\":\"EntryPoint\",\"urlTemplate\":\"https:\/\/paracherkaoui.ma\/?s={search_term_string}\"},\"query-input\":{\"@type\":\"PropertyValueSpecification\",\"valueRequired\":true,\"valueName\":\"search_term_string\"}}],\"inLanguage\":\"fr-FR\"}]}<\/script>\r\n<!-- \/ Yoast SEO plugin. -->","yoast_head_json":{"title":"VITABIOTICS PREGNACARE ALLAITEMENT 84 COMPRIMES - Paracherkaoui.ma","robots":{"index":"index","follow":"follow","max-snippet":"max-snippet:-1","max-image-preview":"max-image-preview:large","max-video-preview":"max-video-preview:-1"},"canonical":"https:\/\/paracherkaoui.ma\/index.php\/produit\/vitabiotics-pregnacare-allaitement-84-comprimes\/","og_locale":"fr_FR","og_type":"article","og_title":"VITABIOTICS PREGNACARE ALLAITEMENT 84 COMPRIMES - Paracherkaoui.ma","og_description":"Pregnacare Allaitement est un produit tout-en-un, formul\u00e9 exclusivement avec des ingr\u00e9dients sp\u00e9cifiques pour la p\u00e9riode postnatale. Certains nutriments peuvent jouer","og_url":"https:\/\/paracherkaoui.ma\/index.php\/produit\/vitabiotics-pregnacare-allaitement-84-comprimes\/","og_site_name":"Paracherkaoui.ma","article_modified_time":"2025-12-12T18:08:28+00:00","og_image":[{"width":700,"height":700,"url":"https:\/\/paracherkaoui.ma\/wp-content\/uploads\/2025\/12\/vitabiotics-vitabiotics-pregnacare-allaitement-84-comprimes-complements-alimentaires-grossesse.jpg","type":"image\/jpeg"}],"twitter_card":"summary_large_image","twitter_misc":{"Dur\u00e9e de lecture estim\u00e9e":"2 minutes"},"schema":{"@context":"https:\/\/schema.org","@graph":[{"@type":"WebPage","@id":"https:\/\/paracherkaoui.ma\/index.php\/produit\/vitabiotics-pregnacare-allaitement-84-comprimes\/","url":"https:\/\/paracherkaoui.ma\/index.php\/produit\/vitabiotics-pregnacare-allaitement-84-comprimes\/","name":"VITABIOTICS PREGNACARE ALLAITEMENT 84 COMPRIMES - Paracherkaoui.ma","isPartOf":{"@id":"https:\/\/paracherkaoui.ma\/#website"},"primaryImageOfPage":{"@id":"https:\/\/paracherkaoui.ma\/index.php\/produit\/vitabiotics-pregnacare-allaitement-84-comprimes\/#primaryimage"},"image":{"@id":"https:\/\/paracherkaoui.ma\/index.php\/produit\/vitabiotics-pregnacare-allaitement-84-comprimes\/#primaryimage"},"thumbnailUrl":"https:\/\/paracherkaoui.ma\/wp-content\/uploads\/2025\/12\/vitabiotics-vitabiotics-pregnacare-allaitement-84-comprimes-complements-alimentaires-grossesse.jpg","datePublished":"2025-12-12T18:08:24+00:00","dateModified":"2025-12-12T18:08:28+00:00","breadcrumb":{"@id":"https:\/\/paracherkaoui.ma\/index.php\/produit\/vitabiotics-pregnacare-allaitement-84-comprimes\/#breadcrumb"},"inLanguage":"fr-FR","potentialAction":[{"@type":"ReadAction","target":["https:\/\/paracherkaoui.ma\/index.php\/produit\/vitabiotics-pregnacare-allaitement-84-comprimes\/"]}]},{"@type":"ImageObject","inLanguage":"fr-FR","@id":"https:\/\/paracherkaoui.ma\/index.php\/produit\/vitabiotics-pregnacare-allaitement-84-comprimes\/#primaryimage","url":"https:\/\/paracherkaoui.ma\/wp-content\/uploads\/2025\/12\/vitabiotics-vitabiotics-pregnacare-allaitement-84-comprimes-complements-alimentaires-grossesse.jpg","contentUrl":"https:\/\/paracherkaoui.ma\/wp-content\/uploads\/2025\/12\/vitabiotics-vitabiotics-pregnacare-allaitement-84-comprimes-complements-alimentaires-grossesse.jpg","width":700,"height":700},{"@type":"BreadcrumbList","@id":"https:\/\/paracherkaoui.ma\/index.php\/produit\/vitabiotics-pregnacare-allaitement-84-comprimes\/#breadcrumb","itemListElement":[{"@type":"ListItem","position":1,"name":"Accueil","item":"https:\/\/paracherkaoui.ma\/"},{"@type":"ListItem","position":2,"name":"Boutique","item":"https:\/\/paracherkaoui.ma\/index.php\/boutique\/"},{"@type":"ListItem","position":3,"name":"VITABIOTICS PREGNACARE ALLAITEMENT 84 COMPRIMES"}]},{"@type":"WebSite","@id":"https:\/\/paracherkaoui.ma\/#website","url":"https:\/\/paracherkaoui.ma\/","name":"Paracherkaoui.ma","description":"Achetez en ligne sur Paracherkaoui.ma","potentialAction":[{"@type":"SearchAction","target":{"@type":"EntryPoint","urlTemplate":"https:\/\/paracherkaoui.ma\/?s={search_term_string}"},"query-input":{"@type":"PropertyValueSpecification","valueRequired":true,"valueName":"search_term_string"}}],"inLanguage":"fr-FR"}]}},"_links":{"self":[{"href":"https:\/\/paracherkaoui.ma\/index.php\/wp-json\/wp\/v2\/product\/42280","targetHints":{"allow":["GET"]}}],"collection":[{"href":"https:\/\/paracherkaoui.ma\/index.php\/wp-json\/wp\/v2\/product"}],"about":[{"href":"https:\/\/paracherkaoui.ma\/index.php\/wp-json\/wp\/v2\/types\/product"}],"replies":[{"embeddable":true,"href":"https:\/\/paracherkaoui.ma\/index.php\/wp-json\/wp\/v2\/comments?post=42280"}],"version-history":[{"count":1,"href":"https:\/\/paracherkaoui.ma\/index.php\/wp-json\/wp\/v2\/product\/42280\/revisions"}],"predecessor-version":[{"id":42323,"href":"https:\/\/paracherkaoui.ma\/index.php\/wp-json\/wp\/v2\/product\/42280\/revisions\/42323"}],"wp:featuredmedia":[{"embeddable":true,"href":"https:\/\/paracherkaoui.ma\/index.php\/wp-json\/wp\/v2\/media\/42322"}],"wp:attachment":[{"href":"https:\/\/paracherkaoui.ma\/index.php\/wp-json\/wp\/v2\/media?parent=42280"}],"wp:term":[{"taxonomy":"product_brand","embeddable":true,"href":"https:\/\/paracherkaoui.ma\/index.php\/wp-json\/wp\/v2\/product_brand?post=42280"},{"taxonomy":"product_cat","embeddable":true,"href":"https:\/\/paracherkaoui.ma\/index.php\/wp-json\/wp\/v2\/product_cat?post=42280"},{"taxonomy":"product_tag","embeddable":true,"href":"https:\/\/paracherkaoui.ma\/index.php\/wp-json\/wp\/v2\/product_tag?post=42280"}],"curies":[{"name":"wp","href":"https:\/\/api.w.org\/{rel}","templated":true}]}}