{"id":42278,"date":"2025-12-12T19:08:24","date_gmt":"2025-12-12T18:08:24","guid":{"rendered":"https:\/\/test.ecbeaute.com\/?post_type=product&#038;p=42278"},"modified":"2025-12-12T19:08:27","modified_gmt":"2025-12-12T18:08:27","slug":"vitabiotics-pregnacare-conception-30-comprimes","status":"publish","type":"product","link":"https:\/\/paracherkaoui.ma\/index.php\/produit\/vitabiotics-pregnacare-conception-30-comprimes\/","title":{"rendered":"VITABIOTICS PREGNACARE CONCEPTION &#8211; 30 COMPRIMES"},"content":{"rendered":"<p>LA MARQUE N \u00b0 1 AU ROYAUME\uf6baUNI DE SUPPL\u00c9MENTS DE GROSSESSE. D\u00e9velopp\u00e9 sur la base d\u2019\u00e9tudes cliniques, Pregnacare Conception est riche en micronutriments soigneusement \u00e9quilibr\u00e9s pour aider \u00e0 pr\u00e9parer le corps \u00e0 la grossesse et favoriser une bonne sant\u00e9 reproductive.C\u2019est le compl\u00e9ment alimentaire adapt\u00e9 pour les couples qui d\u00e9sirent avoir un b\u00e9b\u00e9. Sa composition riche en vitamines et micro-nutriments contribue \u00e0 une fertilit\u00e9 et une reproduction normales.<\/p>\n","protected":false},"excerpt":{"rendered":"<p>LA MARQUE N \u00b0 1 AU ROYAUME\uf6baUNI DE SUPPL\u00c9MENTS DE GROSSESSE. D\u00e9velopp\u00e9 sur la base d\u2019\u00e9tudes cliniques, Pregnacare Conception est<\/p>\n","protected":false},"featured_media":42318,"comment_status":"open","ping_status":"closed","template":"","meta":[],"product_brand":[713],"product_cat":[712],"product_tag":[],"class_list":{"0":"post-42278","1":"product","2":"type-product","3":"status-publish","4":"has-post-thumbnail","6":"product_brand-vitabiotics","7":"product_cat-complements-alimentaires-grossesse","9":"first","10":"instock","11":"sale","12":"shipping-taxable","13":"purchasable","14":"product-type-simple"},"yoast_head":"<!-- This site is optimized with the Yoast SEO plugin v26.6 - https:\/\/yoast.com\/wordpress\/plugins\/seo\/ -->\r\n<title>VITABIOTICS PREGNACARE CONCEPTION - 30 COMPRIMES - Paracherkaoui.ma<\/title>\r\n<meta name=\"robots\" content=\"index, follow, max-snippet:-1, max-image-preview:large, max-video-preview:-1\" \/>\r\n<link rel=\"canonical\" href=\"https:\/\/paracherkaoui.ma\/index.php\/produit\/vitabiotics-pregnacare-conception-30-comprimes\/\" \/>\r\n<meta property=\"og:locale\" content=\"fr_FR\" \/>\r\n<meta property=\"og:type\" content=\"article\" \/>\r\n<meta property=\"og:title\" content=\"VITABIOTICS PREGNACARE CONCEPTION - 30 COMPRIMES - Paracherkaoui.ma\" \/>\r\n<meta property=\"og:description\" content=\"LA MARQUE N \u00b0 1 AU ROYAUME\uf6baUNI DE SUPPL\u00c9MENTS DE GROSSESSE. D\u00e9velopp\u00e9 sur la base d\u2019\u00e9tudes cliniques, Pregnacare Conception est\" \/>\r\n<meta property=\"og:url\" content=\"https:\/\/paracherkaoui.ma\/index.php\/produit\/vitabiotics-pregnacare-conception-30-comprimes\/\" \/>\r\n<meta property=\"og:site_name\" content=\"Paracherkaoui.ma\" \/>\r\n<meta property=\"article:modified_time\" content=\"2025-12-12T18:08:27+00:00\" \/>\r\n<meta property=\"og:image\" content=\"https:\/\/paracherkaoui.ma\/wp-content\/uploads\/2025\/12\/vitabiotics-vitabiotics-pregnacare-conception-30-comprimes-complements-alimentaires-grossesse.jpg\" \/>\r\n\t<meta property=\"og:image:width\" content=\"700\" \/>\r\n\t<meta property=\"og:image:height\" content=\"700\" \/>\r\n\t<meta property=\"og:image:type\" content=\"image\/jpeg\" \/>\r\n<meta name=\"twitter:card\" content=\"summary_large_image\" \/>\r\n<script type=\"application\/ld+json\" class=\"yoast-schema-graph\">{\"@context\":\"https:\/\/schema.org\",\"@graph\":[{\"@type\":\"WebPage\",\"@id\":\"https:\/\/paracherkaoui.ma\/index.php\/produit\/vitabiotics-pregnacare-conception-30-comprimes\/\",\"url\":\"https:\/\/paracherkaoui.ma\/index.php\/produit\/vitabiotics-pregnacare-conception-30-comprimes\/\",\"name\":\"VITABIOTICS PREGNACARE CONCEPTION - 30 COMPRIMES - Paracherkaoui.ma\",\"isPartOf\":{\"@id\":\"https:\/\/paracherkaoui.ma\/#website\"},\"primaryImageOfPage\":{\"@id\":\"https:\/\/paracherkaoui.ma\/index.php\/produit\/vitabiotics-pregnacare-conception-30-comprimes\/#primaryimage\"},\"image\":{\"@id\":\"https:\/\/paracherkaoui.ma\/index.php\/produit\/vitabiotics-pregnacare-conception-30-comprimes\/#primaryimage\"},\"thumbnailUrl\":\"https:\/\/paracherkaoui.ma\/wp-content\/uploads\/2025\/12\/vitabiotics-vitabiotics-pregnacare-conception-30-comprimes-complements-alimentaires-grossesse.jpg\",\"datePublished\":\"2025-12-12T18:08:24+00:00\",\"dateModified\":\"2025-12-12T18:08:27+00:00\",\"breadcrumb\":{\"@id\":\"https:\/\/paracherkaoui.ma\/index.php\/produit\/vitabiotics-pregnacare-conception-30-comprimes\/#breadcrumb\"},\"inLanguage\":\"fr-FR\",\"potentialAction\":[{\"@type\":\"ReadAction\",\"target\":[\"https:\/\/paracherkaoui.ma\/index.php\/produit\/vitabiotics-pregnacare-conception-30-comprimes\/\"]}]},{\"@type\":\"ImageObject\",\"inLanguage\":\"fr-FR\",\"@id\":\"https:\/\/paracherkaoui.ma\/index.php\/produit\/vitabiotics-pregnacare-conception-30-comprimes\/#primaryimage\",\"url\":\"https:\/\/paracherkaoui.ma\/wp-content\/uploads\/2025\/12\/vitabiotics-vitabiotics-pregnacare-conception-30-comprimes-complements-alimentaires-grossesse.jpg\",\"contentUrl\":\"https:\/\/paracherkaoui.ma\/wp-content\/uploads\/2025\/12\/vitabiotics-vitabiotics-pregnacare-conception-30-comprimes-complements-alimentaires-grossesse.jpg\",\"width\":700,\"height\":700},{\"@type\":\"BreadcrumbList\",\"@id\":\"https:\/\/paracherkaoui.ma\/index.php\/produit\/vitabiotics-pregnacare-conception-30-comprimes\/#breadcrumb\",\"itemListElement\":[{\"@type\":\"ListItem\",\"position\":1,\"name\":\"Accueil\",\"item\":\"https:\/\/paracherkaoui.ma\/\"},{\"@type\":\"ListItem\",\"position\":2,\"name\":\"Boutique\",\"item\":\"https:\/\/paracherkaoui.ma\/index.php\/boutique\/\"},{\"@type\":\"ListItem\",\"position\":3,\"name\":\"VITABIOTICS PREGNACARE CONCEPTION &#8211; 30 COMPRIMES\"}]},{\"@type\":\"WebSite\",\"@id\":\"https:\/\/paracherkaoui.ma\/#website\",\"url\":\"https:\/\/paracherkaoui.ma\/\",\"name\":\"Paracherkaoui.ma\",\"description\":\"Achetez en ligne sur Paracherkaoui.ma\",\"potentialAction\":[{\"@type\":\"SearchAction\",\"target\":{\"@type\":\"EntryPoint\",\"urlTemplate\":\"https:\/\/paracherkaoui.ma\/?s={search_term_string}\"},\"query-input\":{\"@type\":\"PropertyValueSpecification\",\"valueRequired\":true,\"valueName\":\"search_term_string\"}}],\"inLanguage\":\"fr-FR\"}]}<\/script>\r\n<!-- \/ Yoast SEO plugin. -->","yoast_head_json":{"title":"VITABIOTICS PREGNACARE CONCEPTION - 30 COMPRIMES - Paracherkaoui.ma","robots":{"index":"index","follow":"follow","max-snippet":"max-snippet:-1","max-image-preview":"max-image-preview:large","max-video-preview":"max-video-preview:-1"},"canonical":"https:\/\/paracherkaoui.ma\/index.php\/produit\/vitabiotics-pregnacare-conception-30-comprimes\/","og_locale":"fr_FR","og_type":"article","og_title":"VITABIOTICS PREGNACARE CONCEPTION - 30 COMPRIMES - Paracherkaoui.ma","og_description":"LA MARQUE N \u00b0 1 AU ROYAUME\uf6baUNI DE SUPPL\u00c9MENTS DE GROSSESSE. D\u00e9velopp\u00e9 sur la base d\u2019\u00e9tudes cliniques, Pregnacare Conception est","og_url":"https:\/\/paracherkaoui.ma\/index.php\/produit\/vitabiotics-pregnacare-conception-30-comprimes\/","og_site_name":"Paracherkaoui.ma","article_modified_time":"2025-12-12T18:08:27+00:00","og_image":[{"width":700,"height":700,"url":"https:\/\/paracherkaoui.ma\/wp-content\/uploads\/2025\/12\/vitabiotics-vitabiotics-pregnacare-conception-30-comprimes-complements-alimentaires-grossesse.jpg","type":"image\/jpeg"}],"twitter_card":"summary_large_image","schema":{"@context":"https:\/\/schema.org","@graph":[{"@type":"WebPage","@id":"https:\/\/paracherkaoui.ma\/index.php\/produit\/vitabiotics-pregnacare-conception-30-comprimes\/","url":"https:\/\/paracherkaoui.ma\/index.php\/produit\/vitabiotics-pregnacare-conception-30-comprimes\/","name":"VITABIOTICS PREGNACARE CONCEPTION - 30 COMPRIMES - Paracherkaoui.ma","isPartOf":{"@id":"https:\/\/paracherkaoui.ma\/#website"},"primaryImageOfPage":{"@id":"https:\/\/paracherkaoui.ma\/index.php\/produit\/vitabiotics-pregnacare-conception-30-comprimes\/#primaryimage"},"image":{"@id":"https:\/\/paracherkaoui.ma\/index.php\/produit\/vitabiotics-pregnacare-conception-30-comprimes\/#primaryimage"},"thumbnailUrl":"https:\/\/paracherkaoui.ma\/wp-content\/uploads\/2025\/12\/vitabiotics-vitabiotics-pregnacare-conception-30-comprimes-complements-alimentaires-grossesse.jpg","datePublished":"2025-12-12T18:08:24+00:00","dateModified":"2025-12-12T18:08:27+00:00","breadcrumb":{"@id":"https:\/\/paracherkaoui.ma\/index.php\/produit\/vitabiotics-pregnacare-conception-30-comprimes\/#breadcrumb"},"inLanguage":"fr-FR","potentialAction":[{"@type":"ReadAction","target":["https:\/\/paracherkaoui.ma\/index.php\/produit\/vitabiotics-pregnacare-conception-30-comprimes\/"]}]},{"@type":"ImageObject","inLanguage":"fr-FR","@id":"https:\/\/paracherkaoui.ma\/index.php\/produit\/vitabiotics-pregnacare-conception-30-comprimes\/#primaryimage","url":"https:\/\/paracherkaoui.ma\/wp-content\/uploads\/2025\/12\/vitabiotics-vitabiotics-pregnacare-conception-30-comprimes-complements-alimentaires-grossesse.jpg","contentUrl":"https:\/\/paracherkaoui.ma\/wp-content\/uploads\/2025\/12\/vitabiotics-vitabiotics-pregnacare-conception-30-comprimes-complements-alimentaires-grossesse.jpg","width":700,"height":700},{"@type":"BreadcrumbList","@id":"https:\/\/paracherkaoui.ma\/index.php\/produit\/vitabiotics-pregnacare-conception-30-comprimes\/#breadcrumb","itemListElement":[{"@type":"ListItem","position":1,"name":"Accueil","item":"https:\/\/paracherkaoui.ma\/"},{"@type":"ListItem","position":2,"name":"Boutique","item":"https:\/\/paracherkaoui.ma\/index.php\/boutique\/"},{"@type":"ListItem","position":3,"name":"VITABIOTICS PREGNACARE CONCEPTION &#8211; 30 COMPRIMES"}]},{"@type":"WebSite","@id":"https:\/\/paracherkaoui.ma\/#website","url":"https:\/\/paracherkaoui.ma\/","name":"Paracherkaoui.ma","description":"Achetez en ligne sur Paracherkaoui.ma","potentialAction":[{"@type":"SearchAction","target":{"@type":"EntryPoint","urlTemplate":"https:\/\/paracherkaoui.ma\/?s={search_term_string}"},"query-input":{"@type":"PropertyValueSpecification","valueRequired":true,"valueName":"search_term_string"}}],"inLanguage":"fr-FR"}]}},"_links":{"self":[{"href":"https:\/\/paracherkaoui.ma\/index.php\/wp-json\/wp\/v2\/product\/42278","targetHints":{"allow":["GET"]}}],"collection":[{"href":"https:\/\/paracherkaoui.ma\/index.php\/wp-json\/wp\/v2\/product"}],"about":[{"href":"https:\/\/paracherkaoui.ma\/index.php\/wp-json\/wp\/v2\/types\/product"}],"replies":[{"embeddable":true,"href":"https:\/\/paracherkaoui.ma\/index.php\/wp-json\/wp\/v2\/comments?post=42278"}],"version-history":[{"count":1,"href":"https:\/\/paracherkaoui.ma\/index.php\/wp-json\/wp\/v2\/product\/42278\/revisions"}],"predecessor-version":[{"id":42319,"href":"https:\/\/paracherkaoui.ma\/index.php\/wp-json\/wp\/v2\/product\/42278\/revisions\/42319"}],"wp:featuredmedia":[{"embeddable":true,"href":"https:\/\/paracherkaoui.ma\/index.php\/wp-json\/wp\/v2\/media\/42318"}],"wp:attachment":[{"href":"https:\/\/paracherkaoui.ma\/index.php\/wp-json\/wp\/v2\/media?parent=42278"}],"wp:term":[{"taxonomy":"product_brand","embeddable":true,"href":"https:\/\/paracherkaoui.ma\/index.php\/wp-json\/wp\/v2\/product_brand?post=42278"},{"taxonomy":"product_cat","embeddable":true,"href":"https:\/\/paracherkaoui.ma\/index.php\/wp-json\/wp\/v2\/product_cat?post=42278"},{"taxonomy":"product_tag","embeddable":true,"href":"https:\/\/paracherkaoui.ma\/index.php\/wp-json\/wp\/v2\/product_tag?post=42278"}],"curies":[{"name":"wp","href":"https:\/\/api.w.org\/{rel}","templated":true}]}}